{"id":6300,"date":"2024-05-22T15:13:14","date_gmt":"2024-05-22T18:13:14","guid":{"rendered":"https:\/\/www.isarodas.com.br\/isa\/?post_type=product&#038;p=6300"},"modified":"2024-05-22T15:17:41","modified_gmt":"2024-05-22T18:17:41","slug":"sanfona-acordeon-semi-profissional-8-baixos-17-teclas-gaita","status":"publish","type":"product","link":"https:\/\/www.isarodas.com.br\/isa\/store\/brinquedos\/sanfona-acordeon-semi-profissional-8-baixos-17-teclas-gaita\/","title":{"rendered":"Sanfona Acordeon Semi Profissional 8 Baixos 17 Teclas Gaita"},"content":{"rendered":"<p>Sanfona infantil 8 baixos, 17 teclas, suspiro de fole uma oitava completa de d\u00f3 a d\u00f3, correias do ombro.<\/p>\n<p>Um incentivo maior para seu filho come\u00e7ar a tocar esse bel\u00edssimo instrumento.<\/p>\n<p>Adquira j\u00e1 o seu! ESPECIFICA\u00c7\u00d5ES: 08 baixos 01 suspiro 01 bra\u00e7adeiras para baixos 02 al\u00e7as (correias) para Ombro com regulagem 04 P\u00e9s de apoio Fechamento do Fole com abotoadeiras Dimens\u00f5es : 24 cm x 24cm x 12 cm Peso : 1,640 Kg Verificar as possibilidades de Cores Recomendado para crian\u00e7a de 03 a 12 anos , mas podendo ser tocados por adultos.<\/p>\n","protected":false},"excerpt":{"rendered":"<p>Sanfona infantil 8 baixos, 17 teclas, suspiro de fole uma oitava completa de d\u00f3 a d\u00f3, correias do ombro. Um incentivo maior para seu filho come\u00e7ar a tocar esse bel\u00edssimo instrumento. Adquira j\u00e1 o seu! ESPECIFICA\u00c7\u00d5ES: 08 baixos 01 suspiro 01 bra\u00e7adeiras para baixos 02 al\u00e7as (correias) para Ombro com regulagem 04 P\u00e9s de apoio [&hellip;]<\/p>\n","protected":false},"featured_media":6302,"comment_status":"open","ping_status":"closed","template":"","meta":{"_acf_changed":false,"site-sidebar-layout":"default","site-content-layout":"","ast-site-content-layout":"default","site-content-style":"default","site-sidebar-style":"default","ast-global-header-display":"","ast-banner-title-visibility":"","ast-main-header-display":"","ast-hfb-above-header-display":"","ast-hfb-below-header-display":"","ast-hfb-mobile-header-display":"","site-post-title":"","ast-breadcrumbs-content":"","ast-featured-img":"","footer-sml-layout":"","theme-transparent-header-meta":"default","adv-header-id-meta":"","stick-header-meta":"","header-above-stick-meta":"","header-main-stick-meta":"","header-below-stick-meta":"","astra-migrate-meta-layouts":"set","ast-page-background-enabled":"default","ast-page-background-meta":{"desktop":{"background-color":"","background-image":"","background-repeat":"repeat","background-position":"center center","background-size":"auto","background-attachment":"scroll","background-type":"","background-media":"","overlay-type":"","overlay-color":"","overlay-gradient":""},"tablet":{"background-color":"","background-image":"","background-repeat":"repeat","background-position":"center center","background-size":"auto","background-attachment":"scroll","background-type":"","background-media":"","overlay-type":"","overlay-color":"","overlay-gradient":""},"mobile":{"background-color":"","background-image":"","background-repeat":"repeat","background-position":"center center","background-size":"auto","background-attachment":"scroll","background-type":"","background-media":"","overlay-type":"","overlay-color":"","overlay-gradient":""}},"ast-content-background-meta":{"desktop":{"background-color":"var(--ast-global-color-5)","background-image":"","background-repeat":"repeat","background-position":"center center","background-size":"auto","background-attachment":"scroll","background-type":"","background-media":"","overlay-type":"","overlay-color":"","overlay-gradient":""},"tablet":{"background-color":"var(--ast-global-color-5)","background-image":"","background-repeat":"repeat","background-position":"center center","background-size":"auto","background-attachment":"scroll","background-type":"","background-media":"","overlay-type":"","overlay-color":"","overlay-gradient":""},"mobile":{"background-color":"var(--ast-global-color-5)","background-image":"","background-repeat":"repeat","background-position":"center center","background-size":"auto","background-attachment":"scroll","background-type":"","background-media":"","overlay-type":"","overlay-color":"","overlay-gradient":""}}},"product_cat":[58],"product_tag":[],"class_list":{"0":"post-6300","1":"product","2":"type-product","3":"status-publish","4":"has-post-thumbnail","6":"product_cat-brinquedos","7":"desktop-align-left","8":"tablet-align-left","9":"mobile-align-left","11":"first","12":"instock","13":"sale","14":"shipping-taxable","15":"purchasable","16":"product-type-simple"},"acf":[],"yoast_head":"<!-- This site is optimized with the Yoast SEO plugin v22.3 - https:\/\/yoast.com\/wordpress\/plugins\/seo\/ -->\n<title>Sanfona Acordeon Semi Profissional 8 Baixos 17 Teclas Gaita<\/title>\n<meta name=\"description\" content=\"Sanfona infantil 8 baixos, 17 teclas, suspiro de fole uma oitava completa de d\u00f3 a d\u00f3, correias do ombro.\" \/>\n<meta name=\"robots\" content=\"index, follow, max-snippet:-1, max-image-preview:large, max-video-preview:-1\" \/>\n<link rel=\"canonical\" href=\"https:\/\/www.isarodas.com.br\/isa\/store\/brinquedos\/sanfona-acordeon-semi-profissional-8-baixos-17-teclas-gaita\/\" \/>\n<meta property=\"og:locale\" content=\"pt_BR\" \/>\n<meta property=\"og:type\" content=\"article\" \/>\n<meta property=\"og:title\" content=\"Sanfona Acordeon Semi Profissional 8 Baixos 17 Teclas Gaita\" \/>\n<meta property=\"og:description\" content=\"Sanfona infantil 8 baixos, 17 teclas, suspiro de fole uma oitava completa de d\u00f3 a d\u00f3, correias do ombro.\" \/>\n<meta property=\"og:url\" content=\"https:\/\/www.isarodas.com.br\/isa\/store\/brinquedos\/sanfona-acordeon-semi-profissional-8-baixos-17-teclas-gaita\/\" \/>\n<meta property=\"og:site_name\" content=\"Isarodas\" \/>\n<meta property=\"article:publisher\" content=\"https:\/\/www.facebook.com\/isarodasoficial\/\" \/>\n<meta property=\"article:modified_time\" content=\"2024-05-22T18:17:41+00:00\" \/>\n<meta property=\"og:image\" content=\"https:\/\/www.isarodas.com.br\/isa\/wp-content\/uploads\/2024\/05\/br-11134207-7r98o-lul0sib5f1ck05.jpg\" \/>\n\t<meta property=\"og:image:width\" content=\"500\" \/>\n\t<meta property=\"og:image:height\" content=\"500\" \/>\n\t<meta property=\"og:image:type\" content=\"image\/jpeg\" \/>\n<meta name=\"twitter:card\" content=\"summary_large_image\" \/>\n<meta name=\"twitter:label1\" content=\"Est. tempo de leitura\" \/>\n\t<meta name=\"twitter:data1\" content=\"1 minuto\" \/>\n<script type=\"application\/ld+json\" class=\"yoast-schema-graph\">{\"@context\":\"https:\/\/schema.org\",\"@graph\":[{\"@type\":\"WebPage\",\"@id\":\"https:\/\/www.isarodas.com.br\/isa\/store\/brinquedos\/sanfona-acordeon-semi-profissional-8-baixos-17-teclas-gaita\/\",\"url\":\"https:\/\/www.isarodas.com.br\/isa\/store\/brinquedos\/sanfona-acordeon-semi-profissional-8-baixos-17-teclas-gaita\/\",\"name\":\"Sanfona Acordeon Semi Profissional 8 Baixos 17 Teclas Gaita\",\"isPartOf\":{\"@id\":\"https:\/\/www.isarodas.com.br\/isa\/#website\"},\"primaryImageOfPage\":{\"@id\":\"https:\/\/www.isarodas.com.br\/isa\/store\/brinquedos\/sanfona-acordeon-semi-profissional-8-baixos-17-teclas-gaita\/#primaryimage\"},\"image\":{\"@id\":\"https:\/\/www.isarodas.com.br\/isa\/store\/brinquedos\/sanfona-acordeon-semi-profissional-8-baixos-17-teclas-gaita\/#primaryimage\"},\"thumbnailUrl\":\"https:\/\/www.isarodas.com.br\/isa\/wp-content\/uploads\/2024\/05\/br-11134207-7r98o-lul0sib5f1ck05.jpg\",\"datePublished\":\"2024-05-22T18:13:14+00:00\",\"dateModified\":\"2024-05-22T18:17:41+00:00\",\"description\":\"Sanfona infantil 8 baixos, 17 teclas, suspiro de fole uma oitava completa de d\u00f3 a d\u00f3, correias do ombro.\",\"breadcrumb\":{\"@id\":\"https:\/\/www.isarodas.com.br\/isa\/store\/brinquedos\/sanfona-acordeon-semi-profissional-8-baixos-17-teclas-gaita\/#breadcrumb\"},\"inLanguage\":\"pt-BR\",\"potentialAction\":[{\"@type\":\"ReadAction\",\"target\":[\"https:\/\/www.isarodas.com.br\/isa\/store\/brinquedos\/sanfona-acordeon-semi-profissional-8-baixos-17-teclas-gaita\/\"]}]},{\"@type\":\"ImageObject\",\"inLanguage\":\"pt-BR\",\"@id\":\"https:\/\/www.isarodas.com.br\/isa\/store\/brinquedos\/sanfona-acordeon-semi-profissional-8-baixos-17-teclas-gaita\/#primaryimage\",\"url\":\"https:\/\/www.isarodas.com.br\/isa\/wp-content\/uploads\/2024\/05\/br-11134207-7r98o-lul0sib5f1ck05.jpg\",\"contentUrl\":\"https:\/\/www.isarodas.com.br\/isa\/wp-content\/uploads\/2024\/05\/br-11134207-7r98o-lul0sib5f1ck05.jpg\",\"width\":500,\"height\":500},{\"@type\":\"BreadcrumbList\",\"@id\":\"https:\/\/www.isarodas.com.br\/isa\/store\/brinquedos\/sanfona-acordeon-semi-profissional-8-baixos-17-teclas-gaita\/#breadcrumb\",\"itemListElement\":[{\"@type\":\"ListItem\",\"position\":1,\"name\":\"In\u00edcio\",\"item\":\"https:\/\/www.isarodas.com.br\/isa\/\"},{\"@type\":\"ListItem\",\"position\":2,\"name\":\"Store\",\"item\":\"https:\/\/www.isarodas.com.br\/isa\/store\/\"},{\"@type\":\"ListItem\",\"position\":3,\"name\":\"Sanfona Acordeon Semi Profissional 8 Baixos 17 Teclas Gaita\"}]},{\"@type\":\"WebSite\",\"@id\":\"https:\/\/www.isarodas.com.br\/isa\/#website\",\"url\":\"https:\/\/www.isarodas.com.br\/isa\/\",\"name\":\"Isarodas\",\"description\":\"Ecommerce isarodas\",\"publisher\":{\"@id\":\"https:\/\/www.isarodas.com.br\/isa\/#organization\"},\"potentialAction\":[{\"@type\":\"SearchAction\",\"target\":{\"@type\":\"EntryPoint\",\"urlTemplate\":\"https:\/\/www.isarodas.com.br\/isa\/?s={search_term_string}\"},\"query-input\":\"required name=search_term_string\"}],\"inLanguage\":\"pt-BR\"},{\"@type\":\"Organization\",\"@id\":\"https:\/\/www.isarodas.com.br\/isa\/#organization\",\"name\":\"Isarodas\",\"url\":\"https:\/\/www.isarodas.com.br\/isa\/\",\"logo\":{\"@type\":\"ImageObject\",\"inLanguage\":\"pt-BR\",\"@id\":\"https:\/\/www.isarodas.com.br\/isa\/#\/schema\/logo\/image\/\",\"url\":\"https:\/\/www.isarodas.com.br\/isa\/wp-content\/uploads\/2024\/03\/cropped-lgs-1.png\",\"contentUrl\":\"https:\/\/www.isarodas.com.br\/isa\/wp-content\/uploads\/2024\/03\/cropped-lgs-1.png\",\"width\":120,\"height\":119,\"caption\":\"Isarodas\"},\"image\":{\"@id\":\"https:\/\/www.isarodas.com.br\/isa\/#\/schema\/logo\/image\/\"},\"sameAs\":[\"https:\/\/www.facebook.com\/isarodasoficial\/\",\"https:\/\/www.youtube.com\/@isarodas9312\",\"https:\/\/www.instagram.com\/isarodasoficial\/\"]}]}<\/script>\n<!-- \/ Yoast SEO plugin. -->","yoast_head_json":{"title":"Sanfona Acordeon Semi Profissional 8 Baixos 17 Teclas Gaita","description":"Sanfona infantil 8 baixos, 17 teclas, suspiro de fole uma oitava completa de d\u00f3 a d\u00f3, correias do ombro.","robots":{"index":"index","follow":"follow","max-snippet":"max-snippet:-1","max-image-preview":"max-image-preview:large","max-video-preview":"max-video-preview:-1"},"canonical":"https:\/\/www.isarodas.com.br\/isa\/store\/brinquedos\/sanfona-acordeon-semi-profissional-8-baixos-17-teclas-gaita\/","og_locale":"pt_BR","og_type":"article","og_title":"Sanfona Acordeon Semi Profissional 8 Baixos 17 Teclas Gaita","og_description":"Sanfona infantil 8 baixos, 17 teclas, suspiro de fole uma oitava completa de d\u00f3 a d\u00f3, correias do ombro.","og_url":"https:\/\/www.isarodas.com.br\/isa\/store\/brinquedos\/sanfona-acordeon-semi-profissional-8-baixos-17-teclas-gaita\/","og_site_name":"Isarodas","article_publisher":"https:\/\/www.facebook.com\/isarodasoficial\/","article_modified_time":"2024-05-22T18:17:41+00:00","og_image":[{"width":500,"height":500,"url":"https:\/\/www.isarodas.com.br\/isa\/wp-content\/uploads\/2024\/05\/br-11134207-7r98o-lul0sib5f1ck05.jpg","type":"image\/jpeg"}],"twitter_card":"summary_large_image","twitter_misc":{"Est. tempo de leitura":"1 minuto"},"schema":{"@context":"https:\/\/schema.org","@graph":[{"@type":"WebPage","@id":"https:\/\/www.isarodas.com.br\/isa\/store\/brinquedos\/sanfona-acordeon-semi-profissional-8-baixos-17-teclas-gaita\/","url":"https:\/\/www.isarodas.com.br\/isa\/store\/brinquedos\/sanfona-acordeon-semi-profissional-8-baixos-17-teclas-gaita\/","name":"Sanfona Acordeon Semi Profissional 8 Baixos 17 Teclas Gaita","isPartOf":{"@id":"https:\/\/www.isarodas.com.br\/isa\/#website"},"primaryImageOfPage":{"@id":"https:\/\/www.isarodas.com.br\/isa\/store\/brinquedos\/sanfona-acordeon-semi-profissional-8-baixos-17-teclas-gaita\/#primaryimage"},"image":{"@id":"https:\/\/www.isarodas.com.br\/isa\/store\/brinquedos\/sanfona-acordeon-semi-profissional-8-baixos-17-teclas-gaita\/#primaryimage"},"thumbnailUrl":"https:\/\/www.isarodas.com.br\/isa\/wp-content\/uploads\/2024\/05\/br-11134207-7r98o-lul0sib5f1ck05.jpg","datePublished":"2024-05-22T18:13:14+00:00","dateModified":"2024-05-22T18:17:41+00:00","description":"Sanfona infantil 8 baixos, 17 teclas, suspiro de fole uma oitava completa de d\u00f3 a d\u00f3, correias do ombro.","breadcrumb":{"@id":"https:\/\/www.isarodas.com.br\/isa\/store\/brinquedos\/sanfona-acordeon-semi-profissional-8-baixos-17-teclas-gaita\/#breadcrumb"},"inLanguage":"pt-BR","potentialAction":[{"@type":"ReadAction","target":["https:\/\/www.isarodas.com.br\/isa\/store\/brinquedos\/sanfona-acordeon-semi-profissional-8-baixos-17-teclas-gaita\/"]}]},{"@type":"ImageObject","inLanguage":"pt-BR","@id":"https:\/\/www.isarodas.com.br\/isa\/store\/brinquedos\/sanfona-acordeon-semi-profissional-8-baixos-17-teclas-gaita\/#primaryimage","url":"https:\/\/www.isarodas.com.br\/isa\/wp-content\/uploads\/2024\/05\/br-11134207-7r98o-lul0sib5f1ck05.jpg","contentUrl":"https:\/\/www.isarodas.com.br\/isa\/wp-content\/uploads\/2024\/05\/br-11134207-7r98o-lul0sib5f1ck05.jpg","width":500,"height":500},{"@type":"BreadcrumbList","@id":"https:\/\/www.isarodas.com.br\/isa\/store\/brinquedos\/sanfona-acordeon-semi-profissional-8-baixos-17-teclas-gaita\/#breadcrumb","itemListElement":[{"@type":"ListItem","position":1,"name":"In\u00edcio","item":"https:\/\/www.isarodas.com.br\/isa\/"},{"@type":"ListItem","position":2,"name":"Store","item":"https:\/\/www.isarodas.com.br\/isa\/store\/"},{"@type":"ListItem","position":3,"name":"Sanfona Acordeon Semi Profissional 8 Baixos 17 Teclas Gaita"}]},{"@type":"WebSite","@id":"https:\/\/www.isarodas.com.br\/isa\/#website","url":"https:\/\/www.isarodas.com.br\/isa\/","name":"Isarodas","description":"Ecommerce isarodas","publisher":{"@id":"https:\/\/www.isarodas.com.br\/isa\/#organization"},"potentialAction":[{"@type":"SearchAction","target":{"@type":"EntryPoint","urlTemplate":"https:\/\/www.isarodas.com.br\/isa\/?s={search_term_string}"},"query-input":"required name=search_term_string"}],"inLanguage":"pt-BR"},{"@type":"Organization","@id":"https:\/\/www.isarodas.com.br\/isa\/#organization","name":"Isarodas","url":"https:\/\/www.isarodas.com.br\/isa\/","logo":{"@type":"ImageObject","inLanguage":"pt-BR","@id":"https:\/\/www.isarodas.com.br\/isa\/#\/schema\/logo\/image\/","url":"https:\/\/www.isarodas.com.br\/isa\/wp-content\/uploads\/2024\/03\/cropped-lgs-1.png","contentUrl":"https:\/\/www.isarodas.com.br\/isa\/wp-content\/uploads\/2024\/03\/cropped-lgs-1.png","width":120,"height":119,"caption":"Isarodas"},"image":{"@id":"https:\/\/www.isarodas.com.br\/isa\/#\/schema\/logo\/image\/"},"sameAs":["https:\/\/www.facebook.com\/isarodasoficial\/","https:\/\/www.youtube.com\/@isarodas9312","https:\/\/www.instagram.com\/isarodasoficial\/"]}]}},"_links":{"self":[{"href":"https:\/\/www.isarodas.com.br\/isa\/wp-json\/wp\/v2\/product\/6300","targetHints":{"allow":["GET"]}}],"collection":[{"href":"https:\/\/www.isarodas.com.br\/isa\/wp-json\/wp\/v2\/product"}],"about":[{"href":"https:\/\/www.isarodas.com.br\/isa\/wp-json\/wp\/v2\/types\/product"}],"replies":[{"embeddable":true,"href":"https:\/\/www.isarodas.com.br\/isa\/wp-json\/wp\/v2\/comments?post=6300"}],"version-history":[{"count":1,"href":"https:\/\/www.isarodas.com.br\/isa\/wp-json\/wp\/v2\/product\/6300\/revisions"}],"predecessor-version":[{"id":6304,"href":"https:\/\/www.isarodas.com.br\/isa\/wp-json\/wp\/v2\/product\/6300\/revisions\/6304"}],"wp:featuredmedia":[{"embeddable":true,"href":"https:\/\/www.isarodas.com.br\/isa\/wp-json\/wp\/v2\/media\/6302"}],"wp:attachment":[{"href":"https:\/\/www.isarodas.com.br\/isa\/wp-json\/wp\/v2\/media?parent=6300"}],"wp:term":[{"taxonomy":"product_cat","embeddable":true,"href":"https:\/\/www.isarodas.com.br\/isa\/wp-json\/wp\/v2\/product_cat?post=6300"},{"taxonomy":"product_tag","embeddable":true,"href":"https:\/\/www.isarodas.com.br\/isa\/wp-json\/wp\/v2\/product_tag?post=6300"}],"curies":[{"name":"wp","href":"https:\/\/api.w.org\/{rel}","templated":true}]}}