{"id":6132,"date":"2024-05-21T19:31:30","date_gmt":"2024-05-21T22:31:30","guid":{"rendered":"https:\/\/www.isarodas.com.br\/isa\/?post_type=product&#038;p=6132"},"modified":"2024-05-21T19:31:31","modified_gmt":"2024-05-21T22:31:31","slug":"jogo-escovas-de-carvao-makita-cb-419","status":"publish","type":"product","link":"https:\/\/www.isarodas.com.br\/isa\/store\/ferramentas\/jogo-escovas-de-carvao-makita-cb-419\/","title":{"rendered":"JOGO ESCOVAS DE CARVAO MAKITA CB-419"},"content":{"rendered":"<p>Kit de Escovas de Carv\u00e3o CB-419 da Makita: Renove o desempenho e a longevidade de suas ferramentas el\u00e9tricas com este conjunto de escovas de carv\u00e3o de alta qualidade, projetadas especificamente para compatibilidade com modelos Makita. Estas escovas de carv\u00e3o garantem uma transmiss\u00e3o de energia suave e eficaz, mantendo suas ferramentas operando com m\u00e1xima efici\u00eancia. Ao substituir suas escovas de carv\u00e3o regularmente, voc\u00ea mant\u00e9m o desempenho e a precis\u00e3o de suas ferramentas sempre no auge. Conte com a confiabilidade e a qualidade Makita para manter suas opera\u00e7\u00f5es funcionando sem problemas.<\/p>\n","protected":false},"excerpt":{"rendered":"<p>Kit de Escovas de Carv\u00e3o CB-419 da Makita: Renove o desempenho e a longevidade de suas ferramentas el\u00e9tricas com este conjunto de escovas de carv\u00e3o de alta qualidade, projetadas especificamente para compatibilidade com modelos Makita. Estas escovas de carv\u00e3o garantem uma transmiss\u00e3o de energia suave e eficaz, mantendo suas ferramentas operando com m\u00e1xima efici\u00eancia. Ao [&hellip;]<\/p>\n","protected":false},"featured_media":6133,"comment_status":"open","ping_status":"closed","template":"","meta":{"_acf_changed":false,"site-sidebar-layout":"default","site-content-layout":"","ast-site-content-layout":"default","site-content-style":"default","site-sidebar-style":"default","ast-global-header-display":"","ast-banner-title-visibility":"","ast-main-header-display":"","ast-hfb-above-header-display":"","ast-hfb-below-header-display":"","ast-hfb-mobile-header-display":"","site-post-title":"","ast-breadcrumbs-content":"","ast-featured-img":"","footer-sml-layout":"","theme-transparent-header-meta":"default","adv-header-id-meta":"","stick-header-meta":"","header-above-stick-meta":"","header-main-stick-meta":"","header-below-stick-meta":"","astra-migrate-meta-layouts":"set","ast-page-background-enabled":"default","ast-page-background-meta":{"desktop":{"background-color":"","background-image":"","background-repeat":"repeat","background-position":"center center","background-size":"auto","background-attachment":"scroll","background-type":"","background-media":"","overlay-type":"","overlay-color":"","overlay-gradient":""},"tablet":{"background-color":"","background-image":"","background-repeat":"repeat","background-position":"center center","background-size":"auto","background-attachment":"scroll","background-type":"","background-media":"","overlay-type":"","overlay-color":"","overlay-gradient":""},"mobile":{"background-color":"","background-image":"","background-repeat":"repeat","background-position":"center center","background-size":"auto","background-attachment":"scroll","background-type":"","background-media":"","overlay-type":"","overlay-color":"","overlay-gradient":""}},"ast-content-background-meta":{"desktop":{"background-color":"var(--ast-global-color-5)","background-image":"","background-repeat":"repeat","background-position":"center center","background-size":"auto","background-attachment":"scroll","background-type":"","background-media":"","overlay-type":"","overlay-color":"","overlay-gradient":""},"tablet":{"background-color":"var(--ast-global-color-5)","background-image":"","background-repeat":"repeat","background-position":"center center","background-size":"auto","background-attachment":"scroll","background-type":"","background-media":"","overlay-type":"","overlay-color":"","overlay-gradient":""},"mobile":{"background-color":"var(--ast-global-color-5)","background-image":"","background-repeat":"repeat","background-position":"center center","background-size":"auto","background-attachment":"scroll","background-type":"","background-media":"","overlay-type":"","overlay-color":"","overlay-gradient":""}}},"product_cat":[62],"product_tag":[],"class_list":{"0":"post-6132","1":"product","2":"type-product","3":"status-publish","4":"has-post-thumbnail","6":"product_cat-ferramentas","7":"desktop-align-left","8":"tablet-align-left","9":"mobile-align-left","11":"first","12":"instock","13":"shipping-taxable","14":"purchasable","15":"product-type-simple"},"acf":[],"yoast_head":"<!-- This site is optimized with the Yoast SEO plugin v22.3 - https:\/\/yoast.com\/wordpress\/plugins\/seo\/ -->\n<title>JOGO ESCOVAS DE CARVAO MAKITA CB-419<\/title>\n<meta name=\"description\" content=\"Kit de Escovas de Carv\u00e3o CB-419 da Makita: Renove o desempenho e a longevidade de suas ferramentas el\u00e9tricas com este conjunto de escovas de carv\u00e3o de alta qualidade, projetadas especificamente para compatibilidade com modelos Makita\" \/>\n<meta name=\"robots\" content=\"index, follow, max-snippet:-1, max-image-preview:large, max-video-preview:-1\" \/>\n<link rel=\"canonical\" href=\"https:\/\/www.isarodas.com.br\/isa\/store\/ferramentas\/jogo-escovas-de-carvao-makita-cb-419\/\" \/>\n<meta property=\"og:locale\" content=\"pt_BR\" \/>\n<meta property=\"og:type\" content=\"article\" \/>\n<meta property=\"og:title\" content=\"JOGO ESCOVAS DE CARVAO MAKITA CB-419\" \/>\n<meta property=\"og:description\" content=\"Kit de Escovas de Carv\u00e3o CB-419 da Makita: Renove o desempenho e a longevidade de suas ferramentas el\u00e9tricas com este conjunto de escovas de carv\u00e3o de alta qualidade, projetadas especificamente para compatibilidade com modelos Makita\" \/>\n<meta property=\"og:url\" content=\"https:\/\/www.isarodas.com.br\/isa\/store\/ferramentas\/jogo-escovas-de-carvao-makita-cb-419\/\" \/>\n<meta property=\"og:site_name\" content=\"Isarodas\" \/>\n<meta property=\"article:publisher\" content=\"https:\/\/www.facebook.com\/isarodasoficial\/\" \/>\n<meta property=\"article:modified_time\" content=\"2024-05-21T22:31:31+00:00\" \/>\n<meta property=\"og:image\" content=\"https:\/\/www.isarodas.com.br\/isa\/wp-content\/uploads\/2024\/05\/207497_3.jpg\" \/>\n\t<meta property=\"og:image:width\" content=\"500\" \/>\n\t<meta property=\"og:image:height\" content=\"500\" \/>\n\t<meta property=\"og:image:type\" content=\"image\/jpeg\" \/>\n<meta name=\"twitter:card\" content=\"summary_large_image\" \/>\n<meta name=\"twitter:label1\" content=\"Est. tempo de leitura\" \/>\n\t<meta name=\"twitter:data1\" content=\"1 minuto\" \/>\n<script type=\"application\/ld+json\" class=\"yoast-schema-graph\">{\"@context\":\"https:\/\/schema.org\",\"@graph\":[{\"@type\":\"WebPage\",\"@id\":\"https:\/\/www.isarodas.com.br\/isa\/store\/ferramentas\/jogo-escovas-de-carvao-makita-cb-419\/\",\"url\":\"https:\/\/www.isarodas.com.br\/isa\/store\/ferramentas\/jogo-escovas-de-carvao-makita-cb-419\/\",\"name\":\"JOGO ESCOVAS DE CARVAO MAKITA CB-419\",\"isPartOf\":{\"@id\":\"https:\/\/www.isarodas.com.br\/isa\/#website\"},\"primaryImageOfPage\":{\"@id\":\"https:\/\/www.isarodas.com.br\/isa\/store\/ferramentas\/jogo-escovas-de-carvao-makita-cb-419\/#primaryimage\"},\"image\":{\"@id\":\"https:\/\/www.isarodas.com.br\/isa\/store\/ferramentas\/jogo-escovas-de-carvao-makita-cb-419\/#primaryimage\"},\"thumbnailUrl\":\"https:\/\/www.isarodas.com.br\/isa\/wp-content\/uploads\/2024\/05\/207497_3.jpg\",\"datePublished\":\"2024-05-21T22:31:30+00:00\",\"dateModified\":\"2024-05-21T22:31:31+00:00\",\"description\":\"Kit de Escovas de Carv\u00e3o CB-419 da Makita: Renove o desempenho e a longevidade de suas ferramentas el\u00e9tricas com este conjunto de escovas de carv\u00e3o de alta qualidade, projetadas especificamente para compatibilidade com modelos Makita\",\"breadcrumb\":{\"@id\":\"https:\/\/www.isarodas.com.br\/isa\/store\/ferramentas\/jogo-escovas-de-carvao-makita-cb-419\/#breadcrumb\"},\"inLanguage\":\"pt-BR\",\"potentialAction\":[{\"@type\":\"ReadAction\",\"target\":[\"https:\/\/www.isarodas.com.br\/isa\/store\/ferramentas\/jogo-escovas-de-carvao-makita-cb-419\/\"]}]},{\"@type\":\"ImageObject\",\"inLanguage\":\"pt-BR\",\"@id\":\"https:\/\/www.isarodas.com.br\/isa\/store\/ferramentas\/jogo-escovas-de-carvao-makita-cb-419\/#primaryimage\",\"url\":\"https:\/\/www.isarodas.com.br\/isa\/wp-content\/uploads\/2024\/05\/207497_3.jpg\",\"contentUrl\":\"https:\/\/www.isarodas.com.br\/isa\/wp-content\/uploads\/2024\/05\/207497_3.jpg\",\"width\":500,\"height\":500},{\"@type\":\"BreadcrumbList\",\"@id\":\"https:\/\/www.isarodas.com.br\/isa\/store\/ferramentas\/jogo-escovas-de-carvao-makita-cb-419\/#breadcrumb\",\"itemListElement\":[{\"@type\":\"ListItem\",\"position\":1,\"name\":\"In\u00edcio\",\"item\":\"https:\/\/www.isarodas.com.br\/isa\/\"},{\"@type\":\"ListItem\",\"position\":2,\"name\":\"Store\",\"item\":\"https:\/\/www.isarodas.com.br\/isa\/store\/\"},{\"@type\":\"ListItem\",\"position\":3,\"name\":\"JOGO ESCOVAS DE CARVAO MAKITA CB-419\"}]},{\"@type\":\"WebSite\",\"@id\":\"https:\/\/www.isarodas.com.br\/isa\/#website\",\"url\":\"https:\/\/www.isarodas.com.br\/isa\/\",\"name\":\"Isarodas\",\"description\":\"Ecommerce isarodas\",\"publisher\":{\"@id\":\"https:\/\/www.isarodas.com.br\/isa\/#organization\"},\"potentialAction\":[{\"@type\":\"SearchAction\",\"target\":{\"@type\":\"EntryPoint\",\"urlTemplate\":\"https:\/\/www.isarodas.com.br\/isa\/?s={search_term_string}\"},\"query-input\":\"required name=search_term_string\"}],\"inLanguage\":\"pt-BR\"},{\"@type\":\"Organization\",\"@id\":\"https:\/\/www.isarodas.com.br\/isa\/#organization\",\"name\":\"Isarodas\",\"url\":\"https:\/\/www.isarodas.com.br\/isa\/\",\"logo\":{\"@type\":\"ImageObject\",\"inLanguage\":\"pt-BR\",\"@id\":\"https:\/\/www.isarodas.com.br\/isa\/#\/schema\/logo\/image\/\",\"url\":\"https:\/\/www.isarodas.com.br\/isa\/wp-content\/uploads\/2024\/03\/cropped-lgs-1.png\",\"contentUrl\":\"https:\/\/www.isarodas.com.br\/isa\/wp-content\/uploads\/2024\/03\/cropped-lgs-1.png\",\"width\":120,\"height\":119,\"caption\":\"Isarodas\"},\"image\":{\"@id\":\"https:\/\/www.isarodas.com.br\/isa\/#\/schema\/logo\/image\/\"},\"sameAs\":[\"https:\/\/www.facebook.com\/isarodasoficial\/\",\"https:\/\/www.youtube.com\/@isarodas9312\",\"https:\/\/www.instagram.com\/isarodasoficial\/\"]}]}<\/script>\n<!-- \/ Yoast SEO plugin. -->","yoast_head_json":{"title":"JOGO ESCOVAS DE CARVAO MAKITA CB-419","description":"Kit de Escovas de Carv\u00e3o CB-419 da Makita: Renove o desempenho e a longevidade de suas ferramentas el\u00e9tricas com este conjunto de escovas de carv\u00e3o de alta qualidade, projetadas especificamente para compatibilidade com modelos Makita","robots":{"index":"index","follow":"follow","max-snippet":"max-snippet:-1","max-image-preview":"max-image-preview:large","max-video-preview":"max-video-preview:-1"},"canonical":"https:\/\/www.isarodas.com.br\/isa\/store\/ferramentas\/jogo-escovas-de-carvao-makita-cb-419\/","og_locale":"pt_BR","og_type":"article","og_title":"JOGO ESCOVAS DE CARVAO MAKITA CB-419","og_description":"Kit de Escovas de Carv\u00e3o CB-419 da Makita: Renove o desempenho e a longevidade de suas ferramentas el\u00e9tricas com este conjunto de escovas de carv\u00e3o de alta qualidade, projetadas especificamente para compatibilidade com modelos Makita","og_url":"https:\/\/www.isarodas.com.br\/isa\/store\/ferramentas\/jogo-escovas-de-carvao-makita-cb-419\/","og_site_name":"Isarodas","article_publisher":"https:\/\/www.facebook.com\/isarodasoficial\/","article_modified_time":"2024-05-21T22:31:31+00:00","og_image":[{"width":500,"height":500,"url":"https:\/\/www.isarodas.com.br\/isa\/wp-content\/uploads\/2024\/05\/207497_3.jpg","type":"image\/jpeg"}],"twitter_card":"summary_large_image","twitter_misc":{"Est. tempo de leitura":"1 minuto"},"schema":{"@context":"https:\/\/schema.org","@graph":[{"@type":"WebPage","@id":"https:\/\/www.isarodas.com.br\/isa\/store\/ferramentas\/jogo-escovas-de-carvao-makita-cb-419\/","url":"https:\/\/www.isarodas.com.br\/isa\/store\/ferramentas\/jogo-escovas-de-carvao-makita-cb-419\/","name":"JOGO ESCOVAS DE CARVAO MAKITA CB-419","isPartOf":{"@id":"https:\/\/www.isarodas.com.br\/isa\/#website"},"primaryImageOfPage":{"@id":"https:\/\/www.isarodas.com.br\/isa\/store\/ferramentas\/jogo-escovas-de-carvao-makita-cb-419\/#primaryimage"},"image":{"@id":"https:\/\/www.isarodas.com.br\/isa\/store\/ferramentas\/jogo-escovas-de-carvao-makita-cb-419\/#primaryimage"},"thumbnailUrl":"https:\/\/www.isarodas.com.br\/isa\/wp-content\/uploads\/2024\/05\/207497_3.jpg","datePublished":"2024-05-21T22:31:30+00:00","dateModified":"2024-05-21T22:31:31+00:00","description":"Kit de Escovas de Carv\u00e3o CB-419 da Makita: Renove o desempenho e a longevidade de suas ferramentas el\u00e9tricas com este conjunto de escovas de carv\u00e3o de alta qualidade, projetadas especificamente para compatibilidade com modelos Makita","breadcrumb":{"@id":"https:\/\/www.isarodas.com.br\/isa\/store\/ferramentas\/jogo-escovas-de-carvao-makita-cb-419\/#breadcrumb"},"inLanguage":"pt-BR","potentialAction":[{"@type":"ReadAction","target":["https:\/\/www.isarodas.com.br\/isa\/store\/ferramentas\/jogo-escovas-de-carvao-makita-cb-419\/"]}]},{"@type":"ImageObject","inLanguage":"pt-BR","@id":"https:\/\/www.isarodas.com.br\/isa\/store\/ferramentas\/jogo-escovas-de-carvao-makita-cb-419\/#primaryimage","url":"https:\/\/www.isarodas.com.br\/isa\/wp-content\/uploads\/2024\/05\/207497_3.jpg","contentUrl":"https:\/\/www.isarodas.com.br\/isa\/wp-content\/uploads\/2024\/05\/207497_3.jpg","width":500,"height":500},{"@type":"BreadcrumbList","@id":"https:\/\/www.isarodas.com.br\/isa\/store\/ferramentas\/jogo-escovas-de-carvao-makita-cb-419\/#breadcrumb","itemListElement":[{"@type":"ListItem","position":1,"name":"In\u00edcio","item":"https:\/\/www.isarodas.com.br\/isa\/"},{"@type":"ListItem","position":2,"name":"Store","item":"https:\/\/www.isarodas.com.br\/isa\/store\/"},{"@type":"ListItem","position":3,"name":"JOGO ESCOVAS DE CARVAO MAKITA CB-419"}]},{"@type":"WebSite","@id":"https:\/\/www.isarodas.com.br\/isa\/#website","url":"https:\/\/www.isarodas.com.br\/isa\/","name":"Isarodas","description":"Ecommerce isarodas","publisher":{"@id":"https:\/\/www.isarodas.com.br\/isa\/#organization"},"potentialAction":[{"@type":"SearchAction","target":{"@type":"EntryPoint","urlTemplate":"https:\/\/www.isarodas.com.br\/isa\/?s={search_term_string}"},"query-input":"required name=search_term_string"}],"inLanguage":"pt-BR"},{"@type":"Organization","@id":"https:\/\/www.isarodas.com.br\/isa\/#organization","name":"Isarodas","url":"https:\/\/www.isarodas.com.br\/isa\/","logo":{"@type":"ImageObject","inLanguage":"pt-BR","@id":"https:\/\/www.isarodas.com.br\/isa\/#\/schema\/logo\/image\/","url":"https:\/\/www.isarodas.com.br\/isa\/wp-content\/uploads\/2024\/03\/cropped-lgs-1.png","contentUrl":"https:\/\/www.isarodas.com.br\/isa\/wp-content\/uploads\/2024\/03\/cropped-lgs-1.png","width":120,"height":119,"caption":"Isarodas"},"image":{"@id":"https:\/\/www.isarodas.com.br\/isa\/#\/schema\/logo\/image\/"},"sameAs":["https:\/\/www.facebook.com\/isarodasoficial\/","https:\/\/www.youtube.com\/@isarodas9312","https:\/\/www.instagram.com\/isarodasoficial\/"]}]}},"_links":{"self":[{"href":"https:\/\/www.isarodas.com.br\/isa\/wp-json\/wp\/v2\/product\/6132","targetHints":{"allow":["GET"]}}],"collection":[{"href":"https:\/\/www.isarodas.com.br\/isa\/wp-json\/wp\/v2\/product"}],"about":[{"href":"https:\/\/www.isarodas.com.br\/isa\/wp-json\/wp\/v2\/types\/product"}],"replies":[{"embeddable":true,"href":"https:\/\/www.isarodas.com.br\/isa\/wp-json\/wp\/v2\/comments?post=6132"}],"version-history":[{"count":1,"href":"https:\/\/www.isarodas.com.br\/isa\/wp-json\/wp\/v2\/product\/6132\/revisions"}],"predecessor-version":[{"id":6134,"href":"https:\/\/www.isarodas.com.br\/isa\/wp-json\/wp\/v2\/product\/6132\/revisions\/6134"}],"wp:featuredmedia":[{"embeddable":true,"href":"https:\/\/www.isarodas.com.br\/isa\/wp-json\/wp\/v2\/media\/6133"}],"wp:attachment":[{"href":"https:\/\/www.isarodas.com.br\/isa\/wp-json\/wp\/v2\/media?parent=6132"}],"wp:term":[{"taxonomy":"product_cat","embeddable":true,"href":"https:\/\/www.isarodas.com.br\/isa\/wp-json\/wp\/v2\/product_cat?post=6132"},{"taxonomy":"product_tag","embeddable":true,"href":"https:\/\/www.isarodas.com.br\/isa\/wp-json\/wp\/v2\/product_tag?post=6132"}],"curies":[{"name":"wp","href":"https:\/\/api.w.org\/{rel}","templated":true}]}}