{"id":6048,"date":"2024-05-17T20:04:53","date_gmt":"2024-05-17T23:04:53","guid":{"rendered":"https:\/\/www.isarodas.com.br\/isa\/?post_type=product&#038;p=6048"},"modified":"2024-05-17T20:04:54","modified_gmt":"2024-05-17T23:04:54","slug":"mata-formiga-termifin-gel-10g-bisnaga","status":"publish","type":"product","link":"https:\/\/www.isarodas.com.br\/isa\/store\/utilidades\/mata-formiga-termifin-gel-10g-bisnaga\/","title":{"rendered":"MATA FORMIGA TERMIFIN GEL 10G BISNAGA"},"content":{"rendered":"<p>Mata Formiga Termifin Gel 10g Bisnaga&#8221; \u00e9 um produto para controle de formigas. \u00c9 uma esp\u00e9cie de gel inseticida que atrai as formigas para consumi-lo e, uma vez ingerido, age para controlar e eliminar as col\u00f4nias de formigas. Geralmente, esse tipo de produto \u00e9 aplicado em \u00e1reas onde as formigas s\u00e3o vistas com frequ\u00eancia, como em trilhas ou locais onde elas entram em casa.<\/p>\n","protected":false},"excerpt":{"rendered":"<p>Mata Formiga Termifin Gel 10g Bisnaga&#8221; \u00e9 um produto para controle de formigas. \u00c9 uma esp\u00e9cie de gel inseticida que atrai as formigas para consumi-lo e, uma vez ingerido, age para controlar e eliminar as col\u00f4nias de formigas. Geralmente, esse tipo de produto \u00e9 aplicado em \u00e1reas onde as formigas s\u00e3o vistas com frequ\u00eancia, como [&hellip;]<\/p>\n","protected":false},"featured_media":6049,"comment_status":"open","ping_status":"closed","template":"","meta":{"_acf_changed":false,"site-sidebar-layout":"default","site-content-layout":"","ast-site-content-layout":"default","site-content-style":"default","site-sidebar-style":"default","ast-global-header-display":"","ast-banner-title-visibility":"","ast-main-header-display":"","ast-hfb-above-header-display":"","ast-hfb-below-header-display":"","ast-hfb-mobile-header-display":"","site-post-title":"","ast-breadcrumbs-content":"","ast-featured-img":"","footer-sml-layout":"","theme-transparent-header-meta":"default","adv-header-id-meta":"","stick-header-meta":"","header-above-stick-meta":"","header-main-stick-meta":"","header-below-stick-meta":"","astra-migrate-meta-layouts":"set","ast-page-background-enabled":"default","ast-page-background-meta":{"desktop":{"background-color":"","background-image":"","background-repeat":"repeat","background-position":"center center","background-size":"auto","background-attachment":"scroll","background-type":"","background-media":"","overlay-type":"","overlay-color":"","overlay-gradient":""},"tablet":{"background-color":"","background-image":"","background-repeat":"repeat","background-position":"center center","background-size":"auto","background-attachment":"scroll","background-type":"","background-media":"","overlay-type":"","overlay-color":"","overlay-gradient":""},"mobile":{"background-color":"","background-image":"","background-repeat":"repeat","background-position":"center center","background-size":"auto","background-attachment":"scroll","background-type":"","background-media":"","overlay-type":"","overlay-color":"","overlay-gradient":""}},"ast-content-background-meta":{"desktop":{"background-color":"var(--ast-global-color-5)","background-image":"","background-repeat":"repeat","background-position":"center center","background-size":"auto","background-attachment":"scroll","background-type":"","background-media":"","overlay-type":"","overlay-color":"","overlay-gradient":""},"tablet":{"background-color":"var(--ast-global-color-5)","background-image":"","background-repeat":"repeat","background-position":"center center","background-size":"auto","background-attachment":"scroll","background-type":"","background-media":"","overlay-type":"","overlay-color":"","overlay-gradient":""},"mobile":{"background-color":"var(--ast-global-color-5)","background-image":"","background-repeat":"repeat","background-position":"center center","background-size":"auto","background-attachment":"scroll","background-type":"","background-media":"","overlay-type":"","overlay-color":"","overlay-gradient":""}}},"product_cat":[86],"product_tag":[],"class_list":{"0":"post-6048","1":"product","2":"type-product","3":"status-publish","4":"has-post-thumbnail","6":"product_cat-utilidades","7":"desktop-align-left","8":"tablet-align-left","9":"mobile-align-left","11":"first","12":"instock","13":"shipping-taxable","14":"purchasable","15":"product-type-simple"},"acf":[],"yoast_head":"<!-- This site is optimized with the Yoast SEO plugin v22.3 - https:\/\/yoast.com\/wordpress\/plugins\/seo\/ -->\n<title>MATA FORMIGA TERMIFIN GEL 10G BISNAGA<\/title>\n<meta name=\"description\" content=\"Mata Formiga Termifin Gel 10g Bisnaga&quot; \u00e9 um produto para controle de formigas. \u00c9 uma esp\u00e9cie de gel inseticida que atrai as formigas para consumi-lo e, uma vez ingerido, age para controlar e eliminar as col\u00f4nias de formigas\" \/>\n<meta name=\"robots\" content=\"index, follow, max-snippet:-1, max-image-preview:large, max-video-preview:-1\" \/>\n<link rel=\"canonical\" href=\"https:\/\/www.isarodas.com.br\/isa\/store\/utilidades\/mata-formiga-termifin-gel-10g-bisnaga\/\" \/>\n<meta property=\"og:locale\" content=\"pt_BR\" \/>\n<meta property=\"og:type\" content=\"article\" \/>\n<meta property=\"og:title\" content=\"MATA FORMIGA TERMIFIN GEL 10G BISNAGA\" \/>\n<meta property=\"og:description\" content=\"Mata Formiga Termifin Gel 10g Bisnaga&quot; \u00e9 um produto para controle de formigas. \u00c9 uma esp\u00e9cie de gel inseticida que atrai as formigas para consumi-lo e, uma vez ingerido, age para controlar e eliminar as col\u00f4nias de formigas\" \/>\n<meta property=\"og:url\" content=\"https:\/\/www.isarodas.com.br\/isa\/store\/utilidades\/mata-formiga-termifin-gel-10g-bisnaga\/\" \/>\n<meta property=\"og:site_name\" content=\"Isarodas\" \/>\n<meta property=\"article:publisher\" content=\"https:\/\/www.facebook.com\/isarodasoficial\/\" \/>\n<meta property=\"article:modified_time\" content=\"2024-05-17T23:04:54+00:00\" \/>\n<meta property=\"og:image\" content=\"https:\/\/www.isarodas.com.br\/isa\/wp-content\/uploads\/2024\/05\/305332_3.jpg\" \/>\n\t<meta property=\"og:image:width\" content=\"500\" \/>\n\t<meta property=\"og:image:height\" content=\"500\" \/>\n\t<meta property=\"og:image:type\" content=\"image\/jpeg\" \/>\n<meta name=\"twitter:card\" content=\"summary_large_image\" \/>\n<meta name=\"twitter:label1\" content=\"Est. tempo de leitura\" \/>\n\t<meta name=\"twitter:data1\" content=\"1 minuto\" \/>\n<script type=\"application\/ld+json\" class=\"yoast-schema-graph\">{\"@context\":\"https:\/\/schema.org\",\"@graph\":[{\"@type\":\"WebPage\",\"@id\":\"https:\/\/www.isarodas.com.br\/isa\/store\/utilidades\/mata-formiga-termifin-gel-10g-bisnaga\/\",\"url\":\"https:\/\/www.isarodas.com.br\/isa\/store\/utilidades\/mata-formiga-termifin-gel-10g-bisnaga\/\",\"name\":\"MATA FORMIGA TERMIFIN GEL 10G BISNAGA\",\"isPartOf\":{\"@id\":\"https:\/\/www.isarodas.com.br\/isa\/#website\"},\"primaryImageOfPage\":{\"@id\":\"https:\/\/www.isarodas.com.br\/isa\/store\/utilidades\/mata-formiga-termifin-gel-10g-bisnaga\/#primaryimage\"},\"image\":{\"@id\":\"https:\/\/www.isarodas.com.br\/isa\/store\/utilidades\/mata-formiga-termifin-gel-10g-bisnaga\/#primaryimage\"},\"thumbnailUrl\":\"https:\/\/www.isarodas.com.br\/isa\/wp-content\/uploads\/2024\/05\/305332_3.jpg\",\"datePublished\":\"2024-05-17T23:04:53+00:00\",\"dateModified\":\"2024-05-17T23:04:54+00:00\",\"description\":\"Mata Formiga Termifin Gel 10g Bisnaga\\\" \u00e9 um produto para controle de formigas. \u00c9 uma esp\u00e9cie de gel inseticida que atrai as formigas para consumi-lo e, uma vez ingerido, age para controlar e eliminar as col\u00f4nias de formigas\",\"breadcrumb\":{\"@id\":\"https:\/\/www.isarodas.com.br\/isa\/store\/utilidades\/mata-formiga-termifin-gel-10g-bisnaga\/#breadcrumb\"},\"inLanguage\":\"pt-BR\",\"potentialAction\":[{\"@type\":\"ReadAction\",\"target\":[\"https:\/\/www.isarodas.com.br\/isa\/store\/utilidades\/mata-formiga-termifin-gel-10g-bisnaga\/\"]}]},{\"@type\":\"ImageObject\",\"inLanguage\":\"pt-BR\",\"@id\":\"https:\/\/www.isarodas.com.br\/isa\/store\/utilidades\/mata-formiga-termifin-gel-10g-bisnaga\/#primaryimage\",\"url\":\"https:\/\/www.isarodas.com.br\/isa\/wp-content\/uploads\/2024\/05\/305332_3.jpg\",\"contentUrl\":\"https:\/\/www.isarodas.com.br\/isa\/wp-content\/uploads\/2024\/05\/305332_3.jpg\",\"width\":500,\"height\":500},{\"@type\":\"BreadcrumbList\",\"@id\":\"https:\/\/www.isarodas.com.br\/isa\/store\/utilidades\/mata-formiga-termifin-gel-10g-bisnaga\/#breadcrumb\",\"itemListElement\":[{\"@type\":\"ListItem\",\"position\":1,\"name\":\"In\u00edcio\",\"item\":\"https:\/\/www.isarodas.com.br\/isa\/\"},{\"@type\":\"ListItem\",\"position\":2,\"name\":\"Store\",\"item\":\"https:\/\/www.isarodas.com.br\/isa\/store\/\"},{\"@type\":\"ListItem\",\"position\":3,\"name\":\"MATA FORMIGA TERMIFIN GEL 10G BISNAGA\"}]},{\"@type\":\"WebSite\",\"@id\":\"https:\/\/www.isarodas.com.br\/isa\/#website\",\"url\":\"https:\/\/www.isarodas.com.br\/isa\/\",\"name\":\"Isarodas\",\"description\":\"Ecommerce isarodas\",\"publisher\":{\"@id\":\"https:\/\/www.isarodas.com.br\/isa\/#organization\"},\"potentialAction\":[{\"@type\":\"SearchAction\",\"target\":{\"@type\":\"EntryPoint\",\"urlTemplate\":\"https:\/\/www.isarodas.com.br\/isa\/?s={search_term_string}\"},\"query-input\":\"required name=search_term_string\"}],\"inLanguage\":\"pt-BR\"},{\"@type\":\"Organization\",\"@id\":\"https:\/\/www.isarodas.com.br\/isa\/#organization\",\"name\":\"Isarodas\",\"url\":\"https:\/\/www.isarodas.com.br\/isa\/\",\"logo\":{\"@type\":\"ImageObject\",\"inLanguage\":\"pt-BR\",\"@id\":\"https:\/\/www.isarodas.com.br\/isa\/#\/schema\/logo\/image\/\",\"url\":\"https:\/\/www.isarodas.com.br\/isa\/wp-content\/uploads\/2024\/03\/cropped-lgs-1.png\",\"contentUrl\":\"https:\/\/www.isarodas.com.br\/isa\/wp-content\/uploads\/2024\/03\/cropped-lgs-1.png\",\"width\":120,\"height\":119,\"caption\":\"Isarodas\"},\"image\":{\"@id\":\"https:\/\/www.isarodas.com.br\/isa\/#\/schema\/logo\/image\/\"},\"sameAs\":[\"https:\/\/www.facebook.com\/isarodasoficial\/\",\"https:\/\/www.youtube.com\/@isarodas9312\",\"https:\/\/www.instagram.com\/isarodasoficial\/\"]}]}<\/script>\n<!-- \/ Yoast SEO plugin. -->","yoast_head_json":{"title":"MATA FORMIGA TERMIFIN GEL 10G BISNAGA","description":"Mata Formiga Termifin Gel 10g Bisnaga\" \u00e9 um produto para controle de formigas. \u00c9 uma esp\u00e9cie de gel inseticida que atrai as formigas para consumi-lo e, uma vez ingerido, age para controlar e eliminar as col\u00f4nias de formigas","robots":{"index":"index","follow":"follow","max-snippet":"max-snippet:-1","max-image-preview":"max-image-preview:large","max-video-preview":"max-video-preview:-1"},"canonical":"https:\/\/www.isarodas.com.br\/isa\/store\/utilidades\/mata-formiga-termifin-gel-10g-bisnaga\/","og_locale":"pt_BR","og_type":"article","og_title":"MATA FORMIGA TERMIFIN GEL 10G BISNAGA","og_description":"Mata Formiga Termifin Gel 10g Bisnaga\" \u00e9 um produto para controle de formigas. \u00c9 uma esp\u00e9cie de gel inseticida que atrai as formigas para consumi-lo e, uma vez ingerido, age para controlar e eliminar as col\u00f4nias de formigas","og_url":"https:\/\/www.isarodas.com.br\/isa\/store\/utilidades\/mata-formiga-termifin-gel-10g-bisnaga\/","og_site_name":"Isarodas","article_publisher":"https:\/\/www.facebook.com\/isarodasoficial\/","article_modified_time":"2024-05-17T23:04:54+00:00","og_image":[{"width":500,"height":500,"url":"https:\/\/www.isarodas.com.br\/isa\/wp-content\/uploads\/2024\/05\/305332_3.jpg","type":"image\/jpeg"}],"twitter_card":"summary_large_image","twitter_misc":{"Est. tempo de leitura":"1 minuto"},"schema":{"@context":"https:\/\/schema.org","@graph":[{"@type":"WebPage","@id":"https:\/\/www.isarodas.com.br\/isa\/store\/utilidades\/mata-formiga-termifin-gel-10g-bisnaga\/","url":"https:\/\/www.isarodas.com.br\/isa\/store\/utilidades\/mata-formiga-termifin-gel-10g-bisnaga\/","name":"MATA FORMIGA TERMIFIN GEL 10G BISNAGA","isPartOf":{"@id":"https:\/\/www.isarodas.com.br\/isa\/#website"},"primaryImageOfPage":{"@id":"https:\/\/www.isarodas.com.br\/isa\/store\/utilidades\/mata-formiga-termifin-gel-10g-bisnaga\/#primaryimage"},"image":{"@id":"https:\/\/www.isarodas.com.br\/isa\/store\/utilidades\/mata-formiga-termifin-gel-10g-bisnaga\/#primaryimage"},"thumbnailUrl":"https:\/\/www.isarodas.com.br\/isa\/wp-content\/uploads\/2024\/05\/305332_3.jpg","datePublished":"2024-05-17T23:04:53+00:00","dateModified":"2024-05-17T23:04:54+00:00","description":"Mata Formiga Termifin Gel 10g Bisnaga\" \u00e9 um produto para controle de formigas. \u00c9 uma esp\u00e9cie de gel inseticida que atrai as formigas para consumi-lo e, uma vez ingerido, age para controlar e eliminar as col\u00f4nias de formigas","breadcrumb":{"@id":"https:\/\/www.isarodas.com.br\/isa\/store\/utilidades\/mata-formiga-termifin-gel-10g-bisnaga\/#breadcrumb"},"inLanguage":"pt-BR","potentialAction":[{"@type":"ReadAction","target":["https:\/\/www.isarodas.com.br\/isa\/store\/utilidades\/mata-formiga-termifin-gel-10g-bisnaga\/"]}]},{"@type":"ImageObject","inLanguage":"pt-BR","@id":"https:\/\/www.isarodas.com.br\/isa\/store\/utilidades\/mata-formiga-termifin-gel-10g-bisnaga\/#primaryimage","url":"https:\/\/www.isarodas.com.br\/isa\/wp-content\/uploads\/2024\/05\/305332_3.jpg","contentUrl":"https:\/\/www.isarodas.com.br\/isa\/wp-content\/uploads\/2024\/05\/305332_3.jpg","width":500,"height":500},{"@type":"BreadcrumbList","@id":"https:\/\/www.isarodas.com.br\/isa\/store\/utilidades\/mata-formiga-termifin-gel-10g-bisnaga\/#breadcrumb","itemListElement":[{"@type":"ListItem","position":1,"name":"In\u00edcio","item":"https:\/\/www.isarodas.com.br\/isa\/"},{"@type":"ListItem","position":2,"name":"Store","item":"https:\/\/www.isarodas.com.br\/isa\/store\/"},{"@type":"ListItem","position":3,"name":"MATA FORMIGA TERMIFIN GEL 10G BISNAGA"}]},{"@type":"WebSite","@id":"https:\/\/www.isarodas.com.br\/isa\/#website","url":"https:\/\/www.isarodas.com.br\/isa\/","name":"Isarodas","description":"Ecommerce isarodas","publisher":{"@id":"https:\/\/www.isarodas.com.br\/isa\/#organization"},"potentialAction":[{"@type":"SearchAction","target":{"@type":"EntryPoint","urlTemplate":"https:\/\/www.isarodas.com.br\/isa\/?s={search_term_string}"},"query-input":"required name=search_term_string"}],"inLanguage":"pt-BR"},{"@type":"Organization","@id":"https:\/\/www.isarodas.com.br\/isa\/#organization","name":"Isarodas","url":"https:\/\/www.isarodas.com.br\/isa\/","logo":{"@type":"ImageObject","inLanguage":"pt-BR","@id":"https:\/\/www.isarodas.com.br\/isa\/#\/schema\/logo\/image\/","url":"https:\/\/www.isarodas.com.br\/isa\/wp-content\/uploads\/2024\/03\/cropped-lgs-1.png","contentUrl":"https:\/\/www.isarodas.com.br\/isa\/wp-content\/uploads\/2024\/03\/cropped-lgs-1.png","width":120,"height":119,"caption":"Isarodas"},"image":{"@id":"https:\/\/www.isarodas.com.br\/isa\/#\/schema\/logo\/image\/"},"sameAs":["https:\/\/www.facebook.com\/isarodasoficial\/","https:\/\/www.youtube.com\/@isarodas9312","https:\/\/www.instagram.com\/isarodasoficial\/"]}]}},"_links":{"self":[{"href":"https:\/\/www.isarodas.com.br\/isa\/wp-json\/wp\/v2\/product\/6048","targetHints":{"allow":["GET"]}}],"collection":[{"href":"https:\/\/www.isarodas.com.br\/isa\/wp-json\/wp\/v2\/product"}],"about":[{"href":"https:\/\/www.isarodas.com.br\/isa\/wp-json\/wp\/v2\/types\/product"}],"replies":[{"embeddable":true,"href":"https:\/\/www.isarodas.com.br\/isa\/wp-json\/wp\/v2\/comments?post=6048"}],"version-history":[{"count":1,"href":"https:\/\/www.isarodas.com.br\/isa\/wp-json\/wp\/v2\/product\/6048\/revisions"}],"predecessor-version":[{"id":6050,"href":"https:\/\/www.isarodas.com.br\/isa\/wp-json\/wp\/v2\/product\/6048\/revisions\/6050"}],"wp:featuredmedia":[{"embeddable":true,"href":"https:\/\/www.isarodas.com.br\/isa\/wp-json\/wp\/v2\/media\/6049"}],"wp:attachment":[{"href":"https:\/\/www.isarodas.com.br\/isa\/wp-json\/wp\/v2\/media?parent=6048"}],"wp:term":[{"taxonomy":"product_cat","embeddable":true,"href":"https:\/\/www.isarodas.com.br\/isa\/wp-json\/wp\/v2\/product_cat?post=6048"},{"taxonomy":"product_tag","embeddable":true,"href":"https:\/\/www.isarodas.com.br\/isa\/wp-json\/wp\/v2\/product_tag?post=6048"}],"curies":[{"name":"wp","href":"https:\/\/api.w.org\/{rel}","templated":true}]}}