{"id":5977,"date":"2024-04-22T16:58:24","date_gmt":"2024-04-22T19:58:24","guid":{"rendered":"https:\/\/www.isarodas.com.br\/isa\/?post_type=product&#038;p=5977"},"modified":"2024-04-22T16:58:24","modified_gmt":"2024-04-22T19:58:24","slug":"jogo-de-calota-de-roda-aro-15-honda-civic-fit-city","status":"publish","type":"product","link":"https:\/\/www.isarodas.com.br\/isa\/store\/automoveis\/jogo-de-calota-de-roda-aro-15-honda-civic-fit-city\/","title":{"rendered":"Jogo De Calota De Roda Aro 15 Honda Civic Fit City"},"content":{"rendered":"<p>jogo de calotas de roda aro 15 modelo BRW1350 para Honda Civic, Fit e City, voc\u00ea pode considerar procurar em lojas de autope\u00e7as especializadas em acess\u00f3rios para ve\u00edculos da marca Honda, revendedores autorizados da Honda ou em lojas online que ofere\u00e7am pe\u00e7as de reposi\u00e7\u00e3o para esses modelos espec\u00edficos.<\/p>\n<p>Ao procurar pelas calotas, certifique-se de verificar a compatibilidade com o seu modelo espec\u00edfico, garantindo que as calotas se encaixem perfeitamente nas rodas do seu Honda Civic, Fit ou City. Al\u00e9m disso, verifique a reputa\u00e7\u00e3o do fabricante ou do vendedor para garantir a qualidade e a autenticidade do produto.<\/p>\n<p>Muitas vezes, as calotas s\u00e3o vendidas em conjuntos de quatro, proporcionando uma solu\u00e7\u00e3o completa para todas as rodas do seu ve\u00edculo. Certifique-se de verificar se o jogo de calotas inclui todas as pe\u00e7as necess\u00e1rias para a instala\u00e7\u00e3o.<\/p>\n<p>Se voc\u00ea preferir uma op\u00e7\u00e3o mais personalizada, algumas lojas tamb\u00e9m oferecem calotas de roda com diferentes acabamentos e designs para atender \u00e0s suas prefer\u00eancias est\u00e9ticas.<\/p>\n<p>Lembre-se sempre de garantir que as calotas de roda que voc\u00ea escolher atendam aos padr\u00f5es de seguran\u00e7a e qualidade, garantindo uma instala\u00e7\u00e3o segura e uma apar\u00eancia elegante para o seu ve\u00edculo.<\/p>\n","protected":false},"excerpt":{"rendered":"<p>jogo de calotas de roda aro 15 modelo BRW1350 para Honda Civic, Fit e City, voc\u00ea pode considerar procurar em lojas de autope\u00e7as especializadas em acess\u00f3rios para ve\u00edculos da marca Honda, revendedores autorizados da Honda ou em lojas online que ofere\u00e7am pe\u00e7as de reposi\u00e7\u00e3o para esses modelos espec\u00edficos. Ao procurar pelas calotas, certifique-se de verificar [&hellip;]<\/p>\n","protected":false},"featured_media":5978,"comment_status":"open","ping_status":"closed","template":"","meta":{"_acf_changed":false,"site-sidebar-layout":"default","site-content-layout":"","ast-site-content-layout":"default","site-content-style":"default","site-sidebar-style":"default","ast-global-header-display":"","ast-banner-title-visibility":"","ast-main-header-display":"","ast-hfb-above-header-display":"","ast-hfb-below-header-display":"","ast-hfb-mobile-header-display":"","site-post-title":"","ast-breadcrumbs-content":"","ast-featured-img":"","footer-sml-layout":"","theme-transparent-header-meta":"default","adv-header-id-meta":"","stick-header-meta":"","header-above-stick-meta":"","header-main-stick-meta":"","header-below-stick-meta":"","astra-migrate-meta-layouts":"set","ast-page-background-enabled":"default","ast-page-background-meta":{"desktop":{"background-color":"","background-image":"","background-repeat":"repeat","background-position":"center center","background-size":"auto","background-attachment":"scroll","background-type":"","background-media":"","overlay-type":"","overlay-color":"","overlay-gradient":""},"tablet":{"background-color":"","background-image":"","background-repeat":"repeat","background-position":"center center","background-size":"auto","background-attachment":"scroll","background-type":"","background-media":"","overlay-type":"","overlay-color":"","overlay-gradient":""},"mobile":{"background-color":"","background-image":"","background-repeat":"repeat","background-position":"center center","background-size":"auto","background-attachment":"scroll","background-type":"","background-media":"","overlay-type":"","overlay-color":"","overlay-gradient":""}},"ast-content-background-meta":{"desktop":{"background-color":"var(--ast-global-color-5)","background-image":"","background-repeat":"repeat","background-position":"center center","background-size":"auto","background-attachment":"scroll","background-type":"","background-media":"","overlay-type":"","overlay-color":"","overlay-gradient":""},"tablet":{"background-color":"var(--ast-global-color-5)","background-image":"","background-repeat":"repeat","background-position":"center center","background-size":"auto","background-attachment":"scroll","background-type":"","background-media":"","overlay-type":"","overlay-color":"","overlay-gradient":""},"mobile":{"background-color":"var(--ast-global-color-5)","background-image":"","background-repeat":"repeat","background-position":"center center","background-size":"auto","background-attachment":"scroll","background-type":"","background-media":"","overlay-type":"","overlay-color":"","overlay-gradient":""}}},"product_cat":[57],"product_tag":[],"class_list":{"0":"post-5977","1":"product","2":"type-product","3":"status-publish","4":"has-post-thumbnail","6":"product_cat-automoveis","7":"desktop-align-left","8":"tablet-align-left","9":"mobile-align-left","11":"first","12":"instock","13":"shipping-taxable","14":"purchasable","15":"product-type-simple"},"acf":[],"yoast_head":"<!-- This site is optimized with the Yoast SEO plugin v22.3 - https:\/\/yoast.com\/wordpress\/plugins\/seo\/ -->\n<title>Jogo De Calota De Roda Aro 15 Honda Civic Fit City<\/title>\n<meta name=\"description\" content=\"jogo de calotas de roda aro 15 modelo BRW1350 para Honda Civic, Fit e City, voc\u00ea pode considerar procurar em lojas de autope\u00e7as especializadas em acess\u00f3rios para ve\u00edculos da marca Honda, revendedores autorizados da Honda ou em lojas online que ofere\u00e7am pe\u00e7as de reposi\u00e7\u00e3o para esses modelos espec\u00edficos.\" \/>\n<meta name=\"robots\" content=\"index, follow, max-snippet:-1, max-image-preview:large, max-video-preview:-1\" \/>\n<link rel=\"canonical\" href=\"https:\/\/www.isarodas.com.br\/isa\/store\/automoveis\/jogo-de-calota-de-roda-aro-15-honda-civic-fit-city\/\" \/>\n<meta property=\"og:locale\" content=\"pt_BR\" \/>\n<meta property=\"og:type\" content=\"article\" \/>\n<meta property=\"og:title\" content=\"Jogo De Calota De Roda Aro 15 Honda Civic Fit City\" \/>\n<meta property=\"og:description\" content=\"jogo de calotas de roda aro 15 modelo BRW1350 para Honda Civic, Fit e City, voc\u00ea pode considerar procurar em lojas de autope\u00e7as especializadas em acess\u00f3rios para ve\u00edculos da marca Honda, revendedores autorizados da Honda ou em lojas online que ofere\u00e7am pe\u00e7as de reposi\u00e7\u00e3o para esses modelos espec\u00edficos.\" \/>\n<meta property=\"og:url\" content=\"https:\/\/www.isarodas.com.br\/isa\/store\/automoveis\/jogo-de-calota-de-roda-aro-15-honda-civic-fit-city\/\" \/>\n<meta property=\"og:site_name\" content=\"Isarodas\" \/>\n<meta property=\"article:publisher\" content=\"https:\/\/www.facebook.com\/isarodasoficial\/\" \/>\n<meta property=\"og:image\" content=\"https:\/\/www.isarodas.com.br\/isa\/wp-content\/uploads\/2024\/04\/D_NQ_NP_2X_845768-MLB32124093508_092019-F.webp\" \/>\n\t<meta property=\"og:image:width\" content=\"1200\" \/>\n\t<meta property=\"og:image:height\" content=\"1200\" \/>\n\t<meta property=\"og:image:type\" content=\"image\/webp\" \/>\n<meta name=\"twitter:card\" content=\"summary_large_image\" \/>\n<meta name=\"twitter:label1\" content=\"Est. tempo de leitura\" \/>\n\t<meta name=\"twitter:data1\" content=\"2 minutos\" \/>\n<script type=\"application\/ld+json\" class=\"yoast-schema-graph\">{\"@context\":\"https:\/\/schema.org\",\"@graph\":[{\"@type\":\"WebPage\",\"@id\":\"https:\/\/www.isarodas.com.br\/isa\/store\/automoveis\/jogo-de-calota-de-roda-aro-15-honda-civic-fit-city\/\",\"url\":\"https:\/\/www.isarodas.com.br\/isa\/store\/automoveis\/jogo-de-calota-de-roda-aro-15-honda-civic-fit-city\/\",\"name\":\"Jogo De Calota De Roda Aro 15 Honda Civic Fit City\",\"isPartOf\":{\"@id\":\"https:\/\/www.isarodas.com.br\/isa\/#website\"},\"primaryImageOfPage\":{\"@id\":\"https:\/\/www.isarodas.com.br\/isa\/store\/automoveis\/jogo-de-calota-de-roda-aro-15-honda-civic-fit-city\/#primaryimage\"},\"image\":{\"@id\":\"https:\/\/www.isarodas.com.br\/isa\/store\/automoveis\/jogo-de-calota-de-roda-aro-15-honda-civic-fit-city\/#primaryimage\"},\"thumbnailUrl\":\"https:\/\/www.isarodas.com.br\/isa\/wp-content\/uploads\/2024\/04\/D_NQ_NP_2X_845768-MLB32124093508_092019-F.webp\",\"datePublished\":\"2024-04-22T19:58:24+00:00\",\"dateModified\":\"2024-04-22T19:58:24+00:00\",\"description\":\"jogo de calotas de roda aro 15 modelo BRW1350 para Honda Civic, Fit e City, voc\u00ea pode considerar procurar em lojas de autope\u00e7as especializadas em acess\u00f3rios para ve\u00edculos da marca Honda, revendedores autorizados da Honda ou em lojas online que ofere\u00e7am pe\u00e7as de reposi\u00e7\u00e3o para esses modelos espec\u00edficos.\",\"breadcrumb\":{\"@id\":\"https:\/\/www.isarodas.com.br\/isa\/store\/automoveis\/jogo-de-calota-de-roda-aro-15-honda-civic-fit-city\/#breadcrumb\"},\"inLanguage\":\"pt-BR\",\"potentialAction\":[{\"@type\":\"ReadAction\",\"target\":[\"https:\/\/www.isarodas.com.br\/isa\/store\/automoveis\/jogo-de-calota-de-roda-aro-15-honda-civic-fit-city\/\"]}]},{\"@type\":\"ImageObject\",\"inLanguage\":\"pt-BR\",\"@id\":\"https:\/\/www.isarodas.com.br\/isa\/store\/automoveis\/jogo-de-calota-de-roda-aro-15-honda-civic-fit-city\/#primaryimage\",\"url\":\"https:\/\/www.isarodas.com.br\/isa\/wp-content\/uploads\/2024\/04\/D_NQ_NP_2X_845768-MLB32124093508_092019-F.webp\",\"contentUrl\":\"https:\/\/www.isarodas.com.br\/isa\/wp-content\/uploads\/2024\/04\/D_NQ_NP_2X_845768-MLB32124093508_092019-F.webp\",\"width\":1200,\"height\":1200},{\"@type\":\"BreadcrumbList\",\"@id\":\"https:\/\/www.isarodas.com.br\/isa\/store\/automoveis\/jogo-de-calota-de-roda-aro-15-honda-civic-fit-city\/#breadcrumb\",\"itemListElement\":[{\"@type\":\"ListItem\",\"position\":1,\"name\":\"In\u00edcio\",\"item\":\"https:\/\/www.isarodas.com.br\/isa\/\"},{\"@type\":\"ListItem\",\"position\":2,\"name\":\"Store\",\"item\":\"https:\/\/www.isarodas.com.br\/isa\/store\/\"},{\"@type\":\"ListItem\",\"position\":3,\"name\":\"Jogo De Calota De Roda Aro 15 Honda Civic Fit City\"}]},{\"@type\":\"WebSite\",\"@id\":\"https:\/\/www.isarodas.com.br\/isa\/#website\",\"url\":\"https:\/\/www.isarodas.com.br\/isa\/\",\"name\":\"Isarodas\",\"description\":\"Ecommerce isarodas\",\"publisher\":{\"@id\":\"https:\/\/www.isarodas.com.br\/isa\/#organization\"},\"potentialAction\":[{\"@type\":\"SearchAction\",\"target\":{\"@type\":\"EntryPoint\",\"urlTemplate\":\"https:\/\/www.isarodas.com.br\/isa\/?s={search_term_string}\"},\"query-input\":\"required name=search_term_string\"}],\"inLanguage\":\"pt-BR\"},{\"@type\":\"Organization\",\"@id\":\"https:\/\/www.isarodas.com.br\/isa\/#organization\",\"name\":\"Isarodas\",\"url\":\"https:\/\/www.isarodas.com.br\/isa\/\",\"logo\":{\"@type\":\"ImageObject\",\"inLanguage\":\"pt-BR\",\"@id\":\"https:\/\/www.isarodas.com.br\/isa\/#\/schema\/logo\/image\/\",\"url\":\"https:\/\/www.isarodas.com.br\/isa\/wp-content\/uploads\/2024\/03\/cropped-lgs-1.png\",\"contentUrl\":\"https:\/\/www.isarodas.com.br\/isa\/wp-content\/uploads\/2024\/03\/cropped-lgs-1.png\",\"width\":120,\"height\":119,\"caption\":\"Isarodas\"},\"image\":{\"@id\":\"https:\/\/www.isarodas.com.br\/isa\/#\/schema\/logo\/image\/\"},\"sameAs\":[\"https:\/\/www.facebook.com\/isarodasoficial\/\",\"https:\/\/www.youtube.com\/@isarodas9312\",\"https:\/\/www.instagram.com\/isarodasoficial\/\"]}]}<\/script>\n<!-- \/ Yoast SEO plugin. -->","yoast_head_json":{"title":"Jogo De Calota De Roda Aro 15 Honda Civic Fit City","description":"jogo de calotas de roda aro 15 modelo BRW1350 para Honda Civic, Fit e City, voc\u00ea pode considerar procurar em lojas de autope\u00e7as especializadas em acess\u00f3rios para ve\u00edculos da marca Honda, revendedores autorizados da Honda ou em lojas online que ofere\u00e7am pe\u00e7as de reposi\u00e7\u00e3o para esses modelos espec\u00edficos.","robots":{"index":"index","follow":"follow","max-snippet":"max-snippet:-1","max-image-preview":"max-image-preview:large","max-video-preview":"max-video-preview:-1"},"canonical":"https:\/\/www.isarodas.com.br\/isa\/store\/automoveis\/jogo-de-calota-de-roda-aro-15-honda-civic-fit-city\/","og_locale":"pt_BR","og_type":"article","og_title":"Jogo De Calota De Roda Aro 15 Honda Civic Fit City","og_description":"jogo de calotas de roda aro 15 modelo BRW1350 para Honda Civic, Fit e City, voc\u00ea pode considerar procurar em lojas de autope\u00e7as especializadas em acess\u00f3rios para ve\u00edculos da marca Honda, revendedores autorizados da Honda ou em lojas online que ofere\u00e7am pe\u00e7as de reposi\u00e7\u00e3o para esses modelos espec\u00edficos.","og_url":"https:\/\/www.isarodas.com.br\/isa\/store\/automoveis\/jogo-de-calota-de-roda-aro-15-honda-civic-fit-city\/","og_site_name":"Isarodas","article_publisher":"https:\/\/www.facebook.com\/isarodasoficial\/","og_image":[{"width":1200,"height":1200,"url":"https:\/\/www.isarodas.com.br\/isa\/wp-content\/uploads\/2024\/04\/D_NQ_NP_2X_845768-MLB32124093508_092019-F.webp","type":"image\/webp"}],"twitter_card":"summary_large_image","twitter_misc":{"Est. tempo de leitura":"2 minutos"},"schema":{"@context":"https:\/\/schema.org","@graph":[{"@type":"WebPage","@id":"https:\/\/www.isarodas.com.br\/isa\/store\/automoveis\/jogo-de-calota-de-roda-aro-15-honda-civic-fit-city\/","url":"https:\/\/www.isarodas.com.br\/isa\/store\/automoveis\/jogo-de-calota-de-roda-aro-15-honda-civic-fit-city\/","name":"Jogo De Calota De Roda Aro 15 Honda Civic Fit City","isPartOf":{"@id":"https:\/\/www.isarodas.com.br\/isa\/#website"},"primaryImageOfPage":{"@id":"https:\/\/www.isarodas.com.br\/isa\/store\/automoveis\/jogo-de-calota-de-roda-aro-15-honda-civic-fit-city\/#primaryimage"},"image":{"@id":"https:\/\/www.isarodas.com.br\/isa\/store\/automoveis\/jogo-de-calota-de-roda-aro-15-honda-civic-fit-city\/#primaryimage"},"thumbnailUrl":"https:\/\/www.isarodas.com.br\/isa\/wp-content\/uploads\/2024\/04\/D_NQ_NP_2X_845768-MLB32124093508_092019-F.webp","datePublished":"2024-04-22T19:58:24+00:00","dateModified":"2024-04-22T19:58:24+00:00","description":"jogo de calotas de roda aro 15 modelo BRW1350 para Honda Civic, Fit e City, voc\u00ea pode considerar procurar em lojas de autope\u00e7as especializadas em acess\u00f3rios para ve\u00edculos da marca Honda, revendedores autorizados da Honda ou em lojas online que ofere\u00e7am pe\u00e7as de reposi\u00e7\u00e3o para esses modelos espec\u00edficos.","breadcrumb":{"@id":"https:\/\/www.isarodas.com.br\/isa\/store\/automoveis\/jogo-de-calota-de-roda-aro-15-honda-civic-fit-city\/#breadcrumb"},"inLanguage":"pt-BR","potentialAction":[{"@type":"ReadAction","target":["https:\/\/www.isarodas.com.br\/isa\/store\/automoveis\/jogo-de-calota-de-roda-aro-15-honda-civic-fit-city\/"]}]},{"@type":"ImageObject","inLanguage":"pt-BR","@id":"https:\/\/www.isarodas.com.br\/isa\/store\/automoveis\/jogo-de-calota-de-roda-aro-15-honda-civic-fit-city\/#primaryimage","url":"https:\/\/www.isarodas.com.br\/isa\/wp-content\/uploads\/2024\/04\/D_NQ_NP_2X_845768-MLB32124093508_092019-F.webp","contentUrl":"https:\/\/www.isarodas.com.br\/isa\/wp-content\/uploads\/2024\/04\/D_NQ_NP_2X_845768-MLB32124093508_092019-F.webp","width":1200,"height":1200},{"@type":"BreadcrumbList","@id":"https:\/\/www.isarodas.com.br\/isa\/store\/automoveis\/jogo-de-calota-de-roda-aro-15-honda-civic-fit-city\/#breadcrumb","itemListElement":[{"@type":"ListItem","position":1,"name":"In\u00edcio","item":"https:\/\/www.isarodas.com.br\/isa\/"},{"@type":"ListItem","position":2,"name":"Store","item":"https:\/\/www.isarodas.com.br\/isa\/store\/"},{"@type":"ListItem","position":3,"name":"Jogo De Calota De Roda Aro 15 Honda Civic Fit City"}]},{"@type":"WebSite","@id":"https:\/\/www.isarodas.com.br\/isa\/#website","url":"https:\/\/www.isarodas.com.br\/isa\/","name":"Isarodas","description":"Ecommerce isarodas","publisher":{"@id":"https:\/\/www.isarodas.com.br\/isa\/#organization"},"potentialAction":[{"@type":"SearchAction","target":{"@type":"EntryPoint","urlTemplate":"https:\/\/www.isarodas.com.br\/isa\/?s={search_term_string}"},"query-input":"required name=search_term_string"}],"inLanguage":"pt-BR"},{"@type":"Organization","@id":"https:\/\/www.isarodas.com.br\/isa\/#organization","name":"Isarodas","url":"https:\/\/www.isarodas.com.br\/isa\/","logo":{"@type":"ImageObject","inLanguage":"pt-BR","@id":"https:\/\/www.isarodas.com.br\/isa\/#\/schema\/logo\/image\/","url":"https:\/\/www.isarodas.com.br\/isa\/wp-content\/uploads\/2024\/03\/cropped-lgs-1.png","contentUrl":"https:\/\/www.isarodas.com.br\/isa\/wp-content\/uploads\/2024\/03\/cropped-lgs-1.png","width":120,"height":119,"caption":"Isarodas"},"image":{"@id":"https:\/\/www.isarodas.com.br\/isa\/#\/schema\/logo\/image\/"},"sameAs":["https:\/\/www.facebook.com\/isarodasoficial\/","https:\/\/www.youtube.com\/@isarodas9312","https:\/\/www.instagram.com\/isarodasoficial\/"]}]}},"_links":{"self":[{"href":"https:\/\/www.isarodas.com.br\/isa\/wp-json\/wp\/v2\/product\/5977","targetHints":{"allow":["GET"]}}],"collection":[{"href":"https:\/\/www.isarodas.com.br\/isa\/wp-json\/wp\/v2\/product"}],"about":[{"href":"https:\/\/www.isarodas.com.br\/isa\/wp-json\/wp\/v2\/types\/product"}],"replies":[{"embeddable":true,"href":"https:\/\/www.isarodas.com.br\/isa\/wp-json\/wp\/v2\/comments?post=5977"}],"version-history":[{"count":2,"href":"https:\/\/www.isarodas.com.br\/isa\/wp-json\/wp\/v2\/product\/5977\/revisions"}],"predecessor-version":[{"id":5980,"href":"https:\/\/www.isarodas.com.br\/isa\/wp-json\/wp\/v2\/product\/5977\/revisions\/5980"}],"wp:featuredmedia":[{"embeddable":true,"href":"https:\/\/www.isarodas.com.br\/isa\/wp-json\/wp\/v2\/media\/5978"}],"wp:attachment":[{"href":"https:\/\/www.isarodas.com.br\/isa\/wp-json\/wp\/v2\/media?parent=5977"}],"wp:term":[{"taxonomy":"product_cat","embeddable":true,"href":"https:\/\/www.isarodas.com.br\/isa\/wp-json\/wp\/v2\/product_cat?post=5977"},{"taxonomy":"product_tag","embeddable":true,"href":"https:\/\/www.isarodas.com.br\/isa\/wp-json\/wp\/v2\/product_tag?post=5977"}],"curies":[{"name":"wp","href":"https:\/\/api.w.org\/{rel}","templated":true}]}}