{"id":5682,"date":"2024-04-16T14:54:31","date_gmt":"2024-04-16T17:54:31","guid":{"rendered":"https:\/\/www.isarodas.com.br\/isa\/?post_type=product&#038;p=5682"},"modified":"2024-04-16T14:54:32","modified_gmt":"2024-04-16T17:54:32","slug":"jogo-de-roda-trevo-aro-13-gol-celta-corsa-palio-uno-classic","status":"publish","type":"product","link":"https:\/\/www.isarodas.com.br\/isa\/store\/automoveis\/jogo-de-roda-trevo-aro-13-gol-celta-corsa-palio-uno-classic\/","title":{"rendered":"Jogo De Roda Trevo Aro 13 Gol Celta Corsa Palio Uno Classic"},"content":{"rendered":"<p>Eleve o estilo do seu ve\u00edculo com o Jogo de Rodas Trevo Aro 13, uma escolha perfeita para modelos populares como Gol, Celta, Corsa, Palio, Uno e Classic.<\/p>\n<p>Com um design exclusivo de trevo e acabamento de alta qualidade, estas rodas n\u00e3o s\u00f3 proporcionam um visual \u00fanico e elegante, mas tamb\u00e9m oferecem benef\u00edcios em termos de desempenho. A constru\u00e7\u00e3o leve e resistente das rodas Trevo Aro 13 garante uma condu\u00e7\u00e3o \u00e1gil e responsiva, melhorando a experi\u00eancia de dire\u00e7\u00e3o em cada curva. N\u00e3o perca a oportunidade de destacar-se na estrada com estilo e confian\u00e7a &#8211; escolha o Jogo de Rodas Trevo Aro 13 e transforme o visual do seu carro.<\/p>\n","protected":false},"excerpt":{"rendered":"<p>Eleve o estilo do seu ve\u00edculo com o Jogo de Rodas Trevo Aro 13, uma escolha perfeita para modelos populares como Gol, Celta, Corsa, Palio, Uno e Classic. Com um design exclusivo de trevo e acabamento de alta qualidade, estas rodas n\u00e3o s\u00f3 proporcionam um visual \u00fanico e elegante, mas tamb\u00e9m oferecem benef\u00edcios em termos [&hellip;]<\/p>\n","protected":false},"featured_media":5683,"comment_status":"open","ping_status":"closed","template":"","meta":{"_acf_changed":false,"site-sidebar-layout":"default","site-content-layout":"","ast-site-content-layout":"default","site-content-style":"default","site-sidebar-style":"default","ast-global-header-display":"","ast-banner-title-visibility":"","ast-main-header-display":"","ast-hfb-above-header-display":"","ast-hfb-below-header-display":"","ast-hfb-mobile-header-display":"","site-post-title":"","ast-breadcrumbs-content":"","ast-featured-img":"","footer-sml-layout":"","theme-transparent-header-meta":"default","adv-header-id-meta":"","stick-header-meta":"","header-above-stick-meta":"","header-main-stick-meta":"","header-below-stick-meta":"","astra-migrate-meta-layouts":"set","ast-page-background-enabled":"default","ast-page-background-meta":{"desktop":{"background-color":"","background-image":"","background-repeat":"repeat","background-position":"center center","background-size":"auto","background-attachment":"scroll","background-type":"","background-media":"","overlay-type":"","overlay-color":"","overlay-gradient":""},"tablet":{"background-color":"","background-image":"","background-repeat":"repeat","background-position":"center center","background-size":"auto","background-attachment":"scroll","background-type":"","background-media":"","overlay-type":"","overlay-color":"","overlay-gradient":""},"mobile":{"background-color":"","background-image":"","background-repeat":"repeat","background-position":"center center","background-size":"auto","background-attachment":"scroll","background-type":"","background-media":"","overlay-type":"","overlay-color":"","overlay-gradient":""}},"ast-content-background-meta":{"desktop":{"background-color":"var(--ast-global-color-5)","background-image":"","background-repeat":"repeat","background-position":"center center","background-size":"auto","background-attachment":"scroll","background-type":"","background-media":"","overlay-type":"","overlay-color":"","overlay-gradient":""},"tablet":{"background-color":"var(--ast-global-color-5)","background-image":"","background-repeat":"repeat","background-position":"center center","background-size":"auto","background-attachment":"scroll","background-type":"","background-media":"","overlay-type":"","overlay-color":"","overlay-gradient":""},"mobile":{"background-color":"var(--ast-global-color-5)","background-image":"","background-repeat":"repeat","background-position":"center center","background-size":"auto","background-attachment":"scroll","background-type":"","background-media":"","overlay-type":"","overlay-color":"","overlay-gradient":""}}},"product_cat":[57],"product_tag":[],"class_list":{"0":"post-5682","1":"product","2":"type-product","3":"status-publish","4":"has-post-thumbnail","6":"product_cat-automoveis","7":"desktop-align-left","8":"tablet-align-left","9":"mobile-align-left","11":"first","12":"instock","13":"shipping-taxable","14":"purchasable","15":"product-type-simple"},"acf":[],"yoast_head":"<!-- This site is optimized with the Yoast SEO plugin v22.3 - https:\/\/yoast.com\/wordpress\/plugins\/seo\/ -->\n<title>Jogo De Roda Trevo Aro 13 Gol Celta Corsa Palio Uno Classic<\/title>\n<meta name=\"description\" content=\"Jogo de Rodas Trevo Aro 13, uma escolha perfeita para modelos populares como Gol, Celta, Corsa, Palio, Uno e Classic.\" \/>\n<meta name=\"robots\" content=\"index, follow, max-snippet:-1, max-image-preview:large, max-video-preview:-1\" \/>\n<link rel=\"canonical\" href=\"https:\/\/www.isarodas.com.br\/isa\/store\/automoveis\/jogo-de-roda-trevo-aro-13-gol-celta-corsa-palio-uno-classic\/\" \/>\n<meta property=\"og:locale\" content=\"pt_BR\" \/>\n<meta property=\"og:type\" content=\"article\" \/>\n<meta property=\"og:title\" content=\"Jogo De Roda Trevo Aro 13 Gol Celta Corsa Palio Uno Classic\" \/>\n<meta property=\"og:description\" content=\"Jogo de Rodas Trevo Aro 13, uma escolha perfeita para modelos populares como Gol, Celta, Corsa, Palio, Uno e Classic.\" \/>\n<meta property=\"og:url\" content=\"https:\/\/www.isarodas.com.br\/isa\/store\/automoveis\/jogo-de-roda-trevo-aro-13-gol-celta-corsa-palio-uno-classic\/\" \/>\n<meta property=\"og:site_name\" content=\"Isarodas\" \/>\n<meta property=\"article:publisher\" content=\"https:\/\/www.facebook.com\/isarodasoficial\/\" \/>\n<meta property=\"article:modified_time\" content=\"2024-04-16T17:54:32+00:00\" \/>\n<meta property=\"og:image\" content=\"https:\/\/www.isarodas.com.br\/isa\/wp-content\/uploads\/2024\/04\/D_NQ_NP_813118-MLB31685778154_082019-O.webp\" \/>\n\t<meta property=\"og:image:width\" content=\"500\" \/>\n\t<meta property=\"og:image:height\" content=\"441\" \/>\n\t<meta property=\"og:image:type\" content=\"image\/webp\" \/>\n<meta name=\"twitter:card\" content=\"summary_large_image\" \/>\n<meta name=\"twitter:label1\" content=\"Est. tempo de leitura\" \/>\n\t<meta name=\"twitter:data1\" content=\"1 minuto\" \/>\n<script type=\"application\/ld+json\" class=\"yoast-schema-graph\">{\"@context\":\"https:\/\/schema.org\",\"@graph\":[{\"@type\":\"WebPage\",\"@id\":\"https:\/\/www.isarodas.com.br\/isa\/store\/automoveis\/jogo-de-roda-trevo-aro-13-gol-celta-corsa-palio-uno-classic\/\",\"url\":\"https:\/\/www.isarodas.com.br\/isa\/store\/automoveis\/jogo-de-roda-trevo-aro-13-gol-celta-corsa-palio-uno-classic\/\",\"name\":\"Jogo De Roda Trevo Aro 13 Gol Celta Corsa Palio Uno Classic\",\"isPartOf\":{\"@id\":\"https:\/\/www.isarodas.com.br\/isa\/#website\"},\"primaryImageOfPage\":{\"@id\":\"https:\/\/www.isarodas.com.br\/isa\/store\/automoveis\/jogo-de-roda-trevo-aro-13-gol-celta-corsa-palio-uno-classic\/#primaryimage\"},\"image\":{\"@id\":\"https:\/\/www.isarodas.com.br\/isa\/store\/automoveis\/jogo-de-roda-trevo-aro-13-gol-celta-corsa-palio-uno-classic\/#primaryimage\"},\"thumbnailUrl\":\"https:\/\/www.isarodas.com.br\/isa\/wp-content\/uploads\/2024\/04\/D_NQ_NP_813118-MLB31685778154_082019-O.webp\",\"datePublished\":\"2024-04-16T17:54:31+00:00\",\"dateModified\":\"2024-04-16T17:54:32+00:00\",\"description\":\"Jogo de Rodas Trevo Aro 13, uma escolha perfeita para modelos populares como Gol, Celta, Corsa, Palio, Uno e Classic.\",\"breadcrumb\":{\"@id\":\"https:\/\/www.isarodas.com.br\/isa\/store\/automoveis\/jogo-de-roda-trevo-aro-13-gol-celta-corsa-palio-uno-classic\/#breadcrumb\"},\"inLanguage\":\"pt-BR\",\"potentialAction\":[{\"@type\":\"ReadAction\",\"target\":[\"https:\/\/www.isarodas.com.br\/isa\/store\/automoveis\/jogo-de-roda-trevo-aro-13-gol-celta-corsa-palio-uno-classic\/\"]}]},{\"@type\":\"ImageObject\",\"inLanguage\":\"pt-BR\",\"@id\":\"https:\/\/www.isarodas.com.br\/isa\/store\/automoveis\/jogo-de-roda-trevo-aro-13-gol-celta-corsa-palio-uno-classic\/#primaryimage\",\"url\":\"https:\/\/www.isarodas.com.br\/isa\/wp-content\/uploads\/2024\/04\/D_NQ_NP_813118-MLB31685778154_082019-O.webp\",\"contentUrl\":\"https:\/\/www.isarodas.com.br\/isa\/wp-content\/uploads\/2024\/04\/D_NQ_NP_813118-MLB31685778154_082019-O.webp\",\"width\":500,\"height\":441},{\"@type\":\"BreadcrumbList\",\"@id\":\"https:\/\/www.isarodas.com.br\/isa\/store\/automoveis\/jogo-de-roda-trevo-aro-13-gol-celta-corsa-palio-uno-classic\/#breadcrumb\",\"itemListElement\":[{\"@type\":\"ListItem\",\"position\":1,\"name\":\"In\u00edcio\",\"item\":\"https:\/\/www.isarodas.com.br\/isa\/\"},{\"@type\":\"ListItem\",\"position\":2,\"name\":\"Store\",\"item\":\"https:\/\/www.isarodas.com.br\/isa\/store\/\"},{\"@type\":\"ListItem\",\"position\":3,\"name\":\"Jogo De Roda Trevo Aro 13 Gol Celta Corsa Palio Uno Classic\"}]},{\"@type\":\"WebSite\",\"@id\":\"https:\/\/www.isarodas.com.br\/isa\/#website\",\"url\":\"https:\/\/www.isarodas.com.br\/isa\/\",\"name\":\"Isarodas\",\"description\":\"Ecommerce isarodas\",\"publisher\":{\"@id\":\"https:\/\/www.isarodas.com.br\/isa\/#organization\"},\"potentialAction\":[{\"@type\":\"SearchAction\",\"target\":{\"@type\":\"EntryPoint\",\"urlTemplate\":\"https:\/\/www.isarodas.com.br\/isa\/?s={search_term_string}\"},\"query-input\":\"required name=search_term_string\"}],\"inLanguage\":\"pt-BR\"},{\"@type\":\"Organization\",\"@id\":\"https:\/\/www.isarodas.com.br\/isa\/#organization\",\"name\":\"Isarodas\",\"url\":\"https:\/\/www.isarodas.com.br\/isa\/\",\"logo\":{\"@type\":\"ImageObject\",\"inLanguage\":\"pt-BR\",\"@id\":\"https:\/\/www.isarodas.com.br\/isa\/#\/schema\/logo\/image\/\",\"url\":\"https:\/\/www.isarodas.com.br\/isa\/wp-content\/uploads\/2024\/03\/cropped-lgs-1.png\",\"contentUrl\":\"https:\/\/www.isarodas.com.br\/isa\/wp-content\/uploads\/2024\/03\/cropped-lgs-1.png\",\"width\":120,\"height\":119,\"caption\":\"Isarodas\"},\"image\":{\"@id\":\"https:\/\/www.isarodas.com.br\/isa\/#\/schema\/logo\/image\/\"},\"sameAs\":[\"https:\/\/www.facebook.com\/isarodasoficial\/\",\"https:\/\/www.youtube.com\/@isarodas9312\",\"https:\/\/www.instagram.com\/isarodasoficial\/\"]}]}<\/script>\n<!-- \/ Yoast SEO plugin. -->","yoast_head_json":{"title":"Jogo De Roda Trevo Aro 13 Gol Celta Corsa Palio Uno Classic","description":"Jogo de Rodas Trevo Aro 13, uma escolha perfeita para modelos populares como Gol, Celta, Corsa, Palio, Uno e Classic.","robots":{"index":"index","follow":"follow","max-snippet":"max-snippet:-1","max-image-preview":"max-image-preview:large","max-video-preview":"max-video-preview:-1"},"canonical":"https:\/\/www.isarodas.com.br\/isa\/store\/automoveis\/jogo-de-roda-trevo-aro-13-gol-celta-corsa-palio-uno-classic\/","og_locale":"pt_BR","og_type":"article","og_title":"Jogo De Roda Trevo Aro 13 Gol Celta Corsa Palio Uno Classic","og_description":"Jogo de Rodas Trevo Aro 13, uma escolha perfeita para modelos populares como Gol, Celta, Corsa, Palio, Uno e Classic.","og_url":"https:\/\/www.isarodas.com.br\/isa\/store\/automoveis\/jogo-de-roda-trevo-aro-13-gol-celta-corsa-palio-uno-classic\/","og_site_name":"Isarodas","article_publisher":"https:\/\/www.facebook.com\/isarodasoficial\/","article_modified_time":"2024-04-16T17:54:32+00:00","og_image":[{"width":500,"height":441,"url":"https:\/\/www.isarodas.com.br\/isa\/wp-content\/uploads\/2024\/04\/D_NQ_NP_813118-MLB31685778154_082019-O.webp","type":"image\/webp"}],"twitter_card":"summary_large_image","twitter_misc":{"Est. tempo de leitura":"1 minuto"},"schema":{"@context":"https:\/\/schema.org","@graph":[{"@type":"WebPage","@id":"https:\/\/www.isarodas.com.br\/isa\/store\/automoveis\/jogo-de-roda-trevo-aro-13-gol-celta-corsa-palio-uno-classic\/","url":"https:\/\/www.isarodas.com.br\/isa\/store\/automoveis\/jogo-de-roda-trevo-aro-13-gol-celta-corsa-palio-uno-classic\/","name":"Jogo De Roda Trevo Aro 13 Gol Celta Corsa Palio Uno Classic","isPartOf":{"@id":"https:\/\/www.isarodas.com.br\/isa\/#website"},"primaryImageOfPage":{"@id":"https:\/\/www.isarodas.com.br\/isa\/store\/automoveis\/jogo-de-roda-trevo-aro-13-gol-celta-corsa-palio-uno-classic\/#primaryimage"},"image":{"@id":"https:\/\/www.isarodas.com.br\/isa\/store\/automoveis\/jogo-de-roda-trevo-aro-13-gol-celta-corsa-palio-uno-classic\/#primaryimage"},"thumbnailUrl":"https:\/\/www.isarodas.com.br\/isa\/wp-content\/uploads\/2024\/04\/D_NQ_NP_813118-MLB31685778154_082019-O.webp","datePublished":"2024-04-16T17:54:31+00:00","dateModified":"2024-04-16T17:54:32+00:00","description":"Jogo de Rodas Trevo Aro 13, uma escolha perfeita para modelos populares como Gol, Celta, Corsa, Palio, Uno e Classic.","breadcrumb":{"@id":"https:\/\/www.isarodas.com.br\/isa\/store\/automoveis\/jogo-de-roda-trevo-aro-13-gol-celta-corsa-palio-uno-classic\/#breadcrumb"},"inLanguage":"pt-BR","potentialAction":[{"@type":"ReadAction","target":["https:\/\/www.isarodas.com.br\/isa\/store\/automoveis\/jogo-de-roda-trevo-aro-13-gol-celta-corsa-palio-uno-classic\/"]}]},{"@type":"ImageObject","inLanguage":"pt-BR","@id":"https:\/\/www.isarodas.com.br\/isa\/store\/automoveis\/jogo-de-roda-trevo-aro-13-gol-celta-corsa-palio-uno-classic\/#primaryimage","url":"https:\/\/www.isarodas.com.br\/isa\/wp-content\/uploads\/2024\/04\/D_NQ_NP_813118-MLB31685778154_082019-O.webp","contentUrl":"https:\/\/www.isarodas.com.br\/isa\/wp-content\/uploads\/2024\/04\/D_NQ_NP_813118-MLB31685778154_082019-O.webp","width":500,"height":441},{"@type":"BreadcrumbList","@id":"https:\/\/www.isarodas.com.br\/isa\/store\/automoveis\/jogo-de-roda-trevo-aro-13-gol-celta-corsa-palio-uno-classic\/#breadcrumb","itemListElement":[{"@type":"ListItem","position":1,"name":"In\u00edcio","item":"https:\/\/www.isarodas.com.br\/isa\/"},{"@type":"ListItem","position":2,"name":"Store","item":"https:\/\/www.isarodas.com.br\/isa\/store\/"},{"@type":"ListItem","position":3,"name":"Jogo De Roda Trevo Aro 13 Gol Celta Corsa Palio Uno Classic"}]},{"@type":"WebSite","@id":"https:\/\/www.isarodas.com.br\/isa\/#website","url":"https:\/\/www.isarodas.com.br\/isa\/","name":"Isarodas","description":"Ecommerce isarodas","publisher":{"@id":"https:\/\/www.isarodas.com.br\/isa\/#organization"},"potentialAction":[{"@type":"SearchAction","target":{"@type":"EntryPoint","urlTemplate":"https:\/\/www.isarodas.com.br\/isa\/?s={search_term_string}"},"query-input":"required name=search_term_string"}],"inLanguage":"pt-BR"},{"@type":"Organization","@id":"https:\/\/www.isarodas.com.br\/isa\/#organization","name":"Isarodas","url":"https:\/\/www.isarodas.com.br\/isa\/","logo":{"@type":"ImageObject","inLanguage":"pt-BR","@id":"https:\/\/www.isarodas.com.br\/isa\/#\/schema\/logo\/image\/","url":"https:\/\/www.isarodas.com.br\/isa\/wp-content\/uploads\/2024\/03\/cropped-lgs-1.png","contentUrl":"https:\/\/www.isarodas.com.br\/isa\/wp-content\/uploads\/2024\/03\/cropped-lgs-1.png","width":120,"height":119,"caption":"Isarodas"},"image":{"@id":"https:\/\/www.isarodas.com.br\/isa\/#\/schema\/logo\/image\/"},"sameAs":["https:\/\/www.facebook.com\/isarodasoficial\/","https:\/\/www.youtube.com\/@isarodas9312","https:\/\/www.instagram.com\/isarodasoficial\/"]}]}},"_links":{"self":[{"href":"https:\/\/www.isarodas.com.br\/isa\/wp-json\/wp\/v2\/product\/5682","targetHints":{"allow":["GET"]}}],"collection":[{"href":"https:\/\/www.isarodas.com.br\/isa\/wp-json\/wp\/v2\/product"}],"about":[{"href":"https:\/\/www.isarodas.com.br\/isa\/wp-json\/wp\/v2\/types\/product"}],"replies":[{"embeddable":true,"href":"https:\/\/www.isarodas.com.br\/isa\/wp-json\/wp\/v2\/comments?post=5682"}],"version-history":[{"count":1,"href":"https:\/\/www.isarodas.com.br\/isa\/wp-json\/wp\/v2\/product\/5682\/revisions"}],"predecessor-version":[{"id":5686,"href":"https:\/\/www.isarodas.com.br\/isa\/wp-json\/wp\/v2\/product\/5682\/revisions\/5686"}],"wp:featuredmedia":[{"embeddable":true,"href":"https:\/\/www.isarodas.com.br\/isa\/wp-json\/wp\/v2\/media\/5683"}],"wp:attachment":[{"href":"https:\/\/www.isarodas.com.br\/isa\/wp-json\/wp\/v2\/media?parent=5682"}],"wp:term":[{"taxonomy":"product_cat","embeddable":true,"href":"https:\/\/www.isarodas.com.br\/isa\/wp-json\/wp\/v2\/product_cat?post=5682"},{"taxonomy":"product_tag","embeddable":true,"href":"https:\/\/www.isarodas.com.br\/isa\/wp-json\/wp\/v2\/product_tag?post=5682"}],"curies":[{"name":"wp","href":"https:\/\/api.w.org\/{rel}","templated":true}]}}