{"id":5511,"date":"2024-04-12T14:56:13","date_gmt":"2024-04-12T17:56:13","guid":{"rendered":"https:\/\/www.isarodas.com.br\/isa\/?post_type=product&#038;p=5511"},"modified":"2024-04-12T14:56:14","modified_gmt":"2024-04-12T17:56:14","slug":"rebite-pop-repuxo-aluminio-rm-310-32-x-10mm-1000-pecas","status":"publish","type":"product","link":"https:\/\/www.isarodas.com.br\/isa\/store\/ferramentas\/acessorios\/rebite-pop-repuxo-aluminio-rm-310-32-x-10mm-1000-pecas\/","title":{"rendered":"Rebite Pop Repuxo Aluminio Rm 310 &#8211; 3,2 X 10mm 1000 Pe\u00e7as"},"content":{"rendered":"<p>REBITE POP DE REPUXO EM ALUM\u00cdNIO RM 310<\/p>\n<p>S\u00e3o utilizados principalmente em montagens e fixa\u00e7\u00f5es de pe\u00e7as onde s\u00f3 se tem acesso por apenas um lado.<br \/>\nS\u00e3o largamente adotados em todas as ind\u00fastrias, tais como: eletrodom\u00e9sticos, estruturas met\u00e1licas, esquadrias, brinquedos, instala\u00e7\u00f5es industriais, etc.<\/p>\n<p>&#8211; Di\u00e2metro: 3,2mm<br \/>\n&#8211; Comprimento: 10mm (1cm)<br \/>\n&#8211; Espessura rebit\u00e1vel: 5,00 \u2013 7,00mm<br \/>\n&#8211; Material: Corpo Alum\u00ednio, haste a\u00e7o<br \/>\n&#8211; Cor: aluminio<\/p>\n","protected":false},"excerpt":{"rendered":"<p>REBITE POP DE REPUXO EM ALUM\u00cdNIO RM 310 S\u00e3o utilizados principalmente em montagens e fixa\u00e7\u00f5es de pe\u00e7as onde s\u00f3 se tem acesso por apenas um lado. S\u00e3o largamente adotados em todas as ind\u00fastrias, tais como: eletrodom\u00e9sticos, estruturas met\u00e1licas, esquadrias, brinquedos, instala\u00e7\u00f5es industriais, etc. &#8211; Di\u00e2metro: 3,2mm &#8211; Comprimento: 10mm (1cm) &#8211; Espessura rebit\u00e1vel: 5,00 \u2013 [&hellip;]<\/p>\n","protected":false},"featured_media":5512,"comment_status":"open","ping_status":"closed","template":"","meta":{"_acf_changed":false,"site-sidebar-layout":"default","site-content-layout":"","ast-site-content-layout":"default","site-content-style":"default","site-sidebar-style":"default","ast-global-header-display":"","ast-banner-title-visibility":"","ast-main-header-display":"","ast-hfb-above-header-display":"","ast-hfb-below-header-display":"","ast-hfb-mobile-header-display":"","site-post-title":"","ast-breadcrumbs-content":"","ast-featured-img":"","footer-sml-layout":"","theme-transparent-header-meta":"default","adv-header-id-meta":"","stick-header-meta":"","header-above-stick-meta":"","header-main-stick-meta":"","header-below-stick-meta":"","astra-migrate-meta-layouts":"set","ast-page-background-enabled":"default","ast-page-background-meta":{"desktop":{"background-color":"","background-image":"","background-repeat":"repeat","background-position":"center center","background-size":"auto","background-attachment":"scroll","background-type":"","background-media":"","overlay-type":"","overlay-color":"","overlay-gradient":""},"tablet":{"background-color":"","background-image":"","background-repeat":"repeat","background-position":"center center","background-size":"auto","background-attachment":"scroll","background-type":"","background-media":"","overlay-type":"","overlay-color":"","overlay-gradient":""},"mobile":{"background-color":"","background-image":"","background-repeat":"repeat","background-position":"center center","background-size":"auto","background-attachment":"scroll","background-type":"","background-media":"","overlay-type":"","overlay-color":"","overlay-gradient":""}},"ast-content-background-meta":{"desktop":{"background-color":"var(--ast-global-color-5)","background-image":"","background-repeat":"repeat","background-position":"center center","background-size":"auto","background-attachment":"scroll","background-type":"","background-media":"","overlay-type":"","overlay-color":"","overlay-gradient":""},"tablet":{"background-color":"var(--ast-global-color-5)","background-image":"","background-repeat":"repeat","background-position":"center center","background-size":"auto","background-attachment":"scroll","background-type":"","background-media":"","overlay-type":"","overlay-color":"","overlay-gradient":""},"mobile":{"background-color":"var(--ast-global-color-5)","background-image":"","background-repeat":"repeat","background-position":"center center","background-size":"auto","background-attachment":"scroll","background-type":"","background-media":"","overlay-type":"","overlay-color":"","overlay-gradient":""}}},"product_cat":[93,60,90],"product_tag":[],"class_list":{"0":"post-5511","1":"product","2":"type-product","3":"status-publish","4":"has-post-thumbnail","6":"product_cat-acessorios","7":"product_cat-construcao","8":"product_cat-ferragens","9":"desktop-align-left","10":"tablet-align-left","11":"mobile-align-left","13":"first","14":"instock","15":"shipping-taxable","16":"purchasable","17":"product-type-simple"},"acf":[],"yoast_head":"<!-- This site is optimized with the Yoast SEO plugin v22.3 - https:\/\/yoast.com\/wordpress\/plugins\/seo\/ -->\n<title>Rebite Pop Repuxo Aluminio Rm 310 - 3,2 X 10mm 1000 Pe\u00e7as<\/title>\n<meta name=\"description\" content=\"REBITE POP DE REPUXO EM ALUM\u00cdNIO RM 310 S\u00e3o utilizados principalmente em montagens e fixa\u00e7\u00f5es de pe\u00e7as onde s\u00f3 se tem acesso por apenas um lado.\" \/>\n<meta name=\"robots\" content=\"index, follow, max-snippet:-1, max-image-preview:large, max-video-preview:-1\" \/>\n<link rel=\"canonical\" href=\"https:\/\/www.isarodas.com.br\/isa\/store\/ferramentas\/acessorios\/rebite-pop-repuxo-aluminio-rm-310-32-x-10mm-1000-pecas\/\" \/>\n<meta property=\"og:locale\" content=\"pt_BR\" \/>\n<meta property=\"og:type\" content=\"article\" \/>\n<meta property=\"og:title\" content=\"Rebite Pop Repuxo Aluminio Rm 310 - 3,2 X 10mm 1000 Pe\u00e7as\" \/>\n<meta property=\"og:description\" content=\"REBITE POP DE REPUXO EM ALUM\u00cdNIO RM 310 S\u00e3o utilizados principalmente em montagens e fixa\u00e7\u00f5es de pe\u00e7as onde s\u00f3 se tem acesso por apenas um lado.\" \/>\n<meta property=\"og:url\" content=\"https:\/\/www.isarodas.com.br\/isa\/store\/ferramentas\/acessorios\/rebite-pop-repuxo-aluminio-rm-310-32-x-10mm-1000-pecas\/\" \/>\n<meta property=\"og:site_name\" content=\"Isarodas\" \/>\n<meta property=\"article:publisher\" content=\"https:\/\/www.facebook.com\/isarodasoficial\/\" \/>\n<meta property=\"article:modified_time\" content=\"2024-04-12T17:56:14+00:00\" \/>\n<meta property=\"og:image\" content=\"https:\/\/www.isarodas.com.br\/isa\/wp-content\/uploads\/2024\/04\/D_NQ_NP_928786-MLB31822530954_082019-O.webp\" \/>\n\t<meta property=\"og:image:width\" content=\"500\" \/>\n\t<meta property=\"og:image:height\" content=\"430\" \/>\n\t<meta property=\"og:image:type\" content=\"image\/webp\" \/>\n<meta name=\"twitter:card\" content=\"summary_large_image\" \/>\n<meta name=\"twitter:label1\" content=\"Est. tempo de leitura\" \/>\n\t<meta name=\"twitter:data1\" content=\"1 minuto\" \/>\n<script type=\"application\/ld+json\" class=\"yoast-schema-graph\">{\"@context\":\"https:\/\/schema.org\",\"@graph\":[{\"@type\":\"WebPage\",\"@id\":\"https:\/\/www.isarodas.com.br\/isa\/store\/ferramentas\/acessorios\/rebite-pop-repuxo-aluminio-rm-310-32-x-10mm-1000-pecas\/\",\"url\":\"https:\/\/www.isarodas.com.br\/isa\/store\/ferramentas\/acessorios\/rebite-pop-repuxo-aluminio-rm-310-32-x-10mm-1000-pecas\/\",\"name\":\"Rebite Pop Repuxo Aluminio Rm 310 - 3,2 X 10mm 1000 Pe\u00e7as\",\"isPartOf\":{\"@id\":\"https:\/\/www.isarodas.com.br\/isa\/#website\"},\"primaryImageOfPage\":{\"@id\":\"https:\/\/www.isarodas.com.br\/isa\/store\/ferramentas\/acessorios\/rebite-pop-repuxo-aluminio-rm-310-32-x-10mm-1000-pecas\/#primaryimage\"},\"image\":{\"@id\":\"https:\/\/www.isarodas.com.br\/isa\/store\/ferramentas\/acessorios\/rebite-pop-repuxo-aluminio-rm-310-32-x-10mm-1000-pecas\/#primaryimage\"},\"thumbnailUrl\":\"https:\/\/www.isarodas.com.br\/isa\/wp-content\/uploads\/2024\/04\/D_NQ_NP_928786-MLB31822530954_082019-O.webp\",\"datePublished\":\"2024-04-12T17:56:13+00:00\",\"dateModified\":\"2024-04-12T17:56:14+00:00\",\"description\":\"REBITE POP DE REPUXO EM ALUM\u00cdNIO RM 310 S\u00e3o utilizados principalmente em montagens e fixa\u00e7\u00f5es de pe\u00e7as onde s\u00f3 se tem acesso por apenas um lado.\",\"breadcrumb\":{\"@id\":\"https:\/\/www.isarodas.com.br\/isa\/store\/ferramentas\/acessorios\/rebite-pop-repuxo-aluminio-rm-310-32-x-10mm-1000-pecas\/#breadcrumb\"},\"inLanguage\":\"pt-BR\",\"potentialAction\":[{\"@type\":\"ReadAction\",\"target\":[\"https:\/\/www.isarodas.com.br\/isa\/store\/ferramentas\/acessorios\/rebite-pop-repuxo-aluminio-rm-310-32-x-10mm-1000-pecas\/\"]}]},{\"@type\":\"ImageObject\",\"inLanguage\":\"pt-BR\",\"@id\":\"https:\/\/www.isarodas.com.br\/isa\/store\/ferramentas\/acessorios\/rebite-pop-repuxo-aluminio-rm-310-32-x-10mm-1000-pecas\/#primaryimage\",\"url\":\"https:\/\/www.isarodas.com.br\/isa\/wp-content\/uploads\/2024\/04\/D_NQ_NP_928786-MLB31822530954_082019-O.webp\",\"contentUrl\":\"https:\/\/www.isarodas.com.br\/isa\/wp-content\/uploads\/2024\/04\/D_NQ_NP_928786-MLB31822530954_082019-O.webp\",\"width\":500,\"height\":430},{\"@type\":\"BreadcrumbList\",\"@id\":\"https:\/\/www.isarodas.com.br\/isa\/store\/ferramentas\/acessorios\/rebite-pop-repuxo-aluminio-rm-310-32-x-10mm-1000-pecas\/#breadcrumb\",\"itemListElement\":[{\"@type\":\"ListItem\",\"position\":1,\"name\":\"In\u00edcio\",\"item\":\"https:\/\/www.isarodas.com.br\/isa\/\"},{\"@type\":\"ListItem\",\"position\":2,\"name\":\"Store\",\"item\":\"https:\/\/www.isarodas.com.br\/isa\/store\/\"},{\"@type\":\"ListItem\",\"position\":3,\"name\":\"Rebite Pop Repuxo Aluminio Rm 310 &#8211; 3,2 X 10mm 1000 Pe\u00e7as\"}]},{\"@type\":\"WebSite\",\"@id\":\"https:\/\/www.isarodas.com.br\/isa\/#website\",\"url\":\"https:\/\/www.isarodas.com.br\/isa\/\",\"name\":\"Isarodas\",\"description\":\"Ecommerce isarodas\",\"publisher\":{\"@id\":\"https:\/\/www.isarodas.com.br\/isa\/#organization\"},\"potentialAction\":[{\"@type\":\"SearchAction\",\"target\":{\"@type\":\"EntryPoint\",\"urlTemplate\":\"https:\/\/www.isarodas.com.br\/isa\/?s={search_term_string}\"},\"query-input\":\"required name=search_term_string\"}],\"inLanguage\":\"pt-BR\"},{\"@type\":\"Organization\",\"@id\":\"https:\/\/www.isarodas.com.br\/isa\/#organization\",\"name\":\"Isarodas\",\"url\":\"https:\/\/www.isarodas.com.br\/isa\/\",\"logo\":{\"@type\":\"ImageObject\",\"inLanguage\":\"pt-BR\",\"@id\":\"https:\/\/www.isarodas.com.br\/isa\/#\/schema\/logo\/image\/\",\"url\":\"https:\/\/www.isarodas.com.br\/isa\/wp-content\/uploads\/2024\/03\/cropped-lgs-1.png\",\"contentUrl\":\"https:\/\/www.isarodas.com.br\/isa\/wp-content\/uploads\/2024\/03\/cropped-lgs-1.png\",\"width\":120,\"height\":119,\"caption\":\"Isarodas\"},\"image\":{\"@id\":\"https:\/\/www.isarodas.com.br\/isa\/#\/schema\/logo\/image\/\"},\"sameAs\":[\"https:\/\/www.facebook.com\/isarodasoficial\/\",\"https:\/\/www.youtube.com\/@isarodas9312\",\"https:\/\/www.instagram.com\/isarodasoficial\/\"]}]}<\/script>\n<!-- \/ Yoast SEO plugin. -->","yoast_head_json":{"title":"Rebite Pop Repuxo Aluminio Rm 310 - 3,2 X 10mm 1000 Pe\u00e7as","description":"REBITE POP DE REPUXO EM ALUM\u00cdNIO RM 310 S\u00e3o utilizados principalmente em montagens e fixa\u00e7\u00f5es de pe\u00e7as onde s\u00f3 se tem acesso por apenas um lado.","robots":{"index":"index","follow":"follow","max-snippet":"max-snippet:-1","max-image-preview":"max-image-preview:large","max-video-preview":"max-video-preview:-1"},"canonical":"https:\/\/www.isarodas.com.br\/isa\/store\/ferramentas\/acessorios\/rebite-pop-repuxo-aluminio-rm-310-32-x-10mm-1000-pecas\/","og_locale":"pt_BR","og_type":"article","og_title":"Rebite Pop Repuxo Aluminio Rm 310 - 3,2 X 10mm 1000 Pe\u00e7as","og_description":"REBITE POP DE REPUXO EM ALUM\u00cdNIO RM 310 S\u00e3o utilizados principalmente em montagens e fixa\u00e7\u00f5es de pe\u00e7as onde s\u00f3 se tem acesso por apenas um lado.","og_url":"https:\/\/www.isarodas.com.br\/isa\/store\/ferramentas\/acessorios\/rebite-pop-repuxo-aluminio-rm-310-32-x-10mm-1000-pecas\/","og_site_name":"Isarodas","article_publisher":"https:\/\/www.facebook.com\/isarodasoficial\/","article_modified_time":"2024-04-12T17:56:14+00:00","og_image":[{"width":500,"height":430,"url":"https:\/\/www.isarodas.com.br\/isa\/wp-content\/uploads\/2024\/04\/D_NQ_NP_928786-MLB31822530954_082019-O.webp","type":"image\/webp"}],"twitter_card":"summary_large_image","twitter_misc":{"Est. tempo de leitura":"1 minuto"},"schema":{"@context":"https:\/\/schema.org","@graph":[{"@type":"WebPage","@id":"https:\/\/www.isarodas.com.br\/isa\/store\/ferramentas\/acessorios\/rebite-pop-repuxo-aluminio-rm-310-32-x-10mm-1000-pecas\/","url":"https:\/\/www.isarodas.com.br\/isa\/store\/ferramentas\/acessorios\/rebite-pop-repuxo-aluminio-rm-310-32-x-10mm-1000-pecas\/","name":"Rebite Pop Repuxo Aluminio Rm 310 - 3,2 X 10mm 1000 Pe\u00e7as","isPartOf":{"@id":"https:\/\/www.isarodas.com.br\/isa\/#website"},"primaryImageOfPage":{"@id":"https:\/\/www.isarodas.com.br\/isa\/store\/ferramentas\/acessorios\/rebite-pop-repuxo-aluminio-rm-310-32-x-10mm-1000-pecas\/#primaryimage"},"image":{"@id":"https:\/\/www.isarodas.com.br\/isa\/store\/ferramentas\/acessorios\/rebite-pop-repuxo-aluminio-rm-310-32-x-10mm-1000-pecas\/#primaryimage"},"thumbnailUrl":"https:\/\/www.isarodas.com.br\/isa\/wp-content\/uploads\/2024\/04\/D_NQ_NP_928786-MLB31822530954_082019-O.webp","datePublished":"2024-04-12T17:56:13+00:00","dateModified":"2024-04-12T17:56:14+00:00","description":"REBITE POP DE REPUXO EM ALUM\u00cdNIO RM 310 S\u00e3o utilizados principalmente em montagens e fixa\u00e7\u00f5es de pe\u00e7as onde s\u00f3 se tem acesso por apenas um lado.","breadcrumb":{"@id":"https:\/\/www.isarodas.com.br\/isa\/store\/ferramentas\/acessorios\/rebite-pop-repuxo-aluminio-rm-310-32-x-10mm-1000-pecas\/#breadcrumb"},"inLanguage":"pt-BR","potentialAction":[{"@type":"ReadAction","target":["https:\/\/www.isarodas.com.br\/isa\/store\/ferramentas\/acessorios\/rebite-pop-repuxo-aluminio-rm-310-32-x-10mm-1000-pecas\/"]}]},{"@type":"ImageObject","inLanguage":"pt-BR","@id":"https:\/\/www.isarodas.com.br\/isa\/store\/ferramentas\/acessorios\/rebite-pop-repuxo-aluminio-rm-310-32-x-10mm-1000-pecas\/#primaryimage","url":"https:\/\/www.isarodas.com.br\/isa\/wp-content\/uploads\/2024\/04\/D_NQ_NP_928786-MLB31822530954_082019-O.webp","contentUrl":"https:\/\/www.isarodas.com.br\/isa\/wp-content\/uploads\/2024\/04\/D_NQ_NP_928786-MLB31822530954_082019-O.webp","width":500,"height":430},{"@type":"BreadcrumbList","@id":"https:\/\/www.isarodas.com.br\/isa\/store\/ferramentas\/acessorios\/rebite-pop-repuxo-aluminio-rm-310-32-x-10mm-1000-pecas\/#breadcrumb","itemListElement":[{"@type":"ListItem","position":1,"name":"In\u00edcio","item":"https:\/\/www.isarodas.com.br\/isa\/"},{"@type":"ListItem","position":2,"name":"Store","item":"https:\/\/www.isarodas.com.br\/isa\/store\/"},{"@type":"ListItem","position":3,"name":"Rebite Pop Repuxo Aluminio Rm 310 &#8211; 3,2 X 10mm 1000 Pe\u00e7as"}]},{"@type":"WebSite","@id":"https:\/\/www.isarodas.com.br\/isa\/#website","url":"https:\/\/www.isarodas.com.br\/isa\/","name":"Isarodas","description":"Ecommerce isarodas","publisher":{"@id":"https:\/\/www.isarodas.com.br\/isa\/#organization"},"potentialAction":[{"@type":"SearchAction","target":{"@type":"EntryPoint","urlTemplate":"https:\/\/www.isarodas.com.br\/isa\/?s={search_term_string}"},"query-input":"required name=search_term_string"}],"inLanguage":"pt-BR"},{"@type":"Organization","@id":"https:\/\/www.isarodas.com.br\/isa\/#organization","name":"Isarodas","url":"https:\/\/www.isarodas.com.br\/isa\/","logo":{"@type":"ImageObject","inLanguage":"pt-BR","@id":"https:\/\/www.isarodas.com.br\/isa\/#\/schema\/logo\/image\/","url":"https:\/\/www.isarodas.com.br\/isa\/wp-content\/uploads\/2024\/03\/cropped-lgs-1.png","contentUrl":"https:\/\/www.isarodas.com.br\/isa\/wp-content\/uploads\/2024\/03\/cropped-lgs-1.png","width":120,"height":119,"caption":"Isarodas"},"image":{"@id":"https:\/\/www.isarodas.com.br\/isa\/#\/schema\/logo\/image\/"},"sameAs":["https:\/\/www.facebook.com\/isarodasoficial\/","https:\/\/www.youtube.com\/@isarodas9312","https:\/\/www.instagram.com\/isarodasoficial\/"]}]}},"_links":{"self":[{"href":"https:\/\/www.isarodas.com.br\/isa\/wp-json\/wp\/v2\/product\/5511","targetHints":{"allow":["GET"]}}],"collection":[{"href":"https:\/\/www.isarodas.com.br\/isa\/wp-json\/wp\/v2\/product"}],"about":[{"href":"https:\/\/www.isarodas.com.br\/isa\/wp-json\/wp\/v2\/types\/product"}],"replies":[{"embeddable":true,"href":"https:\/\/www.isarodas.com.br\/isa\/wp-json\/wp\/v2\/comments?post=5511"}],"version-history":[{"count":1,"href":"https:\/\/www.isarodas.com.br\/isa\/wp-json\/wp\/v2\/product\/5511\/revisions"}],"predecessor-version":[{"id":5514,"href":"https:\/\/www.isarodas.com.br\/isa\/wp-json\/wp\/v2\/product\/5511\/revisions\/5514"}],"wp:featuredmedia":[{"embeddable":true,"href":"https:\/\/www.isarodas.com.br\/isa\/wp-json\/wp\/v2\/media\/5512"}],"wp:attachment":[{"href":"https:\/\/www.isarodas.com.br\/isa\/wp-json\/wp\/v2\/media?parent=5511"}],"wp:term":[{"taxonomy":"product_cat","embeddable":true,"href":"https:\/\/www.isarodas.com.br\/isa\/wp-json\/wp\/v2\/product_cat?post=5511"},{"taxonomy":"product_tag","embeddable":true,"href":"https:\/\/www.isarodas.com.br\/isa\/wp-json\/wp\/v2\/product_tag?post=5511"}],"curies":[{"name":"wp","href":"https:\/\/api.w.org\/{rel}","templated":true}]}}