{"id":5508,"date":"2024-04-12T14:53:41","date_gmt":"2024-04-12T17:53:41","guid":{"rendered":"https:\/\/www.isarodas.com.br\/isa\/?post_type=product&#038;p=5508"},"modified":"2024-04-12T14:53:41","modified_gmt":"2024-04-12T17:53:41","slug":"fresa-para-rebaixo-em-formica-6mm-ht06mm-72-makita","status":"publish","type":"product","link":"https:\/\/www.isarodas.com.br\/isa\/store\/ferramentas\/fresa-para-rebaixo-em-formica-6mm-ht06mm-72-makita\/","title":{"rendered":"Fresa Para Rebaixo Em F\u00f3rmica 6mm Ht06mm\/72 Makita"},"content":{"rendered":"<h2 class=\"ui-pdp-description__title\">Descri\u00e7\u00e3o<\/h2>\n<p class=\"ui-pdp-description__content\">Fresa para Rebaixo em F\u00f3rmica 6mm D-09335 MakitaFresa para rebaixo em f\u00f3rmica 6mm Makita. Fresas com qualidade, rendimento e precis\u00e3o, garantindo ao profissional um excelente desempenho-<\/p>\n<p class=\"ui-pdp-description__content\">Marca: Makita- Refer\u00eancia: D09335- Di\u00e2metro de corte: 6 mm- Comprimento da L\u00e2mina: 19 mm- Encaixe (haste): 6 mm- Comprimento da haste: 32mm- Raio: 3mm- As fresas makita s\u00e3o recomendadas para usu\u00e1rios profissionais que necessitam de um acess\u00f3rio com dureza, resist\u00eancia e longa vida \u00fatil. Pode ser tamb\u00e9m utilizadas por hobistas, o que ir\u00e1 garantir uma excelente durabilidade.-<\/p>\n<p class=\"ui-pdp-description__content\">Fresa da linha industrial para tupias e fresadoras- Fresas com qualidade, rendimento e precis\u00e3o, garantindo ao profissional um excelente desempenho-<\/p>\n<p class=\"ui-pdp-description__content\">Fabricadas de material resistente com uma geometria otimizada e um afiamento com precis\u00e3o, certificando trabalhos limpos e de bom acabamento.- Aplica\u00e7\u00e3o em madeira- Para uso em tupias de qualquer marca que utilizem pin\u00e7a de 6mm: Makita, Dewalt, Bosch, AWT, Black Decker, Stanley, etc- Peso bruto: 30 gramas- Garantia: 90 dias contra defeitos de fabrica\u00e7\u00e3o* Foto ilustrativa: As dimens\u00f5es e propor\u00e7\u00f5es da imagem podem n\u00e3o corresponder ao tamanho exato do produto.<\/p>\n","protected":false},"excerpt":{"rendered":"<p>Descri\u00e7\u00e3o Fresa para Rebaixo em F\u00f3rmica 6mm D-09335 MakitaFresa para rebaixo em f\u00f3rmica 6mm Makita. Fresas com qualidade, rendimento e precis\u00e3o, garantindo ao profissional um excelente desempenho- Marca: Makita- Refer\u00eancia: D09335- Di\u00e2metro de corte: 6 mm- Comprimento da L\u00e2mina: 19 mm- Encaixe (haste): 6 mm- Comprimento da haste: 32mm- Raio: 3mm- As fresas makita s\u00e3o [&hellip;]<\/p>\n","protected":false},"featured_media":5509,"comment_status":"open","ping_status":"closed","template":"","meta":{"_acf_changed":false,"site-sidebar-layout":"default","site-content-layout":"","ast-site-content-layout":"default","site-content-style":"default","site-sidebar-style":"default","ast-global-header-display":"","ast-banner-title-visibility":"","ast-main-header-display":"","ast-hfb-above-header-display":"","ast-hfb-below-header-display":"","ast-hfb-mobile-header-display":"","site-post-title":"","ast-breadcrumbs-content":"","ast-featured-img":"","footer-sml-layout":"","theme-transparent-header-meta":"default","adv-header-id-meta":"","stick-header-meta":"","header-above-stick-meta":"","header-main-stick-meta":"","header-below-stick-meta":"","astra-migrate-meta-layouts":"set","ast-page-background-enabled":"default","ast-page-background-meta":{"desktop":{"background-color":"","background-image":"","background-repeat":"repeat","background-position":"center center","background-size":"auto","background-attachment":"scroll","background-type":"","background-media":"","overlay-type":"","overlay-color":"","overlay-gradient":""},"tablet":{"background-color":"","background-image":"","background-repeat":"repeat","background-position":"center center","background-size":"auto","background-attachment":"scroll","background-type":"","background-media":"","overlay-type":"","overlay-color":"","overlay-gradient":""},"mobile":{"background-color":"","background-image":"","background-repeat":"repeat","background-position":"center center","background-size":"auto","background-attachment":"scroll","background-type":"","background-media":"","overlay-type":"","overlay-color":"","overlay-gradient":""}},"ast-content-background-meta":{"desktop":{"background-color":"var(--ast-global-color-5)","background-image":"","background-repeat":"repeat","background-position":"center center","background-size":"auto","background-attachment":"scroll","background-type":"","background-media":"","overlay-type":"","overlay-color":"","overlay-gradient":""},"tablet":{"background-color":"var(--ast-global-color-5)","background-image":"","background-repeat":"repeat","background-position":"center center","background-size":"auto","background-attachment":"scroll","background-type":"","background-media":"","overlay-type":"","overlay-color":"","overlay-gradient":""},"mobile":{"background-color":"var(--ast-global-color-5)","background-image":"","background-repeat":"repeat","background-position":"center center","background-size":"auto","background-attachment":"scroll","background-type":"","background-media":"","overlay-type":"","overlay-color":"","overlay-gradient":""}}},"product_cat":[62],"product_tag":[],"class_list":{"0":"post-5508","1":"product","2":"type-product","3":"status-publish","4":"has-post-thumbnail","6":"product_cat-ferramentas","7":"desktop-align-left","8":"tablet-align-left","9":"mobile-align-left","11":"first","12":"instock","13":"shipping-taxable","14":"purchasable","15":"product-type-simple"},"acf":[],"yoast_head":"<!-- This site is optimized with the Yoast SEO plugin v22.3 - https:\/\/yoast.com\/wordpress\/plugins\/seo\/ -->\n<title>Fresa Para Rebaixo Em F\u00f3rmica 6mm Ht06mm\/72 Makita<\/title>\n<meta name=\"description\" content=\"Fresa para Rebaixo em F\u00f3rmica 6mm D-09335 Makita Fresa para rebaixo em f\u00f3rmica 6mm Makita. Fresas com qualidade, rendimento e precis\u00e3o, garantindo ao profissional um excelente desempenho-\" \/>\n<meta name=\"robots\" content=\"index, follow, max-snippet:-1, max-image-preview:large, max-video-preview:-1\" \/>\n<link rel=\"canonical\" href=\"https:\/\/www.isarodas.com.br\/isa\/store\/ferramentas\/fresa-para-rebaixo-em-formica-6mm-ht06mm-72-makita\/\" \/>\n<meta property=\"og:locale\" content=\"pt_BR\" \/>\n<meta property=\"og:type\" content=\"article\" \/>\n<meta property=\"og:title\" content=\"Fresa Para Rebaixo Em F\u00f3rmica 6mm Ht06mm\/72 Makita\" \/>\n<meta property=\"og:description\" content=\"Fresa para Rebaixo em F\u00f3rmica 6mm D-09335 Makita Fresa para rebaixo em f\u00f3rmica 6mm Makita. Fresas com qualidade, rendimento e precis\u00e3o, garantindo ao profissional um excelente desempenho-\" \/>\n<meta property=\"og:url\" content=\"https:\/\/www.isarodas.com.br\/isa\/store\/ferramentas\/fresa-para-rebaixo-em-formica-6mm-ht06mm-72-makita\/\" \/>\n<meta property=\"og:site_name\" content=\"Isarodas\" \/>\n<meta property=\"article:publisher\" content=\"https:\/\/www.facebook.com\/isarodasoficial\/\" \/>\n<meta property=\"og:image\" content=\"https:\/\/www.isarodas.com.br\/isa\/wp-content\/uploads\/2024\/04\/D_NQ_NP_904674-MLB49684595998_042022-O.webp\" \/>\n\t<meta property=\"og:image:width\" content=\"500\" \/>\n\t<meta property=\"og:image:height\" content=\"234\" \/>\n\t<meta property=\"og:image:type\" content=\"image\/webp\" \/>\n<meta name=\"twitter:card\" content=\"summary_large_image\" \/>\n<meta name=\"twitter:label1\" content=\"Est. tempo de leitura\" \/>\n\t<meta name=\"twitter:data1\" content=\"2 minutos\" \/>\n<script type=\"application\/ld+json\" class=\"yoast-schema-graph\">{\"@context\":\"https:\/\/schema.org\",\"@graph\":[{\"@type\":\"WebPage\",\"@id\":\"https:\/\/www.isarodas.com.br\/isa\/store\/ferramentas\/fresa-para-rebaixo-em-formica-6mm-ht06mm-72-makita\/\",\"url\":\"https:\/\/www.isarodas.com.br\/isa\/store\/ferramentas\/fresa-para-rebaixo-em-formica-6mm-ht06mm-72-makita\/\",\"name\":\"Fresa Para Rebaixo Em F\u00f3rmica 6mm Ht06mm\/72 Makita\",\"isPartOf\":{\"@id\":\"https:\/\/www.isarodas.com.br\/isa\/#website\"},\"primaryImageOfPage\":{\"@id\":\"https:\/\/www.isarodas.com.br\/isa\/store\/ferramentas\/fresa-para-rebaixo-em-formica-6mm-ht06mm-72-makita\/#primaryimage\"},\"image\":{\"@id\":\"https:\/\/www.isarodas.com.br\/isa\/store\/ferramentas\/fresa-para-rebaixo-em-formica-6mm-ht06mm-72-makita\/#primaryimage\"},\"thumbnailUrl\":\"https:\/\/www.isarodas.com.br\/isa\/wp-content\/uploads\/2024\/04\/D_NQ_NP_904674-MLB49684595998_042022-O.webp\",\"datePublished\":\"2024-04-12T17:53:41+00:00\",\"dateModified\":\"2024-04-12T17:53:41+00:00\",\"description\":\"Fresa para Rebaixo em F\u00f3rmica 6mm D-09335 Makita Fresa para rebaixo em f\u00f3rmica 6mm Makita. Fresas com qualidade, rendimento e precis\u00e3o, garantindo ao profissional um excelente desempenho-\",\"breadcrumb\":{\"@id\":\"https:\/\/www.isarodas.com.br\/isa\/store\/ferramentas\/fresa-para-rebaixo-em-formica-6mm-ht06mm-72-makita\/#breadcrumb\"},\"inLanguage\":\"pt-BR\",\"potentialAction\":[{\"@type\":\"ReadAction\",\"target\":[\"https:\/\/www.isarodas.com.br\/isa\/store\/ferramentas\/fresa-para-rebaixo-em-formica-6mm-ht06mm-72-makita\/\"]}]},{\"@type\":\"ImageObject\",\"inLanguage\":\"pt-BR\",\"@id\":\"https:\/\/www.isarodas.com.br\/isa\/store\/ferramentas\/fresa-para-rebaixo-em-formica-6mm-ht06mm-72-makita\/#primaryimage\",\"url\":\"https:\/\/www.isarodas.com.br\/isa\/wp-content\/uploads\/2024\/04\/D_NQ_NP_904674-MLB49684595998_042022-O.webp\",\"contentUrl\":\"https:\/\/www.isarodas.com.br\/isa\/wp-content\/uploads\/2024\/04\/D_NQ_NP_904674-MLB49684595998_042022-O.webp\",\"width\":500,\"height\":234},{\"@type\":\"BreadcrumbList\",\"@id\":\"https:\/\/www.isarodas.com.br\/isa\/store\/ferramentas\/fresa-para-rebaixo-em-formica-6mm-ht06mm-72-makita\/#breadcrumb\",\"itemListElement\":[{\"@type\":\"ListItem\",\"position\":1,\"name\":\"In\u00edcio\",\"item\":\"https:\/\/www.isarodas.com.br\/isa\/\"},{\"@type\":\"ListItem\",\"position\":2,\"name\":\"Store\",\"item\":\"https:\/\/www.isarodas.com.br\/isa\/store\/\"},{\"@type\":\"ListItem\",\"position\":3,\"name\":\"Fresa Para Rebaixo Em F\u00f3rmica 6mm Ht06mm\/72 Makita\"}]},{\"@type\":\"WebSite\",\"@id\":\"https:\/\/www.isarodas.com.br\/isa\/#website\",\"url\":\"https:\/\/www.isarodas.com.br\/isa\/\",\"name\":\"Isarodas\",\"description\":\"Ecommerce isarodas\",\"publisher\":{\"@id\":\"https:\/\/www.isarodas.com.br\/isa\/#organization\"},\"potentialAction\":[{\"@type\":\"SearchAction\",\"target\":{\"@type\":\"EntryPoint\",\"urlTemplate\":\"https:\/\/www.isarodas.com.br\/isa\/?s={search_term_string}\"},\"query-input\":\"required name=search_term_string\"}],\"inLanguage\":\"pt-BR\"},{\"@type\":\"Organization\",\"@id\":\"https:\/\/www.isarodas.com.br\/isa\/#organization\",\"name\":\"Isarodas\",\"url\":\"https:\/\/www.isarodas.com.br\/isa\/\",\"logo\":{\"@type\":\"ImageObject\",\"inLanguage\":\"pt-BR\",\"@id\":\"https:\/\/www.isarodas.com.br\/isa\/#\/schema\/logo\/image\/\",\"url\":\"https:\/\/www.isarodas.com.br\/isa\/wp-content\/uploads\/2024\/03\/cropped-lgs-1.png\",\"contentUrl\":\"https:\/\/www.isarodas.com.br\/isa\/wp-content\/uploads\/2024\/03\/cropped-lgs-1.png\",\"width\":120,\"height\":119,\"caption\":\"Isarodas\"},\"image\":{\"@id\":\"https:\/\/www.isarodas.com.br\/isa\/#\/schema\/logo\/image\/\"},\"sameAs\":[\"https:\/\/www.facebook.com\/isarodasoficial\/\",\"https:\/\/www.youtube.com\/@isarodas9312\",\"https:\/\/www.instagram.com\/isarodasoficial\/\"]}]}<\/script>\n<!-- \/ Yoast SEO plugin. -->","yoast_head_json":{"title":"Fresa Para Rebaixo Em F\u00f3rmica 6mm Ht06mm\/72 Makita","description":"Fresa para Rebaixo em F\u00f3rmica 6mm D-09335 Makita Fresa para rebaixo em f\u00f3rmica 6mm Makita. Fresas com qualidade, rendimento e precis\u00e3o, garantindo ao profissional um excelente desempenho-","robots":{"index":"index","follow":"follow","max-snippet":"max-snippet:-1","max-image-preview":"max-image-preview:large","max-video-preview":"max-video-preview:-1"},"canonical":"https:\/\/www.isarodas.com.br\/isa\/store\/ferramentas\/fresa-para-rebaixo-em-formica-6mm-ht06mm-72-makita\/","og_locale":"pt_BR","og_type":"article","og_title":"Fresa Para Rebaixo Em F\u00f3rmica 6mm Ht06mm\/72 Makita","og_description":"Fresa para Rebaixo em F\u00f3rmica 6mm D-09335 Makita Fresa para rebaixo em f\u00f3rmica 6mm Makita. Fresas com qualidade, rendimento e precis\u00e3o, garantindo ao profissional um excelente desempenho-","og_url":"https:\/\/www.isarodas.com.br\/isa\/store\/ferramentas\/fresa-para-rebaixo-em-formica-6mm-ht06mm-72-makita\/","og_site_name":"Isarodas","article_publisher":"https:\/\/www.facebook.com\/isarodasoficial\/","og_image":[{"width":500,"height":234,"url":"https:\/\/www.isarodas.com.br\/isa\/wp-content\/uploads\/2024\/04\/D_NQ_NP_904674-MLB49684595998_042022-O.webp","type":"image\/webp"}],"twitter_card":"summary_large_image","twitter_misc":{"Est. tempo de leitura":"2 minutos"},"schema":{"@context":"https:\/\/schema.org","@graph":[{"@type":"WebPage","@id":"https:\/\/www.isarodas.com.br\/isa\/store\/ferramentas\/fresa-para-rebaixo-em-formica-6mm-ht06mm-72-makita\/","url":"https:\/\/www.isarodas.com.br\/isa\/store\/ferramentas\/fresa-para-rebaixo-em-formica-6mm-ht06mm-72-makita\/","name":"Fresa Para Rebaixo Em F\u00f3rmica 6mm Ht06mm\/72 Makita","isPartOf":{"@id":"https:\/\/www.isarodas.com.br\/isa\/#website"},"primaryImageOfPage":{"@id":"https:\/\/www.isarodas.com.br\/isa\/store\/ferramentas\/fresa-para-rebaixo-em-formica-6mm-ht06mm-72-makita\/#primaryimage"},"image":{"@id":"https:\/\/www.isarodas.com.br\/isa\/store\/ferramentas\/fresa-para-rebaixo-em-formica-6mm-ht06mm-72-makita\/#primaryimage"},"thumbnailUrl":"https:\/\/www.isarodas.com.br\/isa\/wp-content\/uploads\/2024\/04\/D_NQ_NP_904674-MLB49684595998_042022-O.webp","datePublished":"2024-04-12T17:53:41+00:00","dateModified":"2024-04-12T17:53:41+00:00","description":"Fresa para Rebaixo em F\u00f3rmica 6mm D-09335 Makita Fresa para rebaixo em f\u00f3rmica 6mm Makita. Fresas com qualidade, rendimento e precis\u00e3o, garantindo ao profissional um excelente desempenho-","breadcrumb":{"@id":"https:\/\/www.isarodas.com.br\/isa\/store\/ferramentas\/fresa-para-rebaixo-em-formica-6mm-ht06mm-72-makita\/#breadcrumb"},"inLanguage":"pt-BR","potentialAction":[{"@type":"ReadAction","target":["https:\/\/www.isarodas.com.br\/isa\/store\/ferramentas\/fresa-para-rebaixo-em-formica-6mm-ht06mm-72-makita\/"]}]},{"@type":"ImageObject","inLanguage":"pt-BR","@id":"https:\/\/www.isarodas.com.br\/isa\/store\/ferramentas\/fresa-para-rebaixo-em-formica-6mm-ht06mm-72-makita\/#primaryimage","url":"https:\/\/www.isarodas.com.br\/isa\/wp-content\/uploads\/2024\/04\/D_NQ_NP_904674-MLB49684595998_042022-O.webp","contentUrl":"https:\/\/www.isarodas.com.br\/isa\/wp-content\/uploads\/2024\/04\/D_NQ_NP_904674-MLB49684595998_042022-O.webp","width":500,"height":234},{"@type":"BreadcrumbList","@id":"https:\/\/www.isarodas.com.br\/isa\/store\/ferramentas\/fresa-para-rebaixo-em-formica-6mm-ht06mm-72-makita\/#breadcrumb","itemListElement":[{"@type":"ListItem","position":1,"name":"In\u00edcio","item":"https:\/\/www.isarodas.com.br\/isa\/"},{"@type":"ListItem","position":2,"name":"Store","item":"https:\/\/www.isarodas.com.br\/isa\/store\/"},{"@type":"ListItem","position":3,"name":"Fresa Para Rebaixo Em F\u00f3rmica 6mm Ht06mm\/72 Makita"}]},{"@type":"WebSite","@id":"https:\/\/www.isarodas.com.br\/isa\/#website","url":"https:\/\/www.isarodas.com.br\/isa\/","name":"Isarodas","description":"Ecommerce isarodas","publisher":{"@id":"https:\/\/www.isarodas.com.br\/isa\/#organization"},"potentialAction":[{"@type":"SearchAction","target":{"@type":"EntryPoint","urlTemplate":"https:\/\/www.isarodas.com.br\/isa\/?s={search_term_string}"},"query-input":"required name=search_term_string"}],"inLanguage":"pt-BR"},{"@type":"Organization","@id":"https:\/\/www.isarodas.com.br\/isa\/#organization","name":"Isarodas","url":"https:\/\/www.isarodas.com.br\/isa\/","logo":{"@type":"ImageObject","inLanguage":"pt-BR","@id":"https:\/\/www.isarodas.com.br\/isa\/#\/schema\/logo\/image\/","url":"https:\/\/www.isarodas.com.br\/isa\/wp-content\/uploads\/2024\/03\/cropped-lgs-1.png","contentUrl":"https:\/\/www.isarodas.com.br\/isa\/wp-content\/uploads\/2024\/03\/cropped-lgs-1.png","width":120,"height":119,"caption":"Isarodas"},"image":{"@id":"https:\/\/www.isarodas.com.br\/isa\/#\/schema\/logo\/image\/"},"sameAs":["https:\/\/www.facebook.com\/isarodasoficial\/","https:\/\/www.youtube.com\/@isarodas9312","https:\/\/www.instagram.com\/isarodasoficial\/"]}]}},"_links":{"self":[{"href":"https:\/\/www.isarodas.com.br\/isa\/wp-json\/wp\/v2\/product\/5508","targetHints":{"allow":["GET"]}}],"collection":[{"href":"https:\/\/www.isarodas.com.br\/isa\/wp-json\/wp\/v2\/product"}],"about":[{"href":"https:\/\/www.isarodas.com.br\/isa\/wp-json\/wp\/v2\/types\/product"}],"replies":[{"embeddable":true,"href":"https:\/\/www.isarodas.com.br\/isa\/wp-json\/wp\/v2\/comments?post=5508"}],"version-history":[{"count":1,"href":"https:\/\/www.isarodas.com.br\/isa\/wp-json\/wp\/v2\/product\/5508\/revisions"}],"predecessor-version":[{"id":5510,"href":"https:\/\/www.isarodas.com.br\/isa\/wp-json\/wp\/v2\/product\/5508\/revisions\/5510"}],"wp:featuredmedia":[{"embeddable":true,"href":"https:\/\/www.isarodas.com.br\/isa\/wp-json\/wp\/v2\/media\/5509"}],"wp:attachment":[{"href":"https:\/\/www.isarodas.com.br\/isa\/wp-json\/wp\/v2\/media?parent=5508"}],"wp:term":[{"taxonomy":"product_cat","embeddable":true,"href":"https:\/\/www.isarodas.com.br\/isa\/wp-json\/wp\/v2\/product_cat?post=5508"},{"taxonomy":"product_tag","embeddable":true,"href":"https:\/\/www.isarodas.com.br\/isa\/wp-json\/wp\/v2\/product_tag?post=5508"}],"curies":[{"name":"wp","href":"https:\/\/api.w.org\/{rel}","templated":true}]}}