{"id":5357,"date":"2024-04-11T14:15:42","date_gmt":"2024-04-11T17:15:42","guid":{"rendered":"https:\/\/www.isarodas.com.br\/isa\/?post_type=product&#038;p=5357"},"modified":"2024-04-11T14:15:42","modified_gmt":"2024-04-11T17:15:42","slug":"oculos-protetor-kalipso-jamaica-fume-espelhado","status":"publish","type":"product","link":"https:\/\/www.isarodas.com.br\/isa\/store\/construcao\/seguranca\/epi\/oculos-protetor-kalipso-jamaica-fume-espelhado\/","title":{"rendered":"\u00d3culos Protetor Kalipso Jamaica Fume Espelhado"},"content":{"rendered":"<h2 class=\"ui-pdp-description__title\">Descri\u00e7\u00e3o<\/h2>\n<p class=\"ui-pdp-description__content\">\u00d3culos Seguran\u00e7a Jamaica Kalipso &#8211; C.A.: 35.156<br \/>\nCARACTER\u00cdSTICAS<br \/>\n&#8211; Testado e aprovado dentro dos padr\u00f5es internacionais de qualidade e da norma ANSI.Z.87.1\/2003;<br \/>\n&#8211; Lentes confeccionadas em policarbonato;<br \/>\n&#8211; Lentes com tratamento Antirrisco;<br \/>\n&#8211; Sistema de ventila\u00e7\u00e3o direta nas hastes, atrav\u00e9s de 4 fendas localizados na parte central;<br \/>\n&#8211; Possui acabamento emborrachado nas hastes;<br \/>\n&#8211; Suporte nasal com apoio de borracha male\u00e1vel, proporcionando melhor encaixe e conforto ao usu\u00e1rio;<br \/>\n&#8211; Hastes com espessura fina, que possibilita melhor encaixe do abafador de ru\u00eddo modelo concha.<br \/>\n&#8211; Protegem contra raios UVA e UVB.<\/p>\n","protected":false},"excerpt":{"rendered":"<p>Descri\u00e7\u00e3o \u00d3culos Seguran\u00e7a Jamaica Kalipso &#8211; C.A.: 35.156 CARACTER\u00cdSTICAS &#8211; Testado e aprovado dentro dos padr\u00f5es internacionais de qualidade e da norma ANSI.Z.87.1\/2003; &#8211; Lentes confeccionadas em policarbonato; &#8211; Lentes com tratamento Antirrisco; &#8211; Sistema de ventila\u00e7\u00e3o direta nas hastes, atrav\u00e9s de 4 fendas localizados na parte central; &#8211; Possui acabamento emborrachado nas hastes; &#8211; [&hellip;]<\/p>\n","protected":false},"featured_media":5358,"comment_status":"open","ping_status":"closed","template":"","meta":{"_acf_changed":false,"site-sidebar-layout":"default","site-content-layout":"","ast-site-content-layout":"default","site-content-style":"default","site-sidebar-style":"default","ast-global-header-display":"","ast-banner-title-visibility":"","ast-main-header-display":"","ast-hfb-above-header-display":"","ast-hfb-below-header-display":"","ast-hfb-mobile-header-display":"","site-post-title":"","ast-breadcrumbs-content":"","ast-featured-img":"","footer-sml-layout":"","theme-transparent-header-meta":"default","adv-header-id-meta":"","stick-header-meta":"","header-above-stick-meta":"","header-main-stick-meta":"","header-below-stick-meta":"","astra-migrate-meta-layouts":"set","ast-page-background-enabled":"default","ast-page-background-meta":{"desktop":{"background-color":"","background-image":"","background-repeat":"repeat","background-position":"center center","background-size":"auto","background-attachment":"scroll","background-type":"","background-media":"","overlay-type":"","overlay-color":"","overlay-gradient":""},"tablet":{"background-color":"","background-image":"","background-repeat":"repeat","background-position":"center center","background-size":"auto","background-attachment":"scroll","background-type":"","background-media":"","overlay-type":"","overlay-color":"","overlay-gradient":""},"mobile":{"background-color":"","background-image":"","background-repeat":"repeat","background-position":"center center","background-size":"auto","background-attachment":"scroll","background-type":"","background-media":"","overlay-type":"","overlay-color":"","overlay-gradient":""}},"ast-content-background-meta":{"desktop":{"background-color":"var(--ast-global-color-5)","background-image":"","background-repeat":"repeat","background-position":"center center","background-size":"auto","background-attachment":"scroll","background-type":"","background-media":"","overlay-type":"","overlay-color":"","overlay-gradient":""},"tablet":{"background-color":"var(--ast-global-color-5)","background-image":"","background-repeat":"repeat","background-position":"center center","background-size":"auto","background-attachment":"scroll","background-type":"","background-media":"","overlay-type":"","overlay-color":"","overlay-gradient":""},"mobile":{"background-color":"var(--ast-global-color-5)","background-image":"","background-repeat":"repeat","background-position":"center center","background-size":"auto","background-attachment":"scroll","background-type":"","background-media":"","overlay-type":"","overlay-color":"","overlay-gradient":""}}},"product_cat":[87,77],"product_tag":[],"class_list":{"0":"post-5357","1":"product","2":"type-product","3":"status-publish","4":"has-post-thumbnail","6":"product_cat-epi","7":"product_cat-seguranca","8":"desktop-align-left","9":"tablet-align-left","10":"mobile-align-left","12":"first","13":"instock","14":"sale","15":"shipping-taxable","16":"purchasable","17":"product-type-simple"},"acf":[],"yoast_head":"<!-- This site is optimized with the Yoast SEO plugin v22.3 - https:\/\/yoast.com\/wordpress\/plugins\/seo\/ -->\n<title>\u00d3culos Protetor Kalipso Jamaica Fume Espelhado<\/title>\n<meta name=\"description\" content=\"\u00f3culos de prote\u00e7\u00e3o Kalipso Jamaica com lentes fum\u00ea espelhadas s\u00e3o equipamentos de seguran\u00e7a projetados para proteger os olhos de poss\u00edveis danos causados por part\u00edculas, poeira, detritos ou respingos de l\u00edquidos durante atividades que apresentam riscos para os olhos.\" \/>\n<meta name=\"robots\" content=\"index, follow, max-snippet:-1, max-image-preview:large, max-video-preview:-1\" \/>\n<link rel=\"canonical\" href=\"https:\/\/www.isarodas.com.br\/isa\/store\/construcao\/seguranca\/epi\/oculos-protetor-kalipso-jamaica-fume-espelhado\/\" \/>\n<meta property=\"og:locale\" content=\"pt_BR\" \/>\n<meta property=\"og:type\" content=\"article\" \/>\n<meta property=\"og:title\" content=\"\u00d3culos Protetor Kalipso Jamaica Fume Espelhado\" \/>\n<meta property=\"og:description\" content=\"\u00f3culos de prote\u00e7\u00e3o Kalipso Jamaica com lentes fum\u00ea espelhadas s\u00e3o equipamentos de seguran\u00e7a projetados para proteger os olhos de poss\u00edveis danos causados por part\u00edculas, poeira, detritos ou respingos de l\u00edquidos durante atividades que apresentam riscos para os olhos.\" \/>\n<meta property=\"og:url\" content=\"https:\/\/www.isarodas.com.br\/isa\/store\/construcao\/seguranca\/epi\/oculos-protetor-kalipso-jamaica-fume-espelhado\/\" \/>\n<meta property=\"og:site_name\" content=\"Isarodas\" \/>\n<meta property=\"article:publisher\" content=\"https:\/\/www.facebook.com\/isarodasoficial\/\" \/>\n<meta property=\"og:image\" content=\"https:\/\/www.isarodas.com.br\/isa\/wp-content\/uploads\/2024\/04\/D_NQ_NP_953814-MLB74554835507_022024-O.webp\" \/>\n\t<meta property=\"og:image:width\" content=\"481\" \/>\n\t<meta property=\"og:image:height\" content=\"239\" \/>\n\t<meta property=\"og:image:type\" content=\"image\/webp\" \/>\n<meta name=\"twitter:card\" content=\"summary_large_image\" \/>\n<meta name=\"twitter:label1\" content=\"Est. tempo de leitura\" \/>\n\t<meta name=\"twitter:data1\" content=\"1 minuto\" \/>\n<script type=\"application\/ld+json\" class=\"yoast-schema-graph\">{\"@context\":\"https:\/\/schema.org\",\"@graph\":[{\"@type\":\"WebPage\",\"@id\":\"https:\/\/www.isarodas.com.br\/isa\/store\/construcao\/seguranca\/epi\/oculos-protetor-kalipso-jamaica-fume-espelhado\/\",\"url\":\"https:\/\/www.isarodas.com.br\/isa\/store\/construcao\/seguranca\/epi\/oculos-protetor-kalipso-jamaica-fume-espelhado\/\",\"name\":\"\u00d3culos Protetor Kalipso Jamaica Fume Espelhado\",\"isPartOf\":{\"@id\":\"https:\/\/www.isarodas.com.br\/isa\/#website\"},\"primaryImageOfPage\":{\"@id\":\"https:\/\/www.isarodas.com.br\/isa\/store\/construcao\/seguranca\/epi\/oculos-protetor-kalipso-jamaica-fume-espelhado\/#primaryimage\"},\"image\":{\"@id\":\"https:\/\/www.isarodas.com.br\/isa\/store\/construcao\/seguranca\/epi\/oculos-protetor-kalipso-jamaica-fume-espelhado\/#primaryimage\"},\"thumbnailUrl\":\"https:\/\/www.isarodas.com.br\/isa\/wp-content\/uploads\/2024\/04\/D_NQ_NP_953814-MLB74554835507_022024-O.webp\",\"datePublished\":\"2024-04-11T17:15:42+00:00\",\"dateModified\":\"2024-04-11T17:15:42+00:00\",\"description\":\"\u00f3culos de prote\u00e7\u00e3o Kalipso Jamaica com lentes fum\u00ea espelhadas s\u00e3o equipamentos de seguran\u00e7a projetados para proteger os olhos de poss\u00edveis danos causados por part\u00edculas, poeira, detritos ou respingos de l\u00edquidos durante atividades que apresentam riscos para os olhos.\",\"breadcrumb\":{\"@id\":\"https:\/\/www.isarodas.com.br\/isa\/store\/construcao\/seguranca\/epi\/oculos-protetor-kalipso-jamaica-fume-espelhado\/#breadcrumb\"},\"inLanguage\":\"pt-BR\",\"potentialAction\":[{\"@type\":\"ReadAction\",\"target\":[\"https:\/\/www.isarodas.com.br\/isa\/store\/construcao\/seguranca\/epi\/oculos-protetor-kalipso-jamaica-fume-espelhado\/\"]}]},{\"@type\":\"ImageObject\",\"inLanguage\":\"pt-BR\",\"@id\":\"https:\/\/www.isarodas.com.br\/isa\/store\/construcao\/seguranca\/epi\/oculos-protetor-kalipso-jamaica-fume-espelhado\/#primaryimage\",\"url\":\"https:\/\/www.isarodas.com.br\/isa\/wp-content\/uploads\/2024\/04\/D_NQ_NP_953814-MLB74554835507_022024-O.webp\",\"contentUrl\":\"https:\/\/www.isarodas.com.br\/isa\/wp-content\/uploads\/2024\/04\/D_NQ_NP_953814-MLB74554835507_022024-O.webp\",\"width\":481,\"height\":239},{\"@type\":\"BreadcrumbList\",\"@id\":\"https:\/\/www.isarodas.com.br\/isa\/store\/construcao\/seguranca\/epi\/oculos-protetor-kalipso-jamaica-fume-espelhado\/#breadcrumb\",\"itemListElement\":[{\"@type\":\"ListItem\",\"position\":1,\"name\":\"In\u00edcio\",\"item\":\"https:\/\/www.isarodas.com.br\/isa\/\"},{\"@type\":\"ListItem\",\"position\":2,\"name\":\"Store\",\"item\":\"https:\/\/www.isarodas.com.br\/isa\/store\/\"},{\"@type\":\"ListItem\",\"position\":3,\"name\":\"\u00d3culos Protetor Kalipso Jamaica Fume Espelhado\"}]},{\"@type\":\"WebSite\",\"@id\":\"https:\/\/www.isarodas.com.br\/isa\/#website\",\"url\":\"https:\/\/www.isarodas.com.br\/isa\/\",\"name\":\"Isarodas\",\"description\":\"Ecommerce isarodas\",\"publisher\":{\"@id\":\"https:\/\/www.isarodas.com.br\/isa\/#organization\"},\"potentialAction\":[{\"@type\":\"SearchAction\",\"target\":{\"@type\":\"EntryPoint\",\"urlTemplate\":\"https:\/\/www.isarodas.com.br\/isa\/?s={search_term_string}\"},\"query-input\":\"required name=search_term_string\"}],\"inLanguage\":\"pt-BR\"},{\"@type\":\"Organization\",\"@id\":\"https:\/\/www.isarodas.com.br\/isa\/#organization\",\"name\":\"Isarodas\",\"url\":\"https:\/\/www.isarodas.com.br\/isa\/\",\"logo\":{\"@type\":\"ImageObject\",\"inLanguage\":\"pt-BR\",\"@id\":\"https:\/\/www.isarodas.com.br\/isa\/#\/schema\/logo\/image\/\",\"url\":\"https:\/\/www.isarodas.com.br\/isa\/wp-content\/uploads\/2024\/03\/cropped-lgs-1.png\",\"contentUrl\":\"https:\/\/www.isarodas.com.br\/isa\/wp-content\/uploads\/2024\/03\/cropped-lgs-1.png\",\"width\":120,\"height\":119,\"caption\":\"Isarodas\"},\"image\":{\"@id\":\"https:\/\/www.isarodas.com.br\/isa\/#\/schema\/logo\/image\/\"},\"sameAs\":[\"https:\/\/www.facebook.com\/isarodasoficial\/\",\"https:\/\/www.youtube.com\/@isarodas9312\",\"https:\/\/www.instagram.com\/isarodasoficial\/\"]}]}<\/script>\n<!-- \/ Yoast SEO plugin. -->","yoast_head_json":{"title":"\u00d3culos Protetor Kalipso Jamaica Fume Espelhado","description":"\u00f3culos de prote\u00e7\u00e3o Kalipso Jamaica com lentes fum\u00ea espelhadas s\u00e3o equipamentos de seguran\u00e7a projetados para proteger os olhos de poss\u00edveis danos causados por part\u00edculas, poeira, detritos ou respingos de l\u00edquidos durante atividades que apresentam riscos para os olhos.","robots":{"index":"index","follow":"follow","max-snippet":"max-snippet:-1","max-image-preview":"max-image-preview:large","max-video-preview":"max-video-preview:-1"},"canonical":"https:\/\/www.isarodas.com.br\/isa\/store\/construcao\/seguranca\/epi\/oculos-protetor-kalipso-jamaica-fume-espelhado\/","og_locale":"pt_BR","og_type":"article","og_title":"\u00d3culos Protetor Kalipso Jamaica Fume Espelhado","og_description":"\u00f3culos de prote\u00e7\u00e3o Kalipso Jamaica com lentes fum\u00ea espelhadas s\u00e3o equipamentos de seguran\u00e7a projetados para proteger os olhos de poss\u00edveis danos causados por part\u00edculas, poeira, detritos ou respingos de l\u00edquidos durante atividades que apresentam riscos para os olhos.","og_url":"https:\/\/www.isarodas.com.br\/isa\/store\/construcao\/seguranca\/epi\/oculos-protetor-kalipso-jamaica-fume-espelhado\/","og_site_name":"Isarodas","article_publisher":"https:\/\/www.facebook.com\/isarodasoficial\/","og_image":[{"width":481,"height":239,"url":"https:\/\/www.isarodas.com.br\/isa\/wp-content\/uploads\/2024\/04\/D_NQ_NP_953814-MLB74554835507_022024-O.webp","type":"image\/webp"}],"twitter_card":"summary_large_image","twitter_misc":{"Est. tempo de leitura":"1 minuto"},"schema":{"@context":"https:\/\/schema.org","@graph":[{"@type":"WebPage","@id":"https:\/\/www.isarodas.com.br\/isa\/store\/construcao\/seguranca\/epi\/oculos-protetor-kalipso-jamaica-fume-espelhado\/","url":"https:\/\/www.isarodas.com.br\/isa\/store\/construcao\/seguranca\/epi\/oculos-protetor-kalipso-jamaica-fume-espelhado\/","name":"\u00d3culos Protetor Kalipso Jamaica Fume Espelhado","isPartOf":{"@id":"https:\/\/www.isarodas.com.br\/isa\/#website"},"primaryImageOfPage":{"@id":"https:\/\/www.isarodas.com.br\/isa\/store\/construcao\/seguranca\/epi\/oculos-protetor-kalipso-jamaica-fume-espelhado\/#primaryimage"},"image":{"@id":"https:\/\/www.isarodas.com.br\/isa\/store\/construcao\/seguranca\/epi\/oculos-protetor-kalipso-jamaica-fume-espelhado\/#primaryimage"},"thumbnailUrl":"https:\/\/www.isarodas.com.br\/isa\/wp-content\/uploads\/2024\/04\/D_NQ_NP_953814-MLB74554835507_022024-O.webp","datePublished":"2024-04-11T17:15:42+00:00","dateModified":"2024-04-11T17:15:42+00:00","description":"\u00f3culos de prote\u00e7\u00e3o Kalipso Jamaica com lentes fum\u00ea espelhadas s\u00e3o equipamentos de seguran\u00e7a projetados para proteger os olhos de poss\u00edveis danos causados por part\u00edculas, poeira, detritos ou respingos de l\u00edquidos durante atividades que apresentam riscos para os olhos.","breadcrumb":{"@id":"https:\/\/www.isarodas.com.br\/isa\/store\/construcao\/seguranca\/epi\/oculos-protetor-kalipso-jamaica-fume-espelhado\/#breadcrumb"},"inLanguage":"pt-BR","potentialAction":[{"@type":"ReadAction","target":["https:\/\/www.isarodas.com.br\/isa\/store\/construcao\/seguranca\/epi\/oculos-protetor-kalipso-jamaica-fume-espelhado\/"]}]},{"@type":"ImageObject","inLanguage":"pt-BR","@id":"https:\/\/www.isarodas.com.br\/isa\/store\/construcao\/seguranca\/epi\/oculos-protetor-kalipso-jamaica-fume-espelhado\/#primaryimage","url":"https:\/\/www.isarodas.com.br\/isa\/wp-content\/uploads\/2024\/04\/D_NQ_NP_953814-MLB74554835507_022024-O.webp","contentUrl":"https:\/\/www.isarodas.com.br\/isa\/wp-content\/uploads\/2024\/04\/D_NQ_NP_953814-MLB74554835507_022024-O.webp","width":481,"height":239},{"@type":"BreadcrumbList","@id":"https:\/\/www.isarodas.com.br\/isa\/store\/construcao\/seguranca\/epi\/oculos-protetor-kalipso-jamaica-fume-espelhado\/#breadcrumb","itemListElement":[{"@type":"ListItem","position":1,"name":"In\u00edcio","item":"https:\/\/www.isarodas.com.br\/isa\/"},{"@type":"ListItem","position":2,"name":"Store","item":"https:\/\/www.isarodas.com.br\/isa\/store\/"},{"@type":"ListItem","position":3,"name":"\u00d3culos Protetor Kalipso Jamaica Fume Espelhado"}]},{"@type":"WebSite","@id":"https:\/\/www.isarodas.com.br\/isa\/#website","url":"https:\/\/www.isarodas.com.br\/isa\/","name":"Isarodas","description":"Ecommerce isarodas","publisher":{"@id":"https:\/\/www.isarodas.com.br\/isa\/#organization"},"potentialAction":[{"@type":"SearchAction","target":{"@type":"EntryPoint","urlTemplate":"https:\/\/www.isarodas.com.br\/isa\/?s={search_term_string}"},"query-input":"required name=search_term_string"}],"inLanguage":"pt-BR"},{"@type":"Organization","@id":"https:\/\/www.isarodas.com.br\/isa\/#organization","name":"Isarodas","url":"https:\/\/www.isarodas.com.br\/isa\/","logo":{"@type":"ImageObject","inLanguage":"pt-BR","@id":"https:\/\/www.isarodas.com.br\/isa\/#\/schema\/logo\/image\/","url":"https:\/\/www.isarodas.com.br\/isa\/wp-content\/uploads\/2024\/03\/cropped-lgs-1.png","contentUrl":"https:\/\/www.isarodas.com.br\/isa\/wp-content\/uploads\/2024\/03\/cropped-lgs-1.png","width":120,"height":119,"caption":"Isarodas"},"image":{"@id":"https:\/\/www.isarodas.com.br\/isa\/#\/schema\/logo\/image\/"},"sameAs":["https:\/\/www.facebook.com\/isarodasoficial\/","https:\/\/www.youtube.com\/@isarodas9312","https:\/\/www.instagram.com\/isarodasoficial\/"]}]}},"_links":{"self":[{"href":"https:\/\/www.isarodas.com.br\/isa\/wp-json\/wp\/v2\/product\/5357","targetHints":{"allow":["GET"]}}],"collection":[{"href":"https:\/\/www.isarodas.com.br\/isa\/wp-json\/wp\/v2\/product"}],"about":[{"href":"https:\/\/www.isarodas.com.br\/isa\/wp-json\/wp\/v2\/types\/product"}],"replies":[{"embeddable":true,"href":"https:\/\/www.isarodas.com.br\/isa\/wp-json\/wp\/v2\/comments?post=5357"}],"version-history":[{"count":2,"href":"https:\/\/www.isarodas.com.br\/isa\/wp-json\/wp\/v2\/product\/5357\/revisions"}],"predecessor-version":[{"id":5360,"href":"https:\/\/www.isarodas.com.br\/isa\/wp-json\/wp\/v2\/product\/5357\/revisions\/5360"}],"wp:featuredmedia":[{"embeddable":true,"href":"https:\/\/www.isarodas.com.br\/isa\/wp-json\/wp\/v2\/media\/5358"}],"wp:attachment":[{"href":"https:\/\/www.isarodas.com.br\/isa\/wp-json\/wp\/v2\/media?parent=5357"}],"wp:term":[{"taxonomy":"product_cat","embeddable":true,"href":"https:\/\/www.isarodas.com.br\/isa\/wp-json\/wp\/v2\/product_cat?post=5357"},{"taxonomy":"product_tag","embeddable":true,"href":"https:\/\/www.isarodas.com.br\/isa\/wp-json\/wp\/v2\/product_tag?post=5357"}],"curies":[{"name":"wp","href":"https:\/\/api.w.org\/{rel}","templated":true}]}}