{"id":5311,"date":"2024-04-11T11:27:36","date_gmt":"2024-04-11T14:27:36","guid":{"rendered":"https:\/\/www.isarodas.com.br\/isa\/?post_type=product&#038;p=5311"},"modified":"2024-04-11T11:27:36","modified_gmt":"2024-04-11T14:27:36","slug":"bota-de-pvc-galocha-motoqueiro-borracha-chuva","status":"publish","type":"product","link":"https:\/\/www.isarodas.com.br\/isa\/store\/construcao\/seguranca\/calcados\/bota-de-pvc-galocha-motoqueiro-borracha-chuva\/","title":{"rendered":"Bota De Pvc Galocha Motoqueiro Borracha Chuva"},"content":{"rendered":"<h2 class=\"ui-pdp-description__title\">Descri\u00e7\u00e3o<\/h2>\n<p class=\"ui-pdp-description__content\">BOTA EM PVC IMPERME\u00c1VEL, CANO M\u00c9DIO E COM FORRO<\/p>\n<p>O melhor modelo de bota PVC para uso geral.<br \/>\nSolado firme, PVC male\u00e1vel porem forte, \u00f3timo para uso de motoqueiros , com o solado amarelo para auxiliar na identifica\u00e7\u00e3o.<br \/>\nPerfeita para usos dom\u00e9sticos, jardiagem, lava r\u00e1pido.<br \/>\nProte\u00e7\u00e3o conforto e com \u00f3tima qualidade , como j\u00e1 dito , A melhor no segmento.<br \/>\nSatisfa\u00e7\u00e3o garantida!<\/p>\n<p>***Sujeito a disponibilidade de modelo, cor de solado amarelo ou solado preto &#8230;***<\/p>\n<p>Confeccionada em PVC injetado, imperme\u00e1vel e sem gola, seu uso \u00e9 indicada para prote\u00e7\u00e3o dos p\u00e9s do usu\u00e1rio, contra riscos de natureza leve, contra agentes abrasivos e escoriantes, e contra umidade proveniente de opera\u00e7\u00f5es com uso de \u00e1gua.<\/p>\n<p>Possui resist\u00eancia ao escorregamento em piso de cer\u00e2mica contaminado com lauril sulfato de s\u00f3dio (detergente) e piso de a\u00e7o contaminado com glicerol.<\/p>\n<p>Pode ser utilizado na constru\u00e7\u00e3o civil, postos de gasolina, lojas de motope\u00e7as, agroind\u00fastrias, atividades agr\u00edcolas, pesca, entre outros.<\/p>\n<p>ESPECIFICA\u00c7\u00c3O T\u00c9CNICA<br \/>\n&#8211; Acabamento interno da bota: Com forro<br \/>\n&#8211; C.A: 43107<br \/>\n&#8211; Cor da bota: Preto com solado amarelo ou preto (conforme disponibilidade de estoque)<br \/>\n&#8211; Marca: Vonder<br \/>\n&#8211; Material da bota: PVC<br \/>\n&#8211; Medida do cano da bota: M\u00e9dio<br \/>\n&#8211; Detalhes conforme disponibilidade de estoque<\/p>\n<p>DETALHES<br \/>\n&#8211; Alta resistencia e durabilidade<br \/>\n&#8211; Possui C.A<br \/>\n&#8211; \u00d3tima Qualidade<br \/>\n&#8211; Produto dispon\u00edvel a pronta entrega<br \/>\n&#8211; Medidas por tamanhos:<\/p>\n<p>BR-37 EUR-39 USA-6<br \/>\nPalmilha: 25,50cm<br \/>\nSolado: 26cm<br \/>\nCano: 28cm<\/p>\n<p>BR-38 EUR-40 USA-7<br \/>\nPalmilha: 25,50cm<br \/>\nSolado: 27cm<br \/>\nCano: 29cm<\/p>\n<p>BR-39 EUR-41 USA-8<br \/>\nPalmilha: 26cm<br \/>\nSolado: 27cm<br \/>\nCano: 29cm<\/p>\n<p>BR-40 EUR-42 USA-9<br \/>\nPalmilha: 26,50cm<br \/>\nSolado: 27,50cm<br \/>\nCano: 30cm<\/p>\n<p>BR-41 EUR-43 USA-10<br \/>\nPalmilha: 27,50cm<br \/>\nSolado: 29cm<br \/>\nCano: 31cm<\/p>\n<p>BR-42 EUR-44 USA-11<br \/>\nPalmilha: 27,50cm<br \/>\nSolado: 29cm<br \/>\nCano: 31cm<\/p>\n<p>43-BR EUR-45 USA-12<br \/>\nPalmilha: 28,50cm<br \/>\nSolado: 30cm<br \/>\nCano: 31,50cm<\/p>\n<p>44\/45-BR EUR-46\/47 USA-13<br \/>\nPalmilha: 29cm<br \/>\nSolado: 31cm<br \/>\nCano: 32,50cm<\/p>\n<p>CONTE\u00daDO EMBALAGEM<br \/>\n&#8211; 1 par de botas Vonder (Solado preto ou amarelo)<\/p>\n","protected":false},"excerpt":{"rendered":"<p>Descri\u00e7\u00e3o BOTA EM PVC IMPERME\u00c1VEL, CANO M\u00c9DIO E COM FORRO O melhor modelo de bota PVC para uso geral. Solado firme, PVC male\u00e1vel porem forte, \u00f3timo para uso de motoqueiros , com o solado amarelo para auxiliar na identifica\u00e7\u00e3o. Perfeita para usos dom\u00e9sticos, jardiagem, lava r\u00e1pido. Prote\u00e7\u00e3o conforto e com \u00f3tima qualidade , como j\u00e1 [&hellip;]<\/p>\n","protected":false},"featured_media":5313,"comment_status":"open","ping_status":"closed","template":"","meta":{"_acf_changed":false,"site-sidebar-layout":"default","site-content-layout":"","ast-site-content-layout":"default","site-content-style":"default","site-sidebar-style":"default","ast-global-header-display":"","ast-banner-title-visibility":"","ast-main-header-display":"","ast-hfb-above-header-display":"","ast-hfb-below-header-display":"","ast-hfb-mobile-header-display":"","site-post-title":"","ast-breadcrumbs-content":"","ast-featured-img":"","footer-sml-layout":"","theme-transparent-header-meta":"default","adv-header-id-meta":"","stick-header-meta":"","header-above-stick-meta":"","header-main-stick-meta":"","header-below-stick-meta":"","astra-migrate-meta-layouts":"set","ast-page-background-enabled":"default","ast-page-background-meta":{"desktop":{"background-color":"","background-image":"","background-repeat":"repeat","background-position":"center center","background-size":"auto","background-attachment":"scroll","background-type":"","background-media":"","overlay-type":"","overlay-color":"","overlay-gradient":""},"tablet":{"background-color":"","background-image":"","background-repeat":"repeat","background-position":"center center","background-size":"auto","background-attachment":"scroll","background-type":"","background-media":"","overlay-type":"","overlay-color":"","overlay-gradient":""},"mobile":{"background-color":"","background-image":"","background-repeat":"repeat","background-position":"center center","background-size":"auto","background-attachment":"scroll","background-type":"","background-media":"","overlay-type":"","overlay-color":"","overlay-gradient":""}},"ast-content-background-meta":{"desktop":{"background-color":"var(--ast-global-color-5)","background-image":"","background-repeat":"repeat","background-position":"center center","background-size":"auto","background-attachment":"scroll","background-type":"","background-media":"","overlay-type":"","overlay-color":"","overlay-gradient":""},"tablet":{"background-color":"var(--ast-global-color-5)","background-image":"","background-repeat":"repeat","background-position":"center center","background-size":"auto","background-attachment":"scroll","background-type":"","background-media":"","overlay-type":"","overlay-color":"","overlay-gradient":""},"mobile":{"background-color":"var(--ast-global-color-5)","background-image":"","background-repeat":"repeat","background-position":"center center","background-size":"auto","background-attachment":"scroll","background-type":"","background-media":"","overlay-type":"","overlay-color":"","overlay-gradient":""}}},"product_cat":[78,60,77],"product_tag":[],"class_list":{"0":"post-5311","1":"product","2":"type-product","3":"status-publish","4":"has-post-thumbnail","6":"product_cat-calcados","7":"product_cat-construcao","8":"product_cat-seguranca","9":"desktop-align-left","10":"tablet-align-left","11":"mobile-align-left","13":"first","14":"instock","15":"sale","16":"shipping-taxable","17":"purchasable","18":"product-type-simple"},"acf":[],"yoast_head":"<!-- This site is optimized with the Yoast SEO plugin v22.3 - https:\/\/yoast.com\/wordpress\/plugins\/seo\/ -->\n<title>Bota De Pvc Galocha Motoqueiro Borracha Chuva<\/title>\n<meta name=\"description\" content=\"Bota de PVC Galocha para Motoqueiros! Feita de borracha resistente, esta galocha oferece prote\u00e7\u00e3o completa contra a chuva e outras intemp\u00e9ries, mantendo seus p\u00e9s secos e confort\u00e1veis em todas as suas aventuras\" \/>\n<meta name=\"robots\" content=\"index, follow, max-snippet:-1, max-image-preview:large, max-video-preview:-1\" \/>\n<link rel=\"canonical\" href=\"https:\/\/www.isarodas.com.br\/isa\/store\/construcao\/seguranca\/calcados\/bota-de-pvc-galocha-motoqueiro-borracha-chuva\/\" \/>\n<meta property=\"og:locale\" content=\"pt_BR\" \/>\n<meta property=\"og:type\" content=\"article\" \/>\n<meta property=\"og:title\" content=\"Bota De Pvc Galocha Motoqueiro Borracha Chuva\" \/>\n<meta property=\"og:description\" content=\"Bota de PVC Galocha para Motoqueiros! Feita de borracha resistente, esta galocha oferece prote\u00e7\u00e3o completa contra a chuva e outras intemp\u00e9ries, mantendo seus p\u00e9s secos e confort\u00e1veis em todas as suas aventuras\" \/>\n<meta property=\"og:url\" content=\"https:\/\/www.isarodas.com.br\/isa\/store\/construcao\/seguranca\/calcados\/bota-de-pvc-galocha-motoqueiro-borracha-chuva\/\" \/>\n<meta property=\"og:site_name\" content=\"Isarodas\" \/>\n<meta property=\"article:publisher\" content=\"https:\/\/www.facebook.com\/isarodasoficial\/\" \/>\n<meta property=\"og:image\" content=\"https:\/\/www.isarodas.com.br\/isa\/wp-content\/uploads\/2024\/04\/D_NQ_NP_878041-MLB48270856861_112021-O.webp\" \/>\n\t<meta property=\"og:image:width\" content=\"384\" \/>\n\t<meta property=\"og:image:height\" content=\"500\" \/>\n\t<meta property=\"og:image:type\" content=\"image\/webp\" \/>\n<meta name=\"twitter:card\" content=\"summary_large_image\" \/>\n<meta name=\"twitter:label1\" content=\"Est. tempo de leitura\" \/>\n\t<meta name=\"twitter:data1\" content=\"2 minutos\" \/>\n<script type=\"application\/ld+json\" class=\"yoast-schema-graph\">{\"@context\":\"https:\/\/schema.org\",\"@graph\":[{\"@type\":\"WebPage\",\"@id\":\"https:\/\/www.isarodas.com.br\/isa\/store\/construcao\/seguranca\/calcados\/bota-de-pvc-galocha-motoqueiro-borracha-chuva\/\",\"url\":\"https:\/\/www.isarodas.com.br\/isa\/store\/construcao\/seguranca\/calcados\/bota-de-pvc-galocha-motoqueiro-borracha-chuva\/\",\"name\":\"Bota De Pvc Galocha Motoqueiro Borracha Chuva\",\"isPartOf\":{\"@id\":\"https:\/\/www.isarodas.com.br\/isa\/#website\"},\"primaryImageOfPage\":{\"@id\":\"https:\/\/www.isarodas.com.br\/isa\/store\/construcao\/seguranca\/calcados\/bota-de-pvc-galocha-motoqueiro-borracha-chuva\/#primaryimage\"},\"image\":{\"@id\":\"https:\/\/www.isarodas.com.br\/isa\/store\/construcao\/seguranca\/calcados\/bota-de-pvc-galocha-motoqueiro-borracha-chuva\/#primaryimage\"},\"thumbnailUrl\":\"https:\/\/www.isarodas.com.br\/isa\/wp-content\/uploads\/2024\/04\/D_NQ_NP_878041-MLB48270856861_112021-O.webp\",\"datePublished\":\"2024-04-11T14:27:36+00:00\",\"dateModified\":\"2024-04-11T14:27:36+00:00\",\"description\":\"Bota de PVC Galocha para Motoqueiros! Feita de borracha resistente, esta galocha oferece prote\u00e7\u00e3o completa contra a chuva e outras intemp\u00e9ries, mantendo seus p\u00e9s secos e confort\u00e1veis em todas as suas aventuras\",\"breadcrumb\":{\"@id\":\"https:\/\/www.isarodas.com.br\/isa\/store\/construcao\/seguranca\/calcados\/bota-de-pvc-galocha-motoqueiro-borracha-chuva\/#breadcrumb\"},\"inLanguage\":\"pt-BR\",\"potentialAction\":[{\"@type\":\"ReadAction\",\"target\":[\"https:\/\/www.isarodas.com.br\/isa\/store\/construcao\/seguranca\/calcados\/bota-de-pvc-galocha-motoqueiro-borracha-chuva\/\"]}]},{\"@type\":\"ImageObject\",\"inLanguage\":\"pt-BR\",\"@id\":\"https:\/\/www.isarodas.com.br\/isa\/store\/construcao\/seguranca\/calcados\/bota-de-pvc-galocha-motoqueiro-borracha-chuva\/#primaryimage\",\"url\":\"https:\/\/www.isarodas.com.br\/isa\/wp-content\/uploads\/2024\/04\/D_NQ_NP_878041-MLB48270856861_112021-O.webp\",\"contentUrl\":\"https:\/\/www.isarodas.com.br\/isa\/wp-content\/uploads\/2024\/04\/D_NQ_NP_878041-MLB48270856861_112021-O.webp\",\"width\":384,\"height\":500},{\"@type\":\"BreadcrumbList\",\"@id\":\"https:\/\/www.isarodas.com.br\/isa\/store\/construcao\/seguranca\/calcados\/bota-de-pvc-galocha-motoqueiro-borracha-chuva\/#breadcrumb\",\"itemListElement\":[{\"@type\":\"ListItem\",\"position\":1,\"name\":\"In\u00edcio\",\"item\":\"https:\/\/www.isarodas.com.br\/isa\/\"},{\"@type\":\"ListItem\",\"position\":2,\"name\":\"Store\",\"item\":\"https:\/\/www.isarodas.com.br\/isa\/store\/\"},{\"@type\":\"ListItem\",\"position\":3,\"name\":\"Bota De Pvc Galocha Motoqueiro Borracha Chuva\"}]},{\"@type\":\"WebSite\",\"@id\":\"https:\/\/www.isarodas.com.br\/isa\/#website\",\"url\":\"https:\/\/www.isarodas.com.br\/isa\/\",\"name\":\"Isarodas\",\"description\":\"Ecommerce isarodas\",\"publisher\":{\"@id\":\"https:\/\/www.isarodas.com.br\/isa\/#organization\"},\"potentialAction\":[{\"@type\":\"SearchAction\",\"target\":{\"@type\":\"EntryPoint\",\"urlTemplate\":\"https:\/\/www.isarodas.com.br\/isa\/?s={search_term_string}\"},\"query-input\":\"required name=search_term_string\"}],\"inLanguage\":\"pt-BR\"},{\"@type\":\"Organization\",\"@id\":\"https:\/\/www.isarodas.com.br\/isa\/#organization\",\"name\":\"Isarodas\",\"url\":\"https:\/\/www.isarodas.com.br\/isa\/\",\"logo\":{\"@type\":\"ImageObject\",\"inLanguage\":\"pt-BR\",\"@id\":\"https:\/\/www.isarodas.com.br\/isa\/#\/schema\/logo\/image\/\",\"url\":\"https:\/\/www.isarodas.com.br\/isa\/wp-content\/uploads\/2024\/03\/cropped-lgs-1.png\",\"contentUrl\":\"https:\/\/www.isarodas.com.br\/isa\/wp-content\/uploads\/2024\/03\/cropped-lgs-1.png\",\"width\":120,\"height\":119,\"caption\":\"Isarodas\"},\"image\":{\"@id\":\"https:\/\/www.isarodas.com.br\/isa\/#\/schema\/logo\/image\/\"},\"sameAs\":[\"https:\/\/www.facebook.com\/isarodasoficial\/\",\"https:\/\/www.youtube.com\/@isarodas9312\",\"https:\/\/www.instagram.com\/isarodasoficial\/\"]}]}<\/script>\n<!-- \/ Yoast SEO plugin. -->","yoast_head_json":{"title":"Bota De Pvc Galocha Motoqueiro Borracha Chuva","description":"Bota de PVC Galocha para Motoqueiros! Feita de borracha resistente, esta galocha oferece prote\u00e7\u00e3o completa contra a chuva e outras intemp\u00e9ries, mantendo seus p\u00e9s secos e confort\u00e1veis em todas as suas aventuras","robots":{"index":"index","follow":"follow","max-snippet":"max-snippet:-1","max-image-preview":"max-image-preview:large","max-video-preview":"max-video-preview:-1"},"canonical":"https:\/\/www.isarodas.com.br\/isa\/store\/construcao\/seguranca\/calcados\/bota-de-pvc-galocha-motoqueiro-borracha-chuva\/","og_locale":"pt_BR","og_type":"article","og_title":"Bota De Pvc Galocha Motoqueiro Borracha Chuva","og_description":"Bota de PVC Galocha para Motoqueiros! Feita de borracha resistente, esta galocha oferece prote\u00e7\u00e3o completa contra a chuva e outras intemp\u00e9ries, mantendo seus p\u00e9s secos e confort\u00e1veis em todas as suas aventuras","og_url":"https:\/\/www.isarodas.com.br\/isa\/store\/construcao\/seguranca\/calcados\/bota-de-pvc-galocha-motoqueiro-borracha-chuva\/","og_site_name":"Isarodas","article_publisher":"https:\/\/www.facebook.com\/isarodasoficial\/","og_image":[{"width":384,"height":500,"url":"https:\/\/www.isarodas.com.br\/isa\/wp-content\/uploads\/2024\/04\/D_NQ_NP_878041-MLB48270856861_112021-O.webp","type":"image\/webp"}],"twitter_card":"summary_large_image","twitter_misc":{"Est. tempo de leitura":"2 minutos"},"schema":{"@context":"https:\/\/schema.org","@graph":[{"@type":"WebPage","@id":"https:\/\/www.isarodas.com.br\/isa\/store\/construcao\/seguranca\/calcados\/bota-de-pvc-galocha-motoqueiro-borracha-chuva\/","url":"https:\/\/www.isarodas.com.br\/isa\/store\/construcao\/seguranca\/calcados\/bota-de-pvc-galocha-motoqueiro-borracha-chuva\/","name":"Bota De Pvc Galocha Motoqueiro Borracha Chuva","isPartOf":{"@id":"https:\/\/www.isarodas.com.br\/isa\/#website"},"primaryImageOfPage":{"@id":"https:\/\/www.isarodas.com.br\/isa\/store\/construcao\/seguranca\/calcados\/bota-de-pvc-galocha-motoqueiro-borracha-chuva\/#primaryimage"},"image":{"@id":"https:\/\/www.isarodas.com.br\/isa\/store\/construcao\/seguranca\/calcados\/bota-de-pvc-galocha-motoqueiro-borracha-chuva\/#primaryimage"},"thumbnailUrl":"https:\/\/www.isarodas.com.br\/isa\/wp-content\/uploads\/2024\/04\/D_NQ_NP_878041-MLB48270856861_112021-O.webp","datePublished":"2024-04-11T14:27:36+00:00","dateModified":"2024-04-11T14:27:36+00:00","description":"Bota de PVC Galocha para Motoqueiros! Feita de borracha resistente, esta galocha oferece prote\u00e7\u00e3o completa contra a chuva e outras intemp\u00e9ries, mantendo seus p\u00e9s secos e confort\u00e1veis em todas as suas aventuras","breadcrumb":{"@id":"https:\/\/www.isarodas.com.br\/isa\/store\/construcao\/seguranca\/calcados\/bota-de-pvc-galocha-motoqueiro-borracha-chuva\/#breadcrumb"},"inLanguage":"pt-BR","potentialAction":[{"@type":"ReadAction","target":["https:\/\/www.isarodas.com.br\/isa\/store\/construcao\/seguranca\/calcados\/bota-de-pvc-galocha-motoqueiro-borracha-chuva\/"]}]},{"@type":"ImageObject","inLanguage":"pt-BR","@id":"https:\/\/www.isarodas.com.br\/isa\/store\/construcao\/seguranca\/calcados\/bota-de-pvc-galocha-motoqueiro-borracha-chuva\/#primaryimage","url":"https:\/\/www.isarodas.com.br\/isa\/wp-content\/uploads\/2024\/04\/D_NQ_NP_878041-MLB48270856861_112021-O.webp","contentUrl":"https:\/\/www.isarodas.com.br\/isa\/wp-content\/uploads\/2024\/04\/D_NQ_NP_878041-MLB48270856861_112021-O.webp","width":384,"height":500},{"@type":"BreadcrumbList","@id":"https:\/\/www.isarodas.com.br\/isa\/store\/construcao\/seguranca\/calcados\/bota-de-pvc-galocha-motoqueiro-borracha-chuva\/#breadcrumb","itemListElement":[{"@type":"ListItem","position":1,"name":"In\u00edcio","item":"https:\/\/www.isarodas.com.br\/isa\/"},{"@type":"ListItem","position":2,"name":"Store","item":"https:\/\/www.isarodas.com.br\/isa\/store\/"},{"@type":"ListItem","position":3,"name":"Bota De Pvc Galocha Motoqueiro Borracha Chuva"}]},{"@type":"WebSite","@id":"https:\/\/www.isarodas.com.br\/isa\/#website","url":"https:\/\/www.isarodas.com.br\/isa\/","name":"Isarodas","description":"Ecommerce isarodas","publisher":{"@id":"https:\/\/www.isarodas.com.br\/isa\/#organization"},"potentialAction":[{"@type":"SearchAction","target":{"@type":"EntryPoint","urlTemplate":"https:\/\/www.isarodas.com.br\/isa\/?s={search_term_string}"},"query-input":"required name=search_term_string"}],"inLanguage":"pt-BR"},{"@type":"Organization","@id":"https:\/\/www.isarodas.com.br\/isa\/#organization","name":"Isarodas","url":"https:\/\/www.isarodas.com.br\/isa\/","logo":{"@type":"ImageObject","inLanguage":"pt-BR","@id":"https:\/\/www.isarodas.com.br\/isa\/#\/schema\/logo\/image\/","url":"https:\/\/www.isarodas.com.br\/isa\/wp-content\/uploads\/2024\/03\/cropped-lgs-1.png","contentUrl":"https:\/\/www.isarodas.com.br\/isa\/wp-content\/uploads\/2024\/03\/cropped-lgs-1.png","width":120,"height":119,"caption":"Isarodas"},"image":{"@id":"https:\/\/www.isarodas.com.br\/isa\/#\/schema\/logo\/image\/"},"sameAs":["https:\/\/www.facebook.com\/isarodasoficial\/","https:\/\/www.youtube.com\/@isarodas9312","https:\/\/www.instagram.com\/isarodasoficial\/"]}]}},"_links":{"self":[{"href":"https:\/\/www.isarodas.com.br\/isa\/wp-json\/wp\/v2\/product\/5311","targetHints":{"allow":["GET"]}}],"collection":[{"href":"https:\/\/www.isarodas.com.br\/isa\/wp-json\/wp\/v2\/product"}],"about":[{"href":"https:\/\/www.isarodas.com.br\/isa\/wp-json\/wp\/v2\/types\/product"}],"replies":[{"embeddable":true,"href":"https:\/\/www.isarodas.com.br\/isa\/wp-json\/wp\/v2\/comments?post=5311"}],"version-history":[{"count":1,"href":"https:\/\/www.isarodas.com.br\/isa\/wp-json\/wp\/v2\/product\/5311\/revisions"}],"predecessor-version":[{"id":5315,"href":"https:\/\/www.isarodas.com.br\/isa\/wp-json\/wp\/v2\/product\/5311\/revisions\/5315"}],"wp:featuredmedia":[{"embeddable":true,"href":"https:\/\/www.isarodas.com.br\/isa\/wp-json\/wp\/v2\/media\/5313"}],"wp:attachment":[{"href":"https:\/\/www.isarodas.com.br\/isa\/wp-json\/wp\/v2\/media?parent=5311"}],"wp:term":[{"taxonomy":"product_cat","embeddable":true,"href":"https:\/\/www.isarodas.com.br\/isa\/wp-json\/wp\/v2\/product_cat?post=5311"},{"taxonomy":"product_tag","embeddable":true,"href":"https:\/\/www.isarodas.com.br\/isa\/wp-json\/wp\/v2\/product_tag?post=5311"}],"curies":[{"name":"wp","href":"https:\/\/api.w.org\/{rel}","templated":true}]}}