{"id":5275,"date":"2024-04-11T10:39:09","date_gmt":"2024-04-11T13:39:09","guid":{"rendered":"https:\/\/www.isarodas.com.br\/isa\/?post_type=product&#038;p=5275"},"modified":"2024-04-11T10:39:09","modified_gmt":"2024-04-11T13:39:09","slug":"animal-borracha-com-6-pecas-fazenda-oferta","status":"publish","type":"product","link":"https:\/\/www.isarodas.com.br\/isa\/store\/brinquedos\/animal-borracha-com-6-pecas-fazenda-oferta\/","title":{"rendered":"Animal Borracha Com 6 Pe\u00e7as Fazenda Oferta"},"content":{"rendered":"<p>Feitos de borracha dur\u00e1vel e at\u00f3xica, esses animais s\u00e3o seguros para brincar e manipular, al\u00e9m de serem f\u00e1ceis de limpar. Com este conjunto, as crian\u00e7as podem explorar e aprender sobre os diferentes animais da fazenda, estimulando sua imagina\u00e7\u00e3o e criatividade. Perfeito para brincar em casa, na escola ou em qualquer lugar, este conjunto de animais de borracha oferece divers\u00e3o sem fim para os pequenos fazendeiros em treinamento. Aproveite esta oferta especial e traga a fazenda para dentro de casa hoje mesmo.<\/p>\n<h2 class=\"ui-pdp-description__title\">Descri\u00e7\u00e3o<\/h2>\n<p class=\"ui-pdp-description__content\">Animal Borracha Fazenda &#8211; BOI VACA CAVALO CACHORRO PORCO LEITOA<br \/>\n\u2022 CONTE\u00daDO DA EMBALAGEM<br \/>\nCada unidade deste an\u00fancio corresponde \u00e0 6 (SEIS) unidades do &#8220;BONECO MINIATURA ANIMAIS DA FAZENDA&#8221;, sendo:<br \/>\n&#8211; 01 (UM) BOI<br \/>\n&#8211; 01 (UM) CACHORRO<br \/>\n&#8211; 01 (UM) CAVALO<br \/>\n&#8211; 01 (UM) PORCO<br \/>\n&#8211; 01 (UMA) LEITOA<br \/>\n&#8211; 01 (UMA) VACA<\/p>\n<p>\u2022 CARACTER\u00cdSTICAS<br \/>\n&#8211; Material: BORRACHA<br \/>\n\u2022 RESTRI\u00c7\u00d5ES DE USO<br \/>\nBRINQUEDO N\u00c3O RECOMENDADO PARA CRIAN\u00c7AS MENORES DE 3 (TR\u00caS) ANOS<\/p>\n","protected":false},"excerpt":{"rendered":"<p>Feitos de borracha dur\u00e1vel e at\u00f3xica, esses animais s\u00e3o seguros para brincar e manipular, al\u00e9m de serem f\u00e1ceis de limpar. Com este conjunto, as crian\u00e7as podem explorar e aprender sobre os diferentes animais da fazenda, estimulando sua imagina\u00e7\u00e3o e criatividade. Perfeito para brincar em casa, na escola ou em qualquer lugar, este conjunto de animais [&hellip;]<\/p>\n","protected":false},"featured_media":5277,"comment_status":"open","ping_status":"closed","template":"","meta":{"_acf_changed":false,"site-sidebar-layout":"default","site-content-layout":"","ast-site-content-layout":"default","site-content-style":"default","site-sidebar-style":"default","ast-global-header-display":"","ast-banner-title-visibility":"","ast-main-header-display":"","ast-hfb-above-header-display":"","ast-hfb-below-header-display":"","ast-hfb-mobile-header-display":"","site-post-title":"","ast-breadcrumbs-content":"","ast-featured-img":"","footer-sml-layout":"","theme-transparent-header-meta":"default","adv-header-id-meta":"","stick-header-meta":"","header-above-stick-meta":"","header-main-stick-meta":"","header-below-stick-meta":"","astra-migrate-meta-layouts":"set","ast-page-background-enabled":"default","ast-page-background-meta":{"desktop":{"background-color":"","background-image":"","background-repeat":"repeat","background-position":"center center","background-size":"auto","background-attachment":"scroll","background-type":"","background-media":"","overlay-type":"","overlay-color":"","overlay-gradient":""},"tablet":{"background-color":"","background-image":"","background-repeat":"repeat","background-position":"center center","background-size":"auto","background-attachment":"scroll","background-type":"","background-media":"","overlay-type":"","overlay-color":"","overlay-gradient":""},"mobile":{"background-color":"","background-image":"","background-repeat":"repeat","background-position":"center center","background-size":"auto","background-attachment":"scroll","background-type":"","background-media":"","overlay-type":"","overlay-color":"","overlay-gradient":""}},"ast-content-background-meta":{"desktop":{"background-color":"var(--ast-global-color-5)","background-image":"","background-repeat":"repeat","background-position":"center center","background-size":"auto","background-attachment":"scroll","background-type":"","background-media":"","overlay-type":"","overlay-color":"","overlay-gradient":""},"tablet":{"background-color":"var(--ast-global-color-5)","background-image":"","background-repeat":"repeat","background-position":"center center","background-size":"auto","background-attachment":"scroll","background-type":"","background-media":"","overlay-type":"","overlay-color":"","overlay-gradient":""},"mobile":{"background-color":"var(--ast-global-color-5)","background-image":"","background-repeat":"repeat","background-position":"center center","background-size":"auto","background-attachment":"scroll","background-type":"","background-media":"","overlay-type":"","overlay-color":"","overlay-gradient":""}}},"product_cat":[58],"product_tag":[],"class_list":{"0":"post-5275","1":"product","2":"type-product","3":"status-publish","4":"has-post-thumbnail","6":"product_cat-brinquedos","7":"desktop-align-left","8":"tablet-align-left","9":"mobile-align-left","11":"first","12":"instock","13":"sale","14":"shipping-taxable","15":"purchasable","16":"product-type-simple"},"acf":[],"yoast_head":"<!-- This site is optimized with the Yoast SEO plugin v22.3 - https:\/\/yoast.com\/wordpress\/plugins\/seo\/ -->\n<title>Animal Borracha Com 6 Pe\u00e7as Fazenda Oferta<\/title>\n<meta name=\"description\" content=\"Entre na divers\u00e3o da fazenda com este ador\u00e1vel conjunto de 6 animais de borracha!\" \/>\n<meta name=\"robots\" content=\"index, follow, max-snippet:-1, max-image-preview:large, max-video-preview:-1\" \/>\n<link rel=\"canonical\" href=\"https:\/\/www.isarodas.com.br\/isa\/store\/brinquedos\/animal-borracha-com-6-pecas-fazenda-oferta\/\" \/>\n<meta property=\"og:locale\" content=\"pt_BR\" \/>\n<meta property=\"og:type\" content=\"article\" \/>\n<meta property=\"og:title\" content=\"Animal Borracha Com 6 Pe\u00e7as Fazenda Oferta\" \/>\n<meta property=\"og:description\" content=\"Entre na divers\u00e3o da fazenda com este ador\u00e1vel conjunto de 6 animais de borracha!\" \/>\n<meta property=\"og:url\" content=\"https:\/\/www.isarodas.com.br\/isa\/store\/brinquedos\/animal-borracha-com-6-pecas-fazenda-oferta\/\" \/>\n<meta property=\"og:site_name\" content=\"Isarodas\" \/>\n<meta property=\"article:publisher\" content=\"https:\/\/www.facebook.com\/isarodasoficial\/\" \/>\n<meta property=\"og:image\" content=\"https:\/\/www.isarodas.com.br\/isa\/wp-content\/uploads\/2024\/04\/D_NQ_NP_2X_651954-MLB41700875781_052020-F.webp\" \/>\n\t<meta property=\"og:image:width\" content=\"1200\" \/>\n\t<meta property=\"og:image:height\" content=\"900\" \/>\n\t<meta property=\"og:image:type\" content=\"image\/webp\" \/>\n<meta name=\"twitter:card\" content=\"summary_large_image\" \/>\n<meta name=\"twitter:label1\" content=\"Est. tempo de leitura\" \/>\n\t<meta name=\"twitter:data1\" content=\"2 minutos\" \/>\n<script type=\"application\/ld+json\" class=\"yoast-schema-graph\">{\"@context\":\"https:\/\/schema.org\",\"@graph\":[{\"@type\":\"WebPage\",\"@id\":\"https:\/\/www.isarodas.com.br\/isa\/store\/brinquedos\/animal-borracha-com-6-pecas-fazenda-oferta\/\",\"url\":\"https:\/\/www.isarodas.com.br\/isa\/store\/brinquedos\/animal-borracha-com-6-pecas-fazenda-oferta\/\",\"name\":\"Animal Borracha Com 6 Pe\u00e7as Fazenda Oferta\",\"isPartOf\":{\"@id\":\"https:\/\/www.isarodas.com.br\/isa\/#website\"},\"primaryImageOfPage\":{\"@id\":\"https:\/\/www.isarodas.com.br\/isa\/store\/brinquedos\/animal-borracha-com-6-pecas-fazenda-oferta\/#primaryimage\"},\"image\":{\"@id\":\"https:\/\/www.isarodas.com.br\/isa\/store\/brinquedos\/animal-borracha-com-6-pecas-fazenda-oferta\/#primaryimage\"},\"thumbnailUrl\":\"https:\/\/www.isarodas.com.br\/isa\/wp-content\/uploads\/2024\/04\/D_NQ_NP_2X_651954-MLB41700875781_052020-F.webp\",\"datePublished\":\"2024-04-11T13:39:09+00:00\",\"dateModified\":\"2024-04-11T13:39:09+00:00\",\"description\":\"Entre na divers\u00e3o da fazenda com este ador\u00e1vel conjunto de 6 animais de borracha!\",\"breadcrumb\":{\"@id\":\"https:\/\/www.isarodas.com.br\/isa\/store\/brinquedos\/animal-borracha-com-6-pecas-fazenda-oferta\/#breadcrumb\"},\"inLanguage\":\"pt-BR\",\"potentialAction\":[{\"@type\":\"ReadAction\",\"target\":[\"https:\/\/www.isarodas.com.br\/isa\/store\/brinquedos\/animal-borracha-com-6-pecas-fazenda-oferta\/\"]}]},{\"@type\":\"ImageObject\",\"inLanguage\":\"pt-BR\",\"@id\":\"https:\/\/www.isarodas.com.br\/isa\/store\/brinquedos\/animal-borracha-com-6-pecas-fazenda-oferta\/#primaryimage\",\"url\":\"https:\/\/www.isarodas.com.br\/isa\/wp-content\/uploads\/2024\/04\/D_NQ_NP_2X_651954-MLB41700875781_052020-F.webp\",\"contentUrl\":\"https:\/\/www.isarodas.com.br\/isa\/wp-content\/uploads\/2024\/04\/D_NQ_NP_2X_651954-MLB41700875781_052020-F.webp\",\"width\":1200,\"height\":900},{\"@type\":\"BreadcrumbList\",\"@id\":\"https:\/\/www.isarodas.com.br\/isa\/store\/brinquedos\/animal-borracha-com-6-pecas-fazenda-oferta\/#breadcrumb\",\"itemListElement\":[{\"@type\":\"ListItem\",\"position\":1,\"name\":\"In\u00edcio\",\"item\":\"https:\/\/www.isarodas.com.br\/isa\/\"},{\"@type\":\"ListItem\",\"position\":2,\"name\":\"Store\",\"item\":\"https:\/\/www.isarodas.com.br\/isa\/store\/\"},{\"@type\":\"ListItem\",\"position\":3,\"name\":\"Animal Borracha Com 6 Pe\u00e7as Fazenda Oferta\"}]},{\"@type\":\"WebSite\",\"@id\":\"https:\/\/www.isarodas.com.br\/isa\/#website\",\"url\":\"https:\/\/www.isarodas.com.br\/isa\/\",\"name\":\"Isarodas\",\"description\":\"Ecommerce isarodas\",\"publisher\":{\"@id\":\"https:\/\/www.isarodas.com.br\/isa\/#organization\"},\"potentialAction\":[{\"@type\":\"SearchAction\",\"target\":{\"@type\":\"EntryPoint\",\"urlTemplate\":\"https:\/\/www.isarodas.com.br\/isa\/?s={search_term_string}\"},\"query-input\":\"required name=search_term_string\"}],\"inLanguage\":\"pt-BR\"},{\"@type\":\"Organization\",\"@id\":\"https:\/\/www.isarodas.com.br\/isa\/#organization\",\"name\":\"Isarodas\",\"url\":\"https:\/\/www.isarodas.com.br\/isa\/\",\"logo\":{\"@type\":\"ImageObject\",\"inLanguage\":\"pt-BR\",\"@id\":\"https:\/\/www.isarodas.com.br\/isa\/#\/schema\/logo\/image\/\",\"url\":\"https:\/\/www.isarodas.com.br\/isa\/wp-content\/uploads\/2024\/03\/cropped-lgs-1.png\",\"contentUrl\":\"https:\/\/www.isarodas.com.br\/isa\/wp-content\/uploads\/2024\/03\/cropped-lgs-1.png\",\"width\":120,\"height\":119,\"caption\":\"Isarodas\"},\"image\":{\"@id\":\"https:\/\/www.isarodas.com.br\/isa\/#\/schema\/logo\/image\/\"},\"sameAs\":[\"https:\/\/www.facebook.com\/isarodasoficial\/\",\"https:\/\/www.youtube.com\/@isarodas9312\",\"https:\/\/www.instagram.com\/isarodasoficial\/\"]}]}<\/script>\n<!-- \/ Yoast SEO plugin. -->","yoast_head_json":{"title":"Animal Borracha Com 6 Pe\u00e7as Fazenda Oferta","description":"Entre na divers\u00e3o da fazenda com este ador\u00e1vel conjunto de 6 animais de borracha!","robots":{"index":"index","follow":"follow","max-snippet":"max-snippet:-1","max-image-preview":"max-image-preview:large","max-video-preview":"max-video-preview:-1"},"canonical":"https:\/\/www.isarodas.com.br\/isa\/store\/brinquedos\/animal-borracha-com-6-pecas-fazenda-oferta\/","og_locale":"pt_BR","og_type":"article","og_title":"Animal Borracha Com 6 Pe\u00e7as Fazenda Oferta","og_description":"Entre na divers\u00e3o da fazenda com este ador\u00e1vel conjunto de 6 animais de borracha!","og_url":"https:\/\/www.isarodas.com.br\/isa\/store\/brinquedos\/animal-borracha-com-6-pecas-fazenda-oferta\/","og_site_name":"Isarodas","article_publisher":"https:\/\/www.facebook.com\/isarodasoficial\/","og_image":[{"width":1200,"height":900,"url":"https:\/\/www.isarodas.com.br\/isa\/wp-content\/uploads\/2024\/04\/D_NQ_NP_2X_651954-MLB41700875781_052020-F.webp","type":"image\/webp"}],"twitter_card":"summary_large_image","twitter_misc":{"Est. tempo de leitura":"2 minutos"},"schema":{"@context":"https:\/\/schema.org","@graph":[{"@type":"WebPage","@id":"https:\/\/www.isarodas.com.br\/isa\/store\/brinquedos\/animal-borracha-com-6-pecas-fazenda-oferta\/","url":"https:\/\/www.isarodas.com.br\/isa\/store\/brinquedos\/animal-borracha-com-6-pecas-fazenda-oferta\/","name":"Animal Borracha Com 6 Pe\u00e7as Fazenda Oferta","isPartOf":{"@id":"https:\/\/www.isarodas.com.br\/isa\/#website"},"primaryImageOfPage":{"@id":"https:\/\/www.isarodas.com.br\/isa\/store\/brinquedos\/animal-borracha-com-6-pecas-fazenda-oferta\/#primaryimage"},"image":{"@id":"https:\/\/www.isarodas.com.br\/isa\/store\/brinquedos\/animal-borracha-com-6-pecas-fazenda-oferta\/#primaryimage"},"thumbnailUrl":"https:\/\/www.isarodas.com.br\/isa\/wp-content\/uploads\/2024\/04\/D_NQ_NP_2X_651954-MLB41700875781_052020-F.webp","datePublished":"2024-04-11T13:39:09+00:00","dateModified":"2024-04-11T13:39:09+00:00","description":"Entre na divers\u00e3o da fazenda com este ador\u00e1vel conjunto de 6 animais de borracha!","breadcrumb":{"@id":"https:\/\/www.isarodas.com.br\/isa\/store\/brinquedos\/animal-borracha-com-6-pecas-fazenda-oferta\/#breadcrumb"},"inLanguage":"pt-BR","potentialAction":[{"@type":"ReadAction","target":["https:\/\/www.isarodas.com.br\/isa\/store\/brinquedos\/animal-borracha-com-6-pecas-fazenda-oferta\/"]}]},{"@type":"ImageObject","inLanguage":"pt-BR","@id":"https:\/\/www.isarodas.com.br\/isa\/store\/brinquedos\/animal-borracha-com-6-pecas-fazenda-oferta\/#primaryimage","url":"https:\/\/www.isarodas.com.br\/isa\/wp-content\/uploads\/2024\/04\/D_NQ_NP_2X_651954-MLB41700875781_052020-F.webp","contentUrl":"https:\/\/www.isarodas.com.br\/isa\/wp-content\/uploads\/2024\/04\/D_NQ_NP_2X_651954-MLB41700875781_052020-F.webp","width":1200,"height":900},{"@type":"BreadcrumbList","@id":"https:\/\/www.isarodas.com.br\/isa\/store\/brinquedos\/animal-borracha-com-6-pecas-fazenda-oferta\/#breadcrumb","itemListElement":[{"@type":"ListItem","position":1,"name":"In\u00edcio","item":"https:\/\/www.isarodas.com.br\/isa\/"},{"@type":"ListItem","position":2,"name":"Store","item":"https:\/\/www.isarodas.com.br\/isa\/store\/"},{"@type":"ListItem","position":3,"name":"Animal Borracha Com 6 Pe\u00e7as Fazenda Oferta"}]},{"@type":"WebSite","@id":"https:\/\/www.isarodas.com.br\/isa\/#website","url":"https:\/\/www.isarodas.com.br\/isa\/","name":"Isarodas","description":"Ecommerce isarodas","publisher":{"@id":"https:\/\/www.isarodas.com.br\/isa\/#organization"},"potentialAction":[{"@type":"SearchAction","target":{"@type":"EntryPoint","urlTemplate":"https:\/\/www.isarodas.com.br\/isa\/?s={search_term_string}"},"query-input":"required name=search_term_string"}],"inLanguage":"pt-BR"},{"@type":"Organization","@id":"https:\/\/www.isarodas.com.br\/isa\/#organization","name":"Isarodas","url":"https:\/\/www.isarodas.com.br\/isa\/","logo":{"@type":"ImageObject","inLanguage":"pt-BR","@id":"https:\/\/www.isarodas.com.br\/isa\/#\/schema\/logo\/image\/","url":"https:\/\/www.isarodas.com.br\/isa\/wp-content\/uploads\/2024\/03\/cropped-lgs-1.png","contentUrl":"https:\/\/www.isarodas.com.br\/isa\/wp-content\/uploads\/2024\/03\/cropped-lgs-1.png","width":120,"height":119,"caption":"Isarodas"},"image":{"@id":"https:\/\/www.isarodas.com.br\/isa\/#\/schema\/logo\/image\/"},"sameAs":["https:\/\/www.facebook.com\/isarodasoficial\/","https:\/\/www.youtube.com\/@isarodas9312","https:\/\/www.instagram.com\/isarodasoficial\/"]}]}},"_links":{"self":[{"href":"https:\/\/www.isarodas.com.br\/isa\/wp-json\/wp\/v2\/product\/5275","targetHints":{"allow":["GET"]}}],"collection":[{"href":"https:\/\/www.isarodas.com.br\/isa\/wp-json\/wp\/v2\/product"}],"about":[{"href":"https:\/\/www.isarodas.com.br\/isa\/wp-json\/wp\/v2\/types\/product"}],"replies":[{"embeddable":true,"href":"https:\/\/www.isarodas.com.br\/isa\/wp-json\/wp\/v2\/comments?post=5275"}],"version-history":[{"count":1,"href":"https:\/\/www.isarodas.com.br\/isa\/wp-json\/wp\/v2\/product\/5275\/revisions"}],"predecessor-version":[{"id":5278,"href":"https:\/\/www.isarodas.com.br\/isa\/wp-json\/wp\/v2\/product\/5275\/revisions\/5278"}],"wp:featuredmedia":[{"embeddable":true,"href":"https:\/\/www.isarodas.com.br\/isa\/wp-json\/wp\/v2\/media\/5277"}],"wp:attachment":[{"href":"https:\/\/www.isarodas.com.br\/isa\/wp-json\/wp\/v2\/media?parent=5275"}],"wp:term":[{"taxonomy":"product_cat","embeddable":true,"href":"https:\/\/www.isarodas.com.br\/isa\/wp-json\/wp\/v2\/product_cat?post=5275"},{"taxonomy":"product_tag","embeddable":true,"href":"https:\/\/www.isarodas.com.br\/isa\/wp-json\/wp\/v2\/product_tag?post=5275"}],"curies":[{"name":"wp","href":"https:\/\/api.w.org\/{rel}","templated":true}]}}