{"id":5250,"date":"2024-04-10T15:49:38","date_gmt":"2024-04-10T18:49:38","guid":{"rendered":"https:\/\/www.isarodas.com.br\/isa\/?post_type=product&#038;p=5250"},"modified":"2024-04-10T15:49:38","modified_gmt":"2024-04-10T18:49:38","slug":"rolo-la-carneiro-extra-alto-profimax-23cm-at322-46-atlas","status":"publish","type":"product","link":"https:\/\/www.isarodas.com.br\/isa\/store\/construcao\/rolo-la-carneiro-extra-alto-profimax-23cm-at322-46-atlas\/","title":{"rendered":"Rolo L\u00e3 Carneiro Extra Alto Profimax 23cm At322\/46 &#8211; Atlas"},"content":{"rendered":"<p>Rolo de L\u00e3 Carneiro Extra Alto Profimax 23cm AT322\/46 da Atlas. Este produto \u00e9 um rolo de pintura de alta qualidade fabricado pela Atlas, uma empresa reconhecida por seus produtos para pintura e acabamento.<\/p>\n<p>O rolo de l\u00e3 de carneiro \u00e9 conhecido por sua capacidade de reter uma quantidade significativa de tinta, permitindo uma aplica\u00e7\u00e3o uniforme em superf\u00edcies diversas. O tamanho de 23cm sugere que \u00e9 adequado para cobrir \u00e1reas relativamente grandes com efici\u00eancia.<\/p>\n<p>O termo &#8220;Extra Alto&#8221; provavelmente se refere \u00e0 altura das fibras do rolo, o que pode ser vantajoso para a aplica\u00e7\u00e3o de tintas em superf\u00edcies texturizadas ou irregulares, garantindo uma cobertura completa.<\/p>\n<p>&#8220;Profimax&#8221; parece ser uma linha ou s\u00e9rie de produtos da Atlas, talvez indicando que este rolo seja projetado para uso profissional ou ofere\u00e7a desempenho superior.<\/p>\n<p>Se voc\u00ea est\u00e1 considerando comprar ou usar este produto, pode ser \u00fatil verificar as especifica\u00e7\u00f5es detalhadas do fabricante para garantir que atenda \u00e0s suas necessidades espec\u00edficas de pintura.<\/p>\n","protected":false},"excerpt":{"rendered":"<p>Rolo de L\u00e3 Carneiro Extra Alto Profimax 23cm AT322\/46 da Atlas. Este produto \u00e9 um rolo de pintura de alta qualidade fabricado pela Atlas, uma empresa reconhecida por seus produtos para pintura e acabamento. O rolo de l\u00e3 de carneiro \u00e9 conhecido por sua capacidade de reter uma quantidade significativa de tinta, permitindo uma aplica\u00e7\u00e3o [&hellip;]<\/p>\n","protected":false},"featured_media":5251,"comment_status":"open","ping_status":"closed","template":"","meta":{"_acf_changed":false,"site-sidebar-layout":"default","site-content-layout":"","ast-site-content-layout":"default","site-content-style":"default","site-sidebar-style":"default","ast-global-header-display":"","ast-banner-title-visibility":"","ast-main-header-display":"","ast-hfb-above-header-display":"","ast-hfb-below-header-display":"","ast-hfb-mobile-header-display":"","site-post-title":"","ast-breadcrumbs-content":"","ast-featured-img":"","footer-sml-layout":"","theme-transparent-header-meta":"default","adv-header-id-meta":"","stick-header-meta":"","header-above-stick-meta":"","header-main-stick-meta":"","header-below-stick-meta":"","astra-migrate-meta-layouts":"set","ast-page-background-enabled":"default","ast-page-background-meta":{"desktop":{"background-color":"","background-image":"","background-repeat":"repeat","background-position":"center center","background-size":"auto","background-attachment":"scroll","background-type":"","background-media":"","overlay-type":"","overlay-color":"","overlay-gradient":""},"tablet":{"background-color":"","background-image":"","background-repeat":"repeat","background-position":"center center","background-size":"auto","background-attachment":"scroll","background-type":"","background-media":"","overlay-type":"","overlay-color":"","overlay-gradient":""},"mobile":{"background-color":"","background-image":"","background-repeat":"repeat","background-position":"center center","background-size":"auto","background-attachment":"scroll","background-type":"","background-media":"","overlay-type":"","overlay-color":"","overlay-gradient":""}},"ast-content-background-meta":{"desktop":{"background-color":"var(--ast-global-color-5)","background-image":"","background-repeat":"repeat","background-position":"center center","background-size":"auto","background-attachment":"scroll","background-type":"","background-media":"","overlay-type":"","overlay-color":"","overlay-gradient":""},"tablet":{"background-color":"var(--ast-global-color-5)","background-image":"","background-repeat":"repeat","background-position":"center center","background-size":"auto","background-attachment":"scroll","background-type":"","background-media":"","overlay-type":"","overlay-color":"","overlay-gradient":""},"mobile":{"background-color":"var(--ast-global-color-5)","background-image":"","background-repeat":"repeat","background-position":"center center","background-size":"auto","background-attachment":"scroll","background-type":"","background-media":"","overlay-type":"","overlay-color":"","overlay-gradient":""}}},"product_cat":[60],"product_tag":[],"class_list":{"0":"post-5250","1":"product","2":"type-product","3":"status-publish","4":"has-post-thumbnail","6":"product_cat-construcao","7":"desktop-align-left","8":"tablet-align-left","9":"mobile-align-left","11":"first","12":"instock","13":"sale","14":"shipping-taxable","15":"purchasable","16":"product-type-simple"},"acf":[],"yoast_head":"<!-- This site is optimized with the Yoast SEO plugin v22.3 - https:\/\/yoast.com\/wordpress\/plugins\/seo\/ -->\n<title>Rolo L\u00e3 Carneiro Extra Alto Profimax 23cm At322\/46 - Atlas<\/title>\n<meta name=\"description\" content=\"Rolo de L\u00e3 Carneiro Extra Alto Profimax 23cm AT322\/46 da Atlas. Este produto \u00e9 um rolo de pintura de alta qualidade fabricado pela Atlas, uma empresa reconhecida por seus produtos para pintura e acabamento.\" \/>\n<meta name=\"robots\" content=\"index, follow, max-snippet:-1, max-image-preview:large, max-video-preview:-1\" \/>\n<link rel=\"canonical\" href=\"https:\/\/www.isarodas.com.br\/isa\/store\/construcao\/rolo-la-carneiro-extra-alto-profimax-23cm-at322-46-atlas\/\" \/>\n<meta property=\"og:locale\" content=\"pt_BR\" \/>\n<meta property=\"og:type\" content=\"article\" \/>\n<meta property=\"og:title\" content=\"Rolo L\u00e3 Carneiro Extra Alto Profimax 23cm At322\/46 - Atlas\" \/>\n<meta property=\"og:description\" content=\"Rolo de L\u00e3 Carneiro Extra Alto Profimax 23cm AT322\/46 da Atlas. Este produto \u00e9 um rolo de pintura de alta qualidade fabricado pela Atlas, uma empresa reconhecida por seus produtos para pintura e acabamento.\" \/>\n<meta property=\"og:url\" content=\"https:\/\/www.isarodas.com.br\/isa\/store\/construcao\/rolo-la-carneiro-extra-alto-profimax-23cm-at322-46-atlas\/\" \/>\n<meta property=\"og:site_name\" content=\"Isarodas\" \/>\n<meta property=\"article:publisher\" content=\"https:\/\/www.facebook.com\/isarodasoficial\/\" \/>\n<meta property=\"og:image\" content=\"https:\/\/www.isarodas.com.br\/isa\/wp-content\/uploads\/2024\/04\/D_NQ_NP_993161-MLB49396762929_032022-O.webp\" \/>\n\t<meta property=\"og:image:width\" content=\"272\" \/>\n\t<meta property=\"og:image:height\" content=\"500\" \/>\n\t<meta property=\"og:image:type\" content=\"image\/webp\" \/>\n<meta name=\"twitter:card\" content=\"summary_large_image\" \/>\n<meta name=\"twitter:label1\" content=\"Est. tempo de leitura\" \/>\n\t<meta name=\"twitter:data1\" content=\"2 minutos\" \/>\n<script type=\"application\/ld+json\" class=\"yoast-schema-graph\">{\"@context\":\"https:\/\/schema.org\",\"@graph\":[{\"@type\":\"WebPage\",\"@id\":\"https:\/\/www.isarodas.com.br\/isa\/store\/construcao\/rolo-la-carneiro-extra-alto-profimax-23cm-at322-46-atlas\/\",\"url\":\"https:\/\/www.isarodas.com.br\/isa\/store\/construcao\/rolo-la-carneiro-extra-alto-profimax-23cm-at322-46-atlas\/\",\"name\":\"Rolo L\u00e3 Carneiro Extra Alto Profimax 23cm At322\/46 - Atlas\",\"isPartOf\":{\"@id\":\"https:\/\/www.isarodas.com.br\/isa\/#website\"},\"primaryImageOfPage\":{\"@id\":\"https:\/\/www.isarodas.com.br\/isa\/store\/construcao\/rolo-la-carneiro-extra-alto-profimax-23cm-at322-46-atlas\/#primaryimage\"},\"image\":{\"@id\":\"https:\/\/www.isarodas.com.br\/isa\/store\/construcao\/rolo-la-carneiro-extra-alto-profimax-23cm-at322-46-atlas\/#primaryimage\"},\"thumbnailUrl\":\"https:\/\/www.isarodas.com.br\/isa\/wp-content\/uploads\/2024\/04\/D_NQ_NP_993161-MLB49396762929_032022-O.webp\",\"datePublished\":\"2024-04-10T18:49:38+00:00\",\"dateModified\":\"2024-04-10T18:49:38+00:00\",\"description\":\"Rolo de L\u00e3 Carneiro Extra Alto Profimax 23cm AT322\/46 da Atlas. Este produto \u00e9 um rolo de pintura de alta qualidade fabricado pela Atlas, uma empresa reconhecida por seus produtos para pintura e acabamento.\",\"breadcrumb\":{\"@id\":\"https:\/\/www.isarodas.com.br\/isa\/store\/construcao\/rolo-la-carneiro-extra-alto-profimax-23cm-at322-46-atlas\/#breadcrumb\"},\"inLanguage\":\"pt-BR\",\"potentialAction\":[{\"@type\":\"ReadAction\",\"target\":[\"https:\/\/www.isarodas.com.br\/isa\/store\/construcao\/rolo-la-carneiro-extra-alto-profimax-23cm-at322-46-atlas\/\"]}]},{\"@type\":\"ImageObject\",\"inLanguage\":\"pt-BR\",\"@id\":\"https:\/\/www.isarodas.com.br\/isa\/store\/construcao\/rolo-la-carneiro-extra-alto-profimax-23cm-at322-46-atlas\/#primaryimage\",\"url\":\"https:\/\/www.isarodas.com.br\/isa\/wp-content\/uploads\/2024\/04\/D_NQ_NP_993161-MLB49396762929_032022-O.webp\",\"contentUrl\":\"https:\/\/www.isarodas.com.br\/isa\/wp-content\/uploads\/2024\/04\/D_NQ_NP_993161-MLB49396762929_032022-O.webp\",\"width\":272,\"height\":500},{\"@type\":\"BreadcrumbList\",\"@id\":\"https:\/\/www.isarodas.com.br\/isa\/store\/construcao\/rolo-la-carneiro-extra-alto-profimax-23cm-at322-46-atlas\/#breadcrumb\",\"itemListElement\":[{\"@type\":\"ListItem\",\"position\":1,\"name\":\"In\u00edcio\",\"item\":\"https:\/\/www.isarodas.com.br\/isa\/\"},{\"@type\":\"ListItem\",\"position\":2,\"name\":\"Store\",\"item\":\"https:\/\/www.isarodas.com.br\/isa\/store\/\"},{\"@type\":\"ListItem\",\"position\":3,\"name\":\"Rolo L\u00e3 Carneiro Extra Alto Profimax 23cm At322\/46 &#8211; Atlas\"}]},{\"@type\":\"WebSite\",\"@id\":\"https:\/\/www.isarodas.com.br\/isa\/#website\",\"url\":\"https:\/\/www.isarodas.com.br\/isa\/\",\"name\":\"Isarodas\",\"description\":\"Ecommerce isarodas\",\"publisher\":{\"@id\":\"https:\/\/www.isarodas.com.br\/isa\/#organization\"},\"potentialAction\":[{\"@type\":\"SearchAction\",\"target\":{\"@type\":\"EntryPoint\",\"urlTemplate\":\"https:\/\/www.isarodas.com.br\/isa\/?s={search_term_string}\"},\"query-input\":\"required name=search_term_string\"}],\"inLanguage\":\"pt-BR\"},{\"@type\":\"Organization\",\"@id\":\"https:\/\/www.isarodas.com.br\/isa\/#organization\",\"name\":\"Isarodas\",\"url\":\"https:\/\/www.isarodas.com.br\/isa\/\",\"logo\":{\"@type\":\"ImageObject\",\"inLanguage\":\"pt-BR\",\"@id\":\"https:\/\/www.isarodas.com.br\/isa\/#\/schema\/logo\/image\/\",\"url\":\"https:\/\/www.isarodas.com.br\/isa\/wp-content\/uploads\/2024\/03\/cropped-lgs-1.png\",\"contentUrl\":\"https:\/\/www.isarodas.com.br\/isa\/wp-content\/uploads\/2024\/03\/cropped-lgs-1.png\",\"width\":120,\"height\":119,\"caption\":\"Isarodas\"},\"image\":{\"@id\":\"https:\/\/www.isarodas.com.br\/isa\/#\/schema\/logo\/image\/\"},\"sameAs\":[\"https:\/\/www.facebook.com\/isarodasoficial\/\",\"https:\/\/www.youtube.com\/@isarodas9312\",\"https:\/\/www.instagram.com\/isarodasoficial\/\"]}]}<\/script>\n<!-- \/ Yoast SEO plugin. -->","yoast_head_json":{"title":"Rolo L\u00e3 Carneiro Extra Alto Profimax 23cm At322\/46 - Atlas","description":"Rolo de L\u00e3 Carneiro Extra Alto Profimax 23cm AT322\/46 da Atlas. Este produto \u00e9 um rolo de pintura de alta qualidade fabricado pela Atlas, uma empresa reconhecida por seus produtos para pintura e acabamento.","robots":{"index":"index","follow":"follow","max-snippet":"max-snippet:-1","max-image-preview":"max-image-preview:large","max-video-preview":"max-video-preview:-1"},"canonical":"https:\/\/www.isarodas.com.br\/isa\/store\/construcao\/rolo-la-carneiro-extra-alto-profimax-23cm-at322-46-atlas\/","og_locale":"pt_BR","og_type":"article","og_title":"Rolo L\u00e3 Carneiro Extra Alto Profimax 23cm At322\/46 - Atlas","og_description":"Rolo de L\u00e3 Carneiro Extra Alto Profimax 23cm AT322\/46 da Atlas. Este produto \u00e9 um rolo de pintura de alta qualidade fabricado pela Atlas, uma empresa reconhecida por seus produtos para pintura e acabamento.","og_url":"https:\/\/www.isarodas.com.br\/isa\/store\/construcao\/rolo-la-carneiro-extra-alto-profimax-23cm-at322-46-atlas\/","og_site_name":"Isarodas","article_publisher":"https:\/\/www.facebook.com\/isarodasoficial\/","og_image":[{"width":272,"height":500,"url":"https:\/\/www.isarodas.com.br\/isa\/wp-content\/uploads\/2024\/04\/D_NQ_NP_993161-MLB49396762929_032022-O.webp","type":"image\/webp"}],"twitter_card":"summary_large_image","twitter_misc":{"Est. tempo de leitura":"2 minutos"},"schema":{"@context":"https:\/\/schema.org","@graph":[{"@type":"WebPage","@id":"https:\/\/www.isarodas.com.br\/isa\/store\/construcao\/rolo-la-carneiro-extra-alto-profimax-23cm-at322-46-atlas\/","url":"https:\/\/www.isarodas.com.br\/isa\/store\/construcao\/rolo-la-carneiro-extra-alto-profimax-23cm-at322-46-atlas\/","name":"Rolo L\u00e3 Carneiro Extra Alto Profimax 23cm At322\/46 - Atlas","isPartOf":{"@id":"https:\/\/www.isarodas.com.br\/isa\/#website"},"primaryImageOfPage":{"@id":"https:\/\/www.isarodas.com.br\/isa\/store\/construcao\/rolo-la-carneiro-extra-alto-profimax-23cm-at322-46-atlas\/#primaryimage"},"image":{"@id":"https:\/\/www.isarodas.com.br\/isa\/store\/construcao\/rolo-la-carneiro-extra-alto-profimax-23cm-at322-46-atlas\/#primaryimage"},"thumbnailUrl":"https:\/\/www.isarodas.com.br\/isa\/wp-content\/uploads\/2024\/04\/D_NQ_NP_993161-MLB49396762929_032022-O.webp","datePublished":"2024-04-10T18:49:38+00:00","dateModified":"2024-04-10T18:49:38+00:00","description":"Rolo de L\u00e3 Carneiro Extra Alto Profimax 23cm AT322\/46 da Atlas. Este produto \u00e9 um rolo de pintura de alta qualidade fabricado pela Atlas, uma empresa reconhecida por seus produtos para pintura e acabamento.","breadcrumb":{"@id":"https:\/\/www.isarodas.com.br\/isa\/store\/construcao\/rolo-la-carneiro-extra-alto-profimax-23cm-at322-46-atlas\/#breadcrumb"},"inLanguage":"pt-BR","potentialAction":[{"@type":"ReadAction","target":["https:\/\/www.isarodas.com.br\/isa\/store\/construcao\/rolo-la-carneiro-extra-alto-profimax-23cm-at322-46-atlas\/"]}]},{"@type":"ImageObject","inLanguage":"pt-BR","@id":"https:\/\/www.isarodas.com.br\/isa\/store\/construcao\/rolo-la-carneiro-extra-alto-profimax-23cm-at322-46-atlas\/#primaryimage","url":"https:\/\/www.isarodas.com.br\/isa\/wp-content\/uploads\/2024\/04\/D_NQ_NP_993161-MLB49396762929_032022-O.webp","contentUrl":"https:\/\/www.isarodas.com.br\/isa\/wp-content\/uploads\/2024\/04\/D_NQ_NP_993161-MLB49396762929_032022-O.webp","width":272,"height":500},{"@type":"BreadcrumbList","@id":"https:\/\/www.isarodas.com.br\/isa\/store\/construcao\/rolo-la-carneiro-extra-alto-profimax-23cm-at322-46-atlas\/#breadcrumb","itemListElement":[{"@type":"ListItem","position":1,"name":"In\u00edcio","item":"https:\/\/www.isarodas.com.br\/isa\/"},{"@type":"ListItem","position":2,"name":"Store","item":"https:\/\/www.isarodas.com.br\/isa\/store\/"},{"@type":"ListItem","position":3,"name":"Rolo L\u00e3 Carneiro Extra Alto Profimax 23cm At322\/46 &#8211; Atlas"}]},{"@type":"WebSite","@id":"https:\/\/www.isarodas.com.br\/isa\/#website","url":"https:\/\/www.isarodas.com.br\/isa\/","name":"Isarodas","description":"Ecommerce isarodas","publisher":{"@id":"https:\/\/www.isarodas.com.br\/isa\/#organization"},"potentialAction":[{"@type":"SearchAction","target":{"@type":"EntryPoint","urlTemplate":"https:\/\/www.isarodas.com.br\/isa\/?s={search_term_string}"},"query-input":"required name=search_term_string"}],"inLanguage":"pt-BR"},{"@type":"Organization","@id":"https:\/\/www.isarodas.com.br\/isa\/#organization","name":"Isarodas","url":"https:\/\/www.isarodas.com.br\/isa\/","logo":{"@type":"ImageObject","inLanguage":"pt-BR","@id":"https:\/\/www.isarodas.com.br\/isa\/#\/schema\/logo\/image\/","url":"https:\/\/www.isarodas.com.br\/isa\/wp-content\/uploads\/2024\/03\/cropped-lgs-1.png","contentUrl":"https:\/\/www.isarodas.com.br\/isa\/wp-content\/uploads\/2024\/03\/cropped-lgs-1.png","width":120,"height":119,"caption":"Isarodas"},"image":{"@id":"https:\/\/www.isarodas.com.br\/isa\/#\/schema\/logo\/image\/"},"sameAs":["https:\/\/www.facebook.com\/isarodasoficial\/","https:\/\/www.youtube.com\/@isarodas9312","https:\/\/www.instagram.com\/isarodasoficial\/"]}]}},"_links":{"self":[{"href":"https:\/\/www.isarodas.com.br\/isa\/wp-json\/wp\/v2\/product\/5250","targetHints":{"allow":["GET"]}}],"collection":[{"href":"https:\/\/www.isarodas.com.br\/isa\/wp-json\/wp\/v2\/product"}],"about":[{"href":"https:\/\/www.isarodas.com.br\/isa\/wp-json\/wp\/v2\/types\/product"}],"replies":[{"embeddable":true,"href":"https:\/\/www.isarodas.com.br\/isa\/wp-json\/wp\/v2\/comments?post=5250"}],"version-history":[{"count":1,"href":"https:\/\/www.isarodas.com.br\/isa\/wp-json\/wp\/v2\/product\/5250\/revisions"}],"predecessor-version":[{"id":5252,"href":"https:\/\/www.isarodas.com.br\/isa\/wp-json\/wp\/v2\/product\/5250\/revisions\/5252"}],"wp:featuredmedia":[{"embeddable":true,"href":"https:\/\/www.isarodas.com.br\/isa\/wp-json\/wp\/v2\/media\/5251"}],"wp:attachment":[{"href":"https:\/\/www.isarodas.com.br\/isa\/wp-json\/wp\/v2\/media?parent=5250"}],"wp:term":[{"taxonomy":"product_cat","embeddable":true,"href":"https:\/\/www.isarodas.com.br\/isa\/wp-json\/wp\/v2\/product_cat?post=5250"},{"taxonomy":"product_tag","embeddable":true,"href":"https:\/\/www.isarodas.com.br\/isa\/wp-json\/wp\/v2\/product_tag?post=5250"}],"curies":[{"name":"wp","href":"https:\/\/api.w.org\/{rel}","templated":true}]}}