{"id":5235,"date":"2024-04-10T15:30:35","date_gmt":"2024-04-10T18:30:35","guid":{"rendered":"https:\/\/www.isarodas.com.br\/isa\/?post_type=product&#038;p=5235"},"modified":"2024-04-10T15:30:36","modified_gmt":"2024-04-10T18:30:36","slug":"kit-5-espatulas-forjadas-6cm-pacceta","status":"publish","type":"product","link":"https:\/\/www.isarodas.com.br\/isa\/store\/construcao\/kit-5-espatulas-forjadas-6cm-pacceta\/","title":{"rendered":"Kit 5 Esp\u00e1tulas Forjadas 6cm &#8211; Pacceta"},"content":{"rendered":"<p>Conjunto de 5 Esp\u00e1tulas Forjadas Pacceta &#8211; 6cm de Largura<\/p>\n<p>Este conjunto oferece cinco esp\u00e1tulas forjadas de alta qualidade, projetadas para uma variedade de aplica\u00e7\u00f5es em trabalhos manuais, artesanato, marcenaria e muito mais. Com uma largura de 6cm, estas esp\u00e1tulas proporcionam uma superf\u00edcie ampla para espalhar, alisar e manipular materiais diversos, como argamassa, massa de modelar, tinta e gesso.<\/p>\n<p>Fabricadas com precis\u00e3o e durabilidade em mente, estas esp\u00e1tulas forjadas garantem resist\u00eancia e longevidade, mesmo sob uso constante. Seu design ergon\u00f4mico e cabo confort\u00e1vel proporcionam uma experi\u00eancia de uso agrad\u00e1vel, permitindo trabalhar com precis\u00e3o e controle.<\/p>\n<p>Este conjunto vers\u00e1til de 5 esp\u00e1tulas forjadas \u00e9 uma adi\u00e7\u00e3o indispens\u00e1vel para qualquer caixa de ferramentas, oferecendo confiabilidade e desempenho em uma variedade de projetos e aplica\u00e7\u00f5es.<\/p>\n<p>Material: Lamina Inteiri\u00e7a a\u00e7o carbono especial 5160<br \/>\nTratamento: Temperado e Revenido Acabamento polido, verniz eletrost\u00e1tico<br \/>\nCabo: madeira envernizada fixado com ep\u00f3xi com Grava\u00e7\u00e3o do Logotipo PACETTA<\/p>\n","protected":false},"excerpt":{"rendered":"<p>Conjunto de 5 Esp\u00e1tulas Forjadas Pacceta &#8211; 6cm de Largura Este conjunto oferece cinco esp\u00e1tulas forjadas de alta qualidade, projetadas para uma variedade de aplica\u00e7\u00f5es em trabalhos manuais, artesanato, marcenaria e muito mais. Com uma largura de 6cm, estas esp\u00e1tulas proporcionam uma superf\u00edcie ampla para espalhar, alisar e manipular materiais diversos, como argamassa, massa de [&hellip;]<\/p>\n","protected":false},"featured_media":4969,"comment_status":"open","ping_status":"closed","template":"","meta":{"_acf_changed":false,"site-sidebar-layout":"default","site-content-layout":"","ast-site-content-layout":"default","site-content-style":"default","site-sidebar-style":"default","ast-global-header-display":"","ast-banner-title-visibility":"","ast-main-header-display":"","ast-hfb-above-header-display":"","ast-hfb-below-header-display":"","ast-hfb-mobile-header-display":"","site-post-title":"","ast-breadcrumbs-content":"","ast-featured-img":"","footer-sml-layout":"","theme-transparent-header-meta":"default","adv-header-id-meta":"","stick-header-meta":"","header-above-stick-meta":"","header-main-stick-meta":"","header-below-stick-meta":"","astra-migrate-meta-layouts":"set","ast-page-background-enabled":"default","ast-page-background-meta":{"desktop":{"background-color":"","background-image":"","background-repeat":"repeat","background-position":"center center","background-size":"auto","background-attachment":"scroll","background-type":"","background-media":"","overlay-type":"","overlay-color":"","overlay-gradient":""},"tablet":{"background-color":"","background-image":"","background-repeat":"repeat","background-position":"center center","background-size":"auto","background-attachment":"scroll","background-type":"","background-media":"","overlay-type":"","overlay-color":"","overlay-gradient":""},"mobile":{"background-color":"","background-image":"","background-repeat":"repeat","background-position":"center center","background-size":"auto","background-attachment":"scroll","background-type":"","background-media":"","overlay-type":"","overlay-color":"","overlay-gradient":""}},"ast-content-background-meta":{"desktop":{"background-color":"var(--ast-global-color-5)","background-image":"","background-repeat":"repeat","background-position":"center center","background-size":"auto","background-attachment":"scroll","background-type":"","background-media":"","overlay-type":"","overlay-color":"","overlay-gradient":""},"tablet":{"background-color":"var(--ast-global-color-5)","background-image":"","background-repeat":"repeat","background-position":"center center","background-size":"auto","background-attachment":"scroll","background-type":"","background-media":"","overlay-type":"","overlay-color":"","overlay-gradient":""},"mobile":{"background-color":"var(--ast-global-color-5)","background-image":"","background-repeat":"repeat","background-position":"center center","background-size":"auto","background-attachment":"scroll","background-type":"","background-media":"","overlay-type":"","overlay-color":"","overlay-gradient":""}}},"product_cat":[60,62],"product_tag":[],"class_list":{"0":"post-5235","1":"product","2":"type-product","3":"status-publish","4":"has-post-thumbnail","6":"product_cat-construcao","7":"product_cat-ferramentas","8":"desktop-align-left","9":"tablet-align-left","10":"mobile-align-left","12":"first","13":"instock","14":"sale","15":"shipping-taxable","16":"purchasable","17":"product-type-simple"},"acf":[],"yoast_head":"<!-- This site is optimized with the Yoast SEO plugin v22.3 - https:\/\/yoast.com\/wordpress\/plugins\/seo\/ -->\n<title>Kit 5 Esp\u00e1tulas Forjadas 6cm - Pacceta<\/title>\n<meta name=\"description\" content=\"esp\u00e1tulas forjadas de alta qualidade, projetadas para uma variedade de aplica\u00e7\u00f5es em trabalhos manuais, artesanato, marcenaria e muito mais.\" \/>\n<meta name=\"robots\" content=\"index, follow, max-snippet:-1, max-image-preview:large, max-video-preview:-1\" \/>\n<link rel=\"canonical\" href=\"https:\/\/www.isarodas.com.br\/isa\/store\/construcao\/kit-5-espatulas-forjadas-6cm-pacceta\/\" \/>\n<meta property=\"og:locale\" content=\"pt_BR\" \/>\n<meta property=\"og:type\" content=\"article\" \/>\n<meta property=\"og:title\" content=\"Kit 5 Esp\u00e1tulas Forjadas 6cm - Pacceta\" \/>\n<meta property=\"og:description\" content=\"esp\u00e1tulas forjadas de alta qualidade, projetadas para uma variedade de aplica\u00e7\u00f5es em trabalhos manuais, artesanato, marcenaria e muito mais.\" \/>\n<meta property=\"og:url\" content=\"https:\/\/www.isarodas.com.br\/isa\/store\/construcao\/kit-5-espatulas-forjadas-6cm-pacceta\/\" \/>\n<meta property=\"og:site_name\" content=\"Isarodas\" \/>\n<meta property=\"article:publisher\" content=\"https:\/\/www.facebook.com\/isarodasoficial\/\" \/>\n<meta property=\"article:modified_time\" content=\"2024-04-10T18:30:36+00:00\" \/>\n<meta property=\"og:image\" content=\"https:\/\/www.isarodas.com.br\/isa\/wp-content\/uploads\/2024\/04\/D_NQ_NP_2X_757434-MLB33013063392_112019-F.webp\" \/>\n\t<meta property=\"og:image:width\" content=\"458\" \/>\n\t<meta property=\"og:image:height\" content=\"741\" \/>\n\t<meta property=\"og:image:type\" content=\"image\/webp\" \/>\n<meta name=\"twitter:card\" content=\"summary_large_image\" \/>\n<meta name=\"twitter:label1\" content=\"Est. tempo de leitura\" \/>\n\t<meta name=\"twitter:data1\" content=\"2 minutos\" \/>\n<script type=\"application\/ld+json\" class=\"yoast-schema-graph\">{\"@context\":\"https:\/\/schema.org\",\"@graph\":[{\"@type\":\"WebPage\",\"@id\":\"https:\/\/www.isarodas.com.br\/isa\/store\/construcao\/kit-5-espatulas-forjadas-6cm-pacceta\/\",\"url\":\"https:\/\/www.isarodas.com.br\/isa\/store\/construcao\/kit-5-espatulas-forjadas-6cm-pacceta\/\",\"name\":\"Kit 5 Esp\u00e1tulas Forjadas 6cm - Pacceta\",\"isPartOf\":{\"@id\":\"https:\/\/www.isarodas.com.br\/isa\/#website\"},\"primaryImageOfPage\":{\"@id\":\"https:\/\/www.isarodas.com.br\/isa\/store\/construcao\/kit-5-espatulas-forjadas-6cm-pacceta\/#primaryimage\"},\"image\":{\"@id\":\"https:\/\/www.isarodas.com.br\/isa\/store\/construcao\/kit-5-espatulas-forjadas-6cm-pacceta\/#primaryimage\"},\"thumbnailUrl\":\"https:\/\/www.isarodas.com.br\/isa\/wp-content\/uploads\/2024\/04\/D_NQ_NP_2X_757434-MLB33013063392_112019-F.webp\",\"datePublished\":\"2024-04-10T18:30:35+00:00\",\"dateModified\":\"2024-04-10T18:30:36+00:00\",\"description\":\"esp\u00e1tulas forjadas de alta qualidade, projetadas para uma variedade de aplica\u00e7\u00f5es em trabalhos manuais, artesanato, marcenaria e muito mais.\",\"breadcrumb\":{\"@id\":\"https:\/\/www.isarodas.com.br\/isa\/store\/construcao\/kit-5-espatulas-forjadas-6cm-pacceta\/#breadcrumb\"},\"inLanguage\":\"pt-BR\",\"potentialAction\":[{\"@type\":\"ReadAction\",\"target\":[\"https:\/\/www.isarodas.com.br\/isa\/store\/construcao\/kit-5-espatulas-forjadas-6cm-pacceta\/\"]}]},{\"@type\":\"ImageObject\",\"inLanguage\":\"pt-BR\",\"@id\":\"https:\/\/www.isarodas.com.br\/isa\/store\/construcao\/kit-5-espatulas-forjadas-6cm-pacceta\/#primaryimage\",\"url\":\"https:\/\/www.isarodas.com.br\/isa\/wp-content\/uploads\/2024\/04\/D_NQ_NP_2X_757434-MLB33013063392_112019-F.webp\",\"contentUrl\":\"https:\/\/www.isarodas.com.br\/isa\/wp-content\/uploads\/2024\/04\/D_NQ_NP_2X_757434-MLB33013063392_112019-F.webp\",\"width\":458,\"height\":741},{\"@type\":\"BreadcrumbList\",\"@id\":\"https:\/\/www.isarodas.com.br\/isa\/store\/construcao\/kit-5-espatulas-forjadas-6cm-pacceta\/#breadcrumb\",\"itemListElement\":[{\"@type\":\"ListItem\",\"position\":1,\"name\":\"In\u00edcio\",\"item\":\"https:\/\/www.isarodas.com.br\/isa\/\"},{\"@type\":\"ListItem\",\"position\":2,\"name\":\"Store\",\"item\":\"https:\/\/www.isarodas.com.br\/isa\/store\/\"},{\"@type\":\"ListItem\",\"position\":3,\"name\":\"Kit 5 Esp\u00e1tulas Forjadas 6cm &#8211; Pacceta\"}]},{\"@type\":\"WebSite\",\"@id\":\"https:\/\/www.isarodas.com.br\/isa\/#website\",\"url\":\"https:\/\/www.isarodas.com.br\/isa\/\",\"name\":\"Isarodas\",\"description\":\"Ecommerce isarodas\",\"publisher\":{\"@id\":\"https:\/\/www.isarodas.com.br\/isa\/#organization\"},\"potentialAction\":[{\"@type\":\"SearchAction\",\"target\":{\"@type\":\"EntryPoint\",\"urlTemplate\":\"https:\/\/www.isarodas.com.br\/isa\/?s={search_term_string}\"},\"query-input\":\"required name=search_term_string\"}],\"inLanguage\":\"pt-BR\"},{\"@type\":\"Organization\",\"@id\":\"https:\/\/www.isarodas.com.br\/isa\/#organization\",\"name\":\"Isarodas\",\"url\":\"https:\/\/www.isarodas.com.br\/isa\/\",\"logo\":{\"@type\":\"ImageObject\",\"inLanguage\":\"pt-BR\",\"@id\":\"https:\/\/www.isarodas.com.br\/isa\/#\/schema\/logo\/image\/\",\"url\":\"https:\/\/www.isarodas.com.br\/isa\/wp-content\/uploads\/2024\/03\/cropped-lgs-1.png\",\"contentUrl\":\"https:\/\/www.isarodas.com.br\/isa\/wp-content\/uploads\/2024\/03\/cropped-lgs-1.png\",\"width\":120,\"height\":119,\"caption\":\"Isarodas\"},\"image\":{\"@id\":\"https:\/\/www.isarodas.com.br\/isa\/#\/schema\/logo\/image\/\"},\"sameAs\":[\"https:\/\/www.facebook.com\/isarodasoficial\/\",\"https:\/\/www.youtube.com\/@isarodas9312\",\"https:\/\/www.instagram.com\/isarodasoficial\/\"]}]}<\/script>\n<!-- \/ Yoast SEO plugin. -->","yoast_head_json":{"title":"Kit 5 Esp\u00e1tulas Forjadas 6cm - Pacceta","description":"esp\u00e1tulas forjadas de alta qualidade, projetadas para uma variedade de aplica\u00e7\u00f5es em trabalhos manuais, artesanato, marcenaria e muito mais.","robots":{"index":"index","follow":"follow","max-snippet":"max-snippet:-1","max-image-preview":"max-image-preview:large","max-video-preview":"max-video-preview:-1"},"canonical":"https:\/\/www.isarodas.com.br\/isa\/store\/construcao\/kit-5-espatulas-forjadas-6cm-pacceta\/","og_locale":"pt_BR","og_type":"article","og_title":"Kit 5 Esp\u00e1tulas Forjadas 6cm - Pacceta","og_description":"esp\u00e1tulas forjadas de alta qualidade, projetadas para uma variedade de aplica\u00e7\u00f5es em trabalhos manuais, artesanato, marcenaria e muito mais.","og_url":"https:\/\/www.isarodas.com.br\/isa\/store\/construcao\/kit-5-espatulas-forjadas-6cm-pacceta\/","og_site_name":"Isarodas","article_publisher":"https:\/\/www.facebook.com\/isarodasoficial\/","article_modified_time":"2024-04-10T18:30:36+00:00","og_image":[{"width":458,"height":741,"url":"https:\/\/www.isarodas.com.br\/isa\/wp-content\/uploads\/2024\/04\/D_NQ_NP_2X_757434-MLB33013063392_112019-F.webp","type":"image\/webp"}],"twitter_card":"summary_large_image","twitter_misc":{"Est. tempo de leitura":"2 minutos"},"schema":{"@context":"https:\/\/schema.org","@graph":[{"@type":"WebPage","@id":"https:\/\/www.isarodas.com.br\/isa\/store\/construcao\/kit-5-espatulas-forjadas-6cm-pacceta\/","url":"https:\/\/www.isarodas.com.br\/isa\/store\/construcao\/kit-5-espatulas-forjadas-6cm-pacceta\/","name":"Kit 5 Esp\u00e1tulas Forjadas 6cm - Pacceta","isPartOf":{"@id":"https:\/\/www.isarodas.com.br\/isa\/#website"},"primaryImageOfPage":{"@id":"https:\/\/www.isarodas.com.br\/isa\/store\/construcao\/kit-5-espatulas-forjadas-6cm-pacceta\/#primaryimage"},"image":{"@id":"https:\/\/www.isarodas.com.br\/isa\/store\/construcao\/kit-5-espatulas-forjadas-6cm-pacceta\/#primaryimage"},"thumbnailUrl":"https:\/\/www.isarodas.com.br\/isa\/wp-content\/uploads\/2024\/04\/D_NQ_NP_2X_757434-MLB33013063392_112019-F.webp","datePublished":"2024-04-10T18:30:35+00:00","dateModified":"2024-04-10T18:30:36+00:00","description":"esp\u00e1tulas forjadas de alta qualidade, projetadas para uma variedade de aplica\u00e7\u00f5es em trabalhos manuais, artesanato, marcenaria e muito mais.","breadcrumb":{"@id":"https:\/\/www.isarodas.com.br\/isa\/store\/construcao\/kit-5-espatulas-forjadas-6cm-pacceta\/#breadcrumb"},"inLanguage":"pt-BR","potentialAction":[{"@type":"ReadAction","target":["https:\/\/www.isarodas.com.br\/isa\/store\/construcao\/kit-5-espatulas-forjadas-6cm-pacceta\/"]}]},{"@type":"ImageObject","inLanguage":"pt-BR","@id":"https:\/\/www.isarodas.com.br\/isa\/store\/construcao\/kit-5-espatulas-forjadas-6cm-pacceta\/#primaryimage","url":"https:\/\/www.isarodas.com.br\/isa\/wp-content\/uploads\/2024\/04\/D_NQ_NP_2X_757434-MLB33013063392_112019-F.webp","contentUrl":"https:\/\/www.isarodas.com.br\/isa\/wp-content\/uploads\/2024\/04\/D_NQ_NP_2X_757434-MLB33013063392_112019-F.webp","width":458,"height":741},{"@type":"BreadcrumbList","@id":"https:\/\/www.isarodas.com.br\/isa\/store\/construcao\/kit-5-espatulas-forjadas-6cm-pacceta\/#breadcrumb","itemListElement":[{"@type":"ListItem","position":1,"name":"In\u00edcio","item":"https:\/\/www.isarodas.com.br\/isa\/"},{"@type":"ListItem","position":2,"name":"Store","item":"https:\/\/www.isarodas.com.br\/isa\/store\/"},{"@type":"ListItem","position":3,"name":"Kit 5 Esp\u00e1tulas Forjadas 6cm &#8211; Pacceta"}]},{"@type":"WebSite","@id":"https:\/\/www.isarodas.com.br\/isa\/#website","url":"https:\/\/www.isarodas.com.br\/isa\/","name":"Isarodas","description":"Ecommerce isarodas","publisher":{"@id":"https:\/\/www.isarodas.com.br\/isa\/#organization"},"potentialAction":[{"@type":"SearchAction","target":{"@type":"EntryPoint","urlTemplate":"https:\/\/www.isarodas.com.br\/isa\/?s={search_term_string}"},"query-input":"required name=search_term_string"}],"inLanguage":"pt-BR"},{"@type":"Organization","@id":"https:\/\/www.isarodas.com.br\/isa\/#organization","name":"Isarodas","url":"https:\/\/www.isarodas.com.br\/isa\/","logo":{"@type":"ImageObject","inLanguage":"pt-BR","@id":"https:\/\/www.isarodas.com.br\/isa\/#\/schema\/logo\/image\/","url":"https:\/\/www.isarodas.com.br\/isa\/wp-content\/uploads\/2024\/03\/cropped-lgs-1.png","contentUrl":"https:\/\/www.isarodas.com.br\/isa\/wp-content\/uploads\/2024\/03\/cropped-lgs-1.png","width":120,"height":119,"caption":"Isarodas"},"image":{"@id":"https:\/\/www.isarodas.com.br\/isa\/#\/schema\/logo\/image\/"},"sameAs":["https:\/\/www.facebook.com\/isarodasoficial\/","https:\/\/www.youtube.com\/@isarodas9312","https:\/\/www.instagram.com\/isarodasoficial\/"]}]}},"_links":{"self":[{"href":"https:\/\/www.isarodas.com.br\/isa\/wp-json\/wp\/v2\/product\/5235","targetHints":{"allow":["GET"]}}],"collection":[{"href":"https:\/\/www.isarodas.com.br\/isa\/wp-json\/wp\/v2\/product"}],"about":[{"href":"https:\/\/www.isarodas.com.br\/isa\/wp-json\/wp\/v2\/types\/product"}],"replies":[{"embeddable":true,"href":"https:\/\/www.isarodas.com.br\/isa\/wp-json\/wp\/v2\/comments?post=5235"}],"version-history":[{"count":1,"href":"https:\/\/www.isarodas.com.br\/isa\/wp-json\/wp\/v2\/product\/5235\/revisions"}],"predecessor-version":[{"id":5236,"href":"https:\/\/www.isarodas.com.br\/isa\/wp-json\/wp\/v2\/product\/5235\/revisions\/5236"}],"wp:featuredmedia":[{"embeddable":true,"href":"https:\/\/www.isarodas.com.br\/isa\/wp-json\/wp\/v2\/media\/4969"}],"wp:attachment":[{"href":"https:\/\/www.isarodas.com.br\/isa\/wp-json\/wp\/v2\/media?parent=5235"}],"wp:term":[{"taxonomy":"product_cat","embeddable":true,"href":"https:\/\/www.isarodas.com.br\/isa\/wp-json\/wp\/v2\/product_cat?post=5235"},{"taxonomy":"product_tag","embeddable":true,"href":"https:\/\/www.isarodas.com.br\/isa\/wp-json\/wp\/v2\/product_tag?post=5235"}],"curies":[{"name":"wp","href":"https:\/\/api.w.org\/{rel}","templated":true}]}}