{"id":5227,"date":"2024-04-10T15:18:42","date_gmt":"2024-04-10T18:18:42","guid":{"rendered":"https:\/\/www.isarodas.com.br\/isa\/?post_type=product&#038;p=5227"},"modified":"2024-04-10T15:18:42","modified_gmt":"2024-04-10T18:18:42","slug":"esmerilhadeira-lixadeira-angular-pneumatica-5pol-9ek-eda","status":"publish","type":"product","link":"https:\/\/www.isarodas.com.br\/isa\/store\/ferramentas\/esmerilhadeira-lixadeira-angular-pneumatica-5pol-9ek-eda\/","title":{"rendered":"Esmerilhadeira Lixadeira Angular Pneum\u00e1tica 5pol 9ek Eda"},"content":{"rendered":"<p>Obtenha Desempenho Superior com a Esmerilhadeira Lixadeira Angular Pneum\u00e1tica 5pol 9EK EDA!<\/p>\n<p>Esta ferramenta robusta oferece uma combina\u00e7\u00e3o poderosa de esmerilhamento e lixamento para uma variedade de aplica\u00e7\u00f5es industriais. Com um design angular e um di\u00e2metro de disco de 5 polegadas, proporciona controle preciso e acesso f\u00e1cil a \u00e1reas de dif\u00edcil alcance.<\/p>\n<p>Equipada com um motor pneum\u00e1tico eficiente, oferece pot\u00eancia consistente e confi\u00e1vel para um trabalho eficaz e sem interrup\u00e7\u00f5es. Seu corpo dur\u00e1vel e resistente aprimora a durabilidade, enquanto o design ergon\u00f4mico proporciona conforto durante longas horas de trabalho.<\/p>\n<p>Perfeita para desbaste, lixamento e acabamento, a Esmerilhadeira Lixadeira Angular Pneum\u00e1tica 5pol 9EK EDA \u00e9 a escolha ideal para profissionais que buscam qualidade e efici\u00eancia em suas tarefas di\u00e1rias.<\/p>\n<h2 class=\"ui-pdp-description__title\">Descri\u00e7\u00e3o<\/h2>\n<p class=\"ui-pdp-description__content\">&#8211; Equipada com trava de seguran\u00e7a no gatilho<br \/>\n&#8211; Acompanha empunhadura auxiliar e 2 chaves<\/p>\n<p>&#8211; Especifica\u00e7\u00f5es T\u00e9cnicas:<br \/>\n:: Di\u00e2metro do disco: 5&#8243;<br \/>\n:: Rota\u00e7\u00e3o Livre: 11.000rpm<br \/>\n:: Encaixe: 3\/8\u201d-24UNF \/ 5\/8-11UNC \/ M14X1.5<br \/>\n:: Consumo de ar: 6cfm<br \/>\n:: Press\u00e3o de trabalho: 90psi (6.3BAR)<br \/>\n:: Entrada de ar: 1\/4&#8243;<br \/>\n:: Mangueira: 3\/8\u201d<br \/>\n:: Comprimento total: 230 mm<\/p>\n","protected":false},"excerpt":{"rendered":"<p>Obtenha Desempenho Superior com a Esmerilhadeira Lixadeira Angular Pneum\u00e1tica 5pol 9EK EDA! Esta ferramenta robusta oferece uma combina\u00e7\u00e3o poderosa de esmerilhamento e lixamento para uma variedade de aplica\u00e7\u00f5es industriais. Com um design angular e um di\u00e2metro de disco de 5 polegadas, proporciona controle preciso e acesso f\u00e1cil a \u00e1reas de dif\u00edcil alcance. Equipada com um [&hellip;]<\/p>\n","protected":false},"featured_media":5228,"comment_status":"open","ping_status":"closed","template":"","meta":{"_acf_changed":false,"site-sidebar-layout":"default","site-content-layout":"","ast-site-content-layout":"default","site-content-style":"default","site-sidebar-style":"default","ast-global-header-display":"","ast-banner-title-visibility":"","ast-main-header-display":"","ast-hfb-above-header-display":"","ast-hfb-below-header-display":"","ast-hfb-mobile-header-display":"","site-post-title":"","ast-breadcrumbs-content":"","ast-featured-img":"","footer-sml-layout":"","theme-transparent-header-meta":"default","adv-header-id-meta":"","stick-header-meta":"","header-above-stick-meta":"","header-main-stick-meta":"","header-below-stick-meta":"","astra-migrate-meta-layouts":"set","ast-page-background-enabled":"default","ast-page-background-meta":{"desktop":{"background-color":"","background-image":"","background-repeat":"repeat","background-position":"center center","background-size":"auto","background-attachment":"scroll","background-type":"","background-media":"","overlay-type":"","overlay-color":"","overlay-gradient":""},"tablet":{"background-color":"","background-image":"","background-repeat":"repeat","background-position":"center center","background-size":"auto","background-attachment":"scroll","background-type":"","background-media":"","overlay-type":"","overlay-color":"","overlay-gradient":""},"mobile":{"background-color":"","background-image":"","background-repeat":"repeat","background-position":"center center","background-size":"auto","background-attachment":"scroll","background-type":"","background-media":"","overlay-type":"","overlay-color":"","overlay-gradient":""}},"ast-content-background-meta":{"desktop":{"background-color":"var(--ast-global-color-5)","background-image":"","background-repeat":"repeat","background-position":"center center","background-size":"auto","background-attachment":"scroll","background-type":"","background-media":"","overlay-type":"","overlay-color":"","overlay-gradient":""},"tablet":{"background-color":"var(--ast-global-color-5)","background-image":"","background-repeat":"repeat","background-position":"center center","background-size":"auto","background-attachment":"scroll","background-type":"","background-media":"","overlay-type":"","overlay-color":"","overlay-gradient":""},"mobile":{"background-color":"var(--ast-global-color-5)","background-image":"","background-repeat":"repeat","background-position":"center center","background-size":"auto","background-attachment":"scroll","background-type":"","background-media":"","overlay-type":"","overlay-color":"","overlay-gradient":""}}},"product_cat":[62],"product_tag":[],"class_list":{"0":"post-5227","1":"product","2":"type-product","3":"status-publish","4":"has-post-thumbnail","6":"product_cat-ferramentas","7":"desktop-align-left","8":"tablet-align-left","9":"mobile-align-left","11":"first","12":"instock","13":"sale","14":"shipping-taxable","15":"purchasable","16":"product-type-simple"},"acf":[],"yoast_head":"<!-- This site is optimized with the Yoast SEO plugin v22.3 - https:\/\/yoast.com\/wordpress\/plugins\/seo\/ -->\n<title>Esmerilhadeira Lixadeira Angular Pneum\u00e1tica 5pol 9ek Eda<\/title>\n<meta name=\"description\" content=\"esmerilhamento e lixamento para uma variedade de aplica\u00e7\u00f5es industriais. Com um design angular e um di\u00e2metro de disco de 5 polegadas, proporciona controle preciso e acesso f\u00e1cil a \u00e1reas de dif\u00edcil alcance.\" \/>\n<meta name=\"robots\" content=\"index, follow, max-snippet:-1, max-image-preview:large, max-video-preview:-1\" \/>\n<link rel=\"canonical\" href=\"https:\/\/www.isarodas.com.br\/isa\/store\/ferramentas\/esmerilhadeira-lixadeira-angular-pneumatica-5pol-9ek-eda\/\" \/>\n<meta property=\"og:locale\" content=\"pt_BR\" \/>\n<meta property=\"og:type\" content=\"article\" \/>\n<meta property=\"og:title\" content=\"Esmerilhadeira Lixadeira Angular Pneum\u00e1tica 5pol 9ek Eda\" \/>\n<meta property=\"og:description\" content=\"esmerilhamento e lixamento para uma variedade de aplica\u00e7\u00f5es industriais. Com um design angular e um di\u00e2metro de disco de 5 polegadas, proporciona controle preciso e acesso f\u00e1cil a \u00e1reas de dif\u00edcil alcance.\" \/>\n<meta property=\"og:url\" content=\"https:\/\/www.isarodas.com.br\/isa\/store\/ferramentas\/esmerilhadeira-lixadeira-angular-pneumatica-5pol-9ek-eda\/\" \/>\n<meta property=\"og:site_name\" content=\"Isarodas\" \/>\n<meta property=\"article:publisher\" content=\"https:\/\/www.facebook.com\/isarodasoficial\/\" \/>\n<meta property=\"og:image\" content=\"https:\/\/www.isarodas.com.br\/isa\/wp-content\/uploads\/2024\/04\/D_NQ_NP_910568-MLB42577062126_072020E-O.webp\" \/>\n\t<meta property=\"og:image:width\" content=\"500\" \/>\n\t<meta property=\"og:image:height\" content=\"470\" \/>\n\t<meta property=\"og:image:type\" content=\"image\/webp\" \/>\n<meta name=\"twitter:card\" content=\"summary_large_image\" \/>\n<meta name=\"twitter:label1\" content=\"Est. tempo de leitura\" \/>\n\t<meta name=\"twitter:data1\" content=\"2 minutos\" \/>\n<script type=\"application\/ld+json\" class=\"yoast-schema-graph\">{\"@context\":\"https:\/\/schema.org\",\"@graph\":[{\"@type\":\"WebPage\",\"@id\":\"https:\/\/www.isarodas.com.br\/isa\/store\/ferramentas\/esmerilhadeira-lixadeira-angular-pneumatica-5pol-9ek-eda\/\",\"url\":\"https:\/\/www.isarodas.com.br\/isa\/store\/ferramentas\/esmerilhadeira-lixadeira-angular-pneumatica-5pol-9ek-eda\/\",\"name\":\"Esmerilhadeira Lixadeira Angular Pneum\u00e1tica 5pol 9ek Eda\",\"isPartOf\":{\"@id\":\"https:\/\/www.isarodas.com.br\/isa\/#website\"},\"primaryImageOfPage\":{\"@id\":\"https:\/\/www.isarodas.com.br\/isa\/store\/ferramentas\/esmerilhadeira-lixadeira-angular-pneumatica-5pol-9ek-eda\/#primaryimage\"},\"image\":{\"@id\":\"https:\/\/www.isarodas.com.br\/isa\/store\/ferramentas\/esmerilhadeira-lixadeira-angular-pneumatica-5pol-9ek-eda\/#primaryimage\"},\"thumbnailUrl\":\"https:\/\/www.isarodas.com.br\/isa\/wp-content\/uploads\/2024\/04\/D_NQ_NP_910568-MLB42577062126_072020E-O.webp\",\"datePublished\":\"2024-04-10T18:18:42+00:00\",\"dateModified\":\"2024-04-10T18:18:42+00:00\",\"description\":\"esmerilhamento e lixamento para uma variedade de aplica\u00e7\u00f5es industriais. Com um design angular e um di\u00e2metro de disco de 5 polegadas, proporciona controle preciso e acesso f\u00e1cil a \u00e1reas de dif\u00edcil alcance.\",\"breadcrumb\":{\"@id\":\"https:\/\/www.isarodas.com.br\/isa\/store\/ferramentas\/esmerilhadeira-lixadeira-angular-pneumatica-5pol-9ek-eda\/#breadcrumb\"},\"inLanguage\":\"pt-BR\",\"potentialAction\":[{\"@type\":\"ReadAction\",\"target\":[\"https:\/\/www.isarodas.com.br\/isa\/store\/ferramentas\/esmerilhadeira-lixadeira-angular-pneumatica-5pol-9ek-eda\/\"]}]},{\"@type\":\"ImageObject\",\"inLanguage\":\"pt-BR\",\"@id\":\"https:\/\/www.isarodas.com.br\/isa\/store\/ferramentas\/esmerilhadeira-lixadeira-angular-pneumatica-5pol-9ek-eda\/#primaryimage\",\"url\":\"https:\/\/www.isarodas.com.br\/isa\/wp-content\/uploads\/2024\/04\/D_NQ_NP_910568-MLB42577062126_072020E-O.webp\",\"contentUrl\":\"https:\/\/www.isarodas.com.br\/isa\/wp-content\/uploads\/2024\/04\/D_NQ_NP_910568-MLB42577062126_072020E-O.webp\",\"width\":500,\"height\":470},{\"@type\":\"BreadcrumbList\",\"@id\":\"https:\/\/www.isarodas.com.br\/isa\/store\/ferramentas\/esmerilhadeira-lixadeira-angular-pneumatica-5pol-9ek-eda\/#breadcrumb\",\"itemListElement\":[{\"@type\":\"ListItem\",\"position\":1,\"name\":\"In\u00edcio\",\"item\":\"https:\/\/www.isarodas.com.br\/isa\/\"},{\"@type\":\"ListItem\",\"position\":2,\"name\":\"Store\",\"item\":\"https:\/\/www.isarodas.com.br\/isa\/store\/\"},{\"@type\":\"ListItem\",\"position\":3,\"name\":\"Esmerilhadeira Lixadeira Angular Pneum\u00e1tica 5pol 9ek Eda\"}]},{\"@type\":\"WebSite\",\"@id\":\"https:\/\/www.isarodas.com.br\/isa\/#website\",\"url\":\"https:\/\/www.isarodas.com.br\/isa\/\",\"name\":\"Isarodas\",\"description\":\"Ecommerce isarodas\",\"publisher\":{\"@id\":\"https:\/\/www.isarodas.com.br\/isa\/#organization\"},\"potentialAction\":[{\"@type\":\"SearchAction\",\"target\":{\"@type\":\"EntryPoint\",\"urlTemplate\":\"https:\/\/www.isarodas.com.br\/isa\/?s={search_term_string}\"},\"query-input\":\"required name=search_term_string\"}],\"inLanguage\":\"pt-BR\"},{\"@type\":\"Organization\",\"@id\":\"https:\/\/www.isarodas.com.br\/isa\/#organization\",\"name\":\"Isarodas\",\"url\":\"https:\/\/www.isarodas.com.br\/isa\/\",\"logo\":{\"@type\":\"ImageObject\",\"inLanguage\":\"pt-BR\",\"@id\":\"https:\/\/www.isarodas.com.br\/isa\/#\/schema\/logo\/image\/\",\"url\":\"https:\/\/www.isarodas.com.br\/isa\/wp-content\/uploads\/2024\/03\/cropped-lgs-1.png\",\"contentUrl\":\"https:\/\/www.isarodas.com.br\/isa\/wp-content\/uploads\/2024\/03\/cropped-lgs-1.png\",\"width\":120,\"height\":119,\"caption\":\"Isarodas\"},\"image\":{\"@id\":\"https:\/\/www.isarodas.com.br\/isa\/#\/schema\/logo\/image\/\"},\"sameAs\":[\"https:\/\/www.facebook.com\/isarodasoficial\/\",\"https:\/\/www.youtube.com\/@isarodas9312\",\"https:\/\/www.instagram.com\/isarodasoficial\/\"]}]}<\/script>\n<!-- \/ Yoast SEO plugin. -->","yoast_head_json":{"title":"Esmerilhadeira Lixadeira Angular Pneum\u00e1tica 5pol 9ek Eda","description":"esmerilhamento e lixamento para uma variedade de aplica\u00e7\u00f5es industriais. Com um design angular e um di\u00e2metro de disco de 5 polegadas, proporciona controle preciso e acesso f\u00e1cil a \u00e1reas de dif\u00edcil alcance.","robots":{"index":"index","follow":"follow","max-snippet":"max-snippet:-1","max-image-preview":"max-image-preview:large","max-video-preview":"max-video-preview:-1"},"canonical":"https:\/\/www.isarodas.com.br\/isa\/store\/ferramentas\/esmerilhadeira-lixadeira-angular-pneumatica-5pol-9ek-eda\/","og_locale":"pt_BR","og_type":"article","og_title":"Esmerilhadeira Lixadeira Angular Pneum\u00e1tica 5pol 9ek Eda","og_description":"esmerilhamento e lixamento para uma variedade de aplica\u00e7\u00f5es industriais. Com um design angular e um di\u00e2metro de disco de 5 polegadas, proporciona controle preciso e acesso f\u00e1cil a \u00e1reas de dif\u00edcil alcance.","og_url":"https:\/\/www.isarodas.com.br\/isa\/store\/ferramentas\/esmerilhadeira-lixadeira-angular-pneumatica-5pol-9ek-eda\/","og_site_name":"Isarodas","article_publisher":"https:\/\/www.facebook.com\/isarodasoficial\/","og_image":[{"width":500,"height":470,"url":"https:\/\/www.isarodas.com.br\/isa\/wp-content\/uploads\/2024\/04\/D_NQ_NP_910568-MLB42577062126_072020E-O.webp","type":"image\/webp"}],"twitter_card":"summary_large_image","twitter_misc":{"Est. tempo de leitura":"2 minutos"},"schema":{"@context":"https:\/\/schema.org","@graph":[{"@type":"WebPage","@id":"https:\/\/www.isarodas.com.br\/isa\/store\/ferramentas\/esmerilhadeira-lixadeira-angular-pneumatica-5pol-9ek-eda\/","url":"https:\/\/www.isarodas.com.br\/isa\/store\/ferramentas\/esmerilhadeira-lixadeira-angular-pneumatica-5pol-9ek-eda\/","name":"Esmerilhadeira Lixadeira Angular Pneum\u00e1tica 5pol 9ek Eda","isPartOf":{"@id":"https:\/\/www.isarodas.com.br\/isa\/#website"},"primaryImageOfPage":{"@id":"https:\/\/www.isarodas.com.br\/isa\/store\/ferramentas\/esmerilhadeira-lixadeira-angular-pneumatica-5pol-9ek-eda\/#primaryimage"},"image":{"@id":"https:\/\/www.isarodas.com.br\/isa\/store\/ferramentas\/esmerilhadeira-lixadeira-angular-pneumatica-5pol-9ek-eda\/#primaryimage"},"thumbnailUrl":"https:\/\/www.isarodas.com.br\/isa\/wp-content\/uploads\/2024\/04\/D_NQ_NP_910568-MLB42577062126_072020E-O.webp","datePublished":"2024-04-10T18:18:42+00:00","dateModified":"2024-04-10T18:18:42+00:00","description":"esmerilhamento e lixamento para uma variedade de aplica\u00e7\u00f5es industriais. Com um design angular e um di\u00e2metro de disco de 5 polegadas, proporciona controle preciso e acesso f\u00e1cil a \u00e1reas de dif\u00edcil alcance.","breadcrumb":{"@id":"https:\/\/www.isarodas.com.br\/isa\/store\/ferramentas\/esmerilhadeira-lixadeira-angular-pneumatica-5pol-9ek-eda\/#breadcrumb"},"inLanguage":"pt-BR","potentialAction":[{"@type":"ReadAction","target":["https:\/\/www.isarodas.com.br\/isa\/store\/ferramentas\/esmerilhadeira-lixadeira-angular-pneumatica-5pol-9ek-eda\/"]}]},{"@type":"ImageObject","inLanguage":"pt-BR","@id":"https:\/\/www.isarodas.com.br\/isa\/store\/ferramentas\/esmerilhadeira-lixadeira-angular-pneumatica-5pol-9ek-eda\/#primaryimage","url":"https:\/\/www.isarodas.com.br\/isa\/wp-content\/uploads\/2024\/04\/D_NQ_NP_910568-MLB42577062126_072020E-O.webp","contentUrl":"https:\/\/www.isarodas.com.br\/isa\/wp-content\/uploads\/2024\/04\/D_NQ_NP_910568-MLB42577062126_072020E-O.webp","width":500,"height":470},{"@type":"BreadcrumbList","@id":"https:\/\/www.isarodas.com.br\/isa\/store\/ferramentas\/esmerilhadeira-lixadeira-angular-pneumatica-5pol-9ek-eda\/#breadcrumb","itemListElement":[{"@type":"ListItem","position":1,"name":"In\u00edcio","item":"https:\/\/www.isarodas.com.br\/isa\/"},{"@type":"ListItem","position":2,"name":"Store","item":"https:\/\/www.isarodas.com.br\/isa\/store\/"},{"@type":"ListItem","position":3,"name":"Esmerilhadeira Lixadeira Angular Pneum\u00e1tica 5pol 9ek Eda"}]},{"@type":"WebSite","@id":"https:\/\/www.isarodas.com.br\/isa\/#website","url":"https:\/\/www.isarodas.com.br\/isa\/","name":"Isarodas","description":"Ecommerce isarodas","publisher":{"@id":"https:\/\/www.isarodas.com.br\/isa\/#organization"},"potentialAction":[{"@type":"SearchAction","target":{"@type":"EntryPoint","urlTemplate":"https:\/\/www.isarodas.com.br\/isa\/?s={search_term_string}"},"query-input":"required name=search_term_string"}],"inLanguage":"pt-BR"},{"@type":"Organization","@id":"https:\/\/www.isarodas.com.br\/isa\/#organization","name":"Isarodas","url":"https:\/\/www.isarodas.com.br\/isa\/","logo":{"@type":"ImageObject","inLanguage":"pt-BR","@id":"https:\/\/www.isarodas.com.br\/isa\/#\/schema\/logo\/image\/","url":"https:\/\/www.isarodas.com.br\/isa\/wp-content\/uploads\/2024\/03\/cropped-lgs-1.png","contentUrl":"https:\/\/www.isarodas.com.br\/isa\/wp-content\/uploads\/2024\/03\/cropped-lgs-1.png","width":120,"height":119,"caption":"Isarodas"},"image":{"@id":"https:\/\/www.isarodas.com.br\/isa\/#\/schema\/logo\/image\/"},"sameAs":["https:\/\/www.facebook.com\/isarodasoficial\/","https:\/\/www.youtube.com\/@isarodas9312","https:\/\/www.instagram.com\/isarodasoficial\/"]}]}},"_links":{"self":[{"href":"https:\/\/www.isarodas.com.br\/isa\/wp-json\/wp\/v2\/product\/5227","targetHints":{"allow":["GET"]}}],"collection":[{"href":"https:\/\/www.isarodas.com.br\/isa\/wp-json\/wp\/v2\/product"}],"about":[{"href":"https:\/\/www.isarodas.com.br\/isa\/wp-json\/wp\/v2\/types\/product"}],"replies":[{"embeddable":true,"href":"https:\/\/www.isarodas.com.br\/isa\/wp-json\/wp\/v2\/comments?post=5227"}],"version-history":[{"count":1,"href":"https:\/\/www.isarodas.com.br\/isa\/wp-json\/wp\/v2\/product\/5227\/revisions"}],"predecessor-version":[{"id":5231,"href":"https:\/\/www.isarodas.com.br\/isa\/wp-json\/wp\/v2\/product\/5227\/revisions\/5231"}],"wp:featuredmedia":[{"embeddable":true,"href":"https:\/\/www.isarodas.com.br\/isa\/wp-json\/wp\/v2\/media\/5228"}],"wp:attachment":[{"href":"https:\/\/www.isarodas.com.br\/isa\/wp-json\/wp\/v2\/media?parent=5227"}],"wp:term":[{"taxonomy":"product_cat","embeddable":true,"href":"https:\/\/www.isarodas.com.br\/isa\/wp-json\/wp\/v2\/product_cat?post=5227"},{"taxonomy":"product_tag","embeddable":true,"href":"https:\/\/www.isarodas.com.br\/isa\/wp-json\/wp\/v2\/product_tag?post=5227"}],"curies":[{"name":"wp","href":"https:\/\/api.w.org\/{rel}","templated":true}]}}