{"id":5211,"date":"2024-04-10T14:57:41","date_gmt":"2024-04-10T17:57:41","guid":{"rendered":"https:\/\/www.isarodas.com.br\/isa\/?post_type=product&#038;p=5211"},"modified":"2024-04-10T14:57:41","modified_gmt":"2024-04-10T17:57:41","slug":"caneta-gravadora-pecas-objetos-metal-madeira-promocao","status":"publish","type":"product","link":"https:\/\/www.isarodas.com.br\/isa\/store\/ferramentas\/caneta-gravadora-pecas-objetos-metal-madeira-promocao\/","title":{"rendered":"Caneta Gravadora Pe\u00e7as Objetos Metal Madeira Promo\u00e7\u00e3o"},"content":{"rendered":"<p>Registre e Personalize com a Caneta Gravadora! Esta ferramenta vers\u00e1til permite que voc\u00ea grave em uma variedade de superf\u00edcies, incluindo metal, madeira e pl\u00e1stico. Perfeito para marcar pe\u00e7as e objetos com precis\u00e3o e durabilidade, esta caneta \u00e9 uma escolha ideal para profissionais e entusiastas de bricolagem. Aproveite nossa promo\u00e7\u00e3o especial e adquira j\u00e1 sua Caneta Gravadora para deixar sua marca em projetos futuros!<\/p>\n<p>&#8211; Dimens\u00f5es da Pe\u00e7a: 18 cm.<br \/>\n&#8211; Dimens\u00f5es da Embalagem: 12,5 x 3 x 26,5 cm.<br \/>\n&#8211; Material: ABS, POM, A\u00e7o carbono.<br \/>\n&#8211; Cor: Branco e Azul.<br \/>\n&#8211; Tipo de Embalagem: Blister.<br \/>\n&#8211; Marca: Western.<br \/>\n&#8211; Origem: China.<\/p>\n","protected":false},"excerpt":{"rendered":"<p>Registre e Personalize com a Caneta Gravadora! Esta ferramenta vers\u00e1til permite que voc\u00ea grave em uma variedade de superf\u00edcies, incluindo metal, madeira e pl\u00e1stico. Perfeito para marcar pe\u00e7as e objetos com precis\u00e3o e durabilidade, esta caneta \u00e9 uma escolha ideal para profissionais e entusiastas de bricolagem. Aproveite nossa promo\u00e7\u00e3o especial e adquira j\u00e1 sua Caneta [&hellip;]<\/p>\n","protected":false},"featured_media":5212,"comment_status":"open","ping_status":"closed","template":"","meta":{"_acf_changed":false,"site-sidebar-layout":"default","site-content-layout":"","ast-site-content-layout":"default","site-content-style":"default","site-sidebar-style":"default","ast-global-header-display":"","ast-banner-title-visibility":"","ast-main-header-display":"","ast-hfb-above-header-display":"","ast-hfb-below-header-display":"","ast-hfb-mobile-header-display":"","site-post-title":"","ast-breadcrumbs-content":"","ast-featured-img":"","footer-sml-layout":"","theme-transparent-header-meta":"default","adv-header-id-meta":"","stick-header-meta":"","header-above-stick-meta":"","header-main-stick-meta":"","header-below-stick-meta":"","astra-migrate-meta-layouts":"set","ast-page-background-enabled":"default","ast-page-background-meta":{"desktop":{"background-color":"","background-image":"","background-repeat":"repeat","background-position":"center center","background-size":"auto","background-attachment":"scroll","background-type":"","background-media":"","overlay-type":"","overlay-color":"","overlay-gradient":""},"tablet":{"background-color":"","background-image":"","background-repeat":"repeat","background-position":"center center","background-size":"auto","background-attachment":"scroll","background-type":"","background-media":"","overlay-type":"","overlay-color":"","overlay-gradient":""},"mobile":{"background-color":"","background-image":"","background-repeat":"repeat","background-position":"center center","background-size":"auto","background-attachment":"scroll","background-type":"","background-media":"","overlay-type":"","overlay-color":"","overlay-gradient":""}},"ast-content-background-meta":{"desktop":{"background-color":"var(--ast-global-color-5)","background-image":"","background-repeat":"repeat","background-position":"center center","background-size":"auto","background-attachment":"scroll","background-type":"","background-media":"","overlay-type":"","overlay-color":"","overlay-gradient":""},"tablet":{"background-color":"var(--ast-global-color-5)","background-image":"","background-repeat":"repeat","background-position":"center center","background-size":"auto","background-attachment":"scroll","background-type":"","background-media":"","overlay-type":"","overlay-color":"","overlay-gradient":""},"mobile":{"background-color":"var(--ast-global-color-5)","background-image":"","background-repeat":"repeat","background-position":"center center","background-size":"auto","background-attachment":"scroll","background-type":"","background-media":"","overlay-type":"","overlay-color":"","overlay-gradient":""}}},"product_cat":[62],"product_tag":[],"class_list":{"0":"post-5211","1":"product","2":"type-product","3":"status-publish","4":"has-post-thumbnail","6":"product_cat-ferramentas","7":"desktop-align-left","8":"tablet-align-left","9":"mobile-align-left","11":"first","12":"instock","13":"sale","14":"shipping-taxable","15":"purchasable","16":"product-type-simple"},"acf":[],"yoast_head":"<!-- This site is optimized with the Yoast SEO plugin v22.3 - https:\/\/yoast.com\/wordpress\/plugins\/seo\/ -->\n<title>Caneta Gravadora Pe\u00e7as Objetos Metal Madeira Promo\u00e7\u00e3o<\/title>\n<meta name=\"description\" content=\"Caneta Gravadora! Esta ferramenta vers\u00e1til permite que voc\u00ea grave em uma variedade de superf\u00edcies, incluindo metal, madeira e pl\u00e1stico.\" \/>\n<meta name=\"robots\" content=\"index, follow, max-snippet:-1, max-image-preview:large, max-video-preview:-1\" \/>\n<link rel=\"canonical\" href=\"https:\/\/www.isarodas.com.br\/isa\/store\/ferramentas\/caneta-gravadora-pecas-objetos-metal-madeira-promocao\/\" \/>\n<meta property=\"og:locale\" content=\"pt_BR\" \/>\n<meta property=\"og:type\" content=\"article\" \/>\n<meta property=\"og:title\" content=\"Caneta Gravadora Pe\u00e7as Objetos Metal Madeira Promo\u00e7\u00e3o\" \/>\n<meta property=\"og:description\" content=\"Caneta Gravadora! Esta ferramenta vers\u00e1til permite que voc\u00ea grave em uma variedade de superf\u00edcies, incluindo metal, madeira e pl\u00e1stico.\" \/>\n<meta property=\"og:url\" content=\"https:\/\/www.isarodas.com.br\/isa\/store\/ferramentas\/caneta-gravadora-pecas-objetos-metal-madeira-promocao\/\" \/>\n<meta property=\"og:site_name\" content=\"Isarodas\" \/>\n<meta property=\"article:publisher\" content=\"https:\/\/www.facebook.com\/isarodasoficial\/\" \/>\n<meta property=\"og:image\" content=\"https:\/\/www.isarodas.com.br\/isa\/wp-content\/uploads\/2024\/04\/D_NQ_NP_973483-MLB32735167437_112019-O.webp\" \/>\n\t<meta property=\"og:image:width\" content=\"249\" \/>\n\t<meta property=\"og:image:height\" content=\"500\" \/>\n\t<meta property=\"og:image:type\" content=\"image\/webp\" \/>\n<meta name=\"twitter:card\" content=\"summary_large_image\" \/>\n<meta name=\"twitter:label1\" content=\"Est. tempo de leitura\" \/>\n\t<meta name=\"twitter:data1\" content=\"1 minuto\" \/>\n<script type=\"application\/ld+json\" class=\"yoast-schema-graph\">{\"@context\":\"https:\/\/schema.org\",\"@graph\":[{\"@type\":\"WebPage\",\"@id\":\"https:\/\/www.isarodas.com.br\/isa\/store\/ferramentas\/caneta-gravadora-pecas-objetos-metal-madeira-promocao\/\",\"url\":\"https:\/\/www.isarodas.com.br\/isa\/store\/ferramentas\/caneta-gravadora-pecas-objetos-metal-madeira-promocao\/\",\"name\":\"Caneta Gravadora Pe\u00e7as Objetos Metal Madeira Promo\u00e7\u00e3o\",\"isPartOf\":{\"@id\":\"https:\/\/www.isarodas.com.br\/isa\/#website\"},\"primaryImageOfPage\":{\"@id\":\"https:\/\/www.isarodas.com.br\/isa\/store\/ferramentas\/caneta-gravadora-pecas-objetos-metal-madeira-promocao\/#primaryimage\"},\"image\":{\"@id\":\"https:\/\/www.isarodas.com.br\/isa\/store\/ferramentas\/caneta-gravadora-pecas-objetos-metal-madeira-promocao\/#primaryimage\"},\"thumbnailUrl\":\"https:\/\/www.isarodas.com.br\/isa\/wp-content\/uploads\/2024\/04\/D_NQ_NP_973483-MLB32735167437_112019-O.webp\",\"datePublished\":\"2024-04-10T17:57:41+00:00\",\"dateModified\":\"2024-04-10T17:57:41+00:00\",\"description\":\"Caneta Gravadora! Esta ferramenta vers\u00e1til permite que voc\u00ea grave em uma variedade de superf\u00edcies, incluindo metal, madeira e pl\u00e1stico.\",\"breadcrumb\":{\"@id\":\"https:\/\/www.isarodas.com.br\/isa\/store\/ferramentas\/caneta-gravadora-pecas-objetos-metal-madeira-promocao\/#breadcrumb\"},\"inLanguage\":\"pt-BR\",\"potentialAction\":[{\"@type\":\"ReadAction\",\"target\":[\"https:\/\/www.isarodas.com.br\/isa\/store\/ferramentas\/caneta-gravadora-pecas-objetos-metal-madeira-promocao\/\"]}]},{\"@type\":\"ImageObject\",\"inLanguage\":\"pt-BR\",\"@id\":\"https:\/\/www.isarodas.com.br\/isa\/store\/ferramentas\/caneta-gravadora-pecas-objetos-metal-madeira-promocao\/#primaryimage\",\"url\":\"https:\/\/www.isarodas.com.br\/isa\/wp-content\/uploads\/2024\/04\/D_NQ_NP_973483-MLB32735167437_112019-O.webp\",\"contentUrl\":\"https:\/\/www.isarodas.com.br\/isa\/wp-content\/uploads\/2024\/04\/D_NQ_NP_973483-MLB32735167437_112019-O.webp\",\"width\":249,\"height\":500},{\"@type\":\"BreadcrumbList\",\"@id\":\"https:\/\/www.isarodas.com.br\/isa\/store\/ferramentas\/caneta-gravadora-pecas-objetos-metal-madeira-promocao\/#breadcrumb\",\"itemListElement\":[{\"@type\":\"ListItem\",\"position\":1,\"name\":\"In\u00edcio\",\"item\":\"https:\/\/www.isarodas.com.br\/isa\/\"},{\"@type\":\"ListItem\",\"position\":2,\"name\":\"Store\",\"item\":\"https:\/\/www.isarodas.com.br\/isa\/store\/\"},{\"@type\":\"ListItem\",\"position\":3,\"name\":\"Caneta Gravadora Pe\u00e7as Objetos Metal Madeira Promo\u00e7\u00e3o\"}]},{\"@type\":\"WebSite\",\"@id\":\"https:\/\/www.isarodas.com.br\/isa\/#website\",\"url\":\"https:\/\/www.isarodas.com.br\/isa\/\",\"name\":\"Isarodas\",\"description\":\"Ecommerce isarodas\",\"publisher\":{\"@id\":\"https:\/\/www.isarodas.com.br\/isa\/#organization\"},\"potentialAction\":[{\"@type\":\"SearchAction\",\"target\":{\"@type\":\"EntryPoint\",\"urlTemplate\":\"https:\/\/www.isarodas.com.br\/isa\/?s={search_term_string}\"},\"query-input\":\"required name=search_term_string\"}],\"inLanguage\":\"pt-BR\"},{\"@type\":\"Organization\",\"@id\":\"https:\/\/www.isarodas.com.br\/isa\/#organization\",\"name\":\"Isarodas\",\"url\":\"https:\/\/www.isarodas.com.br\/isa\/\",\"logo\":{\"@type\":\"ImageObject\",\"inLanguage\":\"pt-BR\",\"@id\":\"https:\/\/www.isarodas.com.br\/isa\/#\/schema\/logo\/image\/\",\"url\":\"https:\/\/www.isarodas.com.br\/isa\/wp-content\/uploads\/2024\/03\/cropped-lgs-1.png\",\"contentUrl\":\"https:\/\/www.isarodas.com.br\/isa\/wp-content\/uploads\/2024\/03\/cropped-lgs-1.png\",\"width\":120,\"height\":119,\"caption\":\"Isarodas\"},\"image\":{\"@id\":\"https:\/\/www.isarodas.com.br\/isa\/#\/schema\/logo\/image\/\"},\"sameAs\":[\"https:\/\/www.facebook.com\/isarodasoficial\/\",\"https:\/\/www.youtube.com\/@isarodas9312\",\"https:\/\/www.instagram.com\/isarodasoficial\/\"]}]}<\/script>\n<!-- \/ Yoast SEO plugin. -->","yoast_head_json":{"title":"Caneta Gravadora Pe\u00e7as Objetos Metal Madeira Promo\u00e7\u00e3o","description":"Caneta Gravadora! Esta ferramenta vers\u00e1til permite que voc\u00ea grave em uma variedade de superf\u00edcies, incluindo metal, madeira e pl\u00e1stico.","robots":{"index":"index","follow":"follow","max-snippet":"max-snippet:-1","max-image-preview":"max-image-preview:large","max-video-preview":"max-video-preview:-1"},"canonical":"https:\/\/www.isarodas.com.br\/isa\/store\/ferramentas\/caneta-gravadora-pecas-objetos-metal-madeira-promocao\/","og_locale":"pt_BR","og_type":"article","og_title":"Caneta Gravadora Pe\u00e7as Objetos Metal Madeira Promo\u00e7\u00e3o","og_description":"Caneta Gravadora! Esta ferramenta vers\u00e1til permite que voc\u00ea grave em uma variedade de superf\u00edcies, incluindo metal, madeira e pl\u00e1stico.","og_url":"https:\/\/www.isarodas.com.br\/isa\/store\/ferramentas\/caneta-gravadora-pecas-objetos-metal-madeira-promocao\/","og_site_name":"Isarodas","article_publisher":"https:\/\/www.facebook.com\/isarodasoficial\/","og_image":[{"width":249,"height":500,"url":"https:\/\/www.isarodas.com.br\/isa\/wp-content\/uploads\/2024\/04\/D_NQ_NP_973483-MLB32735167437_112019-O.webp","type":"image\/webp"}],"twitter_card":"summary_large_image","twitter_misc":{"Est. tempo de leitura":"1 minuto"},"schema":{"@context":"https:\/\/schema.org","@graph":[{"@type":"WebPage","@id":"https:\/\/www.isarodas.com.br\/isa\/store\/ferramentas\/caneta-gravadora-pecas-objetos-metal-madeira-promocao\/","url":"https:\/\/www.isarodas.com.br\/isa\/store\/ferramentas\/caneta-gravadora-pecas-objetos-metal-madeira-promocao\/","name":"Caneta Gravadora Pe\u00e7as Objetos Metal Madeira Promo\u00e7\u00e3o","isPartOf":{"@id":"https:\/\/www.isarodas.com.br\/isa\/#website"},"primaryImageOfPage":{"@id":"https:\/\/www.isarodas.com.br\/isa\/store\/ferramentas\/caneta-gravadora-pecas-objetos-metal-madeira-promocao\/#primaryimage"},"image":{"@id":"https:\/\/www.isarodas.com.br\/isa\/store\/ferramentas\/caneta-gravadora-pecas-objetos-metal-madeira-promocao\/#primaryimage"},"thumbnailUrl":"https:\/\/www.isarodas.com.br\/isa\/wp-content\/uploads\/2024\/04\/D_NQ_NP_973483-MLB32735167437_112019-O.webp","datePublished":"2024-04-10T17:57:41+00:00","dateModified":"2024-04-10T17:57:41+00:00","description":"Caneta Gravadora! Esta ferramenta vers\u00e1til permite que voc\u00ea grave em uma variedade de superf\u00edcies, incluindo metal, madeira e pl\u00e1stico.","breadcrumb":{"@id":"https:\/\/www.isarodas.com.br\/isa\/store\/ferramentas\/caneta-gravadora-pecas-objetos-metal-madeira-promocao\/#breadcrumb"},"inLanguage":"pt-BR","potentialAction":[{"@type":"ReadAction","target":["https:\/\/www.isarodas.com.br\/isa\/store\/ferramentas\/caneta-gravadora-pecas-objetos-metal-madeira-promocao\/"]}]},{"@type":"ImageObject","inLanguage":"pt-BR","@id":"https:\/\/www.isarodas.com.br\/isa\/store\/ferramentas\/caneta-gravadora-pecas-objetos-metal-madeira-promocao\/#primaryimage","url":"https:\/\/www.isarodas.com.br\/isa\/wp-content\/uploads\/2024\/04\/D_NQ_NP_973483-MLB32735167437_112019-O.webp","contentUrl":"https:\/\/www.isarodas.com.br\/isa\/wp-content\/uploads\/2024\/04\/D_NQ_NP_973483-MLB32735167437_112019-O.webp","width":249,"height":500},{"@type":"BreadcrumbList","@id":"https:\/\/www.isarodas.com.br\/isa\/store\/ferramentas\/caneta-gravadora-pecas-objetos-metal-madeira-promocao\/#breadcrumb","itemListElement":[{"@type":"ListItem","position":1,"name":"In\u00edcio","item":"https:\/\/www.isarodas.com.br\/isa\/"},{"@type":"ListItem","position":2,"name":"Store","item":"https:\/\/www.isarodas.com.br\/isa\/store\/"},{"@type":"ListItem","position":3,"name":"Caneta Gravadora Pe\u00e7as Objetos Metal Madeira Promo\u00e7\u00e3o"}]},{"@type":"WebSite","@id":"https:\/\/www.isarodas.com.br\/isa\/#website","url":"https:\/\/www.isarodas.com.br\/isa\/","name":"Isarodas","description":"Ecommerce isarodas","publisher":{"@id":"https:\/\/www.isarodas.com.br\/isa\/#organization"},"potentialAction":[{"@type":"SearchAction","target":{"@type":"EntryPoint","urlTemplate":"https:\/\/www.isarodas.com.br\/isa\/?s={search_term_string}"},"query-input":"required name=search_term_string"}],"inLanguage":"pt-BR"},{"@type":"Organization","@id":"https:\/\/www.isarodas.com.br\/isa\/#organization","name":"Isarodas","url":"https:\/\/www.isarodas.com.br\/isa\/","logo":{"@type":"ImageObject","inLanguage":"pt-BR","@id":"https:\/\/www.isarodas.com.br\/isa\/#\/schema\/logo\/image\/","url":"https:\/\/www.isarodas.com.br\/isa\/wp-content\/uploads\/2024\/03\/cropped-lgs-1.png","contentUrl":"https:\/\/www.isarodas.com.br\/isa\/wp-content\/uploads\/2024\/03\/cropped-lgs-1.png","width":120,"height":119,"caption":"Isarodas"},"image":{"@id":"https:\/\/www.isarodas.com.br\/isa\/#\/schema\/logo\/image\/"},"sameAs":["https:\/\/www.facebook.com\/isarodasoficial\/","https:\/\/www.youtube.com\/@isarodas9312","https:\/\/www.instagram.com\/isarodasoficial\/"]}]}},"_links":{"self":[{"href":"https:\/\/www.isarodas.com.br\/isa\/wp-json\/wp\/v2\/product\/5211","targetHints":{"allow":["GET"]}}],"collection":[{"href":"https:\/\/www.isarodas.com.br\/isa\/wp-json\/wp\/v2\/product"}],"about":[{"href":"https:\/\/www.isarodas.com.br\/isa\/wp-json\/wp\/v2\/types\/product"}],"replies":[{"embeddable":true,"href":"https:\/\/www.isarodas.com.br\/isa\/wp-json\/wp\/v2\/comments?post=5211"}],"version-history":[{"count":1,"href":"https:\/\/www.isarodas.com.br\/isa\/wp-json\/wp\/v2\/product\/5211\/revisions"}],"predecessor-version":[{"id":5213,"href":"https:\/\/www.isarodas.com.br\/isa\/wp-json\/wp\/v2\/product\/5211\/revisions\/5213"}],"wp:featuredmedia":[{"embeddable":true,"href":"https:\/\/www.isarodas.com.br\/isa\/wp-json\/wp\/v2\/media\/5212"}],"wp:attachment":[{"href":"https:\/\/www.isarodas.com.br\/isa\/wp-json\/wp\/v2\/media?parent=5211"}],"wp:term":[{"taxonomy":"product_cat","embeddable":true,"href":"https:\/\/www.isarodas.com.br\/isa\/wp-json\/wp\/v2\/product_cat?post=5211"},{"taxonomy":"product_tag","embeddable":true,"href":"https:\/\/www.isarodas.com.br\/isa\/wp-json\/wp\/v2\/product_tag?post=5211"}],"curies":[{"name":"wp","href":"https:\/\/api.w.org\/{rel}","templated":true}]}}