{"id":5202,"date":"2024-04-10T14:50:13","date_gmt":"2024-04-10T17:50:13","guid":{"rendered":"https:\/\/www.isarodas.com.br\/isa\/?post_type=product&#038;p=5202"},"modified":"2024-04-10T14:50:13","modified_gmt":"2024-04-10T17:50:13","slug":"mata-cupim-otto-penetrol-400ml-splay-vedacit-original","status":"publish","type":"product","link":"https:\/\/www.isarodas.com.br\/isa\/store\/utilidades\/mata-cupim-otto-penetrol-400ml-splay-vedacit-original\/","title":{"rendered":"Mata Cupim Otto Penetrol 400ml Splay Vedacit Original"},"content":{"rendered":"<p>Proteja sua Estrutura com o Mata Cupim Otto Penetrol 400ml Spray Vedacit &#8211; Original! Este produto oferece uma solu\u00e7\u00e3o eficaz para combater infesta\u00e7\u00f5es de cupins, ajudando a preservar a integridade da madeira em sua casa ou empreendimento. Sua f\u00f3rmula exclusiva penetra profundamente na madeira, eliminando os cupins e impedindo sua prolifera\u00e7\u00e3o. Fabricado pela renomada marca Vedacit, garante qualidade e confian\u00e7a. Mantenha sua estrutura protegida contra danos causados por cupins com o Mata Cupim Otto Penetrol Spray Vedacit!<\/p>\n<div id=\"description\" class=\"ui-pdp-container__row ui-pdp-container__row--description\">\n<div class=\"ui-pdp-collapsable ui-pdp-description-collapse\">\n<div class=\"ui-pdp-collapsable__container\">\n<div class=\"ui-pdp-description\">\n<p class=\"ui-pdp-description__content\">MATA CUPIM OTTO B.PENETROL AEROSOL 400ML<\/p>\n<\/div>\n<\/div>\n<\/div>\n<\/div>\n<div class=\"ui-vip-core-spot-middle\">\n<section class=\"ui-recommendations-carousel-wrapper-ref\">\n<div class=\"ui-recommendations-carousel-snapped ui-pdp-with--separator-top ui-pdp-with--separator-top--full mb-40 ui-pdp-with--separator ui-pdp-with--separator--full recos-override__card-vertical\">\n<div class=\"ui-recommendations-carousel-snapped__header\">\n<div class=\"ui-recommendations-carousel-snapped__header-titles\"><\/div>\n<\/div>\n<\/div>\n<\/section>\n<\/div>\n","protected":false},"excerpt":{"rendered":"<p>Proteja sua Estrutura com o Mata Cupim Otto Penetrol 400ml Spray Vedacit &#8211; Original! Este produto oferece uma solu\u00e7\u00e3o eficaz para combater infesta\u00e7\u00f5es de cupins, ajudando a preservar a integridade da madeira em sua casa ou empreendimento. Sua f\u00f3rmula exclusiva penetra profundamente na madeira, eliminando os cupins e impedindo sua prolifera\u00e7\u00e3o. Fabricado pela renomada marca [&hellip;]<\/p>\n","protected":false},"featured_media":5203,"comment_status":"open","ping_status":"closed","template":"","meta":{"_acf_changed":false,"site-sidebar-layout":"default","site-content-layout":"","ast-site-content-layout":"default","site-content-style":"default","site-sidebar-style":"default","ast-global-header-display":"","ast-banner-title-visibility":"","ast-main-header-display":"","ast-hfb-above-header-display":"","ast-hfb-below-header-display":"","ast-hfb-mobile-header-display":"","site-post-title":"","ast-breadcrumbs-content":"","ast-featured-img":"","footer-sml-layout":"","theme-transparent-header-meta":"default","adv-header-id-meta":"","stick-header-meta":"","header-above-stick-meta":"","header-main-stick-meta":"","header-below-stick-meta":"","astra-migrate-meta-layouts":"set","ast-page-background-enabled":"default","ast-page-background-meta":{"desktop":{"background-color":"","background-image":"","background-repeat":"repeat","background-position":"center center","background-size":"auto","background-attachment":"scroll","background-type":"","background-media":"","overlay-type":"","overlay-color":"","overlay-gradient":""},"tablet":{"background-color":"","background-image":"","background-repeat":"repeat","background-position":"center center","background-size":"auto","background-attachment":"scroll","background-type":"","background-media":"","overlay-type":"","overlay-color":"","overlay-gradient":""},"mobile":{"background-color":"","background-image":"","background-repeat":"repeat","background-position":"center center","background-size":"auto","background-attachment":"scroll","background-type":"","background-media":"","overlay-type":"","overlay-color":"","overlay-gradient":""}},"ast-content-background-meta":{"desktop":{"background-color":"var(--ast-global-color-5)","background-image":"","background-repeat":"repeat","background-position":"center center","background-size":"auto","background-attachment":"scroll","background-type":"","background-media":"","overlay-type":"","overlay-color":"","overlay-gradient":""},"tablet":{"background-color":"var(--ast-global-color-5)","background-image":"","background-repeat":"repeat","background-position":"center center","background-size":"auto","background-attachment":"scroll","background-type":"","background-media":"","overlay-type":"","overlay-color":"","overlay-gradient":""},"mobile":{"background-color":"var(--ast-global-color-5)","background-image":"","background-repeat":"repeat","background-position":"center center","background-size":"auto","background-attachment":"scroll","background-type":"","background-media":"","overlay-type":"","overlay-color":"","overlay-gradient":""}}},"product_cat":[86],"product_tag":[],"class_list":{"0":"post-5202","1":"product","2":"type-product","3":"status-publish","4":"has-post-thumbnail","6":"product_cat-utilidades","7":"desktop-align-left","8":"tablet-align-left","9":"mobile-align-left","11":"first","12":"instock","13":"sale","14":"shipping-taxable","15":"purchasable","16":"product-type-simple"},"acf":[],"yoast_head":"<!-- This site is optimized with the Yoast SEO plugin v22.3 - https:\/\/yoast.com\/wordpress\/plugins\/seo\/ -->\n<title>Mata Cupim Otto Penetrol 400ml Splay Vedacit Original<\/title>\n<meta name=\"description\" content=\"Mata Cupim Otto Penetrol 400ml Spray Vedacit - Original! Este produto oferece uma solu\u00e7\u00e3o eficaz para combater infesta\u00e7\u00f5es de cupins, ajudando a preservar a integridade da madeira em sua casa ou empreendimento\" \/>\n<meta name=\"robots\" content=\"index, follow, max-snippet:-1, max-image-preview:large, max-video-preview:-1\" \/>\n<link rel=\"canonical\" href=\"https:\/\/www.isarodas.com.br\/isa\/store\/utilidades\/mata-cupim-otto-penetrol-400ml-splay-vedacit-original\/\" \/>\n<meta property=\"og:locale\" content=\"pt_BR\" \/>\n<meta property=\"og:type\" content=\"article\" \/>\n<meta property=\"og:title\" content=\"Mata Cupim Otto Penetrol 400ml Splay Vedacit Original\" \/>\n<meta property=\"og:description\" content=\"Mata Cupim Otto Penetrol 400ml Spray Vedacit - Original! Este produto oferece uma solu\u00e7\u00e3o eficaz para combater infesta\u00e7\u00f5es de cupins, ajudando a preservar a integridade da madeira em sua casa ou empreendimento\" \/>\n<meta property=\"og:url\" content=\"https:\/\/www.isarodas.com.br\/isa\/store\/utilidades\/mata-cupim-otto-penetrol-400ml-splay-vedacit-original\/\" \/>\n<meta property=\"og:site_name\" content=\"Isarodas\" \/>\n<meta property=\"article:publisher\" content=\"https:\/\/www.facebook.com\/isarodasoficial\/\" \/>\n<meta property=\"og:image\" content=\"https:\/\/www.isarodas.com.br\/isa\/wp-content\/uploads\/2024\/04\/D_NQ_NP_718350-MLB72005472037_092023-O.webp\" \/>\n\t<meta property=\"og:image:width\" content=\"500\" \/>\n\t<meta property=\"og:image:height\" content=\"500\" \/>\n\t<meta property=\"og:image:type\" content=\"image\/webp\" \/>\n<meta name=\"twitter:card\" content=\"summary_large_image\" \/>\n<meta name=\"twitter:label1\" content=\"Est. tempo de leitura\" \/>\n\t<meta name=\"twitter:data1\" content=\"1 minuto\" \/>\n<script type=\"application\/ld+json\" class=\"yoast-schema-graph\">{\"@context\":\"https:\/\/schema.org\",\"@graph\":[{\"@type\":\"WebPage\",\"@id\":\"https:\/\/www.isarodas.com.br\/isa\/store\/utilidades\/mata-cupim-otto-penetrol-400ml-splay-vedacit-original\/\",\"url\":\"https:\/\/www.isarodas.com.br\/isa\/store\/utilidades\/mata-cupim-otto-penetrol-400ml-splay-vedacit-original\/\",\"name\":\"Mata Cupim Otto Penetrol 400ml Splay Vedacit Original\",\"isPartOf\":{\"@id\":\"https:\/\/www.isarodas.com.br\/isa\/#website\"},\"primaryImageOfPage\":{\"@id\":\"https:\/\/www.isarodas.com.br\/isa\/store\/utilidades\/mata-cupim-otto-penetrol-400ml-splay-vedacit-original\/#primaryimage\"},\"image\":{\"@id\":\"https:\/\/www.isarodas.com.br\/isa\/store\/utilidades\/mata-cupim-otto-penetrol-400ml-splay-vedacit-original\/#primaryimage\"},\"thumbnailUrl\":\"https:\/\/www.isarodas.com.br\/isa\/wp-content\/uploads\/2024\/04\/D_NQ_NP_718350-MLB72005472037_092023-O.webp\",\"datePublished\":\"2024-04-10T17:50:13+00:00\",\"dateModified\":\"2024-04-10T17:50:13+00:00\",\"description\":\"Mata Cupim Otto Penetrol 400ml Spray Vedacit - Original! Este produto oferece uma solu\u00e7\u00e3o eficaz para combater infesta\u00e7\u00f5es de cupins, ajudando a preservar a integridade da madeira em sua casa ou empreendimento\",\"breadcrumb\":{\"@id\":\"https:\/\/www.isarodas.com.br\/isa\/store\/utilidades\/mata-cupim-otto-penetrol-400ml-splay-vedacit-original\/#breadcrumb\"},\"inLanguage\":\"pt-BR\",\"potentialAction\":[{\"@type\":\"ReadAction\",\"target\":[\"https:\/\/www.isarodas.com.br\/isa\/store\/utilidades\/mata-cupim-otto-penetrol-400ml-splay-vedacit-original\/\"]}]},{\"@type\":\"ImageObject\",\"inLanguage\":\"pt-BR\",\"@id\":\"https:\/\/www.isarodas.com.br\/isa\/store\/utilidades\/mata-cupim-otto-penetrol-400ml-splay-vedacit-original\/#primaryimage\",\"url\":\"https:\/\/www.isarodas.com.br\/isa\/wp-content\/uploads\/2024\/04\/D_NQ_NP_718350-MLB72005472037_092023-O.webp\",\"contentUrl\":\"https:\/\/www.isarodas.com.br\/isa\/wp-content\/uploads\/2024\/04\/D_NQ_NP_718350-MLB72005472037_092023-O.webp\",\"width\":500,\"height\":500},{\"@type\":\"BreadcrumbList\",\"@id\":\"https:\/\/www.isarodas.com.br\/isa\/store\/utilidades\/mata-cupim-otto-penetrol-400ml-splay-vedacit-original\/#breadcrumb\",\"itemListElement\":[{\"@type\":\"ListItem\",\"position\":1,\"name\":\"In\u00edcio\",\"item\":\"https:\/\/www.isarodas.com.br\/isa\/\"},{\"@type\":\"ListItem\",\"position\":2,\"name\":\"Store\",\"item\":\"https:\/\/www.isarodas.com.br\/isa\/store\/\"},{\"@type\":\"ListItem\",\"position\":3,\"name\":\"Mata Cupim Otto Penetrol 400ml Splay Vedacit Original\"}]},{\"@type\":\"WebSite\",\"@id\":\"https:\/\/www.isarodas.com.br\/isa\/#website\",\"url\":\"https:\/\/www.isarodas.com.br\/isa\/\",\"name\":\"Isarodas\",\"description\":\"Ecommerce isarodas\",\"publisher\":{\"@id\":\"https:\/\/www.isarodas.com.br\/isa\/#organization\"},\"potentialAction\":[{\"@type\":\"SearchAction\",\"target\":{\"@type\":\"EntryPoint\",\"urlTemplate\":\"https:\/\/www.isarodas.com.br\/isa\/?s={search_term_string}\"},\"query-input\":\"required name=search_term_string\"}],\"inLanguage\":\"pt-BR\"},{\"@type\":\"Organization\",\"@id\":\"https:\/\/www.isarodas.com.br\/isa\/#organization\",\"name\":\"Isarodas\",\"url\":\"https:\/\/www.isarodas.com.br\/isa\/\",\"logo\":{\"@type\":\"ImageObject\",\"inLanguage\":\"pt-BR\",\"@id\":\"https:\/\/www.isarodas.com.br\/isa\/#\/schema\/logo\/image\/\",\"url\":\"https:\/\/www.isarodas.com.br\/isa\/wp-content\/uploads\/2024\/03\/cropped-lgs-1.png\",\"contentUrl\":\"https:\/\/www.isarodas.com.br\/isa\/wp-content\/uploads\/2024\/03\/cropped-lgs-1.png\",\"width\":120,\"height\":119,\"caption\":\"Isarodas\"},\"image\":{\"@id\":\"https:\/\/www.isarodas.com.br\/isa\/#\/schema\/logo\/image\/\"},\"sameAs\":[\"https:\/\/www.facebook.com\/isarodasoficial\/\",\"https:\/\/www.youtube.com\/@isarodas9312\",\"https:\/\/www.instagram.com\/isarodasoficial\/\"]}]}<\/script>\n<!-- \/ Yoast SEO plugin. -->","yoast_head_json":{"title":"Mata Cupim Otto Penetrol 400ml Splay Vedacit Original","description":"Mata Cupim Otto Penetrol 400ml Spray Vedacit - Original! Este produto oferece uma solu\u00e7\u00e3o eficaz para combater infesta\u00e7\u00f5es de cupins, ajudando a preservar a integridade da madeira em sua casa ou empreendimento","robots":{"index":"index","follow":"follow","max-snippet":"max-snippet:-1","max-image-preview":"max-image-preview:large","max-video-preview":"max-video-preview:-1"},"canonical":"https:\/\/www.isarodas.com.br\/isa\/store\/utilidades\/mata-cupim-otto-penetrol-400ml-splay-vedacit-original\/","og_locale":"pt_BR","og_type":"article","og_title":"Mata Cupim Otto Penetrol 400ml Splay Vedacit Original","og_description":"Mata Cupim Otto Penetrol 400ml Spray Vedacit - Original! Este produto oferece uma solu\u00e7\u00e3o eficaz para combater infesta\u00e7\u00f5es de cupins, ajudando a preservar a integridade da madeira em sua casa ou empreendimento","og_url":"https:\/\/www.isarodas.com.br\/isa\/store\/utilidades\/mata-cupim-otto-penetrol-400ml-splay-vedacit-original\/","og_site_name":"Isarodas","article_publisher":"https:\/\/www.facebook.com\/isarodasoficial\/","og_image":[{"width":500,"height":500,"url":"https:\/\/www.isarodas.com.br\/isa\/wp-content\/uploads\/2024\/04\/D_NQ_NP_718350-MLB72005472037_092023-O.webp","type":"image\/webp"}],"twitter_card":"summary_large_image","twitter_misc":{"Est. tempo de leitura":"1 minuto"},"schema":{"@context":"https:\/\/schema.org","@graph":[{"@type":"WebPage","@id":"https:\/\/www.isarodas.com.br\/isa\/store\/utilidades\/mata-cupim-otto-penetrol-400ml-splay-vedacit-original\/","url":"https:\/\/www.isarodas.com.br\/isa\/store\/utilidades\/mata-cupim-otto-penetrol-400ml-splay-vedacit-original\/","name":"Mata Cupim Otto Penetrol 400ml Splay Vedacit Original","isPartOf":{"@id":"https:\/\/www.isarodas.com.br\/isa\/#website"},"primaryImageOfPage":{"@id":"https:\/\/www.isarodas.com.br\/isa\/store\/utilidades\/mata-cupim-otto-penetrol-400ml-splay-vedacit-original\/#primaryimage"},"image":{"@id":"https:\/\/www.isarodas.com.br\/isa\/store\/utilidades\/mata-cupim-otto-penetrol-400ml-splay-vedacit-original\/#primaryimage"},"thumbnailUrl":"https:\/\/www.isarodas.com.br\/isa\/wp-content\/uploads\/2024\/04\/D_NQ_NP_718350-MLB72005472037_092023-O.webp","datePublished":"2024-04-10T17:50:13+00:00","dateModified":"2024-04-10T17:50:13+00:00","description":"Mata Cupim Otto Penetrol 400ml Spray Vedacit - Original! Este produto oferece uma solu\u00e7\u00e3o eficaz para combater infesta\u00e7\u00f5es de cupins, ajudando a preservar a integridade da madeira em sua casa ou empreendimento","breadcrumb":{"@id":"https:\/\/www.isarodas.com.br\/isa\/store\/utilidades\/mata-cupim-otto-penetrol-400ml-splay-vedacit-original\/#breadcrumb"},"inLanguage":"pt-BR","potentialAction":[{"@type":"ReadAction","target":["https:\/\/www.isarodas.com.br\/isa\/store\/utilidades\/mata-cupim-otto-penetrol-400ml-splay-vedacit-original\/"]}]},{"@type":"ImageObject","inLanguage":"pt-BR","@id":"https:\/\/www.isarodas.com.br\/isa\/store\/utilidades\/mata-cupim-otto-penetrol-400ml-splay-vedacit-original\/#primaryimage","url":"https:\/\/www.isarodas.com.br\/isa\/wp-content\/uploads\/2024\/04\/D_NQ_NP_718350-MLB72005472037_092023-O.webp","contentUrl":"https:\/\/www.isarodas.com.br\/isa\/wp-content\/uploads\/2024\/04\/D_NQ_NP_718350-MLB72005472037_092023-O.webp","width":500,"height":500},{"@type":"BreadcrumbList","@id":"https:\/\/www.isarodas.com.br\/isa\/store\/utilidades\/mata-cupim-otto-penetrol-400ml-splay-vedacit-original\/#breadcrumb","itemListElement":[{"@type":"ListItem","position":1,"name":"In\u00edcio","item":"https:\/\/www.isarodas.com.br\/isa\/"},{"@type":"ListItem","position":2,"name":"Store","item":"https:\/\/www.isarodas.com.br\/isa\/store\/"},{"@type":"ListItem","position":3,"name":"Mata Cupim Otto Penetrol 400ml Splay Vedacit Original"}]},{"@type":"WebSite","@id":"https:\/\/www.isarodas.com.br\/isa\/#website","url":"https:\/\/www.isarodas.com.br\/isa\/","name":"Isarodas","description":"Ecommerce isarodas","publisher":{"@id":"https:\/\/www.isarodas.com.br\/isa\/#organization"},"potentialAction":[{"@type":"SearchAction","target":{"@type":"EntryPoint","urlTemplate":"https:\/\/www.isarodas.com.br\/isa\/?s={search_term_string}"},"query-input":"required name=search_term_string"}],"inLanguage":"pt-BR"},{"@type":"Organization","@id":"https:\/\/www.isarodas.com.br\/isa\/#organization","name":"Isarodas","url":"https:\/\/www.isarodas.com.br\/isa\/","logo":{"@type":"ImageObject","inLanguage":"pt-BR","@id":"https:\/\/www.isarodas.com.br\/isa\/#\/schema\/logo\/image\/","url":"https:\/\/www.isarodas.com.br\/isa\/wp-content\/uploads\/2024\/03\/cropped-lgs-1.png","contentUrl":"https:\/\/www.isarodas.com.br\/isa\/wp-content\/uploads\/2024\/03\/cropped-lgs-1.png","width":120,"height":119,"caption":"Isarodas"},"image":{"@id":"https:\/\/www.isarodas.com.br\/isa\/#\/schema\/logo\/image\/"},"sameAs":["https:\/\/www.facebook.com\/isarodasoficial\/","https:\/\/www.youtube.com\/@isarodas9312","https:\/\/www.instagram.com\/isarodasoficial\/"]}]}},"_links":{"self":[{"href":"https:\/\/www.isarodas.com.br\/isa\/wp-json\/wp\/v2\/product\/5202","targetHints":{"allow":["GET"]}}],"collection":[{"href":"https:\/\/www.isarodas.com.br\/isa\/wp-json\/wp\/v2\/product"}],"about":[{"href":"https:\/\/www.isarodas.com.br\/isa\/wp-json\/wp\/v2\/types\/product"}],"replies":[{"embeddable":true,"href":"https:\/\/www.isarodas.com.br\/isa\/wp-json\/wp\/v2\/comments?post=5202"}],"version-history":[{"count":1,"href":"https:\/\/www.isarodas.com.br\/isa\/wp-json\/wp\/v2\/product\/5202\/revisions"}],"predecessor-version":[{"id":5204,"href":"https:\/\/www.isarodas.com.br\/isa\/wp-json\/wp\/v2\/product\/5202\/revisions\/5204"}],"wp:featuredmedia":[{"embeddable":true,"href":"https:\/\/www.isarodas.com.br\/isa\/wp-json\/wp\/v2\/media\/5203"}],"wp:attachment":[{"href":"https:\/\/www.isarodas.com.br\/isa\/wp-json\/wp\/v2\/media?parent=5202"}],"wp:term":[{"taxonomy":"product_cat","embeddable":true,"href":"https:\/\/www.isarodas.com.br\/isa\/wp-json\/wp\/v2\/product_cat?post=5202"},{"taxonomy":"product_tag","embeddable":true,"href":"https:\/\/www.isarodas.com.br\/isa\/wp-json\/wp\/v2\/product_tag?post=5202"}],"curies":[{"name":"wp","href":"https:\/\/api.w.org\/{rel}","templated":true}]}}