{"id":5174,"date":"2024-04-10T14:12:16","date_gmt":"2024-04-10T17:12:16","guid":{"rendered":"https:\/\/www.isarodas.com.br\/isa\/?post_type=product&#038;p=5174"},"modified":"2024-04-10T14:12:16","modified_gmt":"2024-04-10T17:12:16","slug":"cola-araldite-fix-pastosa-10min-branca-20gr-tek-bond","status":"publish","type":"product","link":"https:\/\/www.isarodas.com.br\/isa\/store\/utilidades\/cola-araldite-fix-pastosa-10min-branca-20gr-tek-bond\/","title":{"rendered":"Cola Araldite Fix Pastosa 10min Branca 20gr Tek Bond"},"content":{"rendered":"<h2 class=\"ui-pdp-description__title\">Descri\u00e7\u00e3o<\/h2>\n<p class=\"ui-pdp-description__content\">ARALDITE TEKBOND PASTA BRANCA (10 minutos) 20 Gramas<\/p>\n<p>Aplica\u00e7\u00e3o:<br \/>\nNo uso profissional e dom\u00e9stico. Araldite Fix \u00e9 indicado para reparos e colagens de pequenas superf\u00edcies de materiais lisos, porosos ou irregulares como azulejos, madeira, vidro, concreto, fibras naturais, pedras, a maioria dos pl\u00e1sticos r\u00edgidos (exceto polipropileno, polietileno e Nylon), metais e outros materiais. Resiste a temperaturas de at\u00e9 70\u00b0C, secagem inicial em 10 minutos e secagem total em 8 horas. Produto com baixo poder de escorrimento e com isso permite aplica\u00e7\u00f5es em superf\u00edcies verticais. Cura embaixo d\u00b4\u00e1gua e ap\u00f3s sua cura pode ser lixado, furado e pintado.<\/p>\n<p>Modo de usar:<\/p>\n<p>1. Limpar as superf\u00edcies a serem coladas, deixando-as isentas de oleosidade, poeira, oxida\u00e7\u00f5es e restos de tintas.<br \/>\n2. Utilizar a pr\u00f3pria tampa para abrir o tubo met\u00e1lico do produto.<br \/>\n3. Colocar a mesma quantidade do Componente A (resina) e do Componente B (endurecedor) no misturador.<br \/>\n4. Com aux\u00edlio da esp\u00e1tula misture bem o conte\u00fado at\u00e9 ficar homog\u00eaneo.<br \/>\n5. Utilizar a mistura em at\u00e9 5 minutos.<br \/>\n6. Aplicar uma camada da mistura sobre as duas partes, pressionar e aguardar a secagem completa.<br \/>\n7. Fechar cada tubo com a sua respectiva tampa. A invers\u00e3o da tampa, mesmo que moment\u00e2nea, pode causar a colagem da mesma.<br \/>\n8. Para reutilizar o misturador onde foi feita a mistura, esperar endurecer, flexionar a base e retirar a camada endurecida.<\/p>\n<p>Composi\u00e7\u00e3o:<\/p>\n<p>Componente A (resina): Resina ep\u00f3xi, Carbon black<br \/>\nComponente B (endurecedor): 2,4,6-tris(dimetilaminometil)fenol, Siloxanes and Silicones, di-Me, reaction products with silica.<\/p>\n<p>Cura Inicial: 10 minutos<\/p>\n<p>Cura Total: 8 horas<\/p>\n","protected":false},"excerpt":{"rendered":"<p>Descri\u00e7\u00e3o ARALDITE TEKBOND PASTA BRANCA (10 minutos) 20 Gramas Aplica\u00e7\u00e3o: No uso profissional e dom\u00e9stico. Araldite Fix \u00e9 indicado para reparos e colagens de pequenas superf\u00edcies de materiais lisos, porosos ou irregulares como azulejos, madeira, vidro, concreto, fibras naturais, pedras, a maioria dos pl\u00e1sticos r\u00edgidos (exceto polipropileno, polietileno e Nylon), metais e outros materiais. Resiste [&hellip;]<\/p>\n","protected":false},"featured_media":5175,"comment_status":"open","ping_status":"closed","template":"","meta":{"_acf_changed":false,"site-sidebar-layout":"default","site-content-layout":"","ast-site-content-layout":"default","site-content-style":"default","site-sidebar-style":"default","ast-global-header-display":"","ast-banner-title-visibility":"","ast-main-header-display":"","ast-hfb-above-header-display":"","ast-hfb-below-header-display":"","ast-hfb-mobile-header-display":"","site-post-title":"","ast-breadcrumbs-content":"","ast-featured-img":"","footer-sml-layout":"","theme-transparent-header-meta":"default","adv-header-id-meta":"","stick-header-meta":"","header-above-stick-meta":"","header-main-stick-meta":"","header-below-stick-meta":"","astra-migrate-meta-layouts":"set","ast-page-background-enabled":"default","ast-page-background-meta":{"desktop":{"background-color":"","background-image":"","background-repeat":"repeat","background-position":"center center","background-size":"auto","background-attachment":"scroll","background-type":"","background-media":"","overlay-type":"","overlay-color":"","overlay-gradient":""},"tablet":{"background-color":"","background-image":"","background-repeat":"repeat","background-position":"center center","background-size":"auto","background-attachment":"scroll","background-type":"","background-media":"","overlay-type":"","overlay-color":"","overlay-gradient":""},"mobile":{"background-color":"","background-image":"","background-repeat":"repeat","background-position":"center center","background-size":"auto","background-attachment":"scroll","background-type":"","background-media":"","overlay-type":"","overlay-color":"","overlay-gradient":""}},"ast-content-background-meta":{"desktop":{"background-color":"var(--ast-global-color-5)","background-image":"","background-repeat":"repeat","background-position":"center center","background-size":"auto","background-attachment":"scroll","background-type":"","background-media":"","overlay-type":"","overlay-color":"","overlay-gradient":""},"tablet":{"background-color":"var(--ast-global-color-5)","background-image":"","background-repeat":"repeat","background-position":"center center","background-size":"auto","background-attachment":"scroll","background-type":"","background-media":"","overlay-type":"","overlay-color":"","overlay-gradient":""},"mobile":{"background-color":"var(--ast-global-color-5)","background-image":"","background-repeat":"repeat","background-position":"center center","background-size":"auto","background-attachment":"scroll","background-type":"","background-media":"","overlay-type":"","overlay-color":"","overlay-gradient":""}}},"product_cat":[86],"product_tag":[],"class_list":{"0":"post-5174","1":"product","2":"type-product","3":"status-publish","4":"has-post-thumbnail","6":"product_cat-utilidades","7":"desktop-align-left","8":"tablet-align-left","9":"mobile-align-left","11":"first","12":"instock","13":"sale","14":"shipping-taxable","15":"purchasable","16":"product-type-simple"},"acf":[],"yoast_head":"<!-- This site is optimized with the Yoast SEO plugin v22.3 - https:\/\/yoast.com\/wordpress\/plugins\/seo\/ -->\n<title>Cola Araldite Fix Pastosa 10min Branca 20gr Tek Bond<\/title>\n<meta name=\"description\" content=\"Araldite Fix \u00e9 indicado para reparos e colagens de pequenas superf\u00edcies de materiais lisos, porosos ou irregulares como azulejos, madeira, vidro, concreto, fibras naturais, pedras, a maioria dos pl\u00e1sticos r\u00edgidos (exceto polipropileno, polietileno e Nylon), metais e outros materiais. Resiste a temperaturas de at\u00e9 70\u00b0C, secagem inicial em 10 minutos e secagem total em 8 horas\" \/>\n<meta name=\"robots\" content=\"index, follow, max-snippet:-1, max-image-preview:large, max-video-preview:-1\" \/>\n<link rel=\"canonical\" href=\"https:\/\/www.isarodas.com.br\/isa\/store\/utilidades\/cola-araldite-fix-pastosa-10min-branca-20gr-tek-bond\/\" \/>\n<meta property=\"og:locale\" content=\"pt_BR\" \/>\n<meta property=\"og:type\" content=\"article\" \/>\n<meta property=\"og:title\" content=\"Cola Araldite Fix Pastosa 10min Branca 20gr Tek Bond\" \/>\n<meta property=\"og:description\" content=\"Araldite Fix \u00e9 indicado para reparos e colagens de pequenas superf\u00edcies de materiais lisos, porosos ou irregulares como azulejos, madeira, vidro, concreto, fibras naturais, pedras, a maioria dos pl\u00e1sticos r\u00edgidos (exceto polipropileno, polietileno e Nylon), metais e outros materiais. Resiste a temperaturas de at\u00e9 70\u00b0C, secagem inicial em 10 minutos e secagem total em 8 horas\" \/>\n<meta property=\"og:url\" content=\"https:\/\/www.isarodas.com.br\/isa\/store\/utilidades\/cola-araldite-fix-pastosa-10min-branca-20gr-tek-bond\/\" \/>\n<meta property=\"og:site_name\" content=\"Isarodas\" \/>\n<meta property=\"article:publisher\" content=\"https:\/\/www.facebook.com\/isarodasoficial\/\" \/>\n<meta property=\"og:image\" content=\"https:\/\/www.isarodas.com.br\/isa\/wp-content\/uploads\/2024\/04\/D_NQ_NP_622127-MLA50675060453_072022-O.webp\" \/>\n\t<meta property=\"og:image:width\" content=\"500\" \/>\n\t<meta property=\"og:image:height\" content=\"405\" \/>\n\t<meta property=\"og:image:type\" content=\"image\/webp\" \/>\n<meta name=\"twitter:card\" content=\"summary_large_image\" \/>\n<meta name=\"twitter:label1\" content=\"Est. tempo de leitura\" \/>\n\t<meta name=\"twitter:data1\" content=\"2 minutos\" \/>\n<script type=\"application\/ld+json\" class=\"yoast-schema-graph\">{\"@context\":\"https:\/\/schema.org\",\"@graph\":[{\"@type\":\"WebPage\",\"@id\":\"https:\/\/www.isarodas.com.br\/isa\/store\/utilidades\/cola-araldite-fix-pastosa-10min-branca-20gr-tek-bond\/\",\"url\":\"https:\/\/www.isarodas.com.br\/isa\/store\/utilidades\/cola-araldite-fix-pastosa-10min-branca-20gr-tek-bond\/\",\"name\":\"Cola Araldite Fix Pastosa 10min Branca 20gr Tek Bond\",\"isPartOf\":{\"@id\":\"https:\/\/www.isarodas.com.br\/isa\/#website\"},\"primaryImageOfPage\":{\"@id\":\"https:\/\/www.isarodas.com.br\/isa\/store\/utilidades\/cola-araldite-fix-pastosa-10min-branca-20gr-tek-bond\/#primaryimage\"},\"image\":{\"@id\":\"https:\/\/www.isarodas.com.br\/isa\/store\/utilidades\/cola-araldite-fix-pastosa-10min-branca-20gr-tek-bond\/#primaryimage\"},\"thumbnailUrl\":\"https:\/\/www.isarodas.com.br\/isa\/wp-content\/uploads\/2024\/04\/D_NQ_NP_622127-MLA50675060453_072022-O.webp\",\"datePublished\":\"2024-04-10T17:12:16+00:00\",\"dateModified\":\"2024-04-10T17:12:16+00:00\",\"description\":\"Araldite Fix \u00e9 indicado para reparos e colagens de pequenas superf\u00edcies de materiais lisos, porosos ou irregulares como azulejos, madeira, vidro, concreto, fibras naturais, pedras, a maioria dos pl\u00e1sticos r\u00edgidos (exceto polipropileno, polietileno e Nylon), metais e outros materiais. Resiste a temperaturas de at\u00e9 70\u00b0C, secagem inicial em 10 minutos e secagem total em 8 horas\",\"breadcrumb\":{\"@id\":\"https:\/\/www.isarodas.com.br\/isa\/store\/utilidades\/cola-araldite-fix-pastosa-10min-branca-20gr-tek-bond\/#breadcrumb\"},\"inLanguage\":\"pt-BR\",\"potentialAction\":[{\"@type\":\"ReadAction\",\"target\":[\"https:\/\/www.isarodas.com.br\/isa\/store\/utilidades\/cola-araldite-fix-pastosa-10min-branca-20gr-tek-bond\/\"]}]},{\"@type\":\"ImageObject\",\"inLanguage\":\"pt-BR\",\"@id\":\"https:\/\/www.isarodas.com.br\/isa\/store\/utilidades\/cola-araldite-fix-pastosa-10min-branca-20gr-tek-bond\/#primaryimage\",\"url\":\"https:\/\/www.isarodas.com.br\/isa\/wp-content\/uploads\/2024\/04\/D_NQ_NP_622127-MLA50675060453_072022-O.webp\",\"contentUrl\":\"https:\/\/www.isarodas.com.br\/isa\/wp-content\/uploads\/2024\/04\/D_NQ_NP_622127-MLA50675060453_072022-O.webp\",\"width\":500,\"height\":405},{\"@type\":\"BreadcrumbList\",\"@id\":\"https:\/\/www.isarodas.com.br\/isa\/store\/utilidades\/cola-araldite-fix-pastosa-10min-branca-20gr-tek-bond\/#breadcrumb\",\"itemListElement\":[{\"@type\":\"ListItem\",\"position\":1,\"name\":\"In\u00edcio\",\"item\":\"https:\/\/www.isarodas.com.br\/isa\/\"},{\"@type\":\"ListItem\",\"position\":2,\"name\":\"Store\",\"item\":\"https:\/\/www.isarodas.com.br\/isa\/store\/\"},{\"@type\":\"ListItem\",\"position\":3,\"name\":\"Cola Araldite Fix Pastosa 10min Branca 20gr Tek Bond\"}]},{\"@type\":\"WebSite\",\"@id\":\"https:\/\/www.isarodas.com.br\/isa\/#website\",\"url\":\"https:\/\/www.isarodas.com.br\/isa\/\",\"name\":\"Isarodas\",\"description\":\"Ecommerce isarodas\",\"publisher\":{\"@id\":\"https:\/\/www.isarodas.com.br\/isa\/#organization\"},\"potentialAction\":[{\"@type\":\"SearchAction\",\"target\":{\"@type\":\"EntryPoint\",\"urlTemplate\":\"https:\/\/www.isarodas.com.br\/isa\/?s={search_term_string}\"},\"query-input\":\"required name=search_term_string\"}],\"inLanguage\":\"pt-BR\"},{\"@type\":\"Organization\",\"@id\":\"https:\/\/www.isarodas.com.br\/isa\/#organization\",\"name\":\"Isarodas\",\"url\":\"https:\/\/www.isarodas.com.br\/isa\/\",\"logo\":{\"@type\":\"ImageObject\",\"inLanguage\":\"pt-BR\",\"@id\":\"https:\/\/www.isarodas.com.br\/isa\/#\/schema\/logo\/image\/\",\"url\":\"https:\/\/www.isarodas.com.br\/isa\/wp-content\/uploads\/2024\/03\/cropped-lgs-1.png\",\"contentUrl\":\"https:\/\/www.isarodas.com.br\/isa\/wp-content\/uploads\/2024\/03\/cropped-lgs-1.png\",\"width\":120,\"height\":119,\"caption\":\"Isarodas\"},\"image\":{\"@id\":\"https:\/\/www.isarodas.com.br\/isa\/#\/schema\/logo\/image\/\"},\"sameAs\":[\"https:\/\/www.facebook.com\/isarodasoficial\/\",\"https:\/\/www.youtube.com\/@isarodas9312\",\"https:\/\/www.instagram.com\/isarodasoficial\/\"]}]}<\/script>\n<!-- \/ Yoast SEO plugin. -->","yoast_head_json":{"title":"Cola Araldite Fix Pastosa 10min Branca 20gr Tek Bond","description":"Araldite Fix \u00e9 indicado para reparos e colagens de pequenas superf\u00edcies de materiais lisos, porosos ou irregulares como azulejos, madeira, vidro, concreto, fibras naturais, pedras, a maioria dos pl\u00e1sticos r\u00edgidos (exceto polipropileno, polietileno e Nylon), metais e outros materiais. Resiste a temperaturas de at\u00e9 70\u00b0C, secagem inicial em 10 minutos e secagem total em 8 horas","robots":{"index":"index","follow":"follow","max-snippet":"max-snippet:-1","max-image-preview":"max-image-preview:large","max-video-preview":"max-video-preview:-1"},"canonical":"https:\/\/www.isarodas.com.br\/isa\/store\/utilidades\/cola-araldite-fix-pastosa-10min-branca-20gr-tek-bond\/","og_locale":"pt_BR","og_type":"article","og_title":"Cola Araldite Fix Pastosa 10min Branca 20gr Tek Bond","og_description":"Araldite Fix \u00e9 indicado para reparos e colagens de pequenas superf\u00edcies de materiais lisos, porosos ou irregulares como azulejos, madeira, vidro, concreto, fibras naturais, pedras, a maioria dos pl\u00e1sticos r\u00edgidos (exceto polipropileno, polietileno e Nylon), metais e outros materiais. Resiste a temperaturas de at\u00e9 70\u00b0C, secagem inicial em 10 minutos e secagem total em 8 horas","og_url":"https:\/\/www.isarodas.com.br\/isa\/store\/utilidades\/cola-araldite-fix-pastosa-10min-branca-20gr-tek-bond\/","og_site_name":"Isarodas","article_publisher":"https:\/\/www.facebook.com\/isarodasoficial\/","og_image":[{"width":500,"height":405,"url":"https:\/\/www.isarodas.com.br\/isa\/wp-content\/uploads\/2024\/04\/D_NQ_NP_622127-MLA50675060453_072022-O.webp","type":"image\/webp"}],"twitter_card":"summary_large_image","twitter_misc":{"Est. tempo de leitura":"2 minutos"},"schema":{"@context":"https:\/\/schema.org","@graph":[{"@type":"WebPage","@id":"https:\/\/www.isarodas.com.br\/isa\/store\/utilidades\/cola-araldite-fix-pastosa-10min-branca-20gr-tek-bond\/","url":"https:\/\/www.isarodas.com.br\/isa\/store\/utilidades\/cola-araldite-fix-pastosa-10min-branca-20gr-tek-bond\/","name":"Cola Araldite Fix Pastosa 10min Branca 20gr Tek Bond","isPartOf":{"@id":"https:\/\/www.isarodas.com.br\/isa\/#website"},"primaryImageOfPage":{"@id":"https:\/\/www.isarodas.com.br\/isa\/store\/utilidades\/cola-araldite-fix-pastosa-10min-branca-20gr-tek-bond\/#primaryimage"},"image":{"@id":"https:\/\/www.isarodas.com.br\/isa\/store\/utilidades\/cola-araldite-fix-pastosa-10min-branca-20gr-tek-bond\/#primaryimage"},"thumbnailUrl":"https:\/\/www.isarodas.com.br\/isa\/wp-content\/uploads\/2024\/04\/D_NQ_NP_622127-MLA50675060453_072022-O.webp","datePublished":"2024-04-10T17:12:16+00:00","dateModified":"2024-04-10T17:12:16+00:00","description":"Araldite Fix \u00e9 indicado para reparos e colagens de pequenas superf\u00edcies de materiais lisos, porosos ou irregulares como azulejos, madeira, vidro, concreto, fibras naturais, pedras, a maioria dos pl\u00e1sticos r\u00edgidos (exceto polipropileno, polietileno e Nylon), metais e outros materiais. Resiste a temperaturas de at\u00e9 70\u00b0C, secagem inicial em 10 minutos e secagem total em 8 horas","breadcrumb":{"@id":"https:\/\/www.isarodas.com.br\/isa\/store\/utilidades\/cola-araldite-fix-pastosa-10min-branca-20gr-tek-bond\/#breadcrumb"},"inLanguage":"pt-BR","potentialAction":[{"@type":"ReadAction","target":["https:\/\/www.isarodas.com.br\/isa\/store\/utilidades\/cola-araldite-fix-pastosa-10min-branca-20gr-tek-bond\/"]}]},{"@type":"ImageObject","inLanguage":"pt-BR","@id":"https:\/\/www.isarodas.com.br\/isa\/store\/utilidades\/cola-araldite-fix-pastosa-10min-branca-20gr-tek-bond\/#primaryimage","url":"https:\/\/www.isarodas.com.br\/isa\/wp-content\/uploads\/2024\/04\/D_NQ_NP_622127-MLA50675060453_072022-O.webp","contentUrl":"https:\/\/www.isarodas.com.br\/isa\/wp-content\/uploads\/2024\/04\/D_NQ_NP_622127-MLA50675060453_072022-O.webp","width":500,"height":405},{"@type":"BreadcrumbList","@id":"https:\/\/www.isarodas.com.br\/isa\/store\/utilidades\/cola-araldite-fix-pastosa-10min-branca-20gr-tek-bond\/#breadcrumb","itemListElement":[{"@type":"ListItem","position":1,"name":"In\u00edcio","item":"https:\/\/www.isarodas.com.br\/isa\/"},{"@type":"ListItem","position":2,"name":"Store","item":"https:\/\/www.isarodas.com.br\/isa\/store\/"},{"@type":"ListItem","position":3,"name":"Cola Araldite Fix Pastosa 10min Branca 20gr Tek Bond"}]},{"@type":"WebSite","@id":"https:\/\/www.isarodas.com.br\/isa\/#website","url":"https:\/\/www.isarodas.com.br\/isa\/","name":"Isarodas","description":"Ecommerce isarodas","publisher":{"@id":"https:\/\/www.isarodas.com.br\/isa\/#organization"},"potentialAction":[{"@type":"SearchAction","target":{"@type":"EntryPoint","urlTemplate":"https:\/\/www.isarodas.com.br\/isa\/?s={search_term_string}"},"query-input":"required name=search_term_string"}],"inLanguage":"pt-BR"},{"@type":"Organization","@id":"https:\/\/www.isarodas.com.br\/isa\/#organization","name":"Isarodas","url":"https:\/\/www.isarodas.com.br\/isa\/","logo":{"@type":"ImageObject","inLanguage":"pt-BR","@id":"https:\/\/www.isarodas.com.br\/isa\/#\/schema\/logo\/image\/","url":"https:\/\/www.isarodas.com.br\/isa\/wp-content\/uploads\/2024\/03\/cropped-lgs-1.png","contentUrl":"https:\/\/www.isarodas.com.br\/isa\/wp-content\/uploads\/2024\/03\/cropped-lgs-1.png","width":120,"height":119,"caption":"Isarodas"},"image":{"@id":"https:\/\/www.isarodas.com.br\/isa\/#\/schema\/logo\/image\/"},"sameAs":["https:\/\/www.facebook.com\/isarodasoficial\/","https:\/\/www.youtube.com\/@isarodas9312","https:\/\/www.instagram.com\/isarodasoficial\/"]}]}},"_links":{"self":[{"href":"https:\/\/www.isarodas.com.br\/isa\/wp-json\/wp\/v2\/product\/5174","targetHints":{"allow":["GET"]}}],"collection":[{"href":"https:\/\/www.isarodas.com.br\/isa\/wp-json\/wp\/v2\/product"}],"about":[{"href":"https:\/\/www.isarodas.com.br\/isa\/wp-json\/wp\/v2\/types\/product"}],"replies":[{"embeddable":true,"href":"https:\/\/www.isarodas.com.br\/isa\/wp-json\/wp\/v2\/comments?post=5174"}],"version-history":[{"count":1,"href":"https:\/\/www.isarodas.com.br\/isa\/wp-json\/wp\/v2\/product\/5174\/revisions"}],"predecessor-version":[{"id":5176,"href":"https:\/\/www.isarodas.com.br\/isa\/wp-json\/wp\/v2\/product\/5174\/revisions\/5176"}],"wp:featuredmedia":[{"embeddable":true,"href":"https:\/\/www.isarodas.com.br\/isa\/wp-json\/wp\/v2\/media\/5175"}],"wp:attachment":[{"href":"https:\/\/www.isarodas.com.br\/isa\/wp-json\/wp\/v2\/media?parent=5174"}],"wp:term":[{"taxonomy":"product_cat","embeddable":true,"href":"https:\/\/www.isarodas.com.br\/isa\/wp-json\/wp\/v2\/product_cat?post=5174"},{"taxonomy":"product_tag","embeddable":true,"href":"https:\/\/www.isarodas.com.br\/isa\/wp-json\/wp\/v2\/product_tag?post=5174"}],"curies":[{"name":"wp","href":"https:\/\/api.w.org\/{rel}","templated":true}]}}