{"id":5133,"date":"2024-04-10T13:30:51","date_gmt":"2024-04-10T16:30:51","guid":{"rendered":"https:\/\/www.isarodas.com.br\/isa\/?post_type=product&#038;p=5133"},"modified":"2024-04-10T13:30:51","modified_gmt":"2024-04-10T16:30:51","slug":"brinquedo-infantil-kit-de-ferramentas-parafusadeira-parafuso","status":"publish","type":"product","link":"https:\/\/www.isarodas.com.br\/isa\/store\/brinquedos\/brinquedo-infantil-kit-de-ferramentas-parafusadeira-parafuso\/","title":{"rendered":"Brinquedo Infantil Kit De Ferramentas Parafusadeira Parafuso"},"content":{"rendered":"<p>Estimule a Criatividade com o Brinquedo Infantil Kit de Ferramentas &#8211; Inclui Parafusadeira e Parafusos! Este conjunto \u00e9 perfeito para crian\u00e7as explorarem suas habilidades enquanto se divertem. Com uma parafusadeira segura e f\u00e1cil de usar, al\u00e9m de uma variedade de parafusos coloridos, as crian\u00e7as podem construir e desmontar livremente, desenvolvendo habilidades motoras finas e aprendendo sobre o funcionamento das ferramentas. Este brinquedo educativo n\u00e3o s\u00f3 proporciona divers\u00e3o interativa, mas tamb\u00e9m promove o pensamento criativo e a resolu\u00e7\u00e3o de problemas. Prepare-se para horas de divers\u00e3o construtiva com o Kit de Ferramentas para Crian\u00e7as!<\/p>\n<p>Kit de ferramentas!<\/p>\n<p>Adequado para crian\u00e7as acima de 3 anos.<\/p>\n<p>O kit Ferramentas ensina seus filhos que o trabalho pode realmente ser muito divertido.<br \/>\nSeus filhos aprendem a ter sucesso e come\u00e7am a se sentir orgulhosos de suas realiza\u00e7\u00f5es!<\/p>\n<p>Medidas da embalagem:<\/p>\n<p>26cm de largura<br \/>\n27cm de altura<br \/>\n6,5cm de comprimento<\/p>\n<p>O kit acompanha:<\/p>\n<p>1 Parafusadeira (18cm de altura x 17cm de largura)<br \/>\n3 Porcas (3x3xm cada)<br \/>\n3 Ponteiras (Cerca de 8cm cada)<br \/>\n3 Parafusos (5cm cada)<br \/>\n2 Peda\u00e7os de &#8221;madeira&#8221; (um de 16cm e o outro de 9cm)<\/p>\n","protected":false},"excerpt":{"rendered":"<p>Estimule a Criatividade com o Brinquedo Infantil Kit de Ferramentas &#8211; Inclui Parafusadeira e Parafusos! Este conjunto \u00e9 perfeito para crian\u00e7as explorarem suas habilidades enquanto se divertem. Com uma parafusadeira segura e f\u00e1cil de usar, al\u00e9m de uma variedade de parafusos coloridos, as crian\u00e7as podem construir e desmontar livremente, desenvolvendo habilidades motoras finas e aprendendo [&hellip;]<\/p>\n","protected":false},"featured_media":5135,"comment_status":"open","ping_status":"closed","template":"","meta":{"_acf_changed":false,"site-sidebar-layout":"default","site-content-layout":"","ast-site-content-layout":"default","site-content-style":"default","site-sidebar-style":"default","ast-global-header-display":"","ast-banner-title-visibility":"","ast-main-header-display":"","ast-hfb-above-header-display":"","ast-hfb-below-header-display":"","ast-hfb-mobile-header-display":"","site-post-title":"","ast-breadcrumbs-content":"","ast-featured-img":"","footer-sml-layout":"","theme-transparent-header-meta":"default","adv-header-id-meta":"","stick-header-meta":"","header-above-stick-meta":"","header-main-stick-meta":"","header-below-stick-meta":"","astra-migrate-meta-layouts":"set","ast-page-background-enabled":"default","ast-page-background-meta":{"desktop":{"background-color":"","background-image":"","background-repeat":"repeat","background-position":"center center","background-size":"auto","background-attachment":"scroll","background-type":"","background-media":"","overlay-type":"","overlay-color":"","overlay-gradient":""},"tablet":{"background-color":"","background-image":"","background-repeat":"repeat","background-position":"center center","background-size":"auto","background-attachment":"scroll","background-type":"","background-media":"","overlay-type":"","overlay-color":"","overlay-gradient":""},"mobile":{"background-color":"","background-image":"","background-repeat":"repeat","background-position":"center center","background-size":"auto","background-attachment":"scroll","background-type":"","background-media":"","overlay-type":"","overlay-color":"","overlay-gradient":""}},"ast-content-background-meta":{"desktop":{"background-color":"var(--ast-global-color-5)","background-image":"","background-repeat":"repeat","background-position":"center center","background-size":"auto","background-attachment":"scroll","background-type":"","background-media":"","overlay-type":"","overlay-color":"","overlay-gradient":""},"tablet":{"background-color":"var(--ast-global-color-5)","background-image":"","background-repeat":"repeat","background-position":"center center","background-size":"auto","background-attachment":"scroll","background-type":"","background-media":"","overlay-type":"","overlay-color":"","overlay-gradient":""},"mobile":{"background-color":"var(--ast-global-color-5)","background-image":"","background-repeat":"repeat","background-position":"center center","background-size":"auto","background-attachment":"scroll","background-type":"","background-media":"","overlay-type":"","overlay-color":"","overlay-gradient":""}}},"product_cat":[58],"product_tag":[],"class_list":{"0":"post-5133","1":"product","2":"type-product","3":"status-publish","4":"has-post-thumbnail","6":"product_cat-brinquedos","7":"desktop-align-left","8":"tablet-align-left","9":"mobile-align-left","11":"first","12":"instock","13":"sale","14":"shipping-taxable","15":"purchasable","16":"product-type-simple"},"acf":[],"yoast_head":"<!-- This site is optimized with the Yoast SEO plugin v22.3 - https:\/\/yoast.com\/wordpress\/plugins\/seo\/ -->\n<title>Brinquedo Infantil Kit De Ferramentas Parafusadeira Parafuso<\/title>\n<meta name=\"description\" content=\"Kit de Ferramentas - Inclui Parafusadeira e Parafusos! Este conjunto \u00e9 perfeito para crian\u00e7as explorarem suas habilidades enquanto se divertem. Com uma parafusadeira segura e f\u00e1cil de usar, al\u00e9m de uma variedade de parafusos coloridos, as crian\u00e7as podem construir e desmontar livremente, desenvolvendo habilidades motoras finas e aprendendo sobre o funcionamento das ferramentas.\" \/>\n<meta name=\"robots\" content=\"index, follow, max-snippet:-1, max-image-preview:large, max-video-preview:-1\" \/>\n<link rel=\"canonical\" href=\"https:\/\/www.isarodas.com.br\/isa\/store\/brinquedos\/brinquedo-infantil-kit-de-ferramentas-parafusadeira-parafuso\/\" \/>\n<meta property=\"og:locale\" content=\"pt_BR\" \/>\n<meta property=\"og:type\" content=\"article\" \/>\n<meta property=\"og:title\" content=\"Brinquedo Infantil Kit De Ferramentas Parafusadeira Parafuso\" \/>\n<meta property=\"og:description\" content=\"Kit de Ferramentas - Inclui Parafusadeira e Parafusos! Este conjunto \u00e9 perfeito para crian\u00e7as explorarem suas habilidades enquanto se divertem. Com uma parafusadeira segura e f\u00e1cil de usar, al\u00e9m de uma variedade de parafusos coloridos, as crian\u00e7as podem construir e desmontar livremente, desenvolvendo habilidades motoras finas e aprendendo sobre o funcionamento das ferramentas.\" \/>\n<meta property=\"og:url\" content=\"https:\/\/www.isarodas.com.br\/isa\/store\/brinquedos\/brinquedo-infantil-kit-de-ferramentas-parafusadeira-parafuso\/\" \/>\n<meta property=\"og:site_name\" content=\"Isarodas\" \/>\n<meta property=\"article:publisher\" content=\"https:\/\/www.facebook.com\/isarodasoficial\/\" \/>\n<meta property=\"og:image\" content=\"https:\/\/www.isarodas.com.br\/isa\/wp-content\/uploads\/2024\/04\/D_NQ_NP_627822-MLB46196668038_052021-O.webp\" \/>\n\t<meta property=\"og:image:width\" content=\"476\" \/>\n\t<meta property=\"og:image:height\" content=\"500\" \/>\n\t<meta property=\"og:image:type\" content=\"image\/webp\" \/>\n<meta name=\"twitter:card\" content=\"summary_large_image\" \/>\n<meta name=\"twitter:label1\" content=\"Est. tempo de leitura\" \/>\n\t<meta name=\"twitter:data1\" content=\"2 minutos\" \/>\n<script type=\"application\/ld+json\" class=\"yoast-schema-graph\">{\"@context\":\"https:\/\/schema.org\",\"@graph\":[{\"@type\":\"WebPage\",\"@id\":\"https:\/\/www.isarodas.com.br\/isa\/store\/brinquedos\/brinquedo-infantil-kit-de-ferramentas-parafusadeira-parafuso\/\",\"url\":\"https:\/\/www.isarodas.com.br\/isa\/store\/brinquedos\/brinquedo-infantil-kit-de-ferramentas-parafusadeira-parafuso\/\",\"name\":\"Brinquedo Infantil Kit De Ferramentas Parafusadeira Parafuso\",\"isPartOf\":{\"@id\":\"https:\/\/www.isarodas.com.br\/isa\/#website\"},\"primaryImageOfPage\":{\"@id\":\"https:\/\/www.isarodas.com.br\/isa\/store\/brinquedos\/brinquedo-infantil-kit-de-ferramentas-parafusadeira-parafuso\/#primaryimage\"},\"image\":{\"@id\":\"https:\/\/www.isarodas.com.br\/isa\/store\/brinquedos\/brinquedo-infantil-kit-de-ferramentas-parafusadeira-parafuso\/#primaryimage\"},\"thumbnailUrl\":\"https:\/\/www.isarodas.com.br\/isa\/wp-content\/uploads\/2024\/04\/D_NQ_NP_627822-MLB46196668038_052021-O.webp\",\"datePublished\":\"2024-04-10T16:30:51+00:00\",\"dateModified\":\"2024-04-10T16:30:51+00:00\",\"description\":\"Kit de Ferramentas - Inclui Parafusadeira e Parafusos! Este conjunto \u00e9 perfeito para crian\u00e7as explorarem suas habilidades enquanto se divertem. Com uma parafusadeira segura e f\u00e1cil de usar, al\u00e9m de uma variedade de parafusos coloridos, as crian\u00e7as podem construir e desmontar livremente, desenvolvendo habilidades motoras finas e aprendendo sobre o funcionamento das ferramentas.\",\"breadcrumb\":{\"@id\":\"https:\/\/www.isarodas.com.br\/isa\/store\/brinquedos\/brinquedo-infantil-kit-de-ferramentas-parafusadeira-parafuso\/#breadcrumb\"},\"inLanguage\":\"pt-BR\",\"potentialAction\":[{\"@type\":\"ReadAction\",\"target\":[\"https:\/\/www.isarodas.com.br\/isa\/store\/brinquedos\/brinquedo-infantil-kit-de-ferramentas-parafusadeira-parafuso\/\"]}]},{\"@type\":\"ImageObject\",\"inLanguage\":\"pt-BR\",\"@id\":\"https:\/\/www.isarodas.com.br\/isa\/store\/brinquedos\/brinquedo-infantil-kit-de-ferramentas-parafusadeira-parafuso\/#primaryimage\",\"url\":\"https:\/\/www.isarodas.com.br\/isa\/wp-content\/uploads\/2024\/04\/D_NQ_NP_627822-MLB46196668038_052021-O.webp\",\"contentUrl\":\"https:\/\/www.isarodas.com.br\/isa\/wp-content\/uploads\/2024\/04\/D_NQ_NP_627822-MLB46196668038_052021-O.webp\",\"width\":476,\"height\":500},{\"@type\":\"BreadcrumbList\",\"@id\":\"https:\/\/www.isarodas.com.br\/isa\/store\/brinquedos\/brinquedo-infantil-kit-de-ferramentas-parafusadeira-parafuso\/#breadcrumb\",\"itemListElement\":[{\"@type\":\"ListItem\",\"position\":1,\"name\":\"In\u00edcio\",\"item\":\"https:\/\/www.isarodas.com.br\/isa\/\"},{\"@type\":\"ListItem\",\"position\":2,\"name\":\"Store\",\"item\":\"https:\/\/www.isarodas.com.br\/isa\/store\/\"},{\"@type\":\"ListItem\",\"position\":3,\"name\":\"Brinquedo Infantil Kit De Ferramentas Parafusadeira Parafuso\"}]},{\"@type\":\"WebSite\",\"@id\":\"https:\/\/www.isarodas.com.br\/isa\/#website\",\"url\":\"https:\/\/www.isarodas.com.br\/isa\/\",\"name\":\"Isarodas\",\"description\":\"Ecommerce isarodas\",\"publisher\":{\"@id\":\"https:\/\/www.isarodas.com.br\/isa\/#organization\"},\"potentialAction\":[{\"@type\":\"SearchAction\",\"target\":{\"@type\":\"EntryPoint\",\"urlTemplate\":\"https:\/\/www.isarodas.com.br\/isa\/?s={search_term_string}\"},\"query-input\":\"required name=search_term_string\"}],\"inLanguage\":\"pt-BR\"},{\"@type\":\"Organization\",\"@id\":\"https:\/\/www.isarodas.com.br\/isa\/#organization\",\"name\":\"Isarodas\",\"url\":\"https:\/\/www.isarodas.com.br\/isa\/\",\"logo\":{\"@type\":\"ImageObject\",\"inLanguage\":\"pt-BR\",\"@id\":\"https:\/\/www.isarodas.com.br\/isa\/#\/schema\/logo\/image\/\",\"url\":\"https:\/\/www.isarodas.com.br\/isa\/wp-content\/uploads\/2024\/03\/cropped-lgs-1.png\",\"contentUrl\":\"https:\/\/www.isarodas.com.br\/isa\/wp-content\/uploads\/2024\/03\/cropped-lgs-1.png\",\"width\":120,\"height\":119,\"caption\":\"Isarodas\"},\"image\":{\"@id\":\"https:\/\/www.isarodas.com.br\/isa\/#\/schema\/logo\/image\/\"},\"sameAs\":[\"https:\/\/www.facebook.com\/isarodasoficial\/\",\"https:\/\/www.youtube.com\/@isarodas9312\",\"https:\/\/www.instagram.com\/isarodasoficial\/\"]}]}<\/script>\n<!-- \/ Yoast SEO plugin. -->","yoast_head_json":{"title":"Brinquedo Infantil Kit De Ferramentas Parafusadeira Parafuso","description":"Kit de Ferramentas - Inclui Parafusadeira e Parafusos! Este conjunto \u00e9 perfeito para crian\u00e7as explorarem suas habilidades enquanto se divertem. Com uma parafusadeira segura e f\u00e1cil de usar, al\u00e9m de uma variedade de parafusos coloridos, as crian\u00e7as podem construir e desmontar livremente, desenvolvendo habilidades motoras finas e aprendendo sobre o funcionamento das ferramentas.","robots":{"index":"index","follow":"follow","max-snippet":"max-snippet:-1","max-image-preview":"max-image-preview:large","max-video-preview":"max-video-preview:-1"},"canonical":"https:\/\/www.isarodas.com.br\/isa\/store\/brinquedos\/brinquedo-infantil-kit-de-ferramentas-parafusadeira-parafuso\/","og_locale":"pt_BR","og_type":"article","og_title":"Brinquedo Infantil Kit De Ferramentas Parafusadeira Parafuso","og_description":"Kit de Ferramentas - Inclui Parafusadeira e Parafusos! Este conjunto \u00e9 perfeito para crian\u00e7as explorarem suas habilidades enquanto se divertem. Com uma parafusadeira segura e f\u00e1cil de usar, al\u00e9m de uma variedade de parafusos coloridos, as crian\u00e7as podem construir e desmontar livremente, desenvolvendo habilidades motoras finas e aprendendo sobre o funcionamento das ferramentas.","og_url":"https:\/\/www.isarodas.com.br\/isa\/store\/brinquedos\/brinquedo-infantil-kit-de-ferramentas-parafusadeira-parafuso\/","og_site_name":"Isarodas","article_publisher":"https:\/\/www.facebook.com\/isarodasoficial\/","og_image":[{"width":476,"height":500,"url":"https:\/\/www.isarodas.com.br\/isa\/wp-content\/uploads\/2024\/04\/D_NQ_NP_627822-MLB46196668038_052021-O.webp","type":"image\/webp"}],"twitter_card":"summary_large_image","twitter_misc":{"Est. tempo de leitura":"2 minutos"},"schema":{"@context":"https:\/\/schema.org","@graph":[{"@type":"WebPage","@id":"https:\/\/www.isarodas.com.br\/isa\/store\/brinquedos\/brinquedo-infantil-kit-de-ferramentas-parafusadeira-parafuso\/","url":"https:\/\/www.isarodas.com.br\/isa\/store\/brinquedos\/brinquedo-infantil-kit-de-ferramentas-parafusadeira-parafuso\/","name":"Brinquedo Infantil Kit De Ferramentas Parafusadeira Parafuso","isPartOf":{"@id":"https:\/\/www.isarodas.com.br\/isa\/#website"},"primaryImageOfPage":{"@id":"https:\/\/www.isarodas.com.br\/isa\/store\/brinquedos\/brinquedo-infantil-kit-de-ferramentas-parafusadeira-parafuso\/#primaryimage"},"image":{"@id":"https:\/\/www.isarodas.com.br\/isa\/store\/brinquedos\/brinquedo-infantil-kit-de-ferramentas-parafusadeira-parafuso\/#primaryimage"},"thumbnailUrl":"https:\/\/www.isarodas.com.br\/isa\/wp-content\/uploads\/2024\/04\/D_NQ_NP_627822-MLB46196668038_052021-O.webp","datePublished":"2024-04-10T16:30:51+00:00","dateModified":"2024-04-10T16:30:51+00:00","description":"Kit de Ferramentas - Inclui Parafusadeira e Parafusos! Este conjunto \u00e9 perfeito para crian\u00e7as explorarem suas habilidades enquanto se divertem. Com uma parafusadeira segura e f\u00e1cil de usar, al\u00e9m de uma variedade de parafusos coloridos, as crian\u00e7as podem construir e desmontar livremente, desenvolvendo habilidades motoras finas e aprendendo sobre o funcionamento das ferramentas.","breadcrumb":{"@id":"https:\/\/www.isarodas.com.br\/isa\/store\/brinquedos\/brinquedo-infantil-kit-de-ferramentas-parafusadeira-parafuso\/#breadcrumb"},"inLanguage":"pt-BR","potentialAction":[{"@type":"ReadAction","target":["https:\/\/www.isarodas.com.br\/isa\/store\/brinquedos\/brinquedo-infantil-kit-de-ferramentas-parafusadeira-parafuso\/"]}]},{"@type":"ImageObject","inLanguage":"pt-BR","@id":"https:\/\/www.isarodas.com.br\/isa\/store\/brinquedos\/brinquedo-infantil-kit-de-ferramentas-parafusadeira-parafuso\/#primaryimage","url":"https:\/\/www.isarodas.com.br\/isa\/wp-content\/uploads\/2024\/04\/D_NQ_NP_627822-MLB46196668038_052021-O.webp","contentUrl":"https:\/\/www.isarodas.com.br\/isa\/wp-content\/uploads\/2024\/04\/D_NQ_NP_627822-MLB46196668038_052021-O.webp","width":476,"height":500},{"@type":"BreadcrumbList","@id":"https:\/\/www.isarodas.com.br\/isa\/store\/brinquedos\/brinquedo-infantil-kit-de-ferramentas-parafusadeira-parafuso\/#breadcrumb","itemListElement":[{"@type":"ListItem","position":1,"name":"In\u00edcio","item":"https:\/\/www.isarodas.com.br\/isa\/"},{"@type":"ListItem","position":2,"name":"Store","item":"https:\/\/www.isarodas.com.br\/isa\/store\/"},{"@type":"ListItem","position":3,"name":"Brinquedo Infantil Kit De Ferramentas Parafusadeira Parafuso"}]},{"@type":"WebSite","@id":"https:\/\/www.isarodas.com.br\/isa\/#website","url":"https:\/\/www.isarodas.com.br\/isa\/","name":"Isarodas","description":"Ecommerce isarodas","publisher":{"@id":"https:\/\/www.isarodas.com.br\/isa\/#organization"},"potentialAction":[{"@type":"SearchAction","target":{"@type":"EntryPoint","urlTemplate":"https:\/\/www.isarodas.com.br\/isa\/?s={search_term_string}"},"query-input":"required name=search_term_string"}],"inLanguage":"pt-BR"},{"@type":"Organization","@id":"https:\/\/www.isarodas.com.br\/isa\/#organization","name":"Isarodas","url":"https:\/\/www.isarodas.com.br\/isa\/","logo":{"@type":"ImageObject","inLanguage":"pt-BR","@id":"https:\/\/www.isarodas.com.br\/isa\/#\/schema\/logo\/image\/","url":"https:\/\/www.isarodas.com.br\/isa\/wp-content\/uploads\/2024\/03\/cropped-lgs-1.png","contentUrl":"https:\/\/www.isarodas.com.br\/isa\/wp-content\/uploads\/2024\/03\/cropped-lgs-1.png","width":120,"height":119,"caption":"Isarodas"},"image":{"@id":"https:\/\/www.isarodas.com.br\/isa\/#\/schema\/logo\/image\/"},"sameAs":["https:\/\/www.facebook.com\/isarodasoficial\/","https:\/\/www.youtube.com\/@isarodas9312","https:\/\/www.instagram.com\/isarodasoficial\/"]}]}},"_links":{"self":[{"href":"https:\/\/www.isarodas.com.br\/isa\/wp-json\/wp\/v2\/product\/5133","targetHints":{"allow":["GET"]}}],"collection":[{"href":"https:\/\/www.isarodas.com.br\/isa\/wp-json\/wp\/v2\/product"}],"about":[{"href":"https:\/\/www.isarodas.com.br\/isa\/wp-json\/wp\/v2\/types\/product"}],"replies":[{"embeddable":true,"href":"https:\/\/www.isarodas.com.br\/isa\/wp-json\/wp\/v2\/comments?post=5133"}],"version-history":[{"count":1,"href":"https:\/\/www.isarodas.com.br\/isa\/wp-json\/wp\/v2\/product\/5133\/revisions"}],"predecessor-version":[{"id":5136,"href":"https:\/\/www.isarodas.com.br\/isa\/wp-json\/wp\/v2\/product\/5133\/revisions\/5136"}],"wp:featuredmedia":[{"embeddable":true,"href":"https:\/\/www.isarodas.com.br\/isa\/wp-json\/wp\/v2\/media\/5135"}],"wp:attachment":[{"href":"https:\/\/www.isarodas.com.br\/isa\/wp-json\/wp\/v2\/media?parent=5133"}],"wp:term":[{"taxonomy":"product_cat","embeddable":true,"href":"https:\/\/www.isarodas.com.br\/isa\/wp-json\/wp\/v2\/product_cat?post=5133"},{"taxonomy":"product_tag","embeddable":true,"href":"https:\/\/www.isarodas.com.br\/isa\/wp-json\/wp\/v2\/product_tag?post=5133"}],"curies":[{"name":"wp","href":"https:\/\/api.w.org\/{rel}","templated":true}]}}