{"id":5117,"date":"2024-04-10T11:38:49","date_gmt":"2024-04-10T14:38:49","guid":{"rendered":"https:\/\/www.isarodas.com.br\/isa\/?post_type=product&#038;p=5117"},"modified":"2024-04-10T11:38:49","modified_gmt":"2024-04-10T14:38:49","slug":"pista-elevador-com-som-e-luz-pinguins-fofinhos","status":"publish","type":"product","link":"https:\/\/www.isarodas.com.br\/isa\/store\/brinquedos\/pista-elevador-com-som-e-luz-pinguins-fofinhos\/","title":{"rendered":"Pista Elevador Com Som E Luz Pinguins Fofinhos"},"content":{"rendered":"<p>Divirta-se com a Pista Elevador de Pinguins Fofinhos com Som e Luz! Este brinquedo encantador oferece uma experi\u00eancia emocionante com ador\u00e1veis pinguins que se movem para cima e para baixo pela pista, acompanhados por efeitos sonoros e luzes vibrantes. As crian\u00e7as v\u00e3o se encantar ao assistir os pinguins subindo e descendo enquanto exploram as diferentes melodias e luzes. Al\u00e9m de proporcionar divers\u00e3o, este brinquedo tamb\u00e9m estimula a coordena\u00e7\u00e3o motora e a imagina\u00e7\u00e3o das crian\u00e7as. Prepare-se para horas de entretenimento cativante com os Pinguins Fofinhos na Pista Elevador!<\/p>\n<p>PISTA \/ ELEVADOR COM SOM E LUZ PINGUINS FOFINHOS KIT COM 8 PECAS A PILHA NA CAIXA<br \/>\nC\u00d3DIGO 9401107<\/p>\n<p>INFORMA\u00c7\u00d5ES ADICIONAIS:<br \/>\nEAN: 7908212151523<br \/>\nVALIDADE: INDETERMINADA<br \/>\nINDICA\u00c7\u00c3O: MAIORES DE 3 ANOS<br \/>\nALIMENTA\u00c7\u00c3O: 2 PILHAS AA (N\u00c3O INCLUSAS)<br \/>\nTAMANHO APROXIMADO DA CAIXA: A:17XL:27CM<br \/>\nPESO APROXIMADO: 275G<br \/>\nTIPO DE PRODUTO: PISTA\/ELEVADOR COM SOM E LUZ PINGUINS FOFINHOS KIT COM 8 PE\u00c7AS<br \/>\nCORES: COLORIDO<br \/>\nCOMPOSI\u00c7\u00c3O: PLASTICO COM COMPONENTES ELETR\u00d4NICOS<\/p>\n","protected":false},"excerpt":{"rendered":"<p>Divirta-se com a Pista Elevador de Pinguins Fofinhos com Som e Luz! Este brinquedo encantador oferece uma experi\u00eancia emocionante com ador\u00e1veis pinguins que se movem para cima e para baixo pela pista, acompanhados por efeitos sonoros e luzes vibrantes. As crian\u00e7as v\u00e3o se encantar ao assistir os pinguins subindo e descendo enquanto exploram as diferentes [&hellip;]<\/p>\n","protected":false},"featured_media":5118,"comment_status":"open","ping_status":"closed","template":"","meta":{"_acf_changed":false,"site-sidebar-layout":"default","site-content-layout":"","ast-site-content-layout":"default","site-content-style":"default","site-sidebar-style":"default","ast-global-header-display":"","ast-banner-title-visibility":"","ast-main-header-display":"","ast-hfb-above-header-display":"","ast-hfb-below-header-display":"","ast-hfb-mobile-header-display":"","site-post-title":"","ast-breadcrumbs-content":"","ast-featured-img":"","footer-sml-layout":"","theme-transparent-header-meta":"default","adv-header-id-meta":"","stick-header-meta":"","header-above-stick-meta":"","header-main-stick-meta":"","header-below-stick-meta":"","astra-migrate-meta-layouts":"set","ast-page-background-enabled":"default","ast-page-background-meta":{"desktop":{"background-color":"","background-image":"","background-repeat":"repeat","background-position":"center center","background-size":"auto","background-attachment":"scroll","background-type":"","background-media":"","overlay-type":"","overlay-color":"","overlay-gradient":""},"tablet":{"background-color":"","background-image":"","background-repeat":"repeat","background-position":"center center","background-size":"auto","background-attachment":"scroll","background-type":"","background-media":"","overlay-type":"","overlay-color":"","overlay-gradient":""},"mobile":{"background-color":"","background-image":"","background-repeat":"repeat","background-position":"center center","background-size":"auto","background-attachment":"scroll","background-type":"","background-media":"","overlay-type":"","overlay-color":"","overlay-gradient":""}},"ast-content-background-meta":{"desktop":{"background-color":"var(--ast-global-color-5)","background-image":"","background-repeat":"repeat","background-position":"center center","background-size":"auto","background-attachment":"scroll","background-type":"","background-media":"","overlay-type":"","overlay-color":"","overlay-gradient":""},"tablet":{"background-color":"var(--ast-global-color-5)","background-image":"","background-repeat":"repeat","background-position":"center center","background-size":"auto","background-attachment":"scroll","background-type":"","background-media":"","overlay-type":"","overlay-color":"","overlay-gradient":""},"mobile":{"background-color":"var(--ast-global-color-5)","background-image":"","background-repeat":"repeat","background-position":"center center","background-size":"auto","background-attachment":"scroll","background-type":"","background-media":"","overlay-type":"","overlay-color":"","overlay-gradient":""}}},"product_cat":[58],"product_tag":[],"class_list":{"0":"post-5117","1":"product","2":"type-product","3":"status-publish","4":"has-post-thumbnail","6":"product_cat-brinquedos","7":"desktop-align-left","8":"tablet-align-left","9":"mobile-align-left","11":"first","12":"instock","13":"sale","14":"shipping-taxable","15":"purchasable","16":"product-type-simple"},"acf":[],"yoast_head":"<!-- This site is optimized with the Yoast SEO plugin v22.3 - https:\/\/yoast.com\/wordpress\/plugins\/seo\/ -->\n<title>Pista Elevador Com Som E Luz Pinguins Fofinhos<\/title>\n<meta name=\"description\" content=\"Pista Elevador de Pinguins Fofinhos com Som e Luz! Este brinquedo encantador oferece uma experi\u00eancia emocionante com ador\u00e1veis pinguins que se movem para cima e para baixo pela pista, acompanhados por efeitos sonoros e luzes vibrantes.\" \/>\n<meta name=\"robots\" content=\"index, follow, max-snippet:-1, max-image-preview:large, max-video-preview:-1\" \/>\n<link rel=\"canonical\" href=\"https:\/\/www.isarodas.com.br\/isa\/store\/brinquedos\/pista-elevador-com-som-e-luz-pinguins-fofinhos\/\" \/>\n<meta property=\"og:locale\" content=\"pt_BR\" \/>\n<meta property=\"og:type\" content=\"article\" \/>\n<meta property=\"og:title\" content=\"Pista Elevador Com Som E Luz Pinguins Fofinhos\" \/>\n<meta property=\"og:description\" content=\"Pista Elevador de Pinguins Fofinhos com Som e Luz! Este brinquedo encantador oferece uma experi\u00eancia emocionante com ador\u00e1veis pinguins que se movem para cima e para baixo pela pista, acompanhados por efeitos sonoros e luzes vibrantes.\" \/>\n<meta property=\"og:url\" content=\"https:\/\/www.isarodas.com.br\/isa\/store\/brinquedos\/pista-elevador-com-som-e-luz-pinguins-fofinhos\/\" \/>\n<meta property=\"og:site_name\" content=\"Isarodas\" \/>\n<meta property=\"article:publisher\" content=\"https:\/\/www.facebook.com\/isarodasoficial\/\" \/>\n<meta property=\"og:image\" content=\"https:\/\/www.isarodas.com.br\/isa\/wp-content\/uploads\/2024\/04\/D_NQ_NP_899494-MLB31735190315_082019-O.webp\" \/>\n\t<meta property=\"og:image:width\" content=\"473\" \/>\n\t<meta property=\"og:image:height\" content=\"500\" \/>\n\t<meta property=\"og:image:type\" content=\"image\/webp\" \/>\n<meta name=\"twitter:card\" content=\"summary_large_image\" \/>\n<meta name=\"twitter:label1\" content=\"Est. tempo de leitura\" \/>\n\t<meta name=\"twitter:data1\" content=\"2 minutos\" \/>\n<script type=\"application\/ld+json\" class=\"yoast-schema-graph\">{\"@context\":\"https:\/\/schema.org\",\"@graph\":[{\"@type\":\"WebPage\",\"@id\":\"https:\/\/www.isarodas.com.br\/isa\/store\/brinquedos\/pista-elevador-com-som-e-luz-pinguins-fofinhos\/\",\"url\":\"https:\/\/www.isarodas.com.br\/isa\/store\/brinquedos\/pista-elevador-com-som-e-luz-pinguins-fofinhos\/\",\"name\":\"Pista Elevador Com Som E Luz Pinguins Fofinhos\",\"isPartOf\":{\"@id\":\"https:\/\/www.isarodas.com.br\/isa\/#website\"},\"primaryImageOfPage\":{\"@id\":\"https:\/\/www.isarodas.com.br\/isa\/store\/brinquedos\/pista-elevador-com-som-e-luz-pinguins-fofinhos\/#primaryimage\"},\"image\":{\"@id\":\"https:\/\/www.isarodas.com.br\/isa\/store\/brinquedos\/pista-elevador-com-som-e-luz-pinguins-fofinhos\/#primaryimage\"},\"thumbnailUrl\":\"https:\/\/www.isarodas.com.br\/isa\/wp-content\/uploads\/2024\/04\/D_NQ_NP_899494-MLB31735190315_082019-O.webp\",\"datePublished\":\"2024-04-10T14:38:49+00:00\",\"dateModified\":\"2024-04-10T14:38:49+00:00\",\"description\":\"Pista Elevador de Pinguins Fofinhos com Som e Luz! Este brinquedo encantador oferece uma experi\u00eancia emocionante com ador\u00e1veis pinguins que se movem para cima e para baixo pela pista, acompanhados por efeitos sonoros e luzes vibrantes.\",\"breadcrumb\":{\"@id\":\"https:\/\/www.isarodas.com.br\/isa\/store\/brinquedos\/pista-elevador-com-som-e-luz-pinguins-fofinhos\/#breadcrumb\"},\"inLanguage\":\"pt-BR\",\"potentialAction\":[{\"@type\":\"ReadAction\",\"target\":[\"https:\/\/www.isarodas.com.br\/isa\/store\/brinquedos\/pista-elevador-com-som-e-luz-pinguins-fofinhos\/\"]}]},{\"@type\":\"ImageObject\",\"inLanguage\":\"pt-BR\",\"@id\":\"https:\/\/www.isarodas.com.br\/isa\/store\/brinquedos\/pista-elevador-com-som-e-luz-pinguins-fofinhos\/#primaryimage\",\"url\":\"https:\/\/www.isarodas.com.br\/isa\/wp-content\/uploads\/2024\/04\/D_NQ_NP_899494-MLB31735190315_082019-O.webp\",\"contentUrl\":\"https:\/\/www.isarodas.com.br\/isa\/wp-content\/uploads\/2024\/04\/D_NQ_NP_899494-MLB31735190315_082019-O.webp\",\"width\":473,\"height\":500},{\"@type\":\"BreadcrumbList\",\"@id\":\"https:\/\/www.isarodas.com.br\/isa\/store\/brinquedos\/pista-elevador-com-som-e-luz-pinguins-fofinhos\/#breadcrumb\",\"itemListElement\":[{\"@type\":\"ListItem\",\"position\":1,\"name\":\"In\u00edcio\",\"item\":\"https:\/\/www.isarodas.com.br\/isa\/\"},{\"@type\":\"ListItem\",\"position\":2,\"name\":\"Store\",\"item\":\"https:\/\/www.isarodas.com.br\/isa\/store\/\"},{\"@type\":\"ListItem\",\"position\":3,\"name\":\"Pista Elevador Com Som E Luz Pinguins Fofinhos\"}]},{\"@type\":\"WebSite\",\"@id\":\"https:\/\/www.isarodas.com.br\/isa\/#website\",\"url\":\"https:\/\/www.isarodas.com.br\/isa\/\",\"name\":\"Isarodas\",\"description\":\"Ecommerce isarodas\",\"publisher\":{\"@id\":\"https:\/\/www.isarodas.com.br\/isa\/#organization\"},\"potentialAction\":[{\"@type\":\"SearchAction\",\"target\":{\"@type\":\"EntryPoint\",\"urlTemplate\":\"https:\/\/www.isarodas.com.br\/isa\/?s={search_term_string}\"},\"query-input\":\"required name=search_term_string\"}],\"inLanguage\":\"pt-BR\"},{\"@type\":\"Organization\",\"@id\":\"https:\/\/www.isarodas.com.br\/isa\/#organization\",\"name\":\"Isarodas\",\"url\":\"https:\/\/www.isarodas.com.br\/isa\/\",\"logo\":{\"@type\":\"ImageObject\",\"inLanguage\":\"pt-BR\",\"@id\":\"https:\/\/www.isarodas.com.br\/isa\/#\/schema\/logo\/image\/\",\"url\":\"https:\/\/www.isarodas.com.br\/isa\/wp-content\/uploads\/2024\/03\/cropped-lgs-1.png\",\"contentUrl\":\"https:\/\/www.isarodas.com.br\/isa\/wp-content\/uploads\/2024\/03\/cropped-lgs-1.png\",\"width\":120,\"height\":119,\"caption\":\"Isarodas\"},\"image\":{\"@id\":\"https:\/\/www.isarodas.com.br\/isa\/#\/schema\/logo\/image\/\"},\"sameAs\":[\"https:\/\/www.facebook.com\/isarodasoficial\/\",\"https:\/\/www.youtube.com\/@isarodas9312\",\"https:\/\/www.instagram.com\/isarodasoficial\/\"]}]}<\/script>\n<!-- \/ Yoast SEO plugin. -->","yoast_head_json":{"title":"Pista Elevador Com Som E Luz Pinguins Fofinhos","description":"Pista Elevador de Pinguins Fofinhos com Som e Luz! Este brinquedo encantador oferece uma experi\u00eancia emocionante com ador\u00e1veis pinguins que se movem para cima e para baixo pela pista, acompanhados por efeitos sonoros e luzes vibrantes.","robots":{"index":"index","follow":"follow","max-snippet":"max-snippet:-1","max-image-preview":"max-image-preview:large","max-video-preview":"max-video-preview:-1"},"canonical":"https:\/\/www.isarodas.com.br\/isa\/store\/brinquedos\/pista-elevador-com-som-e-luz-pinguins-fofinhos\/","og_locale":"pt_BR","og_type":"article","og_title":"Pista Elevador Com Som E Luz Pinguins Fofinhos","og_description":"Pista Elevador de Pinguins Fofinhos com Som e Luz! Este brinquedo encantador oferece uma experi\u00eancia emocionante com ador\u00e1veis pinguins que se movem para cima e para baixo pela pista, acompanhados por efeitos sonoros e luzes vibrantes.","og_url":"https:\/\/www.isarodas.com.br\/isa\/store\/brinquedos\/pista-elevador-com-som-e-luz-pinguins-fofinhos\/","og_site_name":"Isarodas","article_publisher":"https:\/\/www.facebook.com\/isarodasoficial\/","og_image":[{"width":473,"height":500,"url":"https:\/\/www.isarodas.com.br\/isa\/wp-content\/uploads\/2024\/04\/D_NQ_NP_899494-MLB31735190315_082019-O.webp","type":"image\/webp"}],"twitter_card":"summary_large_image","twitter_misc":{"Est. tempo de leitura":"2 minutos"},"schema":{"@context":"https:\/\/schema.org","@graph":[{"@type":"WebPage","@id":"https:\/\/www.isarodas.com.br\/isa\/store\/brinquedos\/pista-elevador-com-som-e-luz-pinguins-fofinhos\/","url":"https:\/\/www.isarodas.com.br\/isa\/store\/brinquedos\/pista-elevador-com-som-e-luz-pinguins-fofinhos\/","name":"Pista Elevador Com Som E Luz Pinguins Fofinhos","isPartOf":{"@id":"https:\/\/www.isarodas.com.br\/isa\/#website"},"primaryImageOfPage":{"@id":"https:\/\/www.isarodas.com.br\/isa\/store\/brinquedos\/pista-elevador-com-som-e-luz-pinguins-fofinhos\/#primaryimage"},"image":{"@id":"https:\/\/www.isarodas.com.br\/isa\/store\/brinquedos\/pista-elevador-com-som-e-luz-pinguins-fofinhos\/#primaryimage"},"thumbnailUrl":"https:\/\/www.isarodas.com.br\/isa\/wp-content\/uploads\/2024\/04\/D_NQ_NP_899494-MLB31735190315_082019-O.webp","datePublished":"2024-04-10T14:38:49+00:00","dateModified":"2024-04-10T14:38:49+00:00","description":"Pista Elevador de Pinguins Fofinhos com Som e Luz! Este brinquedo encantador oferece uma experi\u00eancia emocionante com ador\u00e1veis pinguins que se movem para cima e para baixo pela pista, acompanhados por efeitos sonoros e luzes vibrantes.","breadcrumb":{"@id":"https:\/\/www.isarodas.com.br\/isa\/store\/brinquedos\/pista-elevador-com-som-e-luz-pinguins-fofinhos\/#breadcrumb"},"inLanguage":"pt-BR","potentialAction":[{"@type":"ReadAction","target":["https:\/\/www.isarodas.com.br\/isa\/store\/brinquedos\/pista-elevador-com-som-e-luz-pinguins-fofinhos\/"]}]},{"@type":"ImageObject","inLanguage":"pt-BR","@id":"https:\/\/www.isarodas.com.br\/isa\/store\/brinquedos\/pista-elevador-com-som-e-luz-pinguins-fofinhos\/#primaryimage","url":"https:\/\/www.isarodas.com.br\/isa\/wp-content\/uploads\/2024\/04\/D_NQ_NP_899494-MLB31735190315_082019-O.webp","contentUrl":"https:\/\/www.isarodas.com.br\/isa\/wp-content\/uploads\/2024\/04\/D_NQ_NP_899494-MLB31735190315_082019-O.webp","width":473,"height":500},{"@type":"BreadcrumbList","@id":"https:\/\/www.isarodas.com.br\/isa\/store\/brinquedos\/pista-elevador-com-som-e-luz-pinguins-fofinhos\/#breadcrumb","itemListElement":[{"@type":"ListItem","position":1,"name":"In\u00edcio","item":"https:\/\/www.isarodas.com.br\/isa\/"},{"@type":"ListItem","position":2,"name":"Store","item":"https:\/\/www.isarodas.com.br\/isa\/store\/"},{"@type":"ListItem","position":3,"name":"Pista Elevador Com Som E Luz Pinguins Fofinhos"}]},{"@type":"WebSite","@id":"https:\/\/www.isarodas.com.br\/isa\/#website","url":"https:\/\/www.isarodas.com.br\/isa\/","name":"Isarodas","description":"Ecommerce isarodas","publisher":{"@id":"https:\/\/www.isarodas.com.br\/isa\/#organization"},"potentialAction":[{"@type":"SearchAction","target":{"@type":"EntryPoint","urlTemplate":"https:\/\/www.isarodas.com.br\/isa\/?s={search_term_string}"},"query-input":"required name=search_term_string"}],"inLanguage":"pt-BR"},{"@type":"Organization","@id":"https:\/\/www.isarodas.com.br\/isa\/#organization","name":"Isarodas","url":"https:\/\/www.isarodas.com.br\/isa\/","logo":{"@type":"ImageObject","inLanguage":"pt-BR","@id":"https:\/\/www.isarodas.com.br\/isa\/#\/schema\/logo\/image\/","url":"https:\/\/www.isarodas.com.br\/isa\/wp-content\/uploads\/2024\/03\/cropped-lgs-1.png","contentUrl":"https:\/\/www.isarodas.com.br\/isa\/wp-content\/uploads\/2024\/03\/cropped-lgs-1.png","width":120,"height":119,"caption":"Isarodas"},"image":{"@id":"https:\/\/www.isarodas.com.br\/isa\/#\/schema\/logo\/image\/"},"sameAs":["https:\/\/www.facebook.com\/isarodasoficial\/","https:\/\/www.youtube.com\/@isarodas9312","https:\/\/www.instagram.com\/isarodasoficial\/"]}]}},"_links":{"self":[{"href":"https:\/\/www.isarodas.com.br\/isa\/wp-json\/wp\/v2\/product\/5117","targetHints":{"allow":["GET"]}}],"collection":[{"href":"https:\/\/www.isarodas.com.br\/isa\/wp-json\/wp\/v2\/product"}],"about":[{"href":"https:\/\/www.isarodas.com.br\/isa\/wp-json\/wp\/v2\/types\/product"}],"replies":[{"embeddable":true,"href":"https:\/\/www.isarodas.com.br\/isa\/wp-json\/wp\/v2\/comments?post=5117"}],"version-history":[{"count":1,"href":"https:\/\/www.isarodas.com.br\/isa\/wp-json\/wp\/v2\/product\/5117\/revisions"}],"predecessor-version":[{"id":5119,"href":"https:\/\/www.isarodas.com.br\/isa\/wp-json\/wp\/v2\/product\/5117\/revisions\/5119"}],"wp:featuredmedia":[{"embeddable":true,"href":"https:\/\/www.isarodas.com.br\/isa\/wp-json\/wp\/v2\/media\/5118"}],"wp:attachment":[{"href":"https:\/\/www.isarodas.com.br\/isa\/wp-json\/wp\/v2\/media?parent=5117"}],"wp:term":[{"taxonomy":"product_cat","embeddable":true,"href":"https:\/\/www.isarodas.com.br\/isa\/wp-json\/wp\/v2\/product_cat?post=5117"},{"taxonomy":"product_tag","embeddable":true,"href":"https:\/\/www.isarodas.com.br\/isa\/wp-json\/wp\/v2\/product_tag?post=5117"}],"curies":[{"name":"wp","href":"https:\/\/api.w.org\/{rel}","templated":true}]}}