{"id":5075,"date":"2024-04-08T16:03:52","date_gmt":"2024-04-08T19:03:52","guid":{"rendered":"https:\/\/www.isarodas.com.br\/isa\/?post_type=product&#038;p=5075"},"modified":"2024-04-08T16:03:52","modified_gmt":"2024-04-08T19:03:52","slug":"bota-botina-de-seguranca-sem-bico-trab-pedreiro","status":"publish","type":"product","link":"https:\/\/www.isarodas.com.br\/isa\/store\/construcao\/seguranca\/calcados\/bota-botina-de-seguranca-sem-bico-trab-pedreiro\/","title":{"rendered":"Bota Botina De Seguran\u00e7a Sem Bico Trab Pedreiro"},"content":{"rendered":"<p>Uma &#8220;Bota Botina de Seguran\u00e7a sem Bico&#8221; \u00e9 um tipo de cal\u00e7ado de prote\u00e7\u00e3o projetado para uso em ambientes de trabalho onde h\u00e1 riscos moderados para os p\u00e9s, mas onde a prote\u00e7\u00e3o de bico de a\u00e7o pode n\u00e3o ser necess\u00e1ria ou desej\u00e1vel. Normalmente, essas botinas s\u00e3o usadas em trabalhos onde n\u00e3o h\u00e1 risco de queda de objetos pesados nos p\u00e9s, como em servi\u00e7os de constru\u00e7\u00e3o civil, servi\u00e7os de limpeza, jardinagem, entre outros.<\/p>\n<p>Por exemplo, um pedreiro pode usar uma botina de seguran\u00e7a sem bico ao trabalhar em ambientes onde a prote\u00e7\u00e3o do p\u00e9 \u00e9 necess\u00e1ria devido a riscos de les\u00f5es por escoria\u00e7\u00f5es, pisadas em pregos, entre outros, mas onde o risco de quedas de objetos pesados sobre os p\u00e9s \u00e9 menor.<\/p>\n<p>Essas botinas geralmente s\u00e3o constru\u00eddas com materiais dur\u00e1veis e resistentes para proteger os p\u00e9s contra abras\u00f5es e oferecer suporte adequado durante longas horas de trabalho. Certifique-se sempre de escolher um cal\u00e7ado que atenda aos requisitos de seguran\u00e7a espec\u00edficos do seu ambiente de trabalho.<\/p>\n","protected":false},"excerpt":{"rendered":"<p>Uma &#8220;Bota Botina de Seguran\u00e7a sem Bico&#8221; \u00e9 um tipo de cal\u00e7ado de prote\u00e7\u00e3o projetado para uso em ambientes de trabalho onde h\u00e1 riscos moderados para os p\u00e9s, mas onde a prote\u00e7\u00e3o de bico de a\u00e7o pode n\u00e3o ser necess\u00e1ria ou desej\u00e1vel. Normalmente, essas botinas s\u00e3o usadas em trabalhos onde n\u00e3o h\u00e1 risco de queda [&hellip;]<\/p>\n","protected":false},"featured_media":5076,"comment_status":"open","ping_status":"closed","template":"","meta":{"_acf_changed":false,"site-sidebar-layout":"default","site-content-layout":"","ast-site-content-layout":"default","site-content-style":"default","site-sidebar-style":"default","ast-global-header-display":"","ast-banner-title-visibility":"","ast-main-header-display":"","ast-hfb-above-header-display":"","ast-hfb-below-header-display":"","ast-hfb-mobile-header-display":"","site-post-title":"","ast-breadcrumbs-content":"","ast-featured-img":"","footer-sml-layout":"","theme-transparent-header-meta":"default","adv-header-id-meta":"","stick-header-meta":"","header-above-stick-meta":"","header-main-stick-meta":"","header-below-stick-meta":"","astra-migrate-meta-layouts":"set","ast-page-background-enabled":"default","ast-page-background-meta":{"desktop":{"background-color":"","background-image":"","background-repeat":"repeat","background-position":"center center","background-size":"auto","background-attachment":"scroll","background-type":"","background-media":"","overlay-type":"","overlay-color":"","overlay-gradient":""},"tablet":{"background-color":"","background-image":"","background-repeat":"repeat","background-position":"center center","background-size":"auto","background-attachment":"scroll","background-type":"","background-media":"","overlay-type":"","overlay-color":"","overlay-gradient":""},"mobile":{"background-color":"","background-image":"","background-repeat":"repeat","background-position":"center center","background-size":"auto","background-attachment":"scroll","background-type":"","background-media":"","overlay-type":"","overlay-color":"","overlay-gradient":""}},"ast-content-background-meta":{"desktop":{"background-color":"var(--ast-global-color-5)","background-image":"","background-repeat":"repeat","background-position":"center center","background-size":"auto","background-attachment":"scroll","background-type":"","background-media":"","overlay-type":"","overlay-color":"","overlay-gradient":""},"tablet":{"background-color":"var(--ast-global-color-5)","background-image":"","background-repeat":"repeat","background-position":"center center","background-size":"auto","background-attachment":"scroll","background-type":"","background-media":"","overlay-type":"","overlay-color":"","overlay-gradient":""},"mobile":{"background-color":"var(--ast-global-color-5)","background-image":"","background-repeat":"repeat","background-position":"center center","background-size":"auto","background-attachment":"scroll","background-type":"","background-media":"","overlay-type":"","overlay-color":"","overlay-gradient":""}}},"product_cat":[78,60,77],"product_tag":[],"class_list":{"0":"post-5075","1":"product","2":"type-product","3":"status-publish","4":"has-post-thumbnail","6":"product_cat-calcados","7":"product_cat-construcao","8":"product_cat-seguranca","9":"desktop-align-left","10":"tablet-align-left","11":"mobile-align-left","13":"first","14":"instock","15":"sale","16":"shipping-taxable","17":"purchasable","18":"product-type-variable"},"acf":[],"yoast_head":"<!-- This site is optimized with the Yoast SEO plugin v22.3 - https:\/\/yoast.com\/wordpress\/plugins\/seo\/ -->\n<title>Bota Botina De Seguran\u00e7a Sem Bico Trab Pedreiro<\/title>\n<meta name=\"description\" content=\"Bota Botina de Seguran\u00e7a sem Bico \u00e9 um tipo de cal\u00e7ado de prote\u00e7\u00e3o projetado para uso em ambientes de trabalho onde h\u00e1 riscos moderados para os p\u00e9s, mas onde a prote\u00e7\u00e3o de bico de a\u00e7o pode n\u00e3o ser necess\u00e1ria ou desej\u00e1vel\" \/>\n<meta name=\"robots\" content=\"index, follow, max-snippet:-1, max-image-preview:large, max-video-preview:-1\" \/>\n<link rel=\"canonical\" href=\"https:\/\/www.isarodas.com.br\/isa\/store\/construcao\/seguranca\/calcados\/bota-botina-de-seguranca-sem-bico-trab-pedreiro\/\" \/>\n<meta property=\"og:locale\" content=\"pt_BR\" \/>\n<meta property=\"og:type\" content=\"article\" \/>\n<meta property=\"og:title\" content=\"Bota Botina De Seguran\u00e7a Sem Bico Trab Pedreiro\" \/>\n<meta property=\"og:description\" content=\"Bota Botina de Seguran\u00e7a sem Bico \u00e9 um tipo de cal\u00e7ado de prote\u00e7\u00e3o projetado para uso em ambientes de trabalho onde h\u00e1 riscos moderados para os p\u00e9s, mas onde a prote\u00e7\u00e3o de bico de a\u00e7o pode n\u00e3o ser necess\u00e1ria ou desej\u00e1vel\" \/>\n<meta property=\"og:url\" content=\"https:\/\/www.isarodas.com.br\/isa\/store\/construcao\/seguranca\/calcados\/bota-botina-de-seguranca-sem-bico-trab-pedreiro\/\" \/>\n<meta property=\"og:site_name\" content=\"Isarodas\" \/>\n<meta property=\"article:publisher\" content=\"https:\/\/www.facebook.com\/isarodasoficial\/\" \/>\n<meta property=\"og:image\" content=\"https:\/\/www.isarodas.com.br\/isa\/wp-content\/uploads\/2024\/04\/D_NQ_NP_642252-MLB31031609869_062019-O.webp\" \/>\n\t<meta property=\"og:image:width\" content=\"500\" \/>\n\t<meta property=\"og:image:height\" content=\"468\" \/>\n\t<meta property=\"og:image:type\" content=\"image\/webp\" \/>\n<meta name=\"twitter:card\" content=\"summary_large_image\" \/>\n<meta name=\"twitter:label1\" content=\"Est. tempo de leitura\" \/>\n\t<meta name=\"twitter:data1\" content=\"2 minutos\" \/>\n<script type=\"application\/ld+json\" class=\"yoast-schema-graph\">{\"@context\":\"https:\/\/schema.org\",\"@graph\":[{\"@type\":\"WebPage\",\"@id\":\"https:\/\/www.isarodas.com.br\/isa\/store\/construcao\/seguranca\/calcados\/bota-botina-de-seguranca-sem-bico-trab-pedreiro\/\",\"url\":\"https:\/\/www.isarodas.com.br\/isa\/store\/construcao\/seguranca\/calcados\/bota-botina-de-seguranca-sem-bico-trab-pedreiro\/\",\"name\":\"Bota Botina De Seguran\u00e7a Sem Bico Trab Pedreiro\",\"isPartOf\":{\"@id\":\"https:\/\/www.isarodas.com.br\/isa\/#website\"},\"primaryImageOfPage\":{\"@id\":\"https:\/\/www.isarodas.com.br\/isa\/store\/construcao\/seguranca\/calcados\/bota-botina-de-seguranca-sem-bico-trab-pedreiro\/#primaryimage\"},\"image\":{\"@id\":\"https:\/\/www.isarodas.com.br\/isa\/store\/construcao\/seguranca\/calcados\/bota-botina-de-seguranca-sem-bico-trab-pedreiro\/#primaryimage\"},\"thumbnailUrl\":\"https:\/\/www.isarodas.com.br\/isa\/wp-content\/uploads\/2024\/04\/D_NQ_NP_642252-MLB31031609869_062019-O.webp\",\"datePublished\":\"2024-04-08T19:03:52+00:00\",\"dateModified\":\"2024-04-08T19:03:52+00:00\",\"description\":\"Bota Botina de Seguran\u00e7a sem Bico \u00e9 um tipo de cal\u00e7ado de prote\u00e7\u00e3o projetado para uso em ambientes de trabalho onde h\u00e1 riscos moderados para os p\u00e9s, mas onde a prote\u00e7\u00e3o de bico de a\u00e7o pode n\u00e3o ser necess\u00e1ria ou desej\u00e1vel\",\"breadcrumb\":{\"@id\":\"https:\/\/www.isarodas.com.br\/isa\/store\/construcao\/seguranca\/calcados\/bota-botina-de-seguranca-sem-bico-trab-pedreiro\/#breadcrumb\"},\"inLanguage\":\"pt-BR\",\"potentialAction\":[{\"@type\":\"ReadAction\",\"target\":[\"https:\/\/www.isarodas.com.br\/isa\/store\/construcao\/seguranca\/calcados\/bota-botina-de-seguranca-sem-bico-trab-pedreiro\/\"]}]},{\"@type\":\"ImageObject\",\"inLanguage\":\"pt-BR\",\"@id\":\"https:\/\/www.isarodas.com.br\/isa\/store\/construcao\/seguranca\/calcados\/bota-botina-de-seguranca-sem-bico-trab-pedreiro\/#primaryimage\",\"url\":\"https:\/\/www.isarodas.com.br\/isa\/wp-content\/uploads\/2024\/04\/D_NQ_NP_642252-MLB31031609869_062019-O.webp\",\"contentUrl\":\"https:\/\/www.isarodas.com.br\/isa\/wp-content\/uploads\/2024\/04\/D_NQ_NP_642252-MLB31031609869_062019-O.webp\",\"width\":500,\"height\":468},{\"@type\":\"BreadcrumbList\",\"@id\":\"https:\/\/www.isarodas.com.br\/isa\/store\/construcao\/seguranca\/calcados\/bota-botina-de-seguranca-sem-bico-trab-pedreiro\/#breadcrumb\",\"itemListElement\":[{\"@type\":\"ListItem\",\"position\":1,\"name\":\"In\u00edcio\",\"item\":\"https:\/\/www.isarodas.com.br\/isa\/\"},{\"@type\":\"ListItem\",\"position\":2,\"name\":\"Store\",\"item\":\"https:\/\/www.isarodas.com.br\/isa\/store\/\"},{\"@type\":\"ListItem\",\"position\":3,\"name\":\"Bota Botina De Seguran\u00e7a Sem Bico Trab Pedreiro\"}]},{\"@type\":\"WebSite\",\"@id\":\"https:\/\/www.isarodas.com.br\/isa\/#website\",\"url\":\"https:\/\/www.isarodas.com.br\/isa\/\",\"name\":\"Isarodas\",\"description\":\"Ecommerce isarodas\",\"publisher\":{\"@id\":\"https:\/\/www.isarodas.com.br\/isa\/#organization\"},\"potentialAction\":[{\"@type\":\"SearchAction\",\"target\":{\"@type\":\"EntryPoint\",\"urlTemplate\":\"https:\/\/www.isarodas.com.br\/isa\/?s={search_term_string}\"},\"query-input\":\"required name=search_term_string\"}],\"inLanguage\":\"pt-BR\"},{\"@type\":\"Organization\",\"@id\":\"https:\/\/www.isarodas.com.br\/isa\/#organization\",\"name\":\"Isarodas\",\"url\":\"https:\/\/www.isarodas.com.br\/isa\/\",\"logo\":{\"@type\":\"ImageObject\",\"inLanguage\":\"pt-BR\",\"@id\":\"https:\/\/www.isarodas.com.br\/isa\/#\/schema\/logo\/image\/\",\"url\":\"https:\/\/www.isarodas.com.br\/isa\/wp-content\/uploads\/2024\/03\/cropped-lgs-1.png\",\"contentUrl\":\"https:\/\/www.isarodas.com.br\/isa\/wp-content\/uploads\/2024\/03\/cropped-lgs-1.png\",\"width\":120,\"height\":119,\"caption\":\"Isarodas\"},\"image\":{\"@id\":\"https:\/\/www.isarodas.com.br\/isa\/#\/schema\/logo\/image\/\"},\"sameAs\":[\"https:\/\/www.facebook.com\/isarodasoficial\/\",\"https:\/\/www.youtube.com\/@isarodas9312\",\"https:\/\/www.instagram.com\/isarodasoficial\/\"]}]}<\/script>\n<!-- \/ Yoast SEO plugin. -->","yoast_head_json":{"title":"Bota Botina De Seguran\u00e7a Sem Bico Trab Pedreiro","description":"Bota Botina de Seguran\u00e7a sem Bico \u00e9 um tipo de cal\u00e7ado de prote\u00e7\u00e3o projetado para uso em ambientes de trabalho onde h\u00e1 riscos moderados para os p\u00e9s, mas onde a prote\u00e7\u00e3o de bico de a\u00e7o pode n\u00e3o ser necess\u00e1ria ou desej\u00e1vel","robots":{"index":"index","follow":"follow","max-snippet":"max-snippet:-1","max-image-preview":"max-image-preview:large","max-video-preview":"max-video-preview:-1"},"canonical":"https:\/\/www.isarodas.com.br\/isa\/store\/construcao\/seguranca\/calcados\/bota-botina-de-seguranca-sem-bico-trab-pedreiro\/","og_locale":"pt_BR","og_type":"article","og_title":"Bota Botina De Seguran\u00e7a Sem Bico Trab Pedreiro","og_description":"Bota Botina de Seguran\u00e7a sem Bico \u00e9 um tipo de cal\u00e7ado de prote\u00e7\u00e3o projetado para uso em ambientes de trabalho onde h\u00e1 riscos moderados para os p\u00e9s, mas onde a prote\u00e7\u00e3o de bico de a\u00e7o pode n\u00e3o ser necess\u00e1ria ou desej\u00e1vel","og_url":"https:\/\/www.isarodas.com.br\/isa\/store\/construcao\/seguranca\/calcados\/bota-botina-de-seguranca-sem-bico-trab-pedreiro\/","og_site_name":"Isarodas","article_publisher":"https:\/\/www.facebook.com\/isarodasoficial\/","og_image":[{"width":500,"height":468,"url":"https:\/\/www.isarodas.com.br\/isa\/wp-content\/uploads\/2024\/04\/D_NQ_NP_642252-MLB31031609869_062019-O.webp","type":"image\/webp"}],"twitter_card":"summary_large_image","twitter_misc":{"Est. tempo de leitura":"2 minutos"},"schema":{"@context":"https:\/\/schema.org","@graph":[{"@type":"WebPage","@id":"https:\/\/www.isarodas.com.br\/isa\/store\/construcao\/seguranca\/calcados\/bota-botina-de-seguranca-sem-bico-trab-pedreiro\/","url":"https:\/\/www.isarodas.com.br\/isa\/store\/construcao\/seguranca\/calcados\/bota-botina-de-seguranca-sem-bico-trab-pedreiro\/","name":"Bota Botina De Seguran\u00e7a Sem Bico Trab Pedreiro","isPartOf":{"@id":"https:\/\/www.isarodas.com.br\/isa\/#website"},"primaryImageOfPage":{"@id":"https:\/\/www.isarodas.com.br\/isa\/store\/construcao\/seguranca\/calcados\/bota-botina-de-seguranca-sem-bico-trab-pedreiro\/#primaryimage"},"image":{"@id":"https:\/\/www.isarodas.com.br\/isa\/store\/construcao\/seguranca\/calcados\/bota-botina-de-seguranca-sem-bico-trab-pedreiro\/#primaryimage"},"thumbnailUrl":"https:\/\/www.isarodas.com.br\/isa\/wp-content\/uploads\/2024\/04\/D_NQ_NP_642252-MLB31031609869_062019-O.webp","datePublished":"2024-04-08T19:03:52+00:00","dateModified":"2024-04-08T19:03:52+00:00","description":"Bota Botina de Seguran\u00e7a sem Bico \u00e9 um tipo de cal\u00e7ado de prote\u00e7\u00e3o projetado para uso em ambientes de trabalho onde h\u00e1 riscos moderados para os p\u00e9s, mas onde a prote\u00e7\u00e3o de bico de a\u00e7o pode n\u00e3o ser necess\u00e1ria ou desej\u00e1vel","breadcrumb":{"@id":"https:\/\/www.isarodas.com.br\/isa\/store\/construcao\/seguranca\/calcados\/bota-botina-de-seguranca-sem-bico-trab-pedreiro\/#breadcrumb"},"inLanguage":"pt-BR","potentialAction":[{"@type":"ReadAction","target":["https:\/\/www.isarodas.com.br\/isa\/store\/construcao\/seguranca\/calcados\/bota-botina-de-seguranca-sem-bico-trab-pedreiro\/"]}]},{"@type":"ImageObject","inLanguage":"pt-BR","@id":"https:\/\/www.isarodas.com.br\/isa\/store\/construcao\/seguranca\/calcados\/bota-botina-de-seguranca-sem-bico-trab-pedreiro\/#primaryimage","url":"https:\/\/www.isarodas.com.br\/isa\/wp-content\/uploads\/2024\/04\/D_NQ_NP_642252-MLB31031609869_062019-O.webp","contentUrl":"https:\/\/www.isarodas.com.br\/isa\/wp-content\/uploads\/2024\/04\/D_NQ_NP_642252-MLB31031609869_062019-O.webp","width":500,"height":468},{"@type":"BreadcrumbList","@id":"https:\/\/www.isarodas.com.br\/isa\/store\/construcao\/seguranca\/calcados\/bota-botina-de-seguranca-sem-bico-trab-pedreiro\/#breadcrumb","itemListElement":[{"@type":"ListItem","position":1,"name":"In\u00edcio","item":"https:\/\/www.isarodas.com.br\/isa\/"},{"@type":"ListItem","position":2,"name":"Store","item":"https:\/\/www.isarodas.com.br\/isa\/store\/"},{"@type":"ListItem","position":3,"name":"Bota Botina De Seguran\u00e7a Sem Bico Trab Pedreiro"}]},{"@type":"WebSite","@id":"https:\/\/www.isarodas.com.br\/isa\/#website","url":"https:\/\/www.isarodas.com.br\/isa\/","name":"Isarodas","description":"Ecommerce isarodas","publisher":{"@id":"https:\/\/www.isarodas.com.br\/isa\/#organization"},"potentialAction":[{"@type":"SearchAction","target":{"@type":"EntryPoint","urlTemplate":"https:\/\/www.isarodas.com.br\/isa\/?s={search_term_string}"},"query-input":"required name=search_term_string"}],"inLanguage":"pt-BR"},{"@type":"Organization","@id":"https:\/\/www.isarodas.com.br\/isa\/#organization","name":"Isarodas","url":"https:\/\/www.isarodas.com.br\/isa\/","logo":{"@type":"ImageObject","inLanguage":"pt-BR","@id":"https:\/\/www.isarodas.com.br\/isa\/#\/schema\/logo\/image\/","url":"https:\/\/www.isarodas.com.br\/isa\/wp-content\/uploads\/2024\/03\/cropped-lgs-1.png","contentUrl":"https:\/\/www.isarodas.com.br\/isa\/wp-content\/uploads\/2024\/03\/cropped-lgs-1.png","width":120,"height":119,"caption":"Isarodas"},"image":{"@id":"https:\/\/www.isarodas.com.br\/isa\/#\/schema\/logo\/image\/"},"sameAs":["https:\/\/www.facebook.com\/isarodasoficial\/","https:\/\/www.youtube.com\/@isarodas9312","https:\/\/www.instagram.com\/isarodasoficial\/"]}]}},"_links":{"self":[{"href":"https:\/\/www.isarodas.com.br\/isa\/wp-json\/wp\/v2\/product\/5075","targetHints":{"allow":["GET"]}}],"collection":[{"href":"https:\/\/www.isarodas.com.br\/isa\/wp-json\/wp\/v2\/product"}],"about":[{"href":"https:\/\/www.isarodas.com.br\/isa\/wp-json\/wp\/v2\/types\/product"}],"replies":[{"embeddable":true,"href":"https:\/\/www.isarodas.com.br\/isa\/wp-json\/wp\/v2\/comments?post=5075"}],"version-history":[{"count":1,"href":"https:\/\/www.isarodas.com.br\/isa\/wp-json\/wp\/v2\/product\/5075\/revisions"}],"predecessor-version":[{"id":5085,"href":"https:\/\/www.isarodas.com.br\/isa\/wp-json\/wp\/v2\/product\/5075\/revisions\/5085"}],"wp:featuredmedia":[{"embeddable":true,"href":"https:\/\/www.isarodas.com.br\/isa\/wp-json\/wp\/v2\/media\/5076"}],"wp:attachment":[{"href":"https:\/\/www.isarodas.com.br\/isa\/wp-json\/wp\/v2\/media?parent=5075"}],"wp:term":[{"taxonomy":"product_cat","embeddable":true,"href":"https:\/\/www.isarodas.com.br\/isa\/wp-json\/wp\/v2\/product_cat?post=5075"},{"taxonomy":"product_tag","embeddable":true,"href":"https:\/\/www.isarodas.com.br\/isa\/wp-json\/wp\/v2\/product_tag?post=5075"}],"curies":[{"name":"wp","href":"https:\/\/api.w.org\/{rel}","templated":true}]}}