{"id":5053,"date":"2024-04-08T15:47:55","date_gmt":"2024-04-08T18:47:55","guid":{"rendered":"https:\/\/www.isarodas.com.br\/isa\/?post_type=product&#038;p=5053"},"modified":"2024-04-08T15:47:56","modified_gmt":"2024-04-08T18:47:56","slug":"bota-botina-de-seguranca-c-cadarco-com-bico-aco-cartom-013","status":"publish","type":"product","link":"https:\/\/www.isarodas.com.br\/isa\/store\/construcao\/seguranca\/calcados\/bota-botina-de-seguranca-c-cadarco-com-bico-aco-cartom-013\/","title":{"rendered":"Bota Botina De Seguran\u00e7a C\/ Cadar\u00e7o Com Bico A\u00e7o Cartom 013"},"content":{"rendered":"<p>A Bota Botina de Seguran\u00e7a com Cadar\u00e7o e Bico de A\u00e7o Cartom 013 \u00e9 um cal\u00e7ado projetado para proporcionar prote\u00e7\u00e3o aos p\u00e9s em ambientes de trabalho que apresentam riscos, como em ind\u00fastrias, constru\u00e7\u00e3o civil, entre outros.<\/p>\n<p>Caracter\u00edsticas principais:<\/p>\n<ul>\n<li><strong>Bota Botina de Seguran\u00e7a:<\/strong> Indica que se trata de um cal\u00e7ado espec\u00edfico para prote\u00e7\u00e3o nos ambientes de trabalho.<\/li>\n<li><strong>Cadar\u00e7o:<\/strong> Possui cadar\u00e7o para ajuste adequado ao p\u00e9, proporcionando conforto e seguran\u00e7a.<\/li>\n<li><strong>Bico de A\u00e7o:<\/strong> Equipado com bico de a\u00e7o para proteger os dedos dos p\u00e9s contra impactos e compress\u00f5es.<\/li>\n<li><strong>Marca Cartom e modelo 013:<\/strong> Indica a marca do fabricante e o modelo espec\u00edfico do cal\u00e7ado.<\/li>\n<\/ul>\n<p>Essas botinas s\u00e3o projetadas para atender \u00e0s normas de seguran\u00e7a e oferecer prote\u00e7\u00e3o contra diversos riscos presentes no ambiente de trabalho, como quedas de objetos, esmagamentos, entre outros. Certifique-se de escolher o tamanho correto para um ajuste confort\u00e1vel e seguro.<\/p>\n","protected":false},"excerpt":{"rendered":"<p>A Bota Botina de Seguran\u00e7a com Cadar\u00e7o e Bico de A\u00e7o Cartom 013 \u00e9 um cal\u00e7ado projetado para proporcionar prote\u00e7\u00e3o aos p\u00e9s em ambientes de trabalho que apresentam riscos, como em ind\u00fastrias, constru\u00e7\u00e3o civil, entre outros. Caracter\u00edsticas principais: Bota Botina de Seguran\u00e7a: Indica que se trata de um cal\u00e7ado espec\u00edfico para prote\u00e7\u00e3o nos ambientes de [&hellip;]<\/p>\n","protected":false},"featured_media":4979,"comment_status":"open","ping_status":"closed","template":"","meta":{"_acf_changed":false,"site-sidebar-layout":"default","site-content-layout":"","ast-site-content-layout":"default","site-content-style":"default","site-sidebar-style":"default","ast-global-header-display":"","ast-banner-title-visibility":"","ast-main-header-display":"","ast-hfb-above-header-display":"","ast-hfb-below-header-display":"","ast-hfb-mobile-header-display":"","site-post-title":"","ast-breadcrumbs-content":"","ast-featured-img":"","footer-sml-layout":"","theme-transparent-header-meta":"default","adv-header-id-meta":"","stick-header-meta":"","header-above-stick-meta":"","header-main-stick-meta":"","header-below-stick-meta":"","astra-migrate-meta-layouts":"set","ast-page-background-enabled":"default","ast-page-background-meta":{"desktop":{"background-color":"","background-image":"","background-repeat":"repeat","background-position":"center center","background-size":"auto","background-attachment":"scroll","background-type":"","background-media":"","overlay-type":"","overlay-color":"","overlay-gradient":""},"tablet":{"background-color":"","background-image":"","background-repeat":"repeat","background-position":"center center","background-size":"auto","background-attachment":"scroll","background-type":"","background-media":"","overlay-type":"","overlay-color":"","overlay-gradient":""},"mobile":{"background-color":"","background-image":"","background-repeat":"repeat","background-position":"center center","background-size":"auto","background-attachment":"scroll","background-type":"","background-media":"","overlay-type":"","overlay-color":"","overlay-gradient":""}},"ast-content-background-meta":{"desktop":{"background-color":"var(--ast-global-color-5)","background-image":"","background-repeat":"repeat","background-position":"center center","background-size":"auto","background-attachment":"scroll","background-type":"","background-media":"","overlay-type":"","overlay-color":"","overlay-gradient":""},"tablet":{"background-color":"var(--ast-global-color-5)","background-image":"","background-repeat":"repeat","background-position":"center center","background-size":"auto","background-attachment":"scroll","background-type":"","background-media":"","overlay-type":"","overlay-color":"","overlay-gradient":""},"mobile":{"background-color":"var(--ast-global-color-5)","background-image":"","background-repeat":"repeat","background-position":"center center","background-size":"auto","background-attachment":"scroll","background-type":"","background-media":"","overlay-type":"","overlay-color":"","overlay-gradient":""}}},"product_cat":[78,60,77],"product_tag":[],"class_list":{"0":"post-5053","1":"product","2":"type-product","3":"status-publish","4":"has-post-thumbnail","6":"product_cat-calcados","7":"product_cat-construcao","8":"product_cat-seguranca","9":"desktop-align-left","10":"tablet-align-left","11":"mobile-align-left","13":"first","14":"instock","15":"sale","16":"shipping-taxable","17":"purchasable","18":"product-type-variable"},"acf":[],"yoast_head":"<!-- This site is optimized with the Yoast SEO plugin v22.3 - https:\/\/yoast.com\/wordpress\/plugins\/seo\/ -->\n<title>Bota Botina De Seguran\u00e7a C\/ Cadar\u00e7o Com Bico A\u00e7o Cartom 013<\/title>\n<meta name=\"description\" content=\"Bota Botina de Seguran\u00e7a com Cadar\u00e7o e Bico de A\u00e7o Cartom 013 \u00e9 um cal\u00e7ado projetado para proporcionar prote\u00e7\u00e3o aos p\u00e9s em ambientes de trabalho que apresentam riscos, como em ind\u00fastrias, constru\u00e7\u00e3o civil, entre outros.\" \/>\n<meta name=\"robots\" content=\"index, follow, max-snippet:-1, max-image-preview:large, max-video-preview:-1\" \/>\n<link rel=\"canonical\" href=\"https:\/\/www.isarodas.com.br\/isa\/store\/construcao\/seguranca\/calcados\/bota-botina-de-seguranca-c-cadarco-com-bico-aco-cartom-013\/\" \/>\n<meta property=\"og:locale\" content=\"pt_BR\" \/>\n<meta property=\"og:type\" content=\"article\" \/>\n<meta property=\"og:title\" content=\"Bota Botina De Seguran\u00e7a C\/ Cadar\u00e7o Com Bico A\u00e7o Cartom 013\" \/>\n<meta property=\"og:description\" content=\"Bota Botina de Seguran\u00e7a com Cadar\u00e7o e Bico de A\u00e7o Cartom 013 \u00e9 um cal\u00e7ado projetado para proporcionar prote\u00e7\u00e3o aos p\u00e9s em ambientes de trabalho que apresentam riscos, como em ind\u00fastrias, constru\u00e7\u00e3o civil, entre outros.\" \/>\n<meta property=\"og:url\" content=\"https:\/\/www.isarodas.com.br\/isa\/store\/construcao\/seguranca\/calcados\/bota-botina-de-seguranca-c-cadarco-com-bico-aco-cartom-013\/\" \/>\n<meta property=\"og:site_name\" content=\"Isarodas\" \/>\n<meta property=\"article:publisher\" content=\"https:\/\/www.facebook.com\/isarodasoficial\/\" \/>\n<meta property=\"article:modified_time\" content=\"2024-04-08T18:47:56+00:00\" \/>\n<meta property=\"og:image\" content=\"https:\/\/www.isarodas.com.br\/isa\/wp-content\/uploads\/2024\/04\/D_NQ_NP_678593-MLB50021986512_052022-O.webp\" \/>\n\t<meta property=\"og:image:width\" content=\"500\" \/>\n\t<meta property=\"og:image:height\" content=\"332\" \/>\n\t<meta property=\"og:image:type\" content=\"image\/webp\" \/>\n<meta name=\"twitter:card\" content=\"summary_large_image\" \/>\n<meta name=\"twitter:label1\" content=\"Est. tempo de leitura\" \/>\n\t<meta name=\"twitter:data1\" content=\"1 minuto\" \/>\n<script type=\"application\/ld+json\" class=\"yoast-schema-graph\">{\"@context\":\"https:\/\/schema.org\",\"@graph\":[{\"@type\":\"WebPage\",\"@id\":\"https:\/\/www.isarodas.com.br\/isa\/store\/construcao\/seguranca\/calcados\/bota-botina-de-seguranca-c-cadarco-com-bico-aco-cartom-013\/\",\"url\":\"https:\/\/www.isarodas.com.br\/isa\/store\/construcao\/seguranca\/calcados\/bota-botina-de-seguranca-c-cadarco-com-bico-aco-cartom-013\/\",\"name\":\"Bota Botina De Seguran\u00e7a C\/ Cadar\u00e7o Com Bico A\u00e7o Cartom 013\",\"isPartOf\":{\"@id\":\"https:\/\/www.isarodas.com.br\/isa\/#website\"},\"primaryImageOfPage\":{\"@id\":\"https:\/\/www.isarodas.com.br\/isa\/store\/construcao\/seguranca\/calcados\/bota-botina-de-seguranca-c-cadarco-com-bico-aco-cartom-013\/#primaryimage\"},\"image\":{\"@id\":\"https:\/\/www.isarodas.com.br\/isa\/store\/construcao\/seguranca\/calcados\/bota-botina-de-seguranca-c-cadarco-com-bico-aco-cartom-013\/#primaryimage\"},\"thumbnailUrl\":\"https:\/\/www.isarodas.com.br\/isa\/wp-content\/uploads\/2024\/04\/D_NQ_NP_678593-MLB50021986512_052022-O.webp\",\"datePublished\":\"2024-04-08T18:47:55+00:00\",\"dateModified\":\"2024-04-08T18:47:56+00:00\",\"description\":\"Bota Botina de Seguran\u00e7a com Cadar\u00e7o e Bico de A\u00e7o Cartom 013 \u00e9 um cal\u00e7ado projetado para proporcionar prote\u00e7\u00e3o aos p\u00e9s em ambientes de trabalho que apresentam riscos, como em ind\u00fastrias, constru\u00e7\u00e3o civil, entre outros.\",\"breadcrumb\":{\"@id\":\"https:\/\/www.isarodas.com.br\/isa\/store\/construcao\/seguranca\/calcados\/bota-botina-de-seguranca-c-cadarco-com-bico-aco-cartom-013\/#breadcrumb\"},\"inLanguage\":\"pt-BR\",\"potentialAction\":[{\"@type\":\"ReadAction\",\"target\":[\"https:\/\/www.isarodas.com.br\/isa\/store\/construcao\/seguranca\/calcados\/bota-botina-de-seguranca-c-cadarco-com-bico-aco-cartom-013\/\"]}]},{\"@type\":\"ImageObject\",\"inLanguage\":\"pt-BR\",\"@id\":\"https:\/\/www.isarodas.com.br\/isa\/store\/construcao\/seguranca\/calcados\/bota-botina-de-seguranca-c-cadarco-com-bico-aco-cartom-013\/#primaryimage\",\"url\":\"https:\/\/www.isarodas.com.br\/isa\/wp-content\/uploads\/2024\/04\/D_NQ_NP_678593-MLB50021986512_052022-O.webp\",\"contentUrl\":\"https:\/\/www.isarodas.com.br\/isa\/wp-content\/uploads\/2024\/04\/D_NQ_NP_678593-MLB50021986512_052022-O.webp\",\"width\":500,\"height\":332},{\"@type\":\"BreadcrumbList\",\"@id\":\"https:\/\/www.isarodas.com.br\/isa\/store\/construcao\/seguranca\/calcados\/bota-botina-de-seguranca-c-cadarco-com-bico-aco-cartom-013\/#breadcrumb\",\"itemListElement\":[{\"@type\":\"ListItem\",\"position\":1,\"name\":\"In\u00edcio\",\"item\":\"https:\/\/www.isarodas.com.br\/isa\/\"},{\"@type\":\"ListItem\",\"position\":2,\"name\":\"Store\",\"item\":\"https:\/\/www.isarodas.com.br\/isa\/store\/\"},{\"@type\":\"ListItem\",\"position\":3,\"name\":\"Bota Botina De Seguran\u00e7a C\/ Cadar\u00e7o Com Bico A\u00e7o Cartom 013\"}]},{\"@type\":\"WebSite\",\"@id\":\"https:\/\/www.isarodas.com.br\/isa\/#website\",\"url\":\"https:\/\/www.isarodas.com.br\/isa\/\",\"name\":\"Isarodas\",\"description\":\"Ecommerce isarodas\",\"publisher\":{\"@id\":\"https:\/\/www.isarodas.com.br\/isa\/#organization\"},\"potentialAction\":[{\"@type\":\"SearchAction\",\"target\":{\"@type\":\"EntryPoint\",\"urlTemplate\":\"https:\/\/www.isarodas.com.br\/isa\/?s={search_term_string}\"},\"query-input\":\"required name=search_term_string\"}],\"inLanguage\":\"pt-BR\"},{\"@type\":\"Organization\",\"@id\":\"https:\/\/www.isarodas.com.br\/isa\/#organization\",\"name\":\"Isarodas\",\"url\":\"https:\/\/www.isarodas.com.br\/isa\/\",\"logo\":{\"@type\":\"ImageObject\",\"inLanguage\":\"pt-BR\",\"@id\":\"https:\/\/www.isarodas.com.br\/isa\/#\/schema\/logo\/image\/\",\"url\":\"https:\/\/www.isarodas.com.br\/isa\/wp-content\/uploads\/2024\/03\/cropped-lgs-1.png\",\"contentUrl\":\"https:\/\/www.isarodas.com.br\/isa\/wp-content\/uploads\/2024\/03\/cropped-lgs-1.png\",\"width\":120,\"height\":119,\"caption\":\"Isarodas\"},\"image\":{\"@id\":\"https:\/\/www.isarodas.com.br\/isa\/#\/schema\/logo\/image\/\"},\"sameAs\":[\"https:\/\/www.facebook.com\/isarodasoficial\/\",\"https:\/\/www.youtube.com\/@isarodas9312\",\"https:\/\/www.instagram.com\/isarodasoficial\/\"]}]}<\/script>\n<!-- \/ Yoast SEO plugin. -->","yoast_head_json":{"title":"Bota Botina De Seguran\u00e7a C\/ Cadar\u00e7o Com Bico A\u00e7o Cartom 013","description":"Bota Botina de Seguran\u00e7a com Cadar\u00e7o e Bico de A\u00e7o Cartom 013 \u00e9 um cal\u00e7ado projetado para proporcionar prote\u00e7\u00e3o aos p\u00e9s em ambientes de trabalho que apresentam riscos, como em ind\u00fastrias, constru\u00e7\u00e3o civil, entre outros.","robots":{"index":"index","follow":"follow","max-snippet":"max-snippet:-1","max-image-preview":"max-image-preview:large","max-video-preview":"max-video-preview:-1"},"canonical":"https:\/\/www.isarodas.com.br\/isa\/store\/construcao\/seguranca\/calcados\/bota-botina-de-seguranca-c-cadarco-com-bico-aco-cartom-013\/","og_locale":"pt_BR","og_type":"article","og_title":"Bota Botina De Seguran\u00e7a C\/ Cadar\u00e7o Com Bico A\u00e7o Cartom 013","og_description":"Bota Botina de Seguran\u00e7a com Cadar\u00e7o e Bico de A\u00e7o Cartom 013 \u00e9 um cal\u00e7ado projetado para proporcionar prote\u00e7\u00e3o aos p\u00e9s em ambientes de trabalho que apresentam riscos, como em ind\u00fastrias, constru\u00e7\u00e3o civil, entre outros.","og_url":"https:\/\/www.isarodas.com.br\/isa\/store\/construcao\/seguranca\/calcados\/bota-botina-de-seguranca-c-cadarco-com-bico-aco-cartom-013\/","og_site_name":"Isarodas","article_publisher":"https:\/\/www.facebook.com\/isarodasoficial\/","article_modified_time":"2024-04-08T18:47:56+00:00","og_image":[{"width":500,"height":332,"url":"https:\/\/www.isarodas.com.br\/isa\/wp-content\/uploads\/2024\/04\/D_NQ_NP_678593-MLB50021986512_052022-O.webp","type":"image\/webp"}],"twitter_card":"summary_large_image","twitter_misc":{"Est. tempo de leitura":"1 minuto"},"schema":{"@context":"https:\/\/schema.org","@graph":[{"@type":"WebPage","@id":"https:\/\/www.isarodas.com.br\/isa\/store\/construcao\/seguranca\/calcados\/bota-botina-de-seguranca-c-cadarco-com-bico-aco-cartom-013\/","url":"https:\/\/www.isarodas.com.br\/isa\/store\/construcao\/seguranca\/calcados\/bota-botina-de-seguranca-c-cadarco-com-bico-aco-cartom-013\/","name":"Bota Botina De Seguran\u00e7a C\/ Cadar\u00e7o Com Bico A\u00e7o Cartom 013","isPartOf":{"@id":"https:\/\/www.isarodas.com.br\/isa\/#website"},"primaryImageOfPage":{"@id":"https:\/\/www.isarodas.com.br\/isa\/store\/construcao\/seguranca\/calcados\/bota-botina-de-seguranca-c-cadarco-com-bico-aco-cartom-013\/#primaryimage"},"image":{"@id":"https:\/\/www.isarodas.com.br\/isa\/store\/construcao\/seguranca\/calcados\/bota-botina-de-seguranca-c-cadarco-com-bico-aco-cartom-013\/#primaryimage"},"thumbnailUrl":"https:\/\/www.isarodas.com.br\/isa\/wp-content\/uploads\/2024\/04\/D_NQ_NP_678593-MLB50021986512_052022-O.webp","datePublished":"2024-04-08T18:47:55+00:00","dateModified":"2024-04-08T18:47:56+00:00","description":"Bota Botina de Seguran\u00e7a com Cadar\u00e7o e Bico de A\u00e7o Cartom 013 \u00e9 um cal\u00e7ado projetado para proporcionar prote\u00e7\u00e3o aos p\u00e9s em ambientes de trabalho que apresentam riscos, como em ind\u00fastrias, constru\u00e7\u00e3o civil, entre outros.","breadcrumb":{"@id":"https:\/\/www.isarodas.com.br\/isa\/store\/construcao\/seguranca\/calcados\/bota-botina-de-seguranca-c-cadarco-com-bico-aco-cartom-013\/#breadcrumb"},"inLanguage":"pt-BR","potentialAction":[{"@type":"ReadAction","target":["https:\/\/www.isarodas.com.br\/isa\/store\/construcao\/seguranca\/calcados\/bota-botina-de-seguranca-c-cadarco-com-bico-aco-cartom-013\/"]}]},{"@type":"ImageObject","inLanguage":"pt-BR","@id":"https:\/\/www.isarodas.com.br\/isa\/store\/construcao\/seguranca\/calcados\/bota-botina-de-seguranca-c-cadarco-com-bico-aco-cartom-013\/#primaryimage","url":"https:\/\/www.isarodas.com.br\/isa\/wp-content\/uploads\/2024\/04\/D_NQ_NP_678593-MLB50021986512_052022-O.webp","contentUrl":"https:\/\/www.isarodas.com.br\/isa\/wp-content\/uploads\/2024\/04\/D_NQ_NP_678593-MLB50021986512_052022-O.webp","width":500,"height":332},{"@type":"BreadcrumbList","@id":"https:\/\/www.isarodas.com.br\/isa\/store\/construcao\/seguranca\/calcados\/bota-botina-de-seguranca-c-cadarco-com-bico-aco-cartom-013\/#breadcrumb","itemListElement":[{"@type":"ListItem","position":1,"name":"In\u00edcio","item":"https:\/\/www.isarodas.com.br\/isa\/"},{"@type":"ListItem","position":2,"name":"Store","item":"https:\/\/www.isarodas.com.br\/isa\/store\/"},{"@type":"ListItem","position":3,"name":"Bota Botina De Seguran\u00e7a C\/ Cadar\u00e7o Com Bico A\u00e7o Cartom 013"}]},{"@type":"WebSite","@id":"https:\/\/www.isarodas.com.br\/isa\/#website","url":"https:\/\/www.isarodas.com.br\/isa\/","name":"Isarodas","description":"Ecommerce isarodas","publisher":{"@id":"https:\/\/www.isarodas.com.br\/isa\/#organization"},"potentialAction":[{"@type":"SearchAction","target":{"@type":"EntryPoint","urlTemplate":"https:\/\/www.isarodas.com.br\/isa\/?s={search_term_string}"},"query-input":"required name=search_term_string"}],"inLanguage":"pt-BR"},{"@type":"Organization","@id":"https:\/\/www.isarodas.com.br\/isa\/#organization","name":"Isarodas","url":"https:\/\/www.isarodas.com.br\/isa\/","logo":{"@type":"ImageObject","inLanguage":"pt-BR","@id":"https:\/\/www.isarodas.com.br\/isa\/#\/schema\/logo\/image\/","url":"https:\/\/www.isarodas.com.br\/isa\/wp-content\/uploads\/2024\/03\/cropped-lgs-1.png","contentUrl":"https:\/\/www.isarodas.com.br\/isa\/wp-content\/uploads\/2024\/03\/cropped-lgs-1.png","width":120,"height":119,"caption":"Isarodas"},"image":{"@id":"https:\/\/www.isarodas.com.br\/isa\/#\/schema\/logo\/image\/"},"sameAs":["https:\/\/www.facebook.com\/isarodasoficial\/","https:\/\/www.youtube.com\/@isarodas9312","https:\/\/www.instagram.com\/isarodasoficial\/"]}]}},"_links":{"self":[{"href":"https:\/\/www.isarodas.com.br\/isa\/wp-json\/wp\/v2\/product\/5053","targetHints":{"allow":["GET"]}}],"collection":[{"href":"https:\/\/www.isarodas.com.br\/isa\/wp-json\/wp\/v2\/product"}],"about":[{"href":"https:\/\/www.isarodas.com.br\/isa\/wp-json\/wp\/v2\/types\/product"}],"replies":[{"embeddable":true,"href":"https:\/\/www.isarodas.com.br\/isa\/wp-json\/wp\/v2\/comments?post=5053"}],"version-history":[{"count":1,"href":"https:\/\/www.isarodas.com.br\/isa\/wp-json\/wp\/v2\/product\/5053\/revisions"}],"predecessor-version":[{"id":5063,"href":"https:\/\/www.isarodas.com.br\/isa\/wp-json\/wp\/v2\/product\/5053\/revisions\/5063"}],"wp:featuredmedia":[{"embeddable":true,"href":"https:\/\/www.isarodas.com.br\/isa\/wp-json\/wp\/v2\/media\/4979"}],"wp:attachment":[{"href":"https:\/\/www.isarodas.com.br\/isa\/wp-json\/wp\/v2\/media?parent=5053"}],"wp:term":[{"taxonomy":"product_cat","embeddable":true,"href":"https:\/\/www.isarodas.com.br\/isa\/wp-json\/wp\/v2\/product_cat?post=5053"},{"taxonomy":"product_tag","embeddable":true,"href":"https:\/\/www.isarodas.com.br\/isa\/wp-json\/wp\/v2\/product_tag?post=5053"}],"curies":[{"name":"wp","href":"https:\/\/api.w.org\/{rel}","templated":true}]}}