{"id":4954,"date":"2024-04-08T09:38:31","date_gmt":"2024-04-08T12:38:31","guid":{"rendered":"https:\/\/www.isarodas.com.br\/isa\/?post_type=product&#038;p=4954"},"modified":"2024-04-08T09:40:54","modified_gmt":"2024-04-08T12:40:54","slug":"sapo-dancante-brinquedo-musica-mexe","status":"publish","type":"product","link":"https:\/\/www.isarodas.com.br\/isa\/store\/brinquedos\/sapo-dancante-brinquedo-musica-mexe\/","title":{"rendered":"Sapo Dan\u00e7ante Brinquedo Musical Anda Dan\u00e7a Mexe"},"content":{"rendered":"<p>Desfrute de momentos divertidos e cheios de energia com o nosso incr\u00edvel Sapo Dan\u00e7ante Brinquedo Musical! Este ador\u00e1vel sapinho n\u00e3o s\u00f3 anda, mas tamb\u00e9m dan\u00e7a e se mexe ao ritmo de m\u00fasicas contagiantes, proporcionando horas de entretenimento para crian\u00e7as e adultos.<\/p>\n<p>Com sua apar\u00eancia vibrante e movimentos animados, este sapo transforma qualquer ambiente em uma festa! Basta ligar o bot\u00e3o de m\u00fasica e assistir ao sapinho dan\u00e7ar com seus passos engra\u00e7ados, trazendo um sorriso aos rostos de todos ao seu redor.<\/p>\n<p>Al\u00e9m de sua performance de dan\u00e7a, este brinquedo musical tamb\u00e9m promove o desenvolvimento motor e sensorial das crian\u00e7as, incentivando-as a se moverem e interagirem com o ambiente ao seu redor.<\/p>\n<p>Aproveite nossa promo\u00e7\u00e3o especial e traga este Sapo Dan\u00e7ante Brinquedo Musical para casa hoje mesmo, garantindo divers\u00e3o sem fim para toda a fam\u00edlia!<\/p>\n<p>Caracter\u00edsticas:<br \/>\n&#8211; Indicado para maiores de 2 anos<br \/>\n&#8211; Material: Pl\u00e1stico<br \/>\n&#8211; Classifica\u00e7\u00e3o: Eletr\u00f4nico<br \/>\n&#8211; G\u00eanero:Unissex<br \/>\n&#8211; Medidas Aprox. : 20.1 x 14.2 x 12.2 cm<br \/>\n&#8211; Utiliza 3 pilhas AA (N\u00c3O INCLUSAS<\/p>\n","protected":false},"excerpt":{"rendered":"<p>Desfrute de momentos divertidos e cheios de energia com o nosso incr\u00edvel Sapo Dan\u00e7ante Brinquedo Musical! Este ador\u00e1vel sapinho n\u00e3o s\u00f3 anda, mas tamb\u00e9m dan\u00e7a e se mexe ao ritmo de m\u00fasicas contagiantes, proporcionando horas de entretenimento para crian\u00e7as e adultos. Com sua apar\u00eancia vibrante e movimentos animados, este sapo transforma qualquer ambiente em uma [&hellip;]<\/p>\n","protected":false},"featured_media":4955,"comment_status":"open","ping_status":"closed","template":"","meta":{"_acf_changed":false,"site-sidebar-layout":"default","site-content-layout":"","ast-site-content-layout":"default","site-content-style":"default","site-sidebar-style":"default","ast-global-header-display":"","ast-banner-title-visibility":"","ast-main-header-display":"","ast-hfb-above-header-display":"","ast-hfb-below-header-display":"","ast-hfb-mobile-header-display":"","site-post-title":"","ast-breadcrumbs-content":"","ast-featured-img":"","footer-sml-layout":"","theme-transparent-header-meta":"default","adv-header-id-meta":"","stick-header-meta":"","header-above-stick-meta":"","header-main-stick-meta":"","header-below-stick-meta":"","astra-migrate-meta-layouts":"set","ast-page-background-enabled":"default","ast-page-background-meta":{"desktop":{"background-color":"","background-image":"","background-repeat":"repeat","background-position":"center center","background-size":"auto","background-attachment":"scroll","background-type":"","background-media":"","overlay-type":"","overlay-color":"","overlay-gradient":""},"tablet":{"background-color":"","background-image":"","background-repeat":"repeat","background-position":"center center","background-size":"auto","background-attachment":"scroll","background-type":"","background-media":"","overlay-type":"","overlay-color":"","overlay-gradient":""},"mobile":{"background-color":"","background-image":"","background-repeat":"repeat","background-position":"center center","background-size":"auto","background-attachment":"scroll","background-type":"","background-media":"","overlay-type":"","overlay-color":"","overlay-gradient":""}},"ast-content-background-meta":{"desktop":{"background-color":"var(--ast-global-color-5)","background-image":"","background-repeat":"repeat","background-position":"center center","background-size":"auto","background-attachment":"scroll","background-type":"","background-media":"","overlay-type":"","overlay-color":"","overlay-gradient":""},"tablet":{"background-color":"var(--ast-global-color-5)","background-image":"","background-repeat":"repeat","background-position":"center center","background-size":"auto","background-attachment":"scroll","background-type":"","background-media":"","overlay-type":"","overlay-color":"","overlay-gradient":""},"mobile":{"background-color":"var(--ast-global-color-5)","background-image":"","background-repeat":"repeat","background-position":"center center","background-size":"auto","background-attachment":"scroll","background-type":"","background-media":"","overlay-type":"","overlay-color":"","overlay-gradient":""}}},"product_cat":[58],"product_tag":[],"class_list":{"0":"post-4954","1":"product","2":"type-product","3":"status-publish","4":"has-post-thumbnail","6":"product_cat-brinquedos","7":"desktop-align-left","8":"tablet-align-left","9":"mobile-align-left","11":"first","12":"instock","13":"sale","14":"shipping-taxable","15":"purchasable","16":"product-type-simple"},"acf":[],"yoast_head":"<!-- This site is optimized with the Yoast SEO plugin v22.3 - https:\/\/yoast.com\/wordpress\/plugins\/seo\/ -->\n<title>Sapo Dan\u00e7ante Brinquedo Musical Anda Dan\u00e7a Mexe<\/title>\n<meta name=\"description\" content=\"Sapo Dan\u00e7ante Brinquedo Musical! Este ador\u00e1vel sapinho n\u00e3o s\u00f3 anda, mas tamb\u00e9m dan\u00e7a e se mexe ao ritmo de m\u00fasicas contagiantes, proporcionando horas de entretenimento para crian\u00e7as e adultos.\" \/>\n<meta name=\"robots\" content=\"index, follow, max-snippet:-1, max-image-preview:large, max-video-preview:-1\" \/>\n<link rel=\"canonical\" href=\"https:\/\/www.isarodas.com.br\/isa\/store\/brinquedos\/sapo-dancante-brinquedo-musica-mexe\/\" \/>\n<meta property=\"og:locale\" content=\"pt_BR\" \/>\n<meta property=\"og:type\" content=\"article\" \/>\n<meta property=\"og:title\" content=\"Sapo Dan\u00e7ante Brinquedo Musical Anda Dan\u00e7a Mexe\" \/>\n<meta property=\"og:description\" content=\"Sapo Dan\u00e7ante Brinquedo Musical! Este ador\u00e1vel sapinho n\u00e3o s\u00f3 anda, mas tamb\u00e9m dan\u00e7a e se mexe ao ritmo de m\u00fasicas contagiantes, proporcionando horas de entretenimento para crian\u00e7as e adultos.\" \/>\n<meta property=\"og:url\" content=\"https:\/\/www.isarodas.com.br\/isa\/store\/brinquedos\/sapo-dancante-brinquedo-musica-mexe\/\" \/>\n<meta property=\"og:site_name\" content=\"Isarodas\" \/>\n<meta property=\"article:publisher\" content=\"https:\/\/www.facebook.com\/isarodasoficial\/\" \/>\n<meta property=\"article:modified_time\" content=\"2024-04-08T12:40:54+00:00\" \/>\n<meta property=\"og:image\" content=\"https:\/\/www.isarodas.com.br\/isa\/wp-content\/uploads\/2024\/04\/D_NQ_NP_2X_810999-MLB32993218400_112019-F.webp\" \/>\n\t<meta property=\"og:image:width\" content=\"1097\" \/>\n\t<meta property=\"og:image:height\" content=\"1030\" \/>\n\t<meta property=\"og:image:type\" content=\"image\/webp\" \/>\n<meta name=\"twitter:card\" content=\"summary_large_image\" \/>\n<meta name=\"twitter:label1\" content=\"Est. tempo de leitura\" \/>\n\t<meta name=\"twitter:data1\" content=\"2 minutos\" \/>\n<script type=\"application\/ld+json\" class=\"yoast-schema-graph\">{\"@context\":\"https:\/\/schema.org\",\"@graph\":[{\"@type\":\"WebPage\",\"@id\":\"https:\/\/www.isarodas.com.br\/isa\/store\/brinquedos\/sapo-dancante-brinquedo-musica-mexe\/\",\"url\":\"https:\/\/www.isarodas.com.br\/isa\/store\/brinquedos\/sapo-dancante-brinquedo-musica-mexe\/\",\"name\":\"Sapo Dan\u00e7ante Brinquedo Musical Anda Dan\u00e7a Mexe\",\"isPartOf\":{\"@id\":\"https:\/\/www.isarodas.com.br\/isa\/#website\"},\"primaryImageOfPage\":{\"@id\":\"https:\/\/www.isarodas.com.br\/isa\/store\/brinquedos\/sapo-dancante-brinquedo-musica-mexe\/#primaryimage\"},\"image\":{\"@id\":\"https:\/\/www.isarodas.com.br\/isa\/store\/brinquedos\/sapo-dancante-brinquedo-musica-mexe\/#primaryimage\"},\"thumbnailUrl\":\"https:\/\/www.isarodas.com.br\/isa\/wp-content\/uploads\/2024\/04\/D_NQ_NP_2X_810999-MLB32993218400_112019-F.webp\",\"datePublished\":\"2024-04-08T12:38:31+00:00\",\"dateModified\":\"2024-04-08T12:40:54+00:00\",\"description\":\"Sapo Dan\u00e7ante Brinquedo Musical! Este ador\u00e1vel sapinho n\u00e3o s\u00f3 anda, mas tamb\u00e9m dan\u00e7a e se mexe ao ritmo de m\u00fasicas contagiantes, proporcionando horas de entretenimento para crian\u00e7as e adultos.\",\"breadcrumb\":{\"@id\":\"https:\/\/www.isarodas.com.br\/isa\/store\/brinquedos\/sapo-dancante-brinquedo-musica-mexe\/#breadcrumb\"},\"inLanguage\":\"pt-BR\",\"potentialAction\":[{\"@type\":\"ReadAction\",\"target\":[\"https:\/\/www.isarodas.com.br\/isa\/store\/brinquedos\/sapo-dancante-brinquedo-musica-mexe\/\"]}]},{\"@type\":\"ImageObject\",\"inLanguage\":\"pt-BR\",\"@id\":\"https:\/\/www.isarodas.com.br\/isa\/store\/brinquedos\/sapo-dancante-brinquedo-musica-mexe\/#primaryimage\",\"url\":\"https:\/\/www.isarodas.com.br\/isa\/wp-content\/uploads\/2024\/04\/D_NQ_NP_2X_810999-MLB32993218400_112019-F.webp\",\"contentUrl\":\"https:\/\/www.isarodas.com.br\/isa\/wp-content\/uploads\/2024\/04\/D_NQ_NP_2X_810999-MLB32993218400_112019-F.webp\",\"width\":1097,\"height\":1030},{\"@type\":\"BreadcrumbList\",\"@id\":\"https:\/\/www.isarodas.com.br\/isa\/store\/brinquedos\/sapo-dancante-brinquedo-musica-mexe\/#breadcrumb\",\"itemListElement\":[{\"@type\":\"ListItem\",\"position\":1,\"name\":\"In\u00edcio\",\"item\":\"https:\/\/www.isarodas.com.br\/isa\/\"},{\"@type\":\"ListItem\",\"position\":2,\"name\":\"Store\",\"item\":\"https:\/\/www.isarodas.com.br\/isa\/store\/\"},{\"@type\":\"ListItem\",\"position\":3,\"name\":\"Sapo Dan\u00e7ante Brinquedo Musical Anda Dan\u00e7a Mexe\"}]},{\"@type\":\"WebSite\",\"@id\":\"https:\/\/www.isarodas.com.br\/isa\/#website\",\"url\":\"https:\/\/www.isarodas.com.br\/isa\/\",\"name\":\"Isarodas\",\"description\":\"Ecommerce isarodas\",\"publisher\":{\"@id\":\"https:\/\/www.isarodas.com.br\/isa\/#organization\"},\"potentialAction\":[{\"@type\":\"SearchAction\",\"target\":{\"@type\":\"EntryPoint\",\"urlTemplate\":\"https:\/\/www.isarodas.com.br\/isa\/?s={search_term_string}\"},\"query-input\":\"required name=search_term_string\"}],\"inLanguage\":\"pt-BR\"},{\"@type\":\"Organization\",\"@id\":\"https:\/\/www.isarodas.com.br\/isa\/#organization\",\"name\":\"Isarodas\",\"url\":\"https:\/\/www.isarodas.com.br\/isa\/\",\"logo\":{\"@type\":\"ImageObject\",\"inLanguage\":\"pt-BR\",\"@id\":\"https:\/\/www.isarodas.com.br\/isa\/#\/schema\/logo\/image\/\",\"url\":\"https:\/\/www.isarodas.com.br\/isa\/wp-content\/uploads\/2024\/03\/cropped-lgs-1.png\",\"contentUrl\":\"https:\/\/www.isarodas.com.br\/isa\/wp-content\/uploads\/2024\/03\/cropped-lgs-1.png\",\"width\":120,\"height\":119,\"caption\":\"Isarodas\"},\"image\":{\"@id\":\"https:\/\/www.isarodas.com.br\/isa\/#\/schema\/logo\/image\/\"},\"sameAs\":[\"https:\/\/www.facebook.com\/isarodasoficial\/\",\"https:\/\/www.youtube.com\/@isarodas9312\",\"https:\/\/www.instagram.com\/isarodasoficial\/\"]}]}<\/script>\n<!-- \/ Yoast SEO plugin. -->","yoast_head_json":{"title":"Sapo Dan\u00e7ante Brinquedo Musical Anda Dan\u00e7a Mexe","description":"Sapo Dan\u00e7ante Brinquedo Musical! Este ador\u00e1vel sapinho n\u00e3o s\u00f3 anda, mas tamb\u00e9m dan\u00e7a e se mexe ao ritmo de m\u00fasicas contagiantes, proporcionando horas de entretenimento para crian\u00e7as e adultos.","robots":{"index":"index","follow":"follow","max-snippet":"max-snippet:-1","max-image-preview":"max-image-preview:large","max-video-preview":"max-video-preview:-1"},"canonical":"https:\/\/www.isarodas.com.br\/isa\/store\/brinquedos\/sapo-dancante-brinquedo-musica-mexe\/","og_locale":"pt_BR","og_type":"article","og_title":"Sapo Dan\u00e7ante Brinquedo Musical Anda Dan\u00e7a Mexe","og_description":"Sapo Dan\u00e7ante Brinquedo Musical! Este ador\u00e1vel sapinho n\u00e3o s\u00f3 anda, mas tamb\u00e9m dan\u00e7a e se mexe ao ritmo de m\u00fasicas contagiantes, proporcionando horas de entretenimento para crian\u00e7as e adultos.","og_url":"https:\/\/www.isarodas.com.br\/isa\/store\/brinquedos\/sapo-dancante-brinquedo-musica-mexe\/","og_site_name":"Isarodas","article_publisher":"https:\/\/www.facebook.com\/isarodasoficial\/","article_modified_time":"2024-04-08T12:40:54+00:00","og_image":[{"width":1097,"height":1030,"url":"https:\/\/www.isarodas.com.br\/isa\/wp-content\/uploads\/2024\/04\/D_NQ_NP_2X_810999-MLB32993218400_112019-F.webp","type":"image\/webp"}],"twitter_card":"summary_large_image","twitter_misc":{"Est. tempo de leitura":"2 minutos"},"schema":{"@context":"https:\/\/schema.org","@graph":[{"@type":"WebPage","@id":"https:\/\/www.isarodas.com.br\/isa\/store\/brinquedos\/sapo-dancante-brinquedo-musica-mexe\/","url":"https:\/\/www.isarodas.com.br\/isa\/store\/brinquedos\/sapo-dancante-brinquedo-musica-mexe\/","name":"Sapo Dan\u00e7ante Brinquedo Musical Anda Dan\u00e7a Mexe","isPartOf":{"@id":"https:\/\/www.isarodas.com.br\/isa\/#website"},"primaryImageOfPage":{"@id":"https:\/\/www.isarodas.com.br\/isa\/store\/brinquedos\/sapo-dancante-brinquedo-musica-mexe\/#primaryimage"},"image":{"@id":"https:\/\/www.isarodas.com.br\/isa\/store\/brinquedos\/sapo-dancante-brinquedo-musica-mexe\/#primaryimage"},"thumbnailUrl":"https:\/\/www.isarodas.com.br\/isa\/wp-content\/uploads\/2024\/04\/D_NQ_NP_2X_810999-MLB32993218400_112019-F.webp","datePublished":"2024-04-08T12:38:31+00:00","dateModified":"2024-04-08T12:40:54+00:00","description":"Sapo Dan\u00e7ante Brinquedo Musical! Este ador\u00e1vel sapinho n\u00e3o s\u00f3 anda, mas tamb\u00e9m dan\u00e7a e se mexe ao ritmo de m\u00fasicas contagiantes, proporcionando horas de entretenimento para crian\u00e7as e adultos.","breadcrumb":{"@id":"https:\/\/www.isarodas.com.br\/isa\/store\/brinquedos\/sapo-dancante-brinquedo-musica-mexe\/#breadcrumb"},"inLanguage":"pt-BR","potentialAction":[{"@type":"ReadAction","target":["https:\/\/www.isarodas.com.br\/isa\/store\/brinquedos\/sapo-dancante-brinquedo-musica-mexe\/"]}]},{"@type":"ImageObject","inLanguage":"pt-BR","@id":"https:\/\/www.isarodas.com.br\/isa\/store\/brinquedos\/sapo-dancante-brinquedo-musica-mexe\/#primaryimage","url":"https:\/\/www.isarodas.com.br\/isa\/wp-content\/uploads\/2024\/04\/D_NQ_NP_2X_810999-MLB32993218400_112019-F.webp","contentUrl":"https:\/\/www.isarodas.com.br\/isa\/wp-content\/uploads\/2024\/04\/D_NQ_NP_2X_810999-MLB32993218400_112019-F.webp","width":1097,"height":1030},{"@type":"BreadcrumbList","@id":"https:\/\/www.isarodas.com.br\/isa\/store\/brinquedos\/sapo-dancante-brinquedo-musica-mexe\/#breadcrumb","itemListElement":[{"@type":"ListItem","position":1,"name":"In\u00edcio","item":"https:\/\/www.isarodas.com.br\/isa\/"},{"@type":"ListItem","position":2,"name":"Store","item":"https:\/\/www.isarodas.com.br\/isa\/store\/"},{"@type":"ListItem","position":3,"name":"Sapo Dan\u00e7ante Brinquedo Musical Anda Dan\u00e7a Mexe"}]},{"@type":"WebSite","@id":"https:\/\/www.isarodas.com.br\/isa\/#website","url":"https:\/\/www.isarodas.com.br\/isa\/","name":"Isarodas","description":"Ecommerce isarodas","publisher":{"@id":"https:\/\/www.isarodas.com.br\/isa\/#organization"},"potentialAction":[{"@type":"SearchAction","target":{"@type":"EntryPoint","urlTemplate":"https:\/\/www.isarodas.com.br\/isa\/?s={search_term_string}"},"query-input":"required name=search_term_string"}],"inLanguage":"pt-BR"},{"@type":"Organization","@id":"https:\/\/www.isarodas.com.br\/isa\/#organization","name":"Isarodas","url":"https:\/\/www.isarodas.com.br\/isa\/","logo":{"@type":"ImageObject","inLanguage":"pt-BR","@id":"https:\/\/www.isarodas.com.br\/isa\/#\/schema\/logo\/image\/","url":"https:\/\/www.isarodas.com.br\/isa\/wp-content\/uploads\/2024\/03\/cropped-lgs-1.png","contentUrl":"https:\/\/www.isarodas.com.br\/isa\/wp-content\/uploads\/2024\/03\/cropped-lgs-1.png","width":120,"height":119,"caption":"Isarodas"},"image":{"@id":"https:\/\/www.isarodas.com.br\/isa\/#\/schema\/logo\/image\/"},"sameAs":["https:\/\/www.facebook.com\/isarodasoficial\/","https:\/\/www.youtube.com\/@isarodas9312","https:\/\/www.instagram.com\/isarodasoficial\/"]}]}},"_links":{"self":[{"href":"https:\/\/www.isarodas.com.br\/isa\/wp-json\/wp\/v2\/product\/4954","targetHints":{"allow":["GET"]}}],"collection":[{"href":"https:\/\/www.isarodas.com.br\/isa\/wp-json\/wp\/v2\/product"}],"about":[{"href":"https:\/\/www.isarodas.com.br\/isa\/wp-json\/wp\/v2\/types\/product"}],"replies":[{"embeddable":true,"href":"https:\/\/www.isarodas.com.br\/isa\/wp-json\/wp\/v2\/comments?post=4954"}],"version-history":[{"count":3,"href":"https:\/\/www.isarodas.com.br\/isa\/wp-json\/wp\/v2\/product\/4954\/revisions"}],"predecessor-version":[{"id":4958,"href":"https:\/\/www.isarodas.com.br\/isa\/wp-json\/wp\/v2\/product\/4954\/revisions\/4958"}],"wp:featuredmedia":[{"embeddable":true,"href":"https:\/\/www.isarodas.com.br\/isa\/wp-json\/wp\/v2\/media\/4955"}],"wp:attachment":[{"href":"https:\/\/www.isarodas.com.br\/isa\/wp-json\/wp\/v2\/media?parent=4954"}],"wp:term":[{"taxonomy":"product_cat","embeddable":true,"href":"https:\/\/www.isarodas.com.br\/isa\/wp-json\/wp\/v2\/product_cat?post=4954"},{"taxonomy":"product_tag","embeddable":true,"href":"https:\/\/www.isarodas.com.br\/isa\/wp-json\/wp\/v2\/product_tag?post=4954"}],"curies":[{"name":"wp","href":"https:\/\/api.w.org\/{rel}","templated":true}]}}