{"id":4938,"date":"2024-04-07T12:07:56","date_gmt":"2024-04-07T15:07:56","guid":{"rendered":"https:\/\/www.isarodas.com.br\/isa\/?post_type=product&#038;p=4938"},"modified":"2024-04-07T12:07:56","modified_gmt":"2024-04-07T15:07:56","slug":"mata-cupim-jimo-900ml-facil-uso","status":"publish","type":"product","link":"https:\/\/www.isarodas.com.br\/isa\/store\/utilidades\/mata-cupim-jimo-900ml-facil-uso\/","title":{"rendered":"Mata Cupim Jimo 900ml F\u00e1cil Uso"},"content":{"rendered":"<p>Proteja sua casa com o Mata Cupim Jimo de 900ml! Aproveite nossa promo\u00e7\u00e3o limitada e garanta j\u00e1 o seu. Com formula\u00e7\u00e3o especializada, este produto \u00e9 f\u00e1cil de usar e altamente eficaz no combate aos cupins, ajudando a manter sua resid\u00eancia livre dessas pragas indesejadas. N\u00e3o deixe que os cupins comprometam a estrutura de sua casa. Proteja-a agora mesmo com o Mata Cupim Jimo. Aproveite antes que acabe<\/p>\n<p>Imagens Fazemos o possivel para mostrar imagens o mais proximo do produto real. Por\u00e9m, as cores do produto podem variar de acordo com o a configura\u00e7\u00e3o do seu monitor, a ilumina\u00e7\u00e3o do seu ambiente e at\u00e9 mesmo a sua percep\u00e7\u00e3o visual. Al\u00e9m da cor, pequenos detalhes e acabamentos podem n\u00e3o ficar evidentes na foto, por isso as imagens s\u00e3o meramente ilustrativas.<br \/>\nInforma\u00e7\u00f5es Caracteristicas:Inseticida l\u00edquido para aplica\u00e7\u00e3o em madeira seca, no combate e preven\u00e7\u00e3o aos insetos que a atacam e destroem. Cont\u00e9m fungicida.Jimo Cupim, al\u00e9m de inseticida, \u00e9 preventivo eficaz contra manchas de origem f\u00fangica e mofos. \u00c9 fornecido pronto para uso e deve ser usado em madeira seca.Jimo Cupim n\u00e3o deve ser aplicado sobre madeira envernizada, pintada ou encerada pois o acabamento dificulta a penetra\u00e7\u00e3o do imunizante. Caso a madeira a ser tratada j\u00e1 apresente algum tipo de acabamento, recomenda-se sua remo\u00e7\u00e3o com lixa ou removedor, antes da aplica\u00e7\u00e3o de JIMO CUPIM. N\u00e3o sendo poss\u00edvel, pode ser feita a inje\u00e7\u00e3o do produto nos orif\u00edcios que indicam a presen\u00e7a de insetos, com o Jimo Cupim Aerossol.Jimo Cupim \u00e9 apresentado nas vers\u00f5es Incolor e Marrom Escuro<\/p>\n","protected":false},"excerpt":{"rendered":"<p>Proteja sua casa com o Mata Cupim Jimo de 900ml! Aproveite nossa promo\u00e7\u00e3o limitada e garanta j\u00e1 o seu. Com formula\u00e7\u00e3o especializada, este produto \u00e9 f\u00e1cil de usar e altamente eficaz no combate aos cupins, ajudando a manter sua resid\u00eancia livre dessas pragas indesejadas. N\u00e3o deixe que os cupins comprometam a estrutura de sua casa. [&hellip;]<\/p>\n","protected":false},"featured_media":4939,"comment_status":"open","ping_status":"closed","template":"","meta":{"_acf_changed":false,"site-sidebar-layout":"default","site-content-layout":"","ast-site-content-layout":"default","site-content-style":"default","site-sidebar-style":"default","ast-global-header-display":"","ast-banner-title-visibility":"","ast-main-header-display":"","ast-hfb-above-header-display":"","ast-hfb-below-header-display":"","ast-hfb-mobile-header-display":"","site-post-title":"","ast-breadcrumbs-content":"","ast-featured-img":"","footer-sml-layout":"","theme-transparent-header-meta":"default","adv-header-id-meta":"","stick-header-meta":"","header-above-stick-meta":"","header-main-stick-meta":"","header-below-stick-meta":"","astra-migrate-meta-layouts":"set","ast-page-background-enabled":"default","ast-page-background-meta":{"desktop":{"background-color":"","background-image":"","background-repeat":"repeat","background-position":"center center","background-size":"auto","background-attachment":"scroll","background-type":"","background-media":"","overlay-type":"","overlay-color":"","overlay-gradient":""},"tablet":{"background-color":"","background-image":"","background-repeat":"repeat","background-position":"center center","background-size":"auto","background-attachment":"scroll","background-type":"","background-media":"","overlay-type":"","overlay-color":"","overlay-gradient":""},"mobile":{"background-color":"","background-image":"","background-repeat":"repeat","background-position":"center center","background-size":"auto","background-attachment":"scroll","background-type":"","background-media":"","overlay-type":"","overlay-color":"","overlay-gradient":""}},"ast-content-background-meta":{"desktop":{"background-color":"var(--ast-global-color-5)","background-image":"","background-repeat":"repeat","background-position":"center center","background-size":"auto","background-attachment":"scroll","background-type":"","background-media":"","overlay-type":"","overlay-color":"","overlay-gradient":""},"tablet":{"background-color":"var(--ast-global-color-5)","background-image":"","background-repeat":"repeat","background-position":"center center","background-size":"auto","background-attachment":"scroll","background-type":"","background-media":"","overlay-type":"","overlay-color":"","overlay-gradient":""},"mobile":{"background-color":"var(--ast-global-color-5)","background-image":"","background-repeat":"repeat","background-position":"center center","background-size":"auto","background-attachment":"scroll","background-type":"","background-media":"","overlay-type":"","overlay-color":"","overlay-gradient":""}}},"product_cat":[86],"product_tag":[],"class_list":{"0":"post-4938","1":"product","2":"type-product","3":"status-publish","4":"has-post-thumbnail","6":"product_cat-utilidades","7":"desktop-align-left","8":"tablet-align-left","9":"mobile-align-left","11":"first","12":"instock","13":"sale","14":"shipping-taxable","15":"purchasable","16":"product-type-simple"},"acf":[],"yoast_head":"<!-- This site is optimized with the Yoast SEO plugin v22.3 - https:\/\/yoast.com\/wordpress\/plugins\/seo\/ -->\n<title>Mata Cupim Jimo 900ml F\u00e1cil Uso<\/title>\n<meta name=\"description\" content=\"Proteja sua casa com o Mata Cupim Jimo de 900ml! Aproveite nossa promo\u00e7\u00e3o limitada e garanta j\u00e1 o seu. Com formula\u00e7\u00e3o especializada, este produto \u00e9 f\u00e1cil de usar e altamente eficaz no combate aos cupins, ajudando a manter sua resid\u00eancia livre dessas pragas indesejadas. N\u00e3o deixe que os cupins comprometam a estrutura de sua casa. Proteja-a agora mesmo com o Mata Cupim Jimo. Aproveite antes que acabe!\" \/>\n<meta name=\"robots\" content=\"index, follow, max-snippet:-1, max-image-preview:large, max-video-preview:-1\" \/>\n<link rel=\"canonical\" href=\"https:\/\/www.isarodas.com.br\/isa\/store\/utilidades\/mata-cupim-jimo-900ml-facil-uso\/\" \/>\n<meta property=\"og:locale\" content=\"pt_BR\" \/>\n<meta property=\"og:type\" content=\"article\" \/>\n<meta property=\"og:title\" content=\"Mata Cupim Jimo 900ml F\u00e1cil Uso\" \/>\n<meta property=\"og:description\" content=\"Proteja sua casa com o Mata Cupim Jimo de 900ml! Aproveite nossa promo\u00e7\u00e3o limitada e garanta j\u00e1 o seu. Com formula\u00e7\u00e3o especializada, este produto \u00e9 f\u00e1cil de usar e altamente eficaz no combate aos cupins, ajudando a manter sua resid\u00eancia livre dessas pragas indesejadas. N\u00e3o deixe que os cupins comprometam a estrutura de sua casa. Proteja-a agora mesmo com o Mata Cupim Jimo. Aproveite antes que acabe!\" \/>\n<meta property=\"og:url\" content=\"https:\/\/www.isarodas.com.br\/isa\/store\/utilidades\/mata-cupim-jimo-900ml-facil-uso\/\" \/>\n<meta property=\"og:site_name\" content=\"Isarodas\" \/>\n<meta property=\"article:publisher\" content=\"https:\/\/www.facebook.com\/isarodasoficial\/\" \/>\n<meta property=\"og:image\" content=\"https:\/\/www.isarodas.com.br\/isa\/wp-content\/uploads\/2024\/04\/D_NQ_NP_682750-MLB32990407574_112019-O.webp\" \/>\n\t<meta property=\"og:image:width\" content=\"273\" \/>\n\t<meta property=\"og:image:height\" content=\"500\" \/>\n\t<meta property=\"og:image:type\" content=\"image\/webp\" \/>\n<meta name=\"twitter:card\" content=\"summary_large_image\" \/>\n<meta name=\"twitter:label1\" content=\"Est. tempo de leitura\" \/>\n\t<meta name=\"twitter:data1\" content=\"2 minutos\" \/>\n<script type=\"application\/ld+json\" class=\"yoast-schema-graph\">{\"@context\":\"https:\/\/schema.org\",\"@graph\":[{\"@type\":\"WebPage\",\"@id\":\"https:\/\/www.isarodas.com.br\/isa\/store\/utilidades\/mata-cupim-jimo-900ml-facil-uso\/\",\"url\":\"https:\/\/www.isarodas.com.br\/isa\/store\/utilidades\/mata-cupim-jimo-900ml-facil-uso\/\",\"name\":\"Mata Cupim Jimo 900ml F\u00e1cil Uso\",\"isPartOf\":{\"@id\":\"https:\/\/www.isarodas.com.br\/isa\/#website\"},\"primaryImageOfPage\":{\"@id\":\"https:\/\/www.isarodas.com.br\/isa\/store\/utilidades\/mata-cupim-jimo-900ml-facil-uso\/#primaryimage\"},\"image\":{\"@id\":\"https:\/\/www.isarodas.com.br\/isa\/store\/utilidades\/mata-cupim-jimo-900ml-facil-uso\/#primaryimage\"},\"thumbnailUrl\":\"https:\/\/www.isarodas.com.br\/isa\/wp-content\/uploads\/2024\/04\/D_NQ_NP_682750-MLB32990407574_112019-O.webp\",\"datePublished\":\"2024-04-07T15:07:56+00:00\",\"dateModified\":\"2024-04-07T15:07:56+00:00\",\"description\":\"Proteja sua casa com o Mata Cupim Jimo de 900ml! Aproveite nossa promo\u00e7\u00e3o limitada e garanta j\u00e1 o seu. Com formula\u00e7\u00e3o especializada, este produto \u00e9 f\u00e1cil de usar e altamente eficaz no combate aos cupins, ajudando a manter sua resid\u00eancia livre dessas pragas indesejadas. N\u00e3o deixe que os cupins comprometam a estrutura de sua casa. Proteja-a agora mesmo com o Mata Cupim Jimo. Aproveite antes que acabe!\",\"breadcrumb\":{\"@id\":\"https:\/\/www.isarodas.com.br\/isa\/store\/utilidades\/mata-cupim-jimo-900ml-facil-uso\/#breadcrumb\"},\"inLanguage\":\"pt-BR\",\"potentialAction\":[{\"@type\":\"ReadAction\",\"target\":[\"https:\/\/www.isarodas.com.br\/isa\/store\/utilidades\/mata-cupim-jimo-900ml-facil-uso\/\"]}]},{\"@type\":\"ImageObject\",\"inLanguage\":\"pt-BR\",\"@id\":\"https:\/\/www.isarodas.com.br\/isa\/store\/utilidades\/mata-cupim-jimo-900ml-facil-uso\/#primaryimage\",\"url\":\"https:\/\/www.isarodas.com.br\/isa\/wp-content\/uploads\/2024\/04\/D_NQ_NP_682750-MLB32990407574_112019-O.webp\",\"contentUrl\":\"https:\/\/www.isarodas.com.br\/isa\/wp-content\/uploads\/2024\/04\/D_NQ_NP_682750-MLB32990407574_112019-O.webp\",\"width\":273,\"height\":500},{\"@type\":\"BreadcrumbList\",\"@id\":\"https:\/\/www.isarodas.com.br\/isa\/store\/utilidades\/mata-cupim-jimo-900ml-facil-uso\/#breadcrumb\",\"itemListElement\":[{\"@type\":\"ListItem\",\"position\":1,\"name\":\"In\u00edcio\",\"item\":\"https:\/\/www.isarodas.com.br\/isa\/\"},{\"@type\":\"ListItem\",\"position\":2,\"name\":\"Store\",\"item\":\"https:\/\/www.isarodas.com.br\/isa\/store\/\"},{\"@type\":\"ListItem\",\"position\":3,\"name\":\"Mata Cupim Jimo 900ml F\u00e1cil Uso\"}]},{\"@type\":\"WebSite\",\"@id\":\"https:\/\/www.isarodas.com.br\/isa\/#website\",\"url\":\"https:\/\/www.isarodas.com.br\/isa\/\",\"name\":\"Isarodas\",\"description\":\"Ecommerce isarodas\",\"publisher\":{\"@id\":\"https:\/\/www.isarodas.com.br\/isa\/#organization\"},\"potentialAction\":[{\"@type\":\"SearchAction\",\"target\":{\"@type\":\"EntryPoint\",\"urlTemplate\":\"https:\/\/www.isarodas.com.br\/isa\/?s={search_term_string}\"},\"query-input\":\"required name=search_term_string\"}],\"inLanguage\":\"pt-BR\"},{\"@type\":\"Organization\",\"@id\":\"https:\/\/www.isarodas.com.br\/isa\/#organization\",\"name\":\"Isarodas\",\"url\":\"https:\/\/www.isarodas.com.br\/isa\/\",\"logo\":{\"@type\":\"ImageObject\",\"inLanguage\":\"pt-BR\",\"@id\":\"https:\/\/www.isarodas.com.br\/isa\/#\/schema\/logo\/image\/\",\"url\":\"https:\/\/www.isarodas.com.br\/isa\/wp-content\/uploads\/2024\/03\/cropped-lgs-1.png\",\"contentUrl\":\"https:\/\/www.isarodas.com.br\/isa\/wp-content\/uploads\/2024\/03\/cropped-lgs-1.png\",\"width\":120,\"height\":119,\"caption\":\"Isarodas\"},\"image\":{\"@id\":\"https:\/\/www.isarodas.com.br\/isa\/#\/schema\/logo\/image\/\"},\"sameAs\":[\"https:\/\/www.facebook.com\/isarodasoficial\/\",\"https:\/\/www.youtube.com\/@isarodas9312\",\"https:\/\/www.instagram.com\/isarodasoficial\/\"]}]}<\/script>\n<!-- \/ Yoast SEO plugin. -->","yoast_head_json":{"title":"Mata Cupim Jimo 900ml F\u00e1cil Uso","description":"Proteja sua casa com o Mata Cupim Jimo de 900ml! Aproveite nossa promo\u00e7\u00e3o limitada e garanta j\u00e1 o seu. Com formula\u00e7\u00e3o especializada, este produto \u00e9 f\u00e1cil de usar e altamente eficaz no combate aos cupins, ajudando a manter sua resid\u00eancia livre dessas pragas indesejadas. N\u00e3o deixe que os cupins comprometam a estrutura de sua casa. Proteja-a agora mesmo com o Mata Cupim Jimo. Aproveite antes que acabe!","robots":{"index":"index","follow":"follow","max-snippet":"max-snippet:-1","max-image-preview":"max-image-preview:large","max-video-preview":"max-video-preview:-1"},"canonical":"https:\/\/www.isarodas.com.br\/isa\/store\/utilidades\/mata-cupim-jimo-900ml-facil-uso\/","og_locale":"pt_BR","og_type":"article","og_title":"Mata Cupim Jimo 900ml F\u00e1cil Uso","og_description":"Proteja sua casa com o Mata Cupim Jimo de 900ml! Aproveite nossa promo\u00e7\u00e3o limitada e garanta j\u00e1 o seu. Com formula\u00e7\u00e3o especializada, este produto \u00e9 f\u00e1cil de usar e altamente eficaz no combate aos cupins, ajudando a manter sua resid\u00eancia livre dessas pragas indesejadas. N\u00e3o deixe que os cupins comprometam a estrutura de sua casa. Proteja-a agora mesmo com o Mata Cupim Jimo. Aproveite antes que acabe!","og_url":"https:\/\/www.isarodas.com.br\/isa\/store\/utilidades\/mata-cupim-jimo-900ml-facil-uso\/","og_site_name":"Isarodas","article_publisher":"https:\/\/www.facebook.com\/isarodasoficial\/","og_image":[{"width":273,"height":500,"url":"https:\/\/www.isarodas.com.br\/isa\/wp-content\/uploads\/2024\/04\/D_NQ_NP_682750-MLB32990407574_112019-O.webp","type":"image\/webp"}],"twitter_card":"summary_large_image","twitter_misc":{"Est. tempo de leitura":"2 minutos"},"schema":{"@context":"https:\/\/schema.org","@graph":[{"@type":"WebPage","@id":"https:\/\/www.isarodas.com.br\/isa\/store\/utilidades\/mata-cupim-jimo-900ml-facil-uso\/","url":"https:\/\/www.isarodas.com.br\/isa\/store\/utilidades\/mata-cupim-jimo-900ml-facil-uso\/","name":"Mata Cupim Jimo 900ml F\u00e1cil Uso","isPartOf":{"@id":"https:\/\/www.isarodas.com.br\/isa\/#website"},"primaryImageOfPage":{"@id":"https:\/\/www.isarodas.com.br\/isa\/store\/utilidades\/mata-cupim-jimo-900ml-facil-uso\/#primaryimage"},"image":{"@id":"https:\/\/www.isarodas.com.br\/isa\/store\/utilidades\/mata-cupim-jimo-900ml-facil-uso\/#primaryimage"},"thumbnailUrl":"https:\/\/www.isarodas.com.br\/isa\/wp-content\/uploads\/2024\/04\/D_NQ_NP_682750-MLB32990407574_112019-O.webp","datePublished":"2024-04-07T15:07:56+00:00","dateModified":"2024-04-07T15:07:56+00:00","description":"Proteja sua casa com o Mata Cupim Jimo de 900ml! Aproveite nossa promo\u00e7\u00e3o limitada e garanta j\u00e1 o seu. Com formula\u00e7\u00e3o especializada, este produto \u00e9 f\u00e1cil de usar e altamente eficaz no combate aos cupins, ajudando a manter sua resid\u00eancia livre dessas pragas indesejadas. N\u00e3o deixe que os cupins comprometam a estrutura de sua casa. Proteja-a agora mesmo com o Mata Cupim Jimo. Aproveite antes que acabe!","breadcrumb":{"@id":"https:\/\/www.isarodas.com.br\/isa\/store\/utilidades\/mata-cupim-jimo-900ml-facil-uso\/#breadcrumb"},"inLanguage":"pt-BR","potentialAction":[{"@type":"ReadAction","target":["https:\/\/www.isarodas.com.br\/isa\/store\/utilidades\/mata-cupim-jimo-900ml-facil-uso\/"]}]},{"@type":"ImageObject","inLanguage":"pt-BR","@id":"https:\/\/www.isarodas.com.br\/isa\/store\/utilidades\/mata-cupim-jimo-900ml-facil-uso\/#primaryimage","url":"https:\/\/www.isarodas.com.br\/isa\/wp-content\/uploads\/2024\/04\/D_NQ_NP_682750-MLB32990407574_112019-O.webp","contentUrl":"https:\/\/www.isarodas.com.br\/isa\/wp-content\/uploads\/2024\/04\/D_NQ_NP_682750-MLB32990407574_112019-O.webp","width":273,"height":500},{"@type":"BreadcrumbList","@id":"https:\/\/www.isarodas.com.br\/isa\/store\/utilidades\/mata-cupim-jimo-900ml-facil-uso\/#breadcrumb","itemListElement":[{"@type":"ListItem","position":1,"name":"In\u00edcio","item":"https:\/\/www.isarodas.com.br\/isa\/"},{"@type":"ListItem","position":2,"name":"Store","item":"https:\/\/www.isarodas.com.br\/isa\/store\/"},{"@type":"ListItem","position":3,"name":"Mata Cupim Jimo 900ml F\u00e1cil Uso"}]},{"@type":"WebSite","@id":"https:\/\/www.isarodas.com.br\/isa\/#website","url":"https:\/\/www.isarodas.com.br\/isa\/","name":"Isarodas","description":"Ecommerce isarodas","publisher":{"@id":"https:\/\/www.isarodas.com.br\/isa\/#organization"},"potentialAction":[{"@type":"SearchAction","target":{"@type":"EntryPoint","urlTemplate":"https:\/\/www.isarodas.com.br\/isa\/?s={search_term_string}"},"query-input":"required name=search_term_string"}],"inLanguage":"pt-BR"},{"@type":"Organization","@id":"https:\/\/www.isarodas.com.br\/isa\/#organization","name":"Isarodas","url":"https:\/\/www.isarodas.com.br\/isa\/","logo":{"@type":"ImageObject","inLanguage":"pt-BR","@id":"https:\/\/www.isarodas.com.br\/isa\/#\/schema\/logo\/image\/","url":"https:\/\/www.isarodas.com.br\/isa\/wp-content\/uploads\/2024\/03\/cropped-lgs-1.png","contentUrl":"https:\/\/www.isarodas.com.br\/isa\/wp-content\/uploads\/2024\/03\/cropped-lgs-1.png","width":120,"height":119,"caption":"Isarodas"},"image":{"@id":"https:\/\/www.isarodas.com.br\/isa\/#\/schema\/logo\/image\/"},"sameAs":["https:\/\/www.facebook.com\/isarodasoficial\/","https:\/\/www.youtube.com\/@isarodas9312","https:\/\/www.instagram.com\/isarodasoficial\/"]}]}},"_links":{"self":[{"href":"https:\/\/www.isarodas.com.br\/isa\/wp-json\/wp\/v2\/product\/4938","targetHints":{"allow":["GET"]}}],"collection":[{"href":"https:\/\/www.isarodas.com.br\/isa\/wp-json\/wp\/v2\/product"}],"about":[{"href":"https:\/\/www.isarodas.com.br\/isa\/wp-json\/wp\/v2\/types\/product"}],"replies":[{"embeddable":true,"href":"https:\/\/www.isarodas.com.br\/isa\/wp-json\/wp\/v2\/comments?post=4938"}],"version-history":[{"count":2,"href":"https:\/\/www.isarodas.com.br\/isa\/wp-json\/wp\/v2\/product\/4938\/revisions"}],"predecessor-version":[{"id":4942,"href":"https:\/\/www.isarodas.com.br\/isa\/wp-json\/wp\/v2\/product\/4938\/revisions\/4942"}],"wp:featuredmedia":[{"embeddable":true,"href":"https:\/\/www.isarodas.com.br\/isa\/wp-json\/wp\/v2\/media\/4939"}],"wp:attachment":[{"href":"https:\/\/www.isarodas.com.br\/isa\/wp-json\/wp\/v2\/media?parent=4938"}],"wp:term":[{"taxonomy":"product_cat","embeddable":true,"href":"https:\/\/www.isarodas.com.br\/isa\/wp-json\/wp\/v2\/product_cat?post=4938"},{"taxonomy":"product_tag","embeddable":true,"href":"https:\/\/www.isarodas.com.br\/isa\/wp-json\/wp\/v2\/product_tag?post=4938"}],"curies":[{"name":"wp","href":"https:\/\/api.w.org\/{rel}","templated":true}]}}