{"id":4928,"date":"2024-04-07T11:58:58","date_gmt":"2024-04-07T14:58:58","guid":{"rendered":"https:\/\/www.isarodas.com.br\/isa\/?post_type=product&#038;p=4928"},"modified":"2024-04-07T11:58:58","modified_gmt":"2024-04-07T14:58:58","slug":"caminhao-bombeiro-musical-e-jato-de-agua-com-sirene","status":"publish","type":"product","link":"https:\/\/www.isarodas.com.br\/isa\/store\/brinquedos\/caminhao-bombeiro-musical-e-jato-de-agua-com-sirene\/","title":{"rendered":"Caminh\u00e3o Bombeiro Musical E Jato De \u00c1gua Com Sirene"},"content":{"rendered":"<h2 class=\"ui-pdp-description__title\">Descri\u00e7\u00e3o<\/h2>\n<p class=\"ui-pdp-description__content\">Caminh\u00e3o Bombeiro Musical e Jato de \u00e1gua &#8211;<br \/>\nBRINQUEDO IMPORTADO COM \u00d3TIMO ACABAMENTO E REALISMO, QUAL CRIAN\u00c7A N\u00c3O GOSTA DE BRINCAR DE BOMBEIRO?<br \/>\nPRESENTE CERTO, GARANTIA DE DIVERS\u00c3O.<br \/>\nFun\u00e7\u00e3o Bate e Volta<br \/>\nEmite de Sirene e Luzes.<br \/>\nBomba de \u00e1gua para se divertir , lan\u00e7a a longa dist\u00e2ncia<br \/>\nUsa 3 Pilhas &#8221;aa&#8221; (n\u00e3o inclusas)<br \/>\nMEDIDAS:<br \/>\n25CM COMPRIMENTO<br \/>\n9CM ALTURA<br \/>\n8CM LARGURA<br \/>\nCOMPOSI\u00c7\u00c3O MATERIAL : PL\u00c1STICO<br \/>\nRecomendado para Maiores de 3 Anos.<br \/>\nCERTIFICADO INMETRO<\/p>\n","protected":false},"excerpt":{"rendered":"<p>Descri\u00e7\u00e3o Caminh\u00e3o Bombeiro Musical e Jato de \u00e1gua &#8211; BRINQUEDO IMPORTADO COM \u00d3TIMO ACABAMENTO E REALISMO, QUAL CRIAN\u00c7A N\u00c3O GOSTA DE BRINCAR DE BOMBEIRO? PRESENTE CERTO, GARANTIA DE DIVERS\u00c3O. Fun\u00e7\u00e3o Bate e Volta Emite de Sirene e Luzes. Bomba de \u00e1gua para se divertir , lan\u00e7a a longa dist\u00e2ncia Usa 3 Pilhas &#8221;aa&#8221; (n\u00e3o inclusas) [&hellip;]<\/p>\n","protected":false},"featured_media":4933,"comment_status":"open","ping_status":"closed","template":"","meta":{"_acf_changed":false,"site-sidebar-layout":"default","site-content-layout":"","ast-site-content-layout":"default","site-content-style":"default","site-sidebar-style":"default","ast-global-header-display":"","ast-banner-title-visibility":"","ast-main-header-display":"","ast-hfb-above-header-display":"","ast-hfb-below-header-display":"","ast-hfb-mobile-header-display":"","site-post-title":"","ast-breadcrumbs-content":"","ast-featured-img":"","footer-sml-layout":"","theme-transparent-header-meta":"default","adv-header-id-meta":"","stick-header-meta":"","header-above-stick-meta":"","header-main-stick-meta":"","header-below-stick-meta":"","astra-migrate-meta-layouts":"set","ast-page-background-enabled":"default","ast-page-background-meta":{"desktop":{"background-color":"","background-image":"","background-repeat":"repeat","background-position":"center center","background-size":"auto","background-attachment":"scroll","background-type":"","background-media":"","overlay-type":"","overlay-color":"","overlay-gradient":""},"tablet":{"background-color":"","background-image":"","background-repeat":"repeat","background-position":"center center","background-size":"auto","background-attachment":"scroll","background-type":"","background-media":"","overlay-type":"","overlay-color":"","overlay-gradient":""},"mobile":{"background-color":"","background-image":"","background-repeat":"repeat","background-position":"center center","background-size":"auto","background-attachment":"scroll","background-type":"","background-media":"","overlay-type":"","overlay-color":"","overlay-gradient":""}},"ast-content-background-meta":{"desktop":{"background-color":"var(--ast-global-color-5)","background-image":"","background-repeat":"repeat","background-position":"center center","background-size":"auto","background-attachment":"scroll","background-type":"","background-media":"","overlay-type":"","overlay-color":"","overlay-gradient":""},"tablet":{"background-color":"var(--ast-global-color-5)","background-image":"","background-repeat":"repeat","background-position":"center center","background-size":"auto","background-attachment":"scroll","background-type":"","background-media":"","overlay-type":"","overlay-color":"","overlay-gradient":""},"mobile":{"background-color":"var(--ast-global-color-5)","background-image":"","background-repeat":"repeat","background-position":"center center","background-size":"auto","background-attachment":"scroll","background-type":"","background-media":"","overlay-type":"","overlay-color":"","overlay-gradient":""}}},"product_cat":[58],"product_tag":[],"class_list":{"0":"post-4928","1":"product","2":"type-product","3":"status-publish","4":"has-post-thumbnail","6":"product_cat-brinquedos","7":"desktop-align-left","8":"tablet-align-left","9":"mobile-align-left","11":"first","12":"instock","13":"sale","14":"shipping-taxable","15":"purchasable","16":"product-type-simple"},"acf":[],"yoast_head":"<!-- This site is optimized with the Yoast SEO plugin v22.3 - https:\/\/yoast.com\/wordpress\/plugins\/seo\/ -->\n<title>Caminh\u00e3o Bombeiro Musical E Jato De \u00c1gua Com Sirene<\/title>\n<meta name=\"description\" content=\"Caminh\u00e3o Bombeiro Musical e Jato de \u00c1gua, a divers\u00e3o \u00e9 garantida! Este incr\u00edvel brinquedo combina a emo\u00e7\u00e3o de um caminh\u00e3o de bombeiro com m\u00fasica, luzes, e um jato de \u00e1gua simulado, criando uma experi\u00eancia empolgante para as crian\u00e7as.\" \/>\n<meta name=\"robots\" content=\"index, follow, max-snippet:-1, max-image-preview:large, max-video-preview:-1\" \/>\n<link rel=\"canonical\" href=\"https:\/\/www.isarodas.com.br\/isa\/store\/brinquedos\/caminhao-bombeiro-musical-e-jato-de-agua-com-sirene\/\" \/>\n<meta property=\"og:locale\" content=\"pt_BR\" \/>\n<meta property=\"og:type\" content=\"article\" \/>\n<meta property=\"og:title\" content=\"Caminh\u00e3o Bombeiro Musical E Jato De \u00c1gua Com Sirene\" \/>\n<meta property=\"og:description\" content=\"Caminh\u00e3o Bombeiro Musical e Jato de \u00c1gua, a divers\u00e3o \u00e9 garantida! Este incr\u00edvel brinquedo combina a emo\u00e7\u00e3o de um caminh\u00e3o de bombeiro com m\u00fasica, luzes, e um jato de \u00e1gua simulado, criando uma experi\u00eancia empolgante para as crian\u00e7as.\" \/>\n<meta property=\"og:url\" content=\"https:\/\/www.isarodas.com.br\/isa\/store\/brinquedos\/caminhao-bombeiro-musical-e-jato-de-agua-com-sirene\/\" \/>\n<meta property=\"og:site_name\" content=\"Isarodas\" \/>\n<meta property=\"article:publisher\" content=\"https:\/\/www.facebook.com\/isarodasoficial\/\" \/>\n<meta property=\"og:image\" content=\"https:\/\/www.isarodas.com.br\/isa\/wp-content\/uploads\/2024\/04\/D_NQ_NP_932567-MLB48007860170_102021-O.webp\" \/>\n\t<meta property=\"og:image:width\" content=\"500\" \/>\n\t<meta property=\"og:image:height\" content=\"366\" \/>\n\t<meta property=\"og:image:type\" content=\"image\/webp\" \/>\n<meta name=\"twitter:card\" content=\"summary_large_image\" \/>\n<meta name=\"twitter:label1\" content=\"Est. tempo de leitura\" \/>\n\t<meta name=\"twitter:data1\" content=\"1 minuto\" \/>\n<script type=\"application\/ld+json\" class=\"yoast-schema-graph\">{\"@context\":\"https:\/\/schema.org\",\"@graph\":[{\"@type\":\"WebPage\",\"@id\":\"https:\/\/www.isarodas.com.br\/isa\/store\/brinquedos\/caminhao-bombeiro-musical-e-jato-de-agua-com-sirene\/\",\"url\":\"https:\/\/www.isarodas.com.br\/isa\/store\/brinquedos\/caminhao-bombeiro-musical-e-jato-de-agua-com-sirene\/\",\"name\":\"Caminh\u00e3o Bombeiro Musical E Jato De \u00c1gua Com Sirene\",\"isPartOf\":{\"@id\":\"https:\/\/www.isarodas.com.br\/isa\/#website\"},\"primaryImageOfPage\":{\"@id\":\"https:\/\/www.isarodas.com.br\/isa\/store\/brinquedos\/caminhao-bombeiro-musical-e-jato-de-agua-com-sirene\/#primaryimage\"},\"image\":{\"@id\":\"https:\/\/www.isarodas.com.br\/isa\/store\/brinquedos\/caminhao-bombeiro-musical-e-jato-de-agua-com-sirene\/#primaryimage\"},\"thumbnailUrl\":\"https:\/\/www.isarodas.com.br\/isa\/wp-content\/uploads\/2024\/04\/D_NQ_NP_932567-MLB48007860170_102021-O.webp\",\"datePublished\":\"2024-04-07T14:58:58+00:00\",\"dateModified\":\"2024-04-07T14:58:58+00:00\",\"description\":\"Caminh\u00e3o Bombeiro Musical e Jato de \u00c1gua, a divers\u00e3o \u00e9 garantida! Este incr\u00edvel brinquedo combina a emo\u00e7\u00e3o de um caminh\u00e3o de bombeiro com m\u00fasica, luzes, e um jato de \u00e1gua simulado, criando uma experi\u00eancia empolgante para as crian\u00e7as.\",\"breadcrumb\":{\"@id\":\"https:\/\/www.isarodas.com.br\/isa\/store\/brinquedos\/caminhao-bombeiro-musical-e-jato-de-agua-com-sirene\/#breadcrumb\"},\"inLanguage\":\"pt-BR\",\"potentialAction\":[{\"@type\":\"ReadAction\",\"target\":[\"https:\/\/www.isarodas.com.br\/isa\/store\/brinquedos\/caminhao-bombeiro-musical-e-jato-de-agua-com-sirene\/\"]}]},{\"@type\":\"ImageObject\",\"inLanguage\":\"pt-BR\",\"@id\":\"https:\/\/www.isarodas.com.br\/isa\/store\/brinquedos\/caminhao-bombeiro-musical-e-jato-de-agua-com-sirene\/#primaryimage\",\"url\":\"https:\/\/www.isarodas.com.br\/isa\/wp-content\/uploads\/2024\/04\/D_NQ_NP_932567-MLB48007860170_102021-O.webp\",\"contentUrl\":\"https:\/\/www.isarodas.com.br\/isa\/wp-content\/uploads\/2024\/04\/D_NQ_NP_932567-MLB48007860170_102021-O.webp\",\"width\":500,\"height\":366},{\"@type\":\"BreadcrumbList\",\"@id\":\"https:\/\/www.isarodas.com.br\/isa\/store\/brinquedos\/caminhao-bombeiro-musical-e-jato-de-agua-com-sirene\/#breadcrumb\",\"itemListElement\":[{\"@type\":\"ListItem\",\"position\":1,\"name\":\"In\u00edcio\",\"item\":\"https:\/\/www.isarodas.com.br\/isa\/\"},{\"@type\":\"ListItem\",\"position\":2,\"name\":\"Store\",\"item\":\"https:\/\/www.isarodas.com.br\/isa\/store\/\"},{\"@type\":\"ListItem\",\"position\":3,\"name\":\"Caminh\u00e3o Bombeiro Musical E Jato De \u00c1gua Com Sirene\"}]},{\"@type\":\"WebSite\",\"@id\":\"https:\/\/www.isarodas.com.br\/isa\/#website\",\"url\":\"https:\/\/www.isarodas.com.br\/isa\/\",\"name\":\"Isarodas\",\"description\":\"Ecommerce isarodas\",\"publisher\":{\"@id\":\"https:\/\/www.isarodas.com.br\/isa\/#organization\"},\"potentialAction\":[{\"@type\":\"SearchAction\",\"target\":{\"@type\":\"EntryPoint\",\"urlTemplate\":\"https:\/\/www.isarodas.com.br\/isa\/?s={search_term_string}\"},\"query-input\":\"required name=search_term_string\"}],\"inLanguage\":\"pt-BR\"},{\"@type\":\"Organization\",\"@id\":\"https:\/\/www.isarodas.com.br\/isa\/#organization\",\"name\":\"Isarodas\",\"url\":\"https:\/\/www.isarodas.com.br\/isa\/\",\"logo\":{\"@type\":\"ImageObject\",\"inLanguage\":\"pt-BR\",\"@id\":\"https:\/\/www.isarodas.com.br\/isa\/#\/schema\/logo\/image\/\",\"url\":\"https:\/\/www.isarodas.com.br\/isa\/wp-content\/uploads\/2024\/03\/cropped-lgs-1.png\",\"contentUrl\":\"https:\/\/www.isarodas.com.br\/isa\/wp-content\/uploads\/2024\/03\/cropped-lgs-1.png\",\"width\":120,\"height\":119,\"caption\":\"Isarodas\"},\"image\":{\"@id\":\"https:\/\/www.isarodas.com.br\/isa\/#\/schema\/logo\/image\/\"},\"sameAs\":[\"https:\/\/www.facebook.com\/isarodasoficial\/\",\"https:\/\/www.youtube.com\/@isarodas9312\",\"https:\/\/www.instagram.com\/isarodasoficial\/\"]}]}<\/script>\n<!-- \/ Yoast SEO plugin. -->","yoast_head_json":{"title":"Caminh\u00e3o Bombeiro Musical E Jato De \u00c1gua Com Sirene","description":"Caminh\u00e3o Bombeiro Musical e Jato de \u00c1gua, a divers\u00e3o \u00e9 garantida! Este incr\u00edvel brinquedo combina a emo\u00e7\u00e3o de um caminh\u00e3o de bombeiro com m\u00fasica, luzes, e um jato de \u00e1gua simulado, criando uma experi\u00eancia empolgante para as crian\u00e7as.","robots":{"index":"index","follow":"follow","max-snippet":"max-snippet:-1","max-image-preview":"max-image-preview:large","max-video-preview":"max-video-preview:-1"},"canonical":"https:\/\/www.isarodas.com.br\/isa\/store\/brinquedos\/caminhao-bombeiro-musical-e-jato-de-agua-com-sirene\/","og_locale":"pt_BR","og_type":"article","og_title":"Caminh\u00e3o Bombeiro Musical E Jato De \u00c1gua Com Sirene","og_description":"Caminh\u00e3o Bombeiro Musical e Jato de \u00c1gua, a divers\u00e3o \u00e9 garantida! Este incr\u00edvel brinquedo combina a emo\u00e7\u00e3o de um caminh\u00e3o de bombeiro com m\u00fasica, luzes, e um jato de \u00e1gua simulado, criando uma experi\u00eancia empolgante para as crian\u00e7as.","og_url":"https:\/\/www.isarodas.com.br\/isa\/store\/brinquedos\/caminhao-bombeiro-musical-e-jato-de-agua-com-sirene\/","og_site_name":"Isarodas","article_publisher":"https:\/\/www.facebook.com\/isarodasoficial\/","og_image":[{"width":500,"height":366,"url":"https:\/\/www.isarodas.com.br\/isa\/wp-content\/uploads\/2024\/04\/D_NQ_NP_932567-MLB48007860170_102021-O.webp","type":"image\/webp"}],"twitter_card":"summary_large_image","twitter_misc":{"Est. tempo de leitura":"1 minuto"},"schema":{"@context":"https:\/\/schema.org","@graph":[{"@type":"WebPage","@id":"https:\/\/www.isarodas.com.br\/isa\/store\/brinquedos\/caminhao-bombeiro-musical-e-jato-de-agua-com-sirene\/","url":"https:\/\/www.isarodas.com.br\/isa\/store\/brinquedos\/caminhao-bombeiro-musical-e-jato-de-agua-com-sirene\/","name":"Caminh\u00e3o Bombeiro Musical E Jato De \u00c1gua Com Sirene","isPartOf":{"@id":"https:\/\/www.isarodas.com.br\/isa\/#website"},"primaryImageOfPage":{"@id":"https:\/\/www.isarodas.com.br\/isa\/store\/brinquedos\/caminhao-bombeiro-musical-e-jato-de-agua-com-sirene\/#primaryimage"},"image":{"@id":"https:\/\/www.isarodas.com.br\/isa\/store\/brinquedos\/caminhao-bombeiro-musical-e-jato-de-agua-com-sirene\/#primaryimage"},"thumbnailUrl":"https:\/\/www.isarodas.com.br\/isa\/wp-content\/uploads\/2024\/04\/D_NQ_NP_932567-MLB48007860170_102021-O.webp","datePublished":"2024-04-07T14:58:58+00:00","dateModified":"2024-04-07T14:58:58+00:00","description":"Caminh\u00e3o Bombeiro Musical e Jato de \u00c1gua, a divers\u00e3o \u00e9 garantida! Este incr\u00edvel brinquedo combina a emo\u00e7\u00e3o de um caminh\u00e3o de bombeiro com m\u00fasica, luzes, e um jato de \u00e1gua simulado, criando uma experi\u00eancia empolgante para as crian\u00e7as.","breadcrumb":{"@id":"https:\/\/www.isarodas.com.br\/isa\/store\/brinquedos\/caminhao-bombeiro-musical-e-jato-de-agua-com-sirene\/#breadcrumb"},"inLanguage":"pt-BR","potentialAction":[{"@type":"ReadAction","target":["https:\/\/www.isarodas.com.br\/isa\/store\/brinquedos\/caminhao-bombeiro-musical-e-jato-de-agua-com-sirene\/"]}]},{"@type":"ImageObject","inLanguage":"pt-BR","@id":"https:\/\/www.isarodas.com.br\/isa\/store\/brinquedos\/caminhao-bombeiro-musical-e-jato-de-agua-com-sirene\/#primaryimage","url":"https:\/\/www.isarodas.com.br\/isa\/wp-content\/uploads\/2024\/04\/D_NQ_NP_932567-MLB48007860170_102021-O.webp","contentUrl":"https:\/\/www.isarodas.com.br\/isa\/wp-content\/uploads\/2024\/04\/D_NQ_NP_932567-MLB48007860170_102021-O.webp","width":500,"height":366},{"@type":"BreadcrumbList","@id":"https:\/\/www.isarodas.com.br\/isa\/store\/brinquedos\/caminhao-bombeiro-musical-e-jato-de-agua-com-sirene\/#breadcrumb","itemListElement":[{"@type":"ListItem","position":1,"name":"In\u00edcio","item":"https:\/\/www.isarodas.com.br\/isa\/"},{"@type":"ListItem","position":2,"name":"Store","item":"https:\/\/www.isarodas.com.br\/isa\/store\/"},{"@type":"ListItem","position":3,"name":"Caminh\u00e3o Bombeiro Musical E Jato De \u00c1gua Com Sirene"}]},{"@type":"WebSite","@id":"https:\/\/www.isarodas.com.br\/isa\/#website","url":"https:\/\/www.isarodas.com.br\/isa\/","name":"Isarodas","description":"Ecommerce isarodas","publisher":{"@id":"https:\/\/www.isarodas.com.br\/isa\/#organization"},"potentialAction":[{"@type":"SearchAction","target":{"@type":"EntryPoint","urlTemplate":"https:\/\/www.isarodas.com.br\/isa\/?s={search_term_string}"},"query-input":"required name=search_term_string"}],"inLanguage":"pt-BR"},{"@type":"Organization","@id":"https:\/\/www.isarodas.com.br\/isa\/#organization","name":"Isarodas","url":"https:\/\/www.isarodas.com.br\/isa\/","logo":{"@type":"ImageObject","inLanguage":"pt-BR","@id":"https:\/\/www.isarodas.com.br\/isa\/#\/schema\/logo\/image\/","url":"https:\/\/www.isarodas.com.br\/isa\/wp-content\/uploads\/2024\/03\/cropped-lgs-1.png","contentUrl":"https:\/\/www.isarodas.com.br\/isa\/wp-content\/uploads\/2024\/03\/cropped-lgs-1.png","width":120,"height":119,"caption":"Isarodas"},"image":{"@id":"https:\/\/www.isarodas.com.br\/isa\/#\/schema\/logo\/image\/"},"sameAs":["https:\/\/www.facebook.com\/isarodasoficial\/","https:\/\/www.youtube.com\/@isarodas9312","https:\/\/www.instagram.com\/isarodasoficial\/"]}]}},"_links":{"self":[{"href":"https:\/\/www.isarodas.com.br\/isa\/wp-json\/wp\/v2\/product\/4928","targetHints":{"allow":["GET"]}}],"collection":[{"href":"https:\/\/www.isarodas.com.br\/isa\/wp-json\/wp\/v2\/product"}],"about":[{"href":"https:\/\/www.isarodas.com.br\/isa\/wp-json\/wp\/v2\/types\/product"}],"replies":[{"embeddable":true,"href":"https:\/\/www.isarodas.com.br\/isa\/wp-json\/wp\/v2\/comments?post=4928"}],"version-history":[{"count":1,"href":"https:\/\/www.isarodas.com.br\/isa\/wp-json\/wp\/v2\/product\/4928\/revisions"}],"predecessor-version":[{"id":4934,"href":"https:\/\/www.isarodas.com.br\/isa\/wp-json\/wp\/v2\/product\/4928\/revisions\/4934"}],"wp:featuredmedia":[{"embeddable":true,"href":"https:\/\/www.isarodas.com.br\/isa\/wp-json\/wp\/v2\/media\/4933"}],"wp:attachment":[{"href":"https:\/\/www.isarodas.com.br\/isa\/wp-json\/wp\/v2\/media?parent=4928"}],"wp:term":[{"taxonomy":"product_cat","embeddable":true,"href":"https:\/\/www.isarodas.com.br\/isa\/wp-json\/wp\/v2\/product_cat?post=4928"},{"taxonomy":"product_tag","embeddable":true,"href":"https:\/\/www.isarodas.com.br\/isa\/wp-json\/wp\/v2\/product_tag?post=4928"}],"curies":[{"name":"wp","href":"https:\/\/api.w.org\/{rel}","templated":true}]}}