{"id":4881,"date":"2024-04-06T16:58:06","date_gmt":"2024-04-06T19:58:06","guid":{"rendered":"https:\/\/www.isarodas.com.br\/isa\/?post_type=product&#038;p=4881"},"modified":"2024-04-06T16:58:07","modified_gmt":"2024-04-06T19:58:07","slug":"fita-isolante-alta-fusao-3m-23-19mm-x-2mt-kit-com-2-unidades","status":"publish","type":"product","link":"https:\/\/www.isarodas.com.br\/isa\/store\/utilidades\/fitas\/fita-isolante-alta-fusao-3m-23-19mm-x-2mt-kit-com-2-unidades\/","title":{"rendered":"Fita Isolante Alta Fus\u00e3o 3m 23 19mm X 2mt Kit com 2 unidades"},"content":{"rendered":"<h2 class=\"ui-pdp-description__title\">Descri\u00e7\u00e3o<\/h2>\n<p class=\"ui-pdp-description__content\">Fita Isolante Alta Tens\u00e3o 23 Profissional 19 mm x 2 Metros 3M<\/p>\n<p>Detalhes:<\/p>\n<p>&#8211; Fita de alta isola\u00e7\u00e3o para emendas e termina\u00e7\u00f5es de cabos de baixa,m\u00e9dia e alta voltagem<br \/>\n&#8211; Atua como isolante el\u00e9trico nas emendas e termina\u00e7\u00f5es de cabos que possam atingir a temperatura de 90\u00b0 C<br \/>\n&#8211; Pode ser alongada em at\u00e9 100% para proporcionar isola\u00e7\u00e3o inviol\u00e1vel<br \/>\n&#8211; Possui alta ader\u00eancia e veda\u00e7\u00e3o<br \/>\n&#8211; Excelente adapta\u00e7\u00e3o em qualquer superf\u00edcie<br \/>\n&#8211; Resistente \u00e0 umidade<br \/>\n&#8211; \u00d3tima e r\u00e1pida fus\u00e3o sem presen\u00e7a de bolhas<br \/>\n&#8211; Garantia: 5 anos<br \/>\n&#8211; Temperatura M\u00e1xima de Opera\u00e7\u00e3o 90\u00baC em regime cont\u00ednuo e 130\u00baC em regime de emerg\u00eancia<\/p>\n<p>A Fita de Autofus\u00e3o 3M\u2122 Scotch\u2122 23 cria uma conex\u00e3o segura e firme, fundindo-se a ela mesma. Pode ser alongada em at\u00e9 800% para proporcionar isola\u00e7\u00e3o inviol\u00e1vel. \u00c9 resistente \u00e0 umidade e as propriedades f\u00edsicas e el\u00e9tricas n\u00e3o s\u00e3o afetadas pelo grau de alongamento.<\/p>\n<p>A Fita de Autofus\u00e3o 3M\u2122 Scotch\u2122 23 \u00e9 uma fita de alta isola\u00e7\u00e3o para emendas e termina\u00e7\u00f5es de cabos de m\u00e9dia voltagem. Esta fita auto amalgamante cria uma conex\u00e3o segura e firme, fundindo se a ela mesma. Um dorso altamente conform\u00e1vel de borracha de etileno propileno se enrolar\u00e1 firmemente sobre a maioria dos perfis, mesmo em formas irregulares e complicadas. A fita pode ser alongada em at\u00e9 100% para proporcionar isola\u00e7\u00e3o inviol\u00e1vel e resistente \u00e0 umidade. As propriedades f\u00edsicas e el\u00e9tricas n\u00e3o s\u00e3o afetadas pelo grau de alongamento. Esta fita preta destinada a eletricistas, com espessura de 0,76 mm, proporciona isola\u00e7\u00e3o el\u00e9trica prim\u00e1ria para jun\u00e7\u00e3o e termina\u00e7\u00e3o de cabos at\u00e9 69 kV com at\u00e9 90\u00b0C de temperatura cont\u00ednua de opera\u00e7\u00e3o, admitindo uma temperatura emergencial de sobrecarga de at\u00e9 130\u00b0C. Ela tamb\u00e9m oferece isola\u00e7\u00e3o prim\u00e1ria para montar cones de estresse em cabos de at\u00e9 35 kV. Modo de aplicar: remova o filme protetor (liner) alongando a Fita de Autofus\u00e3o 3M\u00ae Scotch\u00ae 23 de forma que a sua largura se reduza em aproximadamente 20%. Ap\u00f3s a remo\u00e7\u00e3o do filme protetor, alongue a fita de forma que sua largura se reduza em aproximadamente 40%. Aplique a fita sobre a superf\u00edcie, sempre alongada de forma que a sobreposi\u00e7\u00e3o seja de 50%. As caracter\u00edsticas especiais far\u00e3o com que as camadas da fita fundam se entre si, tornando se uma prote\u00e7\u00e3o imperme\u00e1vel e altamente resistente. Aplique a quantidade exata at\u00e9 atingir a espessura do cabo. Esta fita deve sempre ser coberta com uma camada da Fita Isolante Scotch\u00ae 33+ para prote\u00e7\u00e3o contra intemp\u00e9ries e a\u00e7\u00e3o do tempo.<\/p>\n<p>Aplica\u00e7\u00f5es sugeridas:<br \/>\n&#8211; Passo 1 somente a fita isolante alta fus\u00e3o<br \/>\n&#8211; Passo 2 fita isolante alta fus\u00e3o e uma leve camada da fita isolante schoth 3m<br \/>\n&#8211; Destinada a eletricistas;<br \/>\n&#8211; Pode ser utilizada para isola\u00e7\u00e3o prim\u00e1ria de fios e cabos para baixa,m\u00e9dia e alta tens\u00e3o;<br \/>\n&#8211; Isola\u00e7\u00e3o prim\u00e1ria de fios, cabos, emendas, terminais e termina\u00e7\u00f5es com classe de tens\u00e3o de at\u00e9 69 kV;<br \/>\n&#8211; Atua como isolante el\u00e9trico nas Emendas e termina\u00e7\u00f5es de cabos que possam atingir a temperatura de 90\u00b0 C;<br \/>\n&#8211; Instala\u00e7\u00f5es residenciais como: jardins, chuveiros e ar condicionado.<br \/>\n&#8211; Marca: 3M<br \/>\n&#8211; Modelo: 23<br \/>\nCaracter\u00edsticas:<br \/>\nCor: Preto<br \/>\nDimens\u00f5es: 19mm X 2m<br \/>\n&#8211; Alta Tens\u00e3o<br \/>\n&#8211; Quantidade: 2 unidades<\/p>\n","protected":false},"excerpt":{"rendered":"<p>Descri\u00e7\u00e3o Fita Isolante Alta Tens\u00e3o 23 Profissional 19 mm x 2 Metros 3M Detalhes: &#8211; Fita de alta isola\u00e7\u00e3o para emendas e termina\u00e7\u00f5es de cabos de baixa,m\u00e9dia e alta voltagem &#8211; Atua como isolante el\u00e9trico nas emendas e termina\u00e7\u00f5es de cabos que possam atingir a temperatura de 90\u00b0 C &#8211; Pode ser alongada em at\u00e9 [&hellip;]<\/p>\n","protected":false},"featured_media":4882,"comment_status":"open","ping_status":"closed","template":"","meta":{"_acf_changed":false,"site-sidebar-layout":"default","site-content-layout":"","ast-site-content-layout":"default","site-content-style":"default","site-sidebar-style":"default","ast-global-header-display":"","ast-banner-title-visibility":"","ast-main-header-display":"","ast-hfb-above-header-display":"","ast-hfb-below-header-display":"","ast-hfb-mobile-header-display":"","site-post-title":"","ast-breadcrumbs-content":"","ast-featured-img":"","footer-sml-layout":"","theme-transparent-header-meta":"default","adv-header-id-meta":"","stick-header-meta":"","header-above-stick-meta":"","header-main-stick-meta":"","header-below-stick-meta":"","astra-migrate-meta-layouts":"set","ast-page-background-enabled":"default","ast-page-background-meta":{"desktop":{"background-color":"","background-image":"","background-repeat":"repeat","background-position":"center center","background-size":"auto","background-attachment":"scroll","background-type":"","background-media":"","overlay-type":"","overlay-color":"","overlay-gradient":""},"tablet":{"background-color":"","background-image":"","background-repeat":"repeat","background-position":"center center","background-size":"auto","background-attachment":"scroll","background-type":"","background-media":"","overlay-type":"","overlay-color":"","overlay-gradient":""},"mobile":{"background-color":"","background-image":"","background-repeat":"repeat","background-position":"center center","background-size":"auto","background-attachment":"scroll","background-type":"","background-media":"","overlay-type":"","overlay-color":"","overlay-gradient":""}},"ast-content-background-meta":{"desktop":{"background-color":"var(--ast-global-color-5)","background-image":"","background-repeat":"repeat","background-position":"center center","background-size":"auto","background-attachment":"scroll","background-type":"","background-media":"","overlay-type":"","overlay-color":"","overlay-gradient":""},"tablet":{"background-color":"var(--ast-global-color-5)","background-image":"","background-repeat":"repeat","background-position":"center center","background-size":"auto","background-attachment":"scroll","background-type":"","background-media":"","overlay-type":"","overlay-color":"","overlay-gradient":""},"mobile":{"background-color":"var(--ast-global-color-5)","background-image":"","background-repeat":"repeat","background-position":"center center","background-size":"auto","background-attachment":"scroll","background-type":"","background-media":"","overlay-type":"","overlay-color":"","overlay-gradient":""}}},"product_cat":[88,86],"product_tag":[],"class_list":{"0":"post-4881","1":"product","2":"type-product","3":"status-publish","4":"has-post-thumbnail","6":"product_cat-fitas","7":"product_cat-utilidades","8":"desktop-align-left","9":"tablet-align-left","10":"mobile-align-left","12":"first","13":"instock","14":"sale","15":"shipping-taxable","16":"purchasable","17":"product-type-simple"},"acf":[],"yoast_head":"<!-- This site is optimized with the Yoast SEO plugin v22.3 - https:\/\/yoast.com\/wordpress\/plugins\/seo\/ -->\n<title>Fita Isolante Alta Fus\u00e3o 3m 23 19mm X 2mt Kit com 2 unidades<\/title>\n<meta name=\"description\" content=\"Fita de Autofus\u00e3o 3M\u2122 Scotch\u2122 23 \u00e9 uma fita de alta isola\u00e7\u00e3o para emendas e termina\u00e7\u00f5es de cabos de m\u00e9dia voltagem. Esta fita auto amalgamante cria uma conex\u00e3o segura e firme, fundindo se a ela mesma. Um dorso altamente conform\u00e1vel de borracha de etileno propileno se enrolar\u00e1 firmemente sobre a maioria dos perfis, mesmo em formas irregulares e complicadas\" \/>\n<meta name=\"robots\" content=\"index, follow, max-snippet:-1, max-image-preview:large, max-video-preview:-1\" \/>\n<link rel=\"canonical\" href=\"https:\/\/www.isarodas.com.br\/isa\/store\/utilidades\/fitas\/fita-isolante-alta-fusao-3m-23-19mm-x-2mt-kit-com-2-unidades\/\" \/>\n<meta property=\"og:locale\" content=\"pt_BR\" \/>\n<meta property=\"og:type\" content=\"article\" \/>\n<meta property=\"og:title\" content=\"Fita Isolante Alta Fus\u00e3o 3m 23 19mm X 2mt Kit com 2 unidades\" \/>\n<meta property=\"og:description\" content=\"Fita de Autofus\u00e3o 3M\u2122 Scotch\u2122 23 \u00e9 uma fita de alta isola\u00e7\u00e3o para emendas e termina\u00e7\u00f5es de cabos de m\u00e9dia voltagem. Esta fita auto amalgamante cria uma conex\u00e3o segura e firme, fundindo se a ela mesma. Um dorso altamente conform\u00e1vel de borracha de etileno propileno se enrolar\u00e1 firmemente sobre a maioria dos perfis, mesmo em formas irregulares e complicadas\" \/>\n<meta property=\"og:url\" content=\"https:\/\/www.isarodas.com.br\/isa\/store\/utilidades\/fitas\/fita-isolante-alta-fusao-3m-23-19mm-x-2mt-kit-com-2-unidades\/\" \/>\n<meta property=\"og:site_name\" content=\"Isarodas\" \/>\n<meta property=\"article:publisher\" content=\"https:\/\/www.facebook.com\/isarodasoficial\/\" \/>\n<meta property=\"article:modified_time\" content=\"2024-04-06T19:58:07+00:00\" \/>\n<meta property=\"og:image\" content=\"https:\/\/www.isarodas.com.br\/isa\/wp-content\/uploads\/2024\/04\/D_NQ_NP_2X_703348-MLB45047748974_032021-F.webp\" \/>\n\t<meta property=\"og:image:width\" content=\"650\" \/>\n\t<meta property=\"og:image:height\" content=\"696\" \/>\n\t<meta property=\"og:image:type\" content=\"image\/webp\" \/>\n<meta name=\"twitter:card\" content=\"summary_large_image\" \/>\n<meta name=\"twitter:label1\" content=\"Est. tempo de leitura\" \/>\n\t<meta name=\"twitter:data1\" content=\"3 minutos\" \/>\n<script type=\"application\/ld+json\" class=\"yoast-schema-graph\">{\"@context\":\"https:\/\/schema.org\",\"@graph\":[{\"@type\":\"WebPage\",\"@id\":\"https:\/\/www.isarodas.com.br\/isa\/store\/utilidades\/fitas\/fita-isolante-alta-fusao-3m-23-19mm-x-2mt-kit-com-2-unidades\/\",\"url\":\"https:\/\/www.isarodas.com.br\/isa\/store\/utilidades\/fitas\/fita-isolante-alta-fusao-3m-23-19mm-x-2mt-kit-com-2-unidades\/\",\"name\":\"Fita Isolante Alta Fus\u00e3o 3m 23 19mm X 2mt Kit com 2 unidades\",\"isPartOf\":{\"@id\":\"https:\/\/www.isarodas.com.br\/isa\/#website\"},\"primaryImageOfPage\":{\"@id\":\"https:\/\/www.isarodas.com.br\/isa\/store\/utilidades\/fitas\/fita-isolante-alta-fusao-3m-23-19mm-x-2mt-kit-com-2-unidades\/#primaryimage\"},\"image\":{\"@id\":\"https:\/\/www.isarodas.com.br\/isa\/store\/utilidades\/fitas\/fita-isolante-alta-fusao-3m-23-19mm-x-2mt-kit-com-2-unidades\/#primaryimage\"},\"thumbnailUrl\":\"https:\/\/www.isarodas.com.br\/isa\/wp-content\/uploads\/2024\/04\/D_NQ_NP_2X_703348-MLB45047748974_032021-F.webp\",\"datePublished\":\"2024-04-06T19:58:06+00:00\",\"dateModified\":\"2024-04-06T19:58:07+00:00\",\"description\":\"Fita de Autofus\u00e3o 3M\u2122 Scotch\u2122 23 \u00e9 uma fita de alta isola\u00e7\u00e3o para emendas e termina\u00e7\u00f5es de cabos de m\u00e9dia voltagem. Esta fita auto amalgamante cria uma conex\u00e3o segura e firme, fundindo se a ela mesma. Um dorso altamente conform\u00e1vel de borracha de etileno propileno se enrolar\u00e1 firmemente sobre a maioria dos perfis, mesmo em formas irregulares e complicadas\",\"breadcrumb\":{\"@id\":\"https:\/\/www.isarodas.com.br\/isa\/store\/utilidades\/fitas\/fita-isolante-alta-fusao-3m-23-19mm-x-2mt-kit-com-2-unidades\/#breadcrumb\"},\"inLanguage\":\"pt-BR\",\"potentialAction\":[{\"@type\":\"ReadAction\",\"target\":[\"https:\/\/www.isarodas.com.br\/isa\/store\/utilidades\/fitas\/fita-isolante-alta-fusao-3m-23-19mm-x-2mt-kit-com-2-unidades\/\"]}]},{\"@type\":\"ImageObject\",\"inLanguage\":\"pt-BR\",\"@id\":\"https:\/\/www.isarodas.com.br\/isa\/store\/utilidades\/fitas\/fita-isolante-alta-fusao-3m-23-19mm-x-2mt-kit-com-2-unidades\/#primaryimage\",\"url\":\"https:\/\/www.isarodas.com.br\/isa\/wp-content\/uploads\/2024\/04\/D_NQ_NP_2X_703348-MLB45047748974_032021-F.webp\",\"contentUrl\":\"https:\/\/www.isarodas.com.br\/isa\/wp-content\/uploads\/2024\/04\/D_NQ_NP_2X_703348-MLB45047748974_032021-F.webp\",\"width\":650,\"height\":696},{\"@type\":\"BreadcrumbList\",\"@id\":\"https:\/\/www.isarodas.com.br\/isa\/store\/utilidades\/fitas\/fita-isolante-alta-fusao-3m-23-19mm-x-2mt-kit-com-2-unidades\/#breadcrumb\",\"itemListElement\":[{\"@type\":\"ListItem\",\"position\":1,\"name\":\"In\u00edcio\",\"item\":\"https:\/\/www.isarodas.com.br\/isa\/\"},{\"@type\":\"ListItem\",\"position\":2,\"name\":\"Store\",\"item\":\"https:\/\/www.isarodas.com.br\/isa\/store\/\"},{\"@type\":\"ListItem\",\"position\":3,\"name\":\"Fita Isolante Alta Fus\u00e3o 3m 23 19mm X 2mt Kit com 2 unidades\"}]},{\"@type\":\"WebSite\",\"@id\":\"https:\/\/www.isarodas.com.br\/isa\/#website\",\"url\":\"https:\/\/www.isarodas.com.br\/isa\/\",\"name\":\"Isarodas\",\"description\":\"Ecommerce isarodas\",\"publisher\":{\"@id\":\"https:\/\/www.isarodas.com.br\/isa\/#organization\"},\"potentialAction\":[{\"@type\":\"SearchAction\",\"target\":{\"@type\":\"EntryPoint\",\"urlTemplate\":\"https:\/\/www.isarodas.com.br\/isa\/?s={search_term_string}\"},\"query-input\":\"required name=search_term_string\"}],\"inLanguage\":\"pt-BR\"},{\"@type\":\"Organization\",\"@id\":\"https:\/\/www.isarodas.com.br\/isa\/#organization\",\"name\":\"Isarodas\",\"url\":\"https:\/\/www.isarodas.com.br\/isa\/\",\"logo\":{\"@type\":\"ImageObject\",\"inLanguage\":\"pt-BR\",\"@id\":\"https:\/\/www.isarodas.com.br\/isa\/#\/schema\/logo\/image\/\",\"url\":\"https:\/\/www.isarodas.com.br\/isa\/wp-content\/uploads\/2024\/03\/cropped-lgs-1.png\",\"contentUrl\":\"https:\/\/www.isarodas.com.br\/isa\/wp-content\/uploads\/2024\/03\/cropped-lgs-1.png\",\"width\":120,\"height\":119,\"caption\":\"Isarodas\"},\"image\":{\"@id\":\"https:\/\/www.isarodas.com.br\/isa\/#\/schema\/logo\/image\/\"},\"sameAs\":[\"https:\/\/www.facebook.com\/isarodasoficial\/\",\"https:\/\/www.youtube.com\/@isarodas9312\",\"https:\/\/www.instagram.com\/isarodasoficial\/\"]}]}<\/script>\n<!-- \/ Yoast SEO plugin. -->","yoast_head_json":{"title":"Fita Isolante Alta Fus\u00e3o 3m 23 19mm X 2mt Kit com 2 unidades","description":"Fita de Autofus\u00e3o 3M\u2122 Scotch\u2122 23 \u00e9 uma fita de alta isola\u00e7\u00e3o para emendas e termina\u00e7\u00f5es de cabos de m\u00e9dia voltagem. Esta fita auto amalgamante cria uma conex\u00e3o segura e firme, fundindo se a ela mesma. Um dorso altamente conform\u00e1vel de borracha de etileno propileno se enrolar\u00e1 firmemente sobre a maioria dos perfis, mesmo em formas irregulares e complicadas","robots":{"index":"index","follow":"follow","max-snippet":"max-snippet:-1","max-image-preview":"max-image-preview:large","max-video-preview":"max-video-preview:-1"},"canonical":"https:\/\/www.isarodas.com.br\/isa\/store\/utilidades\/fitas\/fita-isolante-alta-fusao-3m-23-19mm-x-2mt-kit-com-2-unidades\/","og_locale":"pt_BR","og_type":"article","og_title":"Fita Isolante Alta Fus\u00e3o 3m 23 19mm X 2mt Kit com 2 unidades","og_description":"Fita de Autofus\u00e3o 3M\u2122 Scotch\u2122 23 \u00e9 uma fita de alta isola\u00e7\u00e3o para emendas e termina\u00e7\u00f5es de cabos de m\u00e9dia voltagem. Esta fita auto amalgamante cria uma conex\u00e3o segura e firme, fundindo se a ela mesma. Um dorso altamente conform\u00e1vel de borracha de etileno propileno se enrolar\u00e1 firmemente sobre a maioria dos perfis, mesmo em formas irregulares e complicadas","og_url":"https:\/\/www.isarodas.com.br\/isa\/store\/utilidades\/fitas\/fita-isolante-alta-fusao-3m-23-19mm-x-2mt-kit-com-2-unidades\/","og_site_name":"Isarodas","article_publisher":"https:\/\/www.facebook.com\/isarodasoficial\/","article_modified_time":"2024-04-06T19:58:07+00:00","og_image":[{"width":650,"height":696,"url":"https:\/\/www.isarodas.com.br\/isa\/wp-content\/uploads\/2024\/04\/D_NQ_NP_2X_703348-MLB45047748974_032021-F.webp","type":"image\/webp"}],"twitter_card":"summary_large_image","twitter_misc":{"Est. tempo de leitura":"3 minutos"},"schema":{"@context":"https:\/\/schema.org","@graph":[{"@type":"WebPage","@id":"https:\/\/www.isarodas.com.br\/isa\/store\/utilidades\/fitas\/fita-isolante-alta-fusao-3m-23-19mm-x-2mt-kit-com-2-unidades\/","url":"https:\/\/www.isarodas.com.br\/isa\/store\/utilidades\/fitas\/fita-isolante-alta-fusao-3m-23-19mm-x-2mt-kit-com-2-unidades\/","name":"Fita Isolante Alta Fus\u00e3o 3m 23 19mm X 2mt Kit com 2 unidades","isPartOf":{"@id":"https:\/\/www.isarodas.com.br\/isa\/#website"},"primaryImageOfPage":{"@id":"https:\/\/www.isarodas.com.br\/isa\/store\/utilidades\/fitas\/fita-isolante-alta-fusao-3m-23-19mm-x-2mt-kit-com-2-unidades\/#primaryimage"},"image":{"@id":"https:\/\/www.isarodas.com.br\/isa\/store\/utilidades\/fitas\/fita-isolante-alta-fusao-3m-23-19mm-x-2mt-kit-com-2-unidades\/#primaryimage"},"thumbnailUrl":"https:\/\/www.isarodas.com.br\/isa\/wp-content\/uploads\/2024\/04\/D_NQ_NP_2X_703348-MLB45047748974_032021-F.webp","datePublished":"2024-04-06T19:58:06+00:00","dateModified":"2024-04-06T19:58:07+00:00","description":"Fita de Autofus\u00e3o 3M\u2122 Scotch\u2122 23 \u00e9 uma fita de alta isola\u00e7\u00e3o para emendas e termina\u00e7\u00f5es de cabos de m\u00e9dia voltagem. Esta fita auto amalgamante cria uma conex\u00e3o segura e firme, fundindo se a ela mesma. Um dorso altamente conform\u00e1vel de borracha de etileno propileno se enrolar\u00e1 firmemente sobre a maioria dos perfis, mesmo em formas irregulares e complicadas","breadcrumb":{"@id":"https:\/\/www.isarodas.com.br\/isa\/store\/utilidades\/fitas\/fita-isolante-alta-fusao-3m-23-19mm-x-2mt-kit-com-2-unidades\/#breadcrumb"},"inLanguage":"pt-BR","potentialAction":[{"@type":"ReadAction","target":["https:\/\/www.isarodas.com.br\/isa\/store\/utilidades\/fitas\/fita-isolante-alta-fusao-3m-23-19mm-x-2mt-kit-com-2-unidades\/"]}]},{"@type":"ImageObject","inLanguage":"pt-BR","@id":"https:\/\/www.isarodas.com.br\/isa\/store\/utilidades\/fitas\/fita-isolante-alta-fusao-3m-23-19mm-x-2mt-kit-com-2-unidades\/#primaryimage","url":"https:\/\/www.isarodas.com.br\/isa\/wp-content\/uploads\/2024\/04\/D_NQ_NP_2X_703348-MLB45047748974_032021-F.webp","contentUrl":"https:\/\/www.isarodas.com.br\/isa\/wp-content\/uploads\/2024\/04\/D_NQ_NP_2X_703348-MLB45047748974_032021-F.webp","width":650,"height":696},{"@type":"BreadcrumbList","@id":"https:\/\/www.isarodas.com.br\/isa\/store\/utilidades\/fitas\/fita-isolante-alta-fusao-3m-23-19mm-x-2mt-kit-com-2-unidades\/#breadcrumb","itemListElement":[{"@type":"ListItem","position":1,"name":"In\u00edcio","item":"https:\/\/www.isarodas.com.br\/isa\/"},{"@type":"ListItem","position":2,"name":"Store","item":"https:\/\/www.isarodas.com.br\/isa\/store\/"},{"@type":"ListItem","position":3,"name":"Fita Isolante Alta Fus\u00e3o 3m 23 19mm X 2mt Kit com 2 unidades"}]},{"@type":"WebSite","@id":"https:\/\/www.isarodas.com.br\/isa\/#website","url":"https:\/\/www.isarodas.com.br\/isa\/","name":"Isarodas","description":"Ecommerce isarodas","publisher":{"@id":"https:\/\/www.isarodas.com.br\/isa\/#organization"},"potentialAction":[{"@type":"SearchAction","target":{"@type":"EntryPoint","urlTemplate":"https:\/\/www.isarodas.com.br\/isa\/?s={search_term_string}"},"query-input":"required name=search_term_string"}],"inLanguage":"pt-BR"},{"@type":"Organization","@id":"https:\/\/www.isarodas.com.br\/isa\/#organization","name":"Isarodas","url":"https:\/\/www.isarodas.com.br\/isa\/","logo":{"@type":"ImageObject","inLanguage":"pt-BR","@id":"https:\/\/www.isarodas.com.br\/isa\/#\/schema\/logo\/image\/","url":"https:\/\/www.isarodas.com.br\/isa\/wp-content\/uploads\/2024\/03\/cropped-lgs-1.png","contentUrl":"https:\/\/www.isarodas.com.br\/isa\/wp-content\/uploads\/2024\/03\/cropped-lgs-1.png","width":120,"height":119,"caption":"Isarodas"},"image":{"@id":"https:\/\/www.isarodas.com.br\/isa\/#\/schema\/logo\/image\/"},"sameAs":["https:\/\/www.facebook.com\/isarodasoficial\/","https:\/\/www.youtube.com\/@isarodas9312","https:\/\/www.instagram.com\/isarodasoficial\/"]}]}},"_links":{"self":[{"href":"https:\/\/www.isarodas.com.br\/isa\/wp-json\/wp\/v2\/product\/4881","targetHints":{"allow":["GET"]}}],"collection":[{"href":"https:\/\/www.isarodas.com.br\/isa\/wp-json\/wp\/v2\/product"}],"about":[{"href":"https:\/\/www.isarodas.com.br\/isa\/wp-json\/wp\/v2\/types\/product"}],"replies":[{"embeddable":true,"href":"https:\/\/www.isarodas.com.br\/isa\/wp-json\/wp\/v2\/comments?post=4881"}],"version-history":[{"count":1,"href":"https:\/\/www.isarodas.com.br\/isa\/wp-json\/wp\/v2\/product\/4881\/revisions"}],"predecessor-version":[{"id":4885,"href":"https:\/\/www.isarodas.com.br\/isa\/wp-json\/wp\/v2\/product\/4881\/revisions\/4885"}],"wp:featuredmedia":[{"embeddable":true,"href":"https:\/\/www.isarodas.com.br\/isa\/wp-json\/wp\/v2\/media\/4882"}],"wp:attachment":[{"href":"https:\/\/www.isarodas.com.br\/isa\/wp-json\/wp\/v2\/media?parent=4881"}],"wp:term":[{"taxonomy":"product_cat","embeddable":true,"href":"https:\/\/www.isarodas.com.br\/isa\/wp-json\/wp\/v2\/product_cat?post=4881"},{"taxonomy":"product_tag","embeddable":true,"href":"https:\/\/www.isarodas.com.br\/isa\/wp-json\/wp\/v2\/product_tag?post=4881"}],"curies":[{"name":"wp","href":"https:\/\/api.w.org\/{rel}","templated":true}]}}