{"id":4847,"date":"2024-04-06T16:09:01","date_gmt":"2024-04-06T19:09:01","guid":{"rendered":"https:\/\/www.isarodas.com.br\/isa\/?post_type=product&#038;p=4847"},"modified":"2024-04-16T14:06:45","modified_gmt":"2024-04-16T17:06:45","slug":"20-animais-da-fazenda-animais-selvagens-em-pvc","status":"publish","type":"product","link":"https:\/\/www.isarodas.com.br\/isa\/store\/brinquedos\/20-animais-da-fazenda-animais-selvagens-em-pvc\/","title":{"rendered":"20 Animais Da Fazenda Animais Selvagens Em Pvc"},"content":{"rendered":"<p>Descubra a magia da vida selvagem e da fazenda com este conjunto de Animais em PVC! Feitos com materiais dur\u00e1veis e detalhes realistas, estes animais trazem a natureza para a palma da sua m\u00e3o. De vacas e galinhas a le\u00f5es e elefantes, este conjunto oferece uma variedade de esp\u00e9cies para criar aventuras emocionantes e cen\u00e1rios imaginativos.<\/p>\n<p>Perfeito para brincadeiras educativas, exposi\u00e7\u00f5es escolares ou simplesmente para adicionar \u00e0 sua cole\u00e7\u00e3o, estes animais em PVC s\u00e3o adequados para crian\u00e7as e colecionadores de todas as idades. Deixe a sua imagina\u00e7\u00e3o correr solta enquanto explora os habitats naturais destes animais incr\u00edveis. Transforme qualquer espa\u00e7o em um mundo selvagem ou em uma fazenda animada com estes Animais da Fazenda e Animais Selvagens em PVC<\/p>\n","protected":false},"excerpt":{"rendered":"<p>Descubra a magia da vida selvagem e da fazenda com este conjunto de Animais em PVC! Feitos com materiais dur\u00e1veis e detalhes realistas, estes animais trazem a natureza para a palma da sua m\u00e3o. De vacas e galinhas a le\u00f5es e elefantes, este conjunto oferece uma variedade de esp\u00e9cies para criar aventuras emocionantes e cen\u00e1rios [&hellip;]<\/p>\n","protected":false},"featured_media":4848,"comment_status":"open","ping_status":"closed","template":"","meta":{"_acf_changed":false,"site-sidebar-layout":"default","site-content-layout":"","ast-site-content-layout":"default","site-content-style":"default","site-sidebar-style":"default","ast-global-header-display":"","ast-banner-title-visibility":"","ast-main-header-display":"","ast-hfb-above-header-display":"","ast-hfb-below-header-display":"","ast-hfb-mobile-header-display":"","site-post-title":"","ast-breadcrumbs-content":"","ast-featured-img":"","footer-sml-layout":"","theme-transparent-header-meta":"default","adv-header-id-meta":"","stick-header-meta":"","header-above-stick-meta":"","header-main-stick-meta":"","header-below-stick-meta":"","astra-migrate-meta-layouts":"set","ast-page-background-enabled":"default","ast-page-background-meta":{"desktop":{"background-color":"","background-image":"","background-repeat":"repeat","background-position":"center center","background-size":"auto","background-attachment":"scroll","background-type":"","background-media":"","overlay-type":"","overlay-color":"","overlay-gradient":""},"tablet":{"background-color":"","background-image":"","background-repeat":"repeat","background-position":"center center","background-size":"auto","background-attachment":"scroll","background-type":"","background-media":"","overlay-type":"","overlay-color":"","overlay-gradient":""},"mobile":{"background-color":"","background-image":"","background-repeat":"repeat","background-position":"center center","background-size":"auto","background-attachment":"scroll","background-type":"","background-media":"","overlay-type":"","overlay-color":"","overlay-gradient":""}},"ast-content-background-meta":{"desktop":{"background-color":"var(--ast-global-color-5)","background-image":"","background-repeat":"repeat","background-position":"center center","background-size":"auto","background-attachment":"scroll","background-type":"","background-media":"","overlay-type":"","overlay-color":"","overlay-gradient":""},"tablet":{"background-color":"var(--ast-global-color-5)","background-image":"","background-repeat":"repeat","background-position":"center center","background-size":"auto","background-attachment":"scroll","background-type":"","background-media":"","overlay-type":"","overlay-color":"","overlay-gradient":""},"mobile":{"background-color":"var(--ast-global-color-5)","background-image":"","background-repeat":"repeat","background-position":"center center","background-size":"auto","background-attachment":"scroll","background-type":"","background-media":"","overlay-type":"","overlay-color":"","overlay-gradient":""}}},"product_cat":[58],"product_tag":[],"class_list":{"0":"post-4847","1":"product","2":"type-product","3":"status-publish","4":"has-post-thumbnail","6":"product_cat-brinquedos","7":"desktop-align-left","8":"tablet-align-left","9":"mobile-align-left","11":"first","12":"instock","13":"sale","14":"shipping-taxable","15":"purchasable","16":"product-type-simple"},"acf":[],"yoast_head":"<!-- This site is optimized with the Yoast SEO plugin v22.3 - https:\/\/yoast.com\/wordpress\/plugins\/seo\/ -->\n<title>20 Animais Da Fazenda Animais Selvagens Em Pvc<\/title>\n<meta name=\"description\" content=\"Com o Animais da Fazenda do Bichos da fazenda da linha Bicho emborrachado da Ausini as horas de divers\u00e3o s\u00e3o garantidas. Voc\u00ea poder\u00e1 brincar com eles seguindo suas hist\u00f3rias ou colecionar pelo tempo que quiser.\" \/>\n<meta name=\"robots\" content=\"index, follow, max-snippet:-1, max-image-preview:large, max-video-preview:-1\" \/>\n<link rel=\"canonical\" href=\"https:\/\/www.isarodas.com.br\/isa\/store\/brinquedos\/20-animais-da-fazenda-animais-selvagens-em-pvc\/\" \/>\n<meta property=\"og:locale\" content=\"pt_BR\" \/>\n<meta property=\"og:type\" content=\"article\" \/>\n<meta property=\"og:title\" content=\"20 Animais Da Fazenda Animais Selvagens Em Pvc\" \/>\n<meta property=\"og:description\" content=\"Com o Animais da Fazenda do Bichos da fazenda da linha Bicho emborrachado da Ausini as horas de divers\u00e3o s\u00e3o garantidas. Voc\u00ea poder\u00e1 brincar com eles seguindo suas hist\u00f3rias ou colecionar pelo tempo que quiser.\" \/>\n<meta property=\"og:url\" content=\"https:\/\/www.isarodas.com.br\/isa\/store\/brinquedos\/20-animais-da-fazenda-animais-selvagens-em-pvc\/\" \/>\n<meta property=\"og:site_name\" content=\"Isarodas\" \/>\n<meta property=\"article:publisher\" content=\"https:\/\/www.facebook.com\/isarodasoficial\/\" \/>\n<meta property=\"article:modified_time\" content=\"2024-04-16T17:06:45+00:00\" \/>\n<meta property=\"og:image\" content=\"https:\/\/www.isarodas.com.br\/isa\/wp-content\/uploads\/2024\/04\/D_NQ_NP_2X_947065-MLB32153505514_092019-F.webp\" \/>\n\t<meta property=\"og:image:width\" content=\"993\" \/>\n\t<meta property=\"og:image:height\" content=\"864\" \/>\n\t<meta property=\"og:image:type\" content=\"image\/webp\" \/>\n<meta name=\"twitter:card\" content=\"summary_large_image\" \/>\n<meta name=\"twitter:label1\" content=\"Est. tempo de leitura\" \/>\n\t<meta name=\"twitter:data1\" content=\"1 minuto\" \/>\n<script type=\"application\/ld+json\" class=\"yoast-schema-graph\">{\"@context\":\"https:\/\/schema.org\",\"@graph\":[{\"@type\":\"WebPage\",\"@id\":\"https:\/\/www.isarodas.com.br\/isa\/store\/brinquedos\/20-animais-da-fazenda-animais-selvagens-em-pvc\/\",\"url\":\"https:\/\/www.isarodas.com.br\/isa\/store\/brinquedos\/20-animais-da-fazenda-animais-selvagens-em-pvc\/\",\"name\":\"20 Animais Da Fazenda Animais Selvagens Em Pvc\",\"isPartOf\":{\"@id\":\"https:\/\/www.isarodas.com.br\/isa\/#website\"},\"primaryImageOfPage\":{\"@id\":\"https:\/\/www.isarodas.com.br\/isa\/store\/brinquedos\/20-animais-da-fazenda-animais-selvagens-em-pvc\/#primaryimage\"},\"image\":{\"@id\":\"https:\/\/www.isarodas.com.br\/isa\/store\/brinquedos\/20-animais-da-fazenda-animais-selvagens-em-pvc\/#primaryimage\"},\"thumbnailUrl\":\"https:\/\/www.isarodas.com.br\/isa\/wp-content\/uploads\/2024\/04\/D_NQ_NP_2X_947065-MLB32153505514_092019-F.webp\",\"datePublished\":\"2024-04-06T19:09:01+00:00\",\"dateModified\":\"2024-04-16T17:06:45+00:00\",\"description\":\"Com o Animais da Fazenda do Bichos da fazenda da linha Bicho emborrachado da Ausini as horas de divers\u00e3o s\u00e3o garantidas. Voc\u00ea poder\u00e1 brincar com eles seguindo suas hist\u00f3rias ou colecionar pelo tempo que quiser.\",\"breadcrumb\":{\"@id\":\"https:\/\/www.isarodas.com.br\/isa\/store\/brinquedos\/20-animais-da-fazenda-animais-selvagens-em-pvc\/#breadcrumb\"},\"inLanguage\":\"pt-BR\",\"potentialAction\":[{\"@type\":\"ReadAction\",\"target\":[\"https:\/\/www.isarodas.com.br\/isa\/store\/brinquedos\/20-animais-da-fazenda-animais-selvagens-em-pvc\/\"]}]},{\"@type\":\"ImageObject\",\"inLanguage\":\"pt-BR\",\"@id\":\"https:\/\/www.isarodas.com.br\/isa\/store\/brinquedos\/20-animais-da-fazenda-animais-selvagens-em-pvc\/#primaryimage\",\"url\":\"https:\/\/www.isarodas.com.br\/isa\/wp-content\/uploads\/2024\/04\/D_NQ_NP_2X_947065-MLB32153505514_092019-F.webp\",\"contentUrl\":\"https:\/\/www.isarodas.com.br\/isa\/wp-content\/uploads\/2024\/04\/D_NQ_NP_2X_947065-MLB32153505514_092019-F.webp\",\"width\":993,\"height\":864},{\"@type\":\"BreadcrumbList\",\"@id\":\"https:\/\/www.isarodas.com.br\/isa\/store\/brinquedos\/20-animais-da-fazenda-animais-selvagens-em-pvc\/#breadcrumb\",\"itemListElement\":[{\"@type\":\"ListItem\",\"position\":1,\"name\":\"In\u00edcio\",\"item\":\"https:\/\/www.isarodas.com.br\/isa\/\"},{\"@type\":\"ListItem\",\"position\":2,\"name\":\"Store\",\"item\":\"https:\/\/www.isarodas.com.br\/isa\/store\/\"},{\"@type\":\"ListItem\",\"position\":3,\"name\":\"20 Animais Da Fazenda Animais Selvagens Em Pvc\"}]},{\"@type\":\"WebSite\",\"@id\":\"https:\/\/www.isarodas.com.br\/isa\/#website\",\"url\":\"https:\/\/www.isarodas.com.br\/isa\/\",\"name\":\"Isarodas\",\"description\":\"Ecommerce isarodas\",\"publisher\":{\"@id\":\"https:\/\/www.isarodas.com.br\/isa\/#organization\"},\"potentialAction\":[{\"@type\":\"SearchAction\",\"target\":{\"@type\":\"EntryPoint\",\"urlTemplate\":\"https:\/\/www.isarodas.com.br\/isa\/?s={search_term_string}\"},\"query-input\":\"required name=search_term_string\"}],\"inLanguage\":\"pt-BR\"},{\"@type\":\"Organization\",\"@id\":\"https:\/\/www.isarodas.com.br\/isa\/#organization\",\"name\":\"Isarodas\",\"url\":\"https:\/\/www.isarodas.com.br\/isa\/\",\"logo\":{\"@type\":\"ImageObject\",\"inLanguage\":\"pt-BR\",\"@id\":\"https:\/\/www.isarodas.com.br\/isa\/#\/schema\/logo\/image\/\",\"url\":\"https:\/\/www.isarodas.com.br\/isa\/wp-content\/uploads\/2024\/03\/cropped-lgs-1.png\",\"contentUrl\":\"https:\/\/www.isarodas.com.br\/isa\/wp-content\/uploads\/2024\/03\/cropped-lgs-1.png\",\"width\":120,\"height\":119,\"caption\":\"Isarodas\"},\"image\":{\"@id\":\"https:\/\/www.isarodas.com.br\/isa\/#\/schema\/logo\/image\/\"},\"sameAs\":[\"https:\/\/www.facebook.com\/isarodasoficial\/\",\"https:\/\/www.youtube.com\/@isarodas9312\",\"https:\/\/www.instagram.com\/isarodasoficial\/\"]}]}<\/script>\n<!-- \/ Yoast SEO plugin. -->","yoast_head_json":{"title":"20 Animais Da Fazenda Animais Selvagens Em Pvc","description":"Com o Animais da Fazenda do Bichos da fazenda da linha Bicho emborrachado da Ausini as horas de divers\u00e3o s\u00e3o garantidas. Voc\u00ea poder\u00e1 brincar com eles seguindo suas hist\u00f3rias ou colecionar pelo tempo que quiser.","robots":{"index":"index","follow":"follow","max-snippet":"max-snippet:-1","max-image-preview":"max-image-preview:large","max-video-preview":"max-video-preview:-1"},"canonical":"https:\/\/www.isarodas.com.br\/isa\/store\/brinquedos\/20-animais-da-fazenda-animais-selvagens-em-pvc\/","og_locale":"pt_BR","og_type":"article","og_title":"20 Animais Da Fazenda Animais Selvagens Em Pvc","og_description":"Com o Animais da Fazenda do Bichos da fazenda da linha Bicho emborrachado da Ausini as horas de divers\u00e3o s\u00e3o garantidas. Voc\u00ea poder\u00e1 brincar com eles seguindo suas hist\u00f3rias ou colecionar pelo tempo que quiser.","og_url":"https:\/\/www.isarodas.com.br\/isa\/store\/brinquedos\/20-animais-da-fazenda-animais-selvagens-em-pvc\/","og_site_name":"Isarodas","article_publisher":"https:\/\/www.facebook.com\/isarodasoficial\/","article_modified_time":"2024-04-16T17:06:45+00:00","og_image":[{"width":993,"height":864,"url":"https:\/\/www.isarodas.com.br\/isa\/wp-content\/uploads\/2024\/04\/D_NQ_NP_2X_947065-MLB32153505514_092019-F.webp","type":"image\/webp"}],"twitter_card":"summary_large_image","twitter_misc":{"Est. tempo de leitura":"1 minuto"},"schema":{"@context":"https:\/\/schema.org","@graph":[{"@type":"WebPage","@id":"https:\/\/www.isarodas.com.br\/isa\/store\/brinquedos\/20-animais-da-fazenda-animais-selvagens-em-pvc\/","url":"https:\/\/www.isarodas.com.br\/isa\/store\/brinquedos\/20-animais-da-fazenda-animais-selvagens-em-pvc\/","name":"20 Animais Da Fazenda Animais Selvagens Em Pvc","isPartOf":{"@id":"https:\/\/www.isarodas.com.br\/isa\/#website"},"primaryImageOfPage":{"@id":"https:\/\/www.isarodas.com.br\/isa\/store\/brinquedos\/20-animais-da-fazenda-animais-selvagens-em-pvc\/#primaryimage"},"image":{"@id":"https:\/\/www.isarodas.com.br\/isa\/store\/brinquedos\/20-animais-da-fazenda-animais-selvagens-em-pvc\/#primaryimage"},"thumbnailUrl":"https:\/\/www.isarodas.com.br\/isa\/wp-content\/uploads\/2024\/04\/D_NQ_NP_2X_947065-MLB32153505514_092019-F.webp","datePublished":"2024-04-06T19:09:01+00:00","dateModified":"2024-04-16T17:06:45+00:00","description":"Com o Animais da Fazenda do Bichos da fazenda da linha Bicho emborrachado da Ausini as horas de divers\u00e3o s\u00e3o garantidas. Voc\u00ea poder\u00e1 brincar com eles seguindo suas hist\u00f3rias ou colecionar pelo tempo que quiser.","breadcrumb":{"@id":"https:\/\/www.isarodas.com.br\/isa\/store\/brinquedos\/20-animais-da-fazenda-animais-selvagens-em-pvc\/#breadcrumb"},"inLanguage":"pt-BR","potentialAction":[{"@type":"ReadAction","target":["https:\/\/www.isarodas.com.br\/isa\/store\/brinquedos\/20-animais-da-fazenda-animais-selvagens-em-pvc\/"]}]},{"@type":"ImageObject","inLanguage":"pt-BR","@id":"https:\/\/www.isarodas.com.br\/isa\/store\/brinquedos\/20-animais-da-fazenda-animais-selvagens-em-pvc\/#primaryimage","url":"https:\/\/www.isarodas.com.br\/isa\/wp-content\/uploads\/2024\/04\/D_NQ_NP_2X_947065-MLB32153505514_092019-F.webp","contentUrl":"https:\/\/www.isarodas.com.br\/isa\/wp-content\/uploads\/2024\/04\/D_NQ_NP_2X_947065-MLB32153505514_092019-F.webp","width":993,"height":864},{"@type":"BreadcrumbList","@id":"https:\/\/www.isarodas.com.br\/isa\/store\/brinquedos\/20-animais-da-fazenda-animais-selvagens-em-pvc\/#breadcrumb","itemListElement":[{"@type":"ListItem","position":1,"name":"In\u00edcio","item":"https:\/\/www.isarodas.com.br\/isa\/"},{"@type":"ListItem","position":2,"name":"Store","item":"https:\/\/www.isarodas.com.br\/isa\/store\/"},{"@type":"ListItem","position":3,"name":"20 Animais Da Fazenda Animais Selvagens Em Pvc"}]},{"@type":"WebSite","@id":"https:\/\/www.isarodas.com.br\/isa\/#website","url":"https:\/\/www.isarodas.com.br\/isa\/","name":"Isarodas","description":"Ecommerce isarodas","publisher":{"@id":"https:\/\/www.isarodas.com.br\/isa\/#organization"},"potentialAction":[{"@type":"SearchAction","target":{"@type":"EntryPoint","urlTemplate":"https:\/\/www.isarodas.com.br\/isa\/?s={search_term_string}"},"query-input":"required name=search_term_string"}],"inLanguage":"pt-BR"},{"@type":"Organization","@id":"https:\/\/www.isarodas.com.br\/isa\/#organization","name":"Isarodas","url":"https:\/\/www.isarodas.com.br\/isa\/","logo":{"@type":"ImageObject","inLanguage":"pt-BR","@id":"https:\/\/www.isarodas.com.br\/isa\/#\/schema\/logo\/image\/","url":"https:\/\/www.isarodas.com.br\/isa\/wp-content\/uploads\/2024\/03\/cropped-lgs-1.png","contentUrl":"https:\/\/www.isarodas.com.br\/isa\/wp-content\/uploads\/2024\/03\/cropped-lgs-1.png","width":120,"height":119,"caption":"Isarodas"},"image":{"@id":"https:\/\/www.isarodas.com.br\/isa\/#\/schema\/logo\/image\/"},"sameAs":["https:\/\/www.facebook.com\/isarodasoficial\/","https:\/\/www.youtube.com\/@isarodas9312","https:\/\/www.instagram.com\/isarodasoficial\/"]}]}},"_links":{"self":[{"href":"https:\/\/www.isarodas.com.br\/isa\/wp-json\/wp\/v2\/product\/4847","targetHints":{"allow":["GET"]}}],"collection":[{"href":"https:\/\/www.isarodas.com.br\/isa\/wp-json\/wp\/v2\/product"}],"about":[{"href":"https:\/\/www.isarodas.com.br\/isa\/wp-json\/wp\/v2\/types\/product"}],"replies":[{"embeddable":true,"href":"https:\/\/www.isarodas.com.br\/isa\/wp-json\/wp\/v2\/comments?post=4847"}],"version-history":[{"count":1,"href":"https:\/\/www.isarodas.com.br\/isa\/wp-json\/wp\/v2\/product\/4847\/revisions"}],"predecessor-version":[{"id":4850,"href":"https:\/\/www.isarodas.com.br\/isa\/wp-json\/wp\/v2\/product\/4847\/revisions\/4850"}],"wp:featuredmedia":[{"embeddable":true,"href":"https:\/\/www.isarodas.com.br\/isa\/wp-json\/wp\/v2\/media\/4848"}],"wp:attachment":[{"href":"https:\/\/www.isarodas.com.br\/isa\/wp-json\/wp\/v2\/media?parent=4847"}],"wp:term":[{"taxonomy":"product_cat","embeddable":true,"href":"https:\/\/www.isarodas.com.br\/isa\/wp-json\/wp\/v2\/product_cat?post=4847"},{"taxonomy":"product_tag","embeddable":true,"href":"https:\/\/www.isarodas.com.br\/isa\/wp-json\/wp\/v2\/product_tag?post=4847"}],"curies":[{"name":"wp","href":"https:\/\/api.w.org\/{rel}","templated":true}]}}