{"id":4841,"date":"2024-04-06T16:03:41","date_gmt":"2024-04-06T19:03:41","guid":{"rendered":"https:\/\/www.isarodas.com.br\/isa\/?post_type=product&#038;p=4841"},"modified":"2024-04-06T16:03:42","modified_gmt":"2024-04-06T19:03:42","slug":"kit-com-6-carrinho-blazer-monster-machine-racer-promocao","status":"publish","type":"product","link":"https:\/\/www.isarodas.com.br\/isa\/store\/brinquedos\/kit-com-6-carrinho-blazer-monster-machine-racer-promocao\/","title":{"rendered":"Kit Com 6 Carrinho Blazer Monster Machine &#8211; Racer Promoc\u00e3o"},"content":{"rendered":"<p>O Carrinho Blazer Monster Machine &#8211; Racer \u00e9 um ve\u00edculo de brinquedo emocionante que vai encantar crian\u00e7as e entusiastas de corridas. Com um design aerodin\u00e2mico e detalhes realistas, este carrinho \u00e9 inspirado nas m\u00e1quinas monstruosas de corrida. Equipado com rodas resistentes e suspens\u00e3o ajust\u00e1vel, este ve\u00edculo \u00e9 ideal para corridas em diferentes terrenos, proporcionando uma experi\u00eancia de condu\u00e7\u00e3o emocionante e cheia de aventura.<\/p>\n<p>Al\u00e9m disso, o Carrinho Blazer Monster Machine &#8211; Racer possui caracter\u00edsticas especiais, como luzes LED e sons de motor, que aumentam ainda mais a divers\u00e3o e a imers\u00e3o durante o jogo. Seja para competi\u00e7\u00f5es de corrida ou para brincadeiras imaginativas, este carrinho oferece horas de entretenimento emocionante para crian\u00e7as de todas as idades. Adquira agora e acelere para a divers\u00e3o com o Carrinho Blazer Monster Machine &#8211; Racer!<\/p>\n<p><strong>Medidas Aproximadas:<\/strong><br \/>\n&#8211; 6 cm de altura<br \/>\n&#8211; 6,5 cm de largura<br \/>\n&#8211; 7,5 cm de comprimento<br \/>\n<strong>Material:<\/strong><\/p>\n<p>&#8211; Os carrinhos s\u00e3o feitos de pl\u00e1stico<br \/>\n&#8211; Os pneus s\u00e3o de borracha<\/p>\n","protected":false},"excerpt":{"rendered":"<p>O Carrinho Blazer Monster Machine &#8211; Racer \u00e9 um ve\u00edculo de brinquedo emocionante que vai encantar crian\u00e7as e entusiastas de corridas. Com um design aerodin\u00e2mico e detalhes realistas, este carrinho \u00e9 inspirado nas m\u00e1quinas monstruosas de corrida. Equipado com rodas resistentes e suspens\u00e3o ajust\u00e1vel, este ve\u00edculo \u00e9 ideal para corridas em diferentes terrenos, proporcionando uma [&hellip;]<\/p>\n","protected":false},"featured_media":4842,"comment_status":"open","ping_status":"closed","template":"","meta":{"_acf_changed":false,"site-sidebar-layout":"default","site-content-layout":"","ast-site-content-layout":"default","site-content-style":"default","site-sidebar-style":"default","ast-global-header-display":"","ast-banner-title-visibility":"","ast-main-header-display":"","ast-hfb-above-header-display":"","ast-hfb-below-header-display":"","ast-hfb-mobile-header-display":"","site-post-title":"","ast-breadcrumbs-content":"","ast-featured-img":"","footer-sml-layout":"","theme-transparent-header-meta":"default","adv-header-id-meta":"","stick-header-meta":"","header-above-stick-meta":"","header-main-stick-meta":"","header-below-stick-meta":"","astra-migrate-meta-layouts":"set","ast-page-background-enabled":"default","ast-page-background-meta":{"desktop":{"background-color":"","background-image":"","background-repeat":"repeat","background-position":"center center","background-size":"auto","background-attachment":"scroll","background-type":"","background-media":"","overlay-type":"","overlay-color":"","overlay-gradient":""},"tablet":{"background-color":"","background-image":"","background-repeat":"repeat","background-position":"center center","background-size":"auto","background-attachment":"scroll","background-type":"","background-media":"","overlay-type":"","overlay-color":"","overlay-gradient":""},"mobile":{"background-color":"","background-image":"","background-repeat":"repeat","background-position":"center center","background-size":"auto","background-attachment":"scroll","background-type":"","background-media":"","overlay-type":"","overlay-color":"","overlay-gradient":""}},"ast-content-background-meta":{"desktop":{"background-color":"var(--ast-global-color-5)","background-image":"","background-repeat":"repeat","background-position":"center center","background-size":"auto","background-attachment":"scroll","background-type":"","background-media":"","overlay-type":"","overlay-color":"","overlay-gradient":""},"tablet":{"background-color":"var(--ast-global-color-5)","background-image":"","background-repeat":"repeat","background-position":"center center","background-size":"auto","background-attachment":"scroll","background-type":"","background-media":"","overlay-type":"","overlay-color":"","overlay-gradient":""},"mobile":{"background-color":"var(--ast-global-color-5)","background-image":"","background-repeat":"repeat","background-position":"center center","background-size":"auto","background-attachment":"scroll","background-type":"","background-media":"","overlay-type":"","overlay-color":"","overlay-gradient":""}}},"product_cat":[58],"product_tag":[],"class_list":{"0":"post-4841","1":"product","2":"type-product","3":"status-publish","4":"has-post-thumbnail","6":"product_cat-brinquedos","7":"desktop-align-left","8":"tablet-align-left","9":"mobile-align-left","11":"first","12":"instock","13":"sale","14":"shipping-taxable","15":"purchasable","16":"product-type-simple"},"acf":[],"yoast_head":"<!-- This site is optimized with the Yoast SEO plugin v22.3 - https:\/\/yoast.com\/wordpress\/plugins\/seo\/ -->\n<title>Kit Com 6 Carrinho Blazer Monster Machine - Racer Promoc\u00e3o<\/title>\n<meta name=\"description\" content=\"Blaze e seus amigos est\u00e3o lan\u00e7ando uma nova forma em seus carrinhos prontos-para-correr \u00e9 perfeito para recriar r\u00e1pidas corridas e manobras espetaculares como vistos no show Blaze e as Monster Machines!Carrinhos De Fric\u00e7\u00e3oModelos:Blaze, Zeg, Crusher, Stripes, Pickle, - Darington\" \/>\n<meta name=\"robots\" content=\"index, follow, max-snippet:-1, max-image-preview:large, max-video-preview:-1\" \/>\n<link rel=\"canonical\" href=\"https:\/\/www.isarodas.com.br\/isa\/store\/brinquedos\/kit-com-6-carrinho-blazer-monster-machine-racer-promocao\/\" \/>\n<meta property=\"og:locale\" content=\"pt_BR\" \/>\n<meta property=\"og:type\" content=\"article\" \/>\n<meta property=\"og:title\" content=\"Kit Com 6 Carrinho Blazer Monster Machine - Racer Promoc\u00e3o\" \/>\n<meta property=\"og:description\" content=\"Blaze e seus amigos est\u00e3o lan\u00e7ando uma nova forma em seus carrinhos prontos-para-correr \u00e9 perfeito para recriar r\u00e1pidas corridas e manobras espetaculares como vistos no show Blaze e as Monster Machines!Carrinhos De Fric\u00e7\u00e3oModelos:Blaze, Zeg, Crusher, Stripes, Pickle, - Darington\" \/>\n<meta property=\"og:url\" content=\"https:\/\/www.isarodas.com.br\/isa\/store\/brinquedos\/kit-com-6-carrinho-blazer-monster-machine-racer-promocao\/\" \/>\n<meta property=\"og:site_name\" content=\"Isarodas\" \/>\n<meta property=\"article:publisher\" content=\"https:\/\/www.facebook.com\/isarodasoficial\/\" \/>\n<meta property=\"article:modified_time\" content=\"2024-04-06T19:03:42+00:00\" \/>\n<meta property=\"og:image\" content=\"https:\/\/www.isarodas.com.br\/isa\/wp-content\/uploads\/2024\/04\/D_NQ_NP_2X_795428-MLB41396090130_042020-F.webp\" \/>\n\t<meta property=\"og:image:width\" content=\"1139\" \/>\n\t<meta property=\"og:image:height\" content=\"817\" \/>\n\t<meta property=\"og:image:type\" content=\"image\/webp\" \/>\n<meta name=\"twitter:card\" content=\"summary_large_image\" \/>\n<meta name=\"twitter:label1\" content=\"Est. tempo de leitura\" \/>\n\t<meta name=\"twitter:data1\" content=\"2 minutos\" \/>\n<script type=\"application\/ld+json\" class=\"yoast-schema-graph\">{\"@context\":\"https:\/\/schema.org\",\"@graph\":[{\"@type\":\"WebPage\",\"@id\":\"https:\/\/www.isarodas.com.br\/isa\/store\/brinquedos\/kit-com-6-carrinho-blazer-monster-machine-racer-promocao\/\",\"url\":\"https:\/\/www.isarodas.com.br\/isa\/store\/brinquedos\/kit-com-6-carrinho-blazer-monster-machine-racer-promocao\/\",\"name\":\"Kit Com 6 Carrinho Blazer Monster Machine - Racer Promoc\u00e3o\",\"isPartOf\":{\"@id\":\"https:\/\/www.isarodas.com.br\/isa\/#website\"},\"primaryImageOfPage\":{\"@id\":\"https:\/\/www.isarodas.com.br\/isa\/store\/brinquedos\/kit-com-6-carrinho-blazer-monster-machine-racer-promocao\/#primaryimage\"},\"image\":{\"@id\":\"https:\/\/www.isarodas.com.br\/isa\/store\/brinquedos\/kit-com-6-carrinho-blazer-monster-machine-racer-promocao\/#primaryimage\"},\"thumbnailUrl\":\"https:\/\/www.isarodas.com.br\/isa\/wp-content\/uploads\/2024\/04\/D_NQ_NP_2X_795428-MLB41396090130_042020-F.webp\",\"datePublished\":\"2024-04-06T19:03:41+00:00\",\"dateModified\":\"2024-04-06T19:03:42+00:00\",\"description\":\"Blaze e seus amigos est\u00e3o lan\u00e7ando uma nova forma em seus carrinhos prontos-para-correr \u00e9 perfeito para recriar r\u00e1pidas corridas e manobras espetaculares como vistos no show Blaze e as Monster Machines!Carrinhos De Fric\u00e7\u00e3oModelos:Blaze, Zeg, Crusher, Stripes, Pickle, - Darington\",\"breadcrumb\":{\"@id\":\"https:\/\/www.isarodas.com.br\/isa\/store\/brinquedos\/kit-com-6-carrinho-blazer-monster-machine-racer-promocao\/#breadcrumb\"},\"inLanguage\":\"pt-BR\",\"potentialAction\":[{\"@type\":\"ReadAction\",\"target\":[\"https:\/\/www.isarodas.com.br\/isa\/store\/brinquedos\/kit-com-6-carrinho-blazer-monster-machine-racer-promocao\/\"]}]},{\"@type\":\"ImageObject\",\"inLanguage\":\"pt-BR\",\"@id\":\"https:\/\/www.isarodas.com.br\/isa\/store\/brinquedos\/kit-com-6-carrinho-blazer-monster-machine-racer-promocao\/#primaryimage\",\"url\":\"https:\/\/www.isarodas.com.br\/isa\/wp-content\/uploads\/2024\/04\/D_NQ_NP_2X_795428-MLB41396090130_042020-F.webp\",\"contentUrl\":\"https:\/\/www.isarodas.com.br\/isa\/wp-content\/uploads\/2024\/04\/D_NQ_NP_2X_795428-MLB41396090130_042020-F.webp\",\"width\":1139,\"height\":817},{\"@type\":\"BreadcrumbList\",\"@id\":\"https:\/\/www.isarodas.com.br\/isa\/store\/brinquedos\/kit-com-6-carrinho-blazer-monster-machine-racer-promocao\/#breadcrumb\",\"itemListElement\":[{\"@type\":\"ListItem\",\"position\":1,\"name\":\"In\u00edcio\",\"item\":\"https:\/\/www.isarodas.com.br\/isa\/\"},{\"@type\":\"ListItem\",\"position\":2,\"name\":\"Store\",\"item\":\"https:\/\/www.isarodas.com.br\/isa\/store\/\"},{\"@type\":\"ListItem\",\"position\":3,\"name\":\"Kit Com 6 Carrinho Blazer Monster Machine &#8211; Racer Promoc\u00e3o\"}]},{\"@type\":\"WebSite\",\"@id\":\"https:\/\/www.isarodas.com.br\/isa\/#website\",\"url\":\"https:\/\/www.isarodas.com.br\/isa\/\",\"name\":\"Isarodas\",\"description\":\"Ecommerce isarodas\",\"publisher\":{\"@id\":\"https:\/\/www.isarodas.com.br\/isa\/#organization\"},\"potentialAction\":[{\"@type\":\"SearchAction\",\"target\":{\"@type\":\"EntryPoint\",\"urlTemplate\":\"https:\/\/www.isarodas.com.br\/isa\/?s={search_term_string}\"},\"query-input\":\"required name=search_term_string\"}],\"inLanguage\":\"pt-BR\"},{\"@type\":\"Organization\",\"@id\":\"https:\/\/www.isarodas.com.br\/isa\/#organization\",\"name\":\"Isarodas\",\"url\":\"https:\/\/www.isarodas.com.br\/isa\/\",\"logo\":{\"@type\":\"ImageObject\",\"inLanguage\":\"pt-BR\",\"@id\":\"https:\/\/www.isarodas.com.br\/isa\/#\/schema\/logo\/image\/\",\"url\":\"https:\/\/www.isarodas.com.br\/isa\/wp-content\/uploads\/2024\/03\/cropped-lgs-1.png\",\"contentUrl\":\"https:\/\/www.isarodas.com.br\/isa\/wp-content\/uploads\/2024\/03\/cropped-lgs-1.png\",\"width\":120,\"height\":119,\"caption\":\"Isarodas\"},\"image\":{\"@id\":\"https:\/\/www.isarodas.com.br\/isa\/#\/schema\/logo\/image\/\"},\"sameAs\":[\"https:\/\/www.facebook.com\/isarodasoficial\/\",\"https:\/\/www.youtube.com\/@isarodas9312\",\"https:\/\/www.instagram.com\/isarodasoficial\/\"]}]}<\/script>\n<!-- \/ Yoast SEO plugin. -->","yoast_head_json":{"title":"Kit Com 6 Carrinho Blazer Monster Machine - Racer Promoc\u00e3o","description":"Blaze e seus amigos est\u00e3o lan\u00e7ando uma nova forma em seus carrinhos prontos-para-correr \u00e9 perfeito para recriar r\u00e1pidas corridas e manobras espetaculares como vistos no show Blaze e as Monster Machines!Carrinhos De Fric\u00e7\u00e3oModelos:Blaze, Zeg, Crusher, Stripes, Pickle, - Darington","robots":{"index":"index","follow":"follow","max-snippet":"max-snippet:-1","max-image-preview":"max-image-preview:large","max-video-preview":"max-video-preview:-1"},"canonical":"https:\/\/www.isarodas.com.br\/isa\/store\/brinquedos\/kit-com-6-carrinho-blazer-monster-machine-racer-promocao\/","og_locale":"pt_BR","og_type":"article","og_title":"Kit Com 6 Carrinho Blazer Monster Machine - Racer Promoc\u00e3o","og_description":"Blaze e seus amigos est\u00e3o lan\u00e7ando uma nova forma em seus carrinhos prontos-para-correr \u00e9 perfeito para recriar r\u00e1pidas corridas e manobras espetaculares como vistos no show Blaze e as Monster Machines!Carrinhos De Fric\u00e7\u00e3oModelos:Blaze, Zeg, Crusher, Stripes, Pickle, - Darington","og_url":"https:\/\/www.isarodas.com.br\/isa\/store\/brinquedos\/kit-com-6-carrinho-blazer-monster-machine-racer-promocao\/","og_site_name":"Isarodas","article_publisher":"https:\/\/www.facebook.com\/isarodasoficial\/","article_modified_time":"2024-04-06T19:03:42+00:00","og_image":[{"width":1139,"height":817,"url":"https:\/\/www.isarodas.com.br\/isa\/wp-content\/uploads\/2024\/04\/D_NQ_NP_2X_795428-MLB41396090130_042020-F.webp","type":"image\/webp"}],"twitter_card":"summary_large_image","twitter_misc":{"Est. tempo de leitura":"2 minutos"},"schema":{"@context":"https:\/\/schema.org","@graph":[{"@type":"WebPage","@id":"https:\/\/www.isarodas.com.br\/isa\/store\/brinquedos\/kit-com-6-carrinho-blazer-monster-machine-racer-promocao\/","url":"https:\/\/www.isarodas.com.br\/isa\/store\/brinquedos\/kit-com-6-carrinho-blazer-monster-machine-racer-promocao\/","name":"Kit Com 6 Carrinho Blazer Monster Machine - Racer Promoc\u00e3o","isPartOf":{"@id":"https:\/\/www.isarodas.com.br\/isa\/#website"},"primaryImageOfPage":{"@id":"https:\/\/www.isarodas.com.br\/isa\/store\/brinquedos\/kit-com-6-carrinho-blazer-monster-machine-racer-promocao\/#primaryimage"},"image":{"@id":"https:\/\/www.isarodas.com.br\/isa\/store\/brinquedos\/kit-com-6-carrinho-blazer-monster-machine-racer-promocao\/#primaryimage"},"thumbnailUrl":"https:\/\/www.isarodas.com.br\/isa\/wp-content\/uploads\/2024\/04\/D_NQ_NP_2X_795428-MLB41396090130_042020-F.webp","datePublished":"2024-04-06T19:03:41+00:00","dateModified":"2024-04-06T19:03:42+00:00","description":"Blaze e seus amigos est\u00e3o lan\u00e7ando uma nova forma em seus carrinhos prontos-para-correr \u00e9 perfeito para recriar r\u00e1pidas corridas e manobras espetaculares como vistos no show Blaze e as Monster Machines!Carrinhos De Fric\u00e7\u00e3oModelos:Blaze, Zeg, Crusher, Stripes, Pickle, - Darington","breadcrumb":{"@id":"https:\/\/www.isarodas.com.br\/isa\/store\/brinquedos\/kit-com-6-carrinho-blazer-monster-machine-racer-promocao\/#breadcrumb"},"inLanguage":"pt-BR","potentialAction":[{"@type":"ReadAction","target":["https:\/\/www.isarodas.com.br\/isa\/store\/brinquedos\/kit-com-6-carrinho-blazer-monster-machine-racer-promocao\/"]}]},{"@type":"ImageObject","inLanguage":"pt-BR","@id":"https:\/\/www.isarodas.com.br\/isa\/store\/brinquedos\/kit-com-6-carrinho-blazer-monster-machine-racer-promocao\/#primaryimage","url":"https:\/\/www.isarodas.com.br\/isa\/wp-content\/uploads\/2024\/04\/D_NQ_NP_2X_795428-MLB41396090130_042020-F.webp","contentUrl":"https:\/\/www.isarodas.com.br\/isa\/wp-content\/uploads\/2024\/04\/D_NQ_NP_2X_795428-MLB41396090130_042020-F.webp","width":1139,"height":817},{"@type":"BreadcrumbList","@id":"https:\/\/www.isarodas.com.br\/isa\/store\/brinquedos\/kit-com-6-carrinho-blazer-monster-machine-racer-promocao\/#breadcrumb","itemListElement":[{"@type":"ListItem","position":1,"name":"In\u00edcio","item":"https:\/\/www.isarodas.com.br\/isa\/"},{"@type":"ListItem","position":2,"name":"Store","item":"https:\/\/www.isarodas.com.br\/isa\/store\/"},{"@type":"ListItem","position":3,"name":"Kit Com 6 Carrinho Blazer Monster Machine &#8211; Racer Promoc\u00e3o"}]},{"@type":"WebSite","@id":"https:\/\/www.isarodas.com.br\/isa\/#website","url":"https:\/\/www.isarodas.com.br\/isa\/","name":"Isarodas","description":"Ecommerce isarodas","publisher":{"@id":"https:\/\/www.isarodas.com.br\/isa\/#organization"},"potentialAction":[{"@type":"SearchAction","target":{"@type":"EntryPoint","urlTemplate":"https:\/\/www.isarodas.com.br\/isa\/?s={search_term_string}"},"query-input":"required name=search_term_string"}],"inLanguage":"pt-BR"},{"@type":"Organization","@id":"https:\/\/www.isarodas.com.br\/isa\/#organization","name":"Isarodas","url":"https:\/\/www.isarodas.com.br\/isa\/","logo":{"@type":"ImageObject","inLanguage":"pt-BR","@id":"https:\/\/www.isarodas.com.br\/isa\/#\/schema\/logo\/image\/","url":"https:\/\/www.isarodas.com.br\/isa\/wp-content\/uploads\/2024\/03\/cropped-lgs-1.png","contentUrl":"https:\/\/www.isarodas.com.br\/isa\/wp-content\/uploads\/2024\/03\/cropped-lgs-1.png","width":120,"height":119,"caption":"Isarodas"},"image":{"@id":"https:\/\/www.isarodas.com.br\/isa\/#\/schema\/logo\/image\/"},"sameAs":["https:\/\/www.facebook.com\/isarodasoficial\/","https:\/\/www.youtube.com\/@isarodas9312","https:\/\/www.instagram.com\/isarodasoficial\/"]}]}},"_links":{"self":[{"href":"https:\/\/www.isarodas.com.br\/isa\/wp-json\/wp\/v2\/product\/4841","targetHints":{"allow":["GET"]}}],"collection":[{"href":"https:\/\/www.isarodas.com.br\/isa\/wp-json\/wp\/v2\/product"}],"about":[{"href":"https:\/\/www.isarodas.com.br\/isa\/wp-json\/wp\/v2\/types\/product"}],"replies":[{"embeddable":true,"href":"https:\/\/www.isarodas.com.br\/isa\/wp-json\/wp\/v2\/comments?post=4841"}],"version-history":[{"count":1,"href":"https:\/\/www.isarodas.com.br\/isa\/wp-json\/wp\/v2\/product\/4841\/revisions"}],"predecessor-version":[{"id":4845,"href":"https:\/\/www.isarodas.com.br\/isa\/wp-json\/wp\/v2\/product\/4841\/revisions\/4845"}],"wp:featuredmedia":[{"embeddable":true,"href":"https:\/\/www.isarodas.com.br\/isa\/wp-json\/wp\/v2\/media\/4842"}],"wp:attachment":[{"href":"https:\/\/www.isarodas.com.br\/isa\/wp-json\/wp\/v2\/media?parent=4841"}],"wp:term":[{"taxonomy":"product_cat","embeddable":true,"href":"https:\/\/www.isarodas.com.br\/isa\/wp-json\/wp\/v2\/product_cat?post=4841"},{"taxonomy":"product_tag","embeddable":true,"href":"https:\/\/www.isarodas.com.br\/isa\/wp-json\/wp\/v2\/product_tag?post=4841"}],"curies":[{"name":"wp","href":"https:\/\/api.w.org\/{rel}","templated":true}]}}