{"id":4799,"date":"2024-04-05T20:41:07","date_gmt":"2024-04-05T23:41:07","guid":{"rendered":"https:\/\/www.isarodas.com.br\/isa\/?post_type=product&#038;p=4799"},"modified":"2024-04-05T20:41:07","modified_gmt":"2024-04-05T23:41:07","slug":"dobradica-1-1-2-38mm-caixa-c-24-pc-polida-tipo-101","status":"publish","type":"product","link":"https:\/\/www.isarodas.com.br\/isa\/store\/construcao\/ferragens\/dobradicas\/dobradica-1-1-2-38mm-caixa-c-24-pc-polida-tipo-101\/","title":{"rendered":"Dobradi\u00e7a 1.1\/2 38mm Caixa C\/ 24 P\u00e7 Polida Tipo 101"},"content":{"rendered":"<p>A Dobradi\u00e7a Merkel 101 Polida 1.1\/2 C\/24 \u00e9 perfeita para quem busca qualidade e durabilidade. Com um \u00e2ngulo de abertura de 180\u00b0, ela permite uma ampla abertura das portas, proporcionando maior comodidade no acesso aos ambientes.<\/p>\n<p>Fabricada pela renomada marca Merkel, voc\u00ea pode ter a certeza de estar adquirindo um produto de alta qualidade. Seu acabamento cromado confere um visual elegante e moderno, combinando perfeitamente com qualquer estilo de decora\u00e7\u00e3o.<\/p>\n<p>Feita em a\u00e7o resistente, essa dobradi\u00e7a \u00e9 ideal para portas leves, suportando at\u00e9 10 kg de peso. O kit cont\u00e9m 24 unidades, garantindo a quantidade necess\u00e1ria para a instala\u00e7\u00e3o. Com dimens\u00f5es compactas de 38 mm de comprimento e 37 mm de largura, ela se adapta facilmente a diferentes tipos de portas. N\u00e3o perca a oportunidade de adquirir a Dobradi\u00e7a Merkel 101 Polida 1.1\/2 C\/24 e transformar suas portas com praticidade e estilo.<\/p>\n","protected":false},"excerpt":{"rendered":"<p>A Dobradi\u00e7a Merkel 101 Polida 1.1\/2 C\/24 \u00e9 perfeita para quem busca qualidade e durabilidade. Com um \u00e2ngulo de abertura de 180\u00b0, ela permite uma ampla abertura das portas, proporcionando maior comodidade no acesso aos ambientes. Fabricada pela renomada marca Merkel, voc\u00ea pode ter a certeza de estar adquirindo um produto de alta qualidade. Seu [&hellip;]<\/p>\n","protected":false},"featured_media":4800,"comment_status":"open","ping_status":"closed","template":"","meta":{"_acf_changed":false,"site-sidebar-layout":"default","site-content-layout":"","ast-site-content-layout":"default","site-content-style":"default","site-sidebar-style":"default","ast-global-header-display":"","ast-banner-title-visibility":"","ast-main-header-display":"","ast-hfb-above-header-display":"","ast-hfb-below-header-display":"","ast-hfb-mobile-header-display":"","site-post-title":"","ast-breadcrumbs-content":"","ast-featured-img":"","footer-sml-layout":"","theme-transparent-header-meta":"default","adv-header-id-meta":"","stick-header-meta":"","header-above-stick-meta":"","header-main-stick-meta":"","header-below-stick-meta":"","astra-migrate-meta-layouts":"set","ast-page-background-enabled":"default","ast-page-background-meta":{"desktop":{"background-color":"","background-image":"","background-repeat":"repeat","background-position":"center center","background-size":"auto","background-attachment":"scroll","background-type":"","background-media":"","overlay-type":"","overlay-color":"","overlay-gradient":""},"tablet":{"background-color":"","background-image":"","background-repeat":"repeat","background-position":"center center","background-size":"auto","background-attachment":"scroll","background-type":"","background-media":"","overlay-type":"","overlay-color":"","overlay-gradient":""},"mobile":{"background-color":"","background-image":"","background-repeat":"repeat","background-position":"center center","background-size":"auto","background-attachment":"scroll","background-type":"","background-media":"","overlay-type":"","overlay-color":"","overlay-gradient":""}},"ast-content-background-meta":{"desktop":{"background-color":"var(--ast-global-color-5)","background-image":"","background-repeat":"repeat","background-position":"center center","background-size":"auto","background-attachment":"scroll","background-type":"","background-media":"","overlay-type":"","overlay-color":"","overlay-gradient":""},"tablet":{"background-color":"var(--ast-global-color-5)","background-image":"","background-repeat":"repeat","background-position":"center center","background-size":"auto","background-attachment":"scroll","background-type":"","background-media":"","overlay-type":"","overlay-color":"","overlay-gradient":""},"mobile":{"background-color":"var(--ast-global-color-5)","background-image":"","background-repeat":"repeat","background-position":"center center","background-size":"auto","background-attachment":"scroll","background-type":"","background-media":"","overlay-type":"","overlay-color":"","overlay-gradient":""}}},"product_cat":[91,90],"product_tag":[],"class_list":{"0":"post-4799","1":"product","2":"type-product","3":"status-publish","4":"has-post-thumbnail","6":"product_cat-dobradicas","7":"product_cat-ferragens","8":"desktop-align-left","9":"tablet-align-left","10":"mobile-align-left","12":"first","13":"instock","14":"sale","15":"shipping-taxable","16":"purchasable","17":"product-type-simple"},"acf":[],"yoast_head":"<!-- This site is optimized with the Yoast SEO plugin v22.3 - https:\/\/yoast.com\/wordpress\/plugins\/seo\/ -->\n<title>Dobradi\u00e7a 1.1\/2 38mm Caixa C\/ 24 P\u00e7 Polida Tipo 101<\/title>\n<meta name=\"description\" content=\"Dobradi\u00e7a 1.1\/2&quot; (38mm), caixa com 24 pe\u00e7as polidas do tipo 101. Refor\u00e7e a seguran\u00e7a e qualidade das suas portas com nossas dobradi\u00e7as dur\u00e1veis e confi\u00e1veis. Compat\u00edveis com uma variedade de aplica\u00e7\u00f5es, garantindo instala\u00e7\u00e3o f\u00e1cil e eficaz. Adquira agora e fortale\u00e7a seus projetos com qualidade superior!\" \/>\n<meta name=\"robots\" content=\"index, follow, max-snippet:-1, max-image-preview:large, max-video-preview:-1\" \/>\n<link rel=\"canonical\" href=\"https:\/\/www.isarodas.com.br\/isa\/store\/construcao\/ferragens\/dobradicas\/dobradica-1-1-2-38mm-caixa-c-24-pc-polida-tipo-101\/\" \/>\n<meta property=\"og:locale\" content=\"pt_BR\" \/>\n<meta property=\"og:type\" content=\"article\" \/>\n<meta property=\"og:title\" content=\"Dobradi\u00e7a 1.1\/2 38mm Caixa C\/ 24 P\u00e7 Polida Tipo 101\" \/>\n<meta property=\"og:description\" content=\"Dobradi\u00e7a 1.1\/2&quot; (38mm), caixa com 24 pe\u00e7as polidas do tipo 101. Refor\u00e7e a seguran\u00e7a e qualidade das suas portas com nossas dobradi\u00e7as dur\u00e1veis e confi\u00e1veis. Compat\u00edveis com uma variedade de aplica\u00e7\u00f5es, garantindo instala\u00e7\u00e3o f\u00e1cil e eficaz. Adquira agora e fortale\u00e7a seus projetos com qualidade superior!\" \/>\n<meta property=\"og:url\" content=\"https:\/\/www.isarodas.com.br\/isa\/store\/construcao\/ferragens\/dobradicas\/dobradica-1-1-2-38mm-caixa-c-24-pc-polida-tipo-101\/\" \/>\n<meta property=\"og:site_name\" content=\"Isarodas\" \/>\n<meta property=\"article:publisher\" content=\"https:\/\/www.facebook.com\/isarodasoficial\/\" \/>\n<meta property=\"og:image\" content=\"https:\/\/www.isarodas.com.br\/isa\/wp-content\/uploads\/2024\/04\/D_NQ_NP_2X_944877-MLU72536410516_102023-F.jpg\" \/>\n\t<meta property=\"og:image:width\" content=\"706\" \/>\n\t<meta property=\"og:image:height\" content=\"598\" \/>\n\t<meta property=\"og:image:type\" content=\"image\/jpeg\" \/>\n<meta name=\"twitter:card\" content=\"summary_large_image\" \/>\n<meta name=\"twitter:label1\" content=\"Est. tempo de leitura\" \/>\n\t<meta name=\"twitter:data1\" content=\"1 minuto\" \/>\n<script type=\"application\/ld+json\" class=\"yoast-schema-graph\">{\"@context\":\"https:\/\/schema.org\",\"@graph\":[{\"@type\":\"WebPage\",\"@id\":\"https:\/\/www.isarodas.com.br\/isa\/store\/construcao\/ferragens\/dobradicas\/dobradica-1-1-2-38mm-caixa-c-24-pc-polida-tipo-101\/\",\"url\":\"https:\/\/www.isarodas.com.br\/isa\/store\/construcao\/ferragens\/dobradicas\/dobradica-1-1-2-38mm-caixa-c-24-pc-polida-tipo-101\/\",\"name\":\"Dobradi\u00e7a 1.1\/2 38mm Caixa C\/ 24 P\u00e7 Polida Tipo 101\",\"isPartOf\":{\"@id\":\"https:\/\/www.isarodas.com.br\/isa\/#website\"},\"primaryImageOfPage\":{\"@id\":\"https:\/\/www.isarodas.com.br\/isa\/store\/construcao\/ferragens\/dobradicas\/dobradica-1-1-2-38mm-caixa-c-24-pc-polida-tipo-101\/#primaryimage\"},\"image\":{\"@id\":\"https:\/\/www.isarodas.com.br\/isa\/store\/construcao\/ferragens\/dobradicas\/dobradica-1-1-2-38mm-caixa-c-24-pc-polida-tipo-101\/#primaryimage\"},\"thumbnailUrl\":\"https:\/\/www.isarodas.com.br\/isa\/wp-content\/uploads\/2024\/04\/D_NQ_NP_2X_944877-MLU72536410516_102023-F.jpg\",\"datePublished\":\"2024-04-05T23:41:07+00:00\",\"dateModified\":\"2024-04-05T23:41:07+00:00\",\"description\":\"Dobradi\u00e7a 1.1\/2\\\" (38mm), caixa com 24 pe\u00e7as polidas do tipo 101. Refor\u00e7e a seguran\u00e7a e qualidade das suas portas com nossas dobradi\u00e7as dur\u00e1veis e confi\u00e1veis. Compat\u00edveis com uma variedade de aplica\u00e7\u00f5es, garantindo instala\u00e7\u00e3o f\u00e1cil e eficaz. Adquira agora e fortale\u00e7a seus projetos com qualidade superior!\",\"breadcrumb\":{\"@id\":\"https:\/\/www.isarodas.com.br\/isa\/store\/construcao\/ferragens\/dobradicas\/dobradica-1-1-2-38mm-caixa-c-24-pc-polida-tipo-101\/#breadcrumb\"},\"inLanguage\":\"pt-BR\",\"potentialAction\":[{\"@type\":\"ReadAction\",\"target\":[\"https:\/\/www.isarodas.com.br\/isa\/store\/construcao\/ferragens\/dobradicas\/dobradica-1-1-2-38mm-caixa-c-24-pc-polida-tipo-101\/\"]}]},{\"@type\":\"ImageObject\",\"inLanguage\":\"pt-BR\",\"@id\":\"https:\/\/www.isarodas.com.br\/isa\/store\/construcao\/ferragens\/dobradicas\/dobradica-1-1-2-38mm-caixa-c-24-pc-polida-tipo-101\/#primaryimage\",\"url\":\"https:\/\/www.isarodas.com.br\/isa\/wp-content\/uploads\/2024\/04\/D_NQ_NP_2X_944877-MLU72536410516_102023-F.jpg\",\"contentUrl\":\"https:\/\/www.isarodas.com.br\/isa\/wp-content\/uploads\/2024\/04\/D_NQ_NP_2X_944877-MLU72536410516_102023-F.jpg\",\"width\":706,\"height\":598},{\"@type\":\"BreadcrumbList\",\"@id\":\"https:\/\/www.isarodas.com.br\/isa\/store\/construcao\/ferragens\/dobradicas\/dobradica-1-1-2-38mm-caixa-c-24-pc-polida-tipo-101\/#breadcrumb\",\"itemListElement\":[{\"@type\":\"ListItem\",\"position\":1,\"name\":\"In\u00edcio\",\"item\":\"https:\/\/www.isarodas.com.br\/isa\/\"},{\"@type\":\"ListItem\",\"position\":2,\"name\":\"Store\",\"item\":\"https:\/\/www.isarodas.com.br\/isa\/store\/\"},{\"@type\":\"ListItem\",\"position\":3,\"name\":\"Dobradi\u00e7a 1.1\/2 38mm Caixa C\/ 24 P\u00e7 Polida Tipo 101\"}]},{\"@type\":\"WebSite\",\"@id\":\"https:\/\/www.isarodas.com.br\/isa\/#website\",\"url\":\"https:\/\/www.isarodas.com.br\/isa\/\",\"name\":\"Isarodas\",\"description\":\"Ecommerce isarodas\",\"publisher\":{\"@id\":\"https:\/\/www.isarodas.com.br\/isa\/#organization\"},\"potentialAction\":[{\"@type\":\"SearchAction\",\"target\":{\"@type\":\"EntryPoint\",\"urlTemplate\":\"https:\/\/www.isarodas.com.br\/isa\/?s={search_term_string}\"},\"query-input\":\"required name=search_term_string\"}],\"inLanguage\":\"pt-BR\"},{\"@type\":\"Organization\",\"@id\":\"https:\/\/www.isarodas.com.br\/isa\/#organization\",\"name\":\"Isarodas\",\"url\":\"https:\/\/www.isarodas.com.br\/isa\/\",\"logo\":{\"@type\":\"ImageObject\",\"inLanguage\":\"pt-BR\",\"@id\":\"https:\/\/www.isarodas.com.br\/isa\/#\/schema\/logo\/image\/\",\"url\":\"https:\/\/www.isarodas.com.br\/isa\/wp-content\/uploads\/2024\/03\/cropped-lgs-1.png\",\"contentUrl\":\"https:\/\/www.isarodas.com.br\/isa\/wp-content\/uploads\/2024\/03\/cropped-lgs-1.png\",\"width\":120,\"height\":119,\"caption\":\"Isarodas\"},\"image\":{\"@id\":\"https:\/\/www.isarodas.com.br\/isa\/#\/schema\/logo\/image\/\"},\"sameAs\":[\"https:\/\/www.facebook.com\/isarodasoficial\/\",\"https:\/\/www.youtube.com\/@isarodas9312\",\"https:\/\/www.instagram.com\/isarodasoficial\/\"]}]}<\/script>\n<!-- \/ Yoast SEO plugin. -->","yoast_head_json":{"title":"Dobradi\u00e7a 1.1\/2 38mm Caixa C\/ 24 P\u00e7 Polida Tipo 101","description":"Dobradi\u00e7a 1.1\/2\" (38mm), caixa com 24 pe\u00e7as polidas do tipo 101. Refor\u00e7e a seguran\u00e7a e qualidade das suas portas com nossas dobradi\u00e7as dur\u00e1veis e confi\u00e1veis. Compat\u00edveis com uma variedade de aplica\u00e7\u00f5es, garantindo instala\u00e7\u00e3o f\u00e1cil e eficaz. Adquira agora e fortale\u00e7a seus projetos com qualidade superior!","robots":{"index":"index","follow":"follow","max-snippet":"max-snippet:-1","max-image-preview":"max-image-preview:large","max-video-preview":"max-video-preview:-1"},"canonical":"https:\/\/www.isarodas.com.br\/isa\/store\/construcao\/ferragens\/dobradicas\/dobradica-1-1-2-38mm-caixa-c-24-pc-polida-tipo-101\/","og_locale":"pt_BR","og_type":"article","og_title":"Dobradi\u00e7a 1.1\/2 38mm Caixa C\/ 24 P\u00e7 Polida Tipo 101","og_description":"Dobradi\u00e7a 1.1\/2\" (38mm), caixa com 24 pe\u00e7as polidas do tipo 101. Refor\u00e7e a seguran\u00e7a e qualidade das suas portas com nossas dobradi\u00e7as dur\u00e1veis e confi\u00e1veis. Compat\u00edveis com uma variedade de aplica\u00e7\u00f5es, garantindo instala\u00e7\u00e3o f\u00e1cil e eficaz. Adquira agora e fortale\u00e7a seus projetos com qualidade superior!","og_url":"https:\/\/www.isarodas.com.br\/isa\/store\/construcao\/ferragens\/dobradicas\/dobradica-1-1-2-38mm-caixa-c-24-pc-polida-tipo-101\/","og_site_name":"Isarodas","article_publisher":"https:\/\/www.facebook.com\/isarodasoficial\/","og_image":[{"width":706,"height":598,"url":"https:\/\/www.isarodas.com.br\/isa\/wp-content\/uploads\/2024\/04\/D_NQ_NP_2X_944877-MLU72536410516_102023-F.jpg","type":"image\/jpeg"}],"twitter_card":"summary_large_image","twitter_misc":{"Est. tempo de leitura":"1 minuto"},"schema":{"@context":"https:\/\/schema.org","@graph":[{"@type":"WebPage","@id":"https:\/\/www.isarodas.com.br\/isa\/store\/construcao\/ferragens\/dobradicas\/dobradica-1-1-2-38mm-caixa-c-24-pc-polida-tipo-101\/","url":"https:\/\/www.isarodas.com.br\/isa\/store\/construcao\/ferragens\/dobradicas\/dobradica-1-1-2-38mm-caixa-c-24-pc-polida-tipo-101\/","name":"Dobradi\u00e7a 1.1\/2 38mm Caixa C\/ 24 P\u00e7 Polida Tipo 101","isPartOf":{"@id":"https:\/\/www.isarodas.com.br\/isa\/#website"},"primaryImageOfPage":{"@id":"https:\/\/www.isarodas.com.br\/isa\/store\/construcao\/ferragens\/dobradicas\/dobradica-1-1-2-38mm-caixa-c-24-pc-polida-tipo-101\/#primaryimage"},"image":{"@id":"https:\/\/www.isarodas.com.br\/isa\/store\/construcao\/ferragens\/dobradicas\/dobradica-1-1-2-38mm-caixa-c-24-pc-polida-tipo-101\/#primaryimage"},"thumbnailUrl":"https:\/\/www.isarodas.com.br\/isa\/wp-content\/uploads\/2024\/04\/D_NQ_NP_2X_944877-MLU72536410516_102023-F.jpg","datePublished":"2024-04-05T23:41:07+00:00","dateModified":"2024-04-05T23:41:07+00:00","description":"Dobradi\u00e7a 1.1\/2\" (38mm), caixa com 24 pe\u00e7as polidas do tipo 101. Refor\u00e7e a seguran\u00e7a e qualidade das suas portas com nossas dobradi\u00e7as dur\u00e1veis e confi\u00e1veis. Compat\u00edveis com uma variedade de aplica\u00e7\u00f5es, garantindo instala\u00e7\u00e3o f\u00e1cil e eficaz. Adquira agora e fortale\u00e7a seus projetos com qualidade superior!","breadcrumb":{"@id":"https:\/\/www.isarodas.com.br\/isa\/store\/construcao\/ferragens\/dobradicas\/dobradica-1-1-2-38mm-caixa-c-24-pc-polida-tipo-101\/#breadcrumb"},"inLanguage":"pt-BR","potentialAction":[{"@type":"ReadAction","target":["https:\/\/www.isarodas.com.br\/isa\/store\/construcao\/ferragens\/dobradicas\/dobradica-1-1-2-38mm-caixa-c-24-pc-polida-tipo-101\/"]}]},{"@type":"ImageObject","inLanguage":"pt-BR","@id":"https:\/\/www.isarodas.com.br\/isa\/store\/construcao\/ferragens\/dobradicas\/dobradica-1-1-2-38mm-caixa-c-24-pc-polida-tipo-101\/#primaryimage","url":"https:\/\/www.isarodas.com.br\/isa\/wp-content\/uploads\/2024\/04\/D_NQ_NP_2X_944877-MLU72536410516_102023-F.jpg","contentUrl":"https:\/\/www.isarodas.com.br\/isa\/wp-content\/uploads\/2024\/04\/D_NQ_NP_2X_944877-MLU72536410516_102023-F.jpg","width":706,"height":598},{"@type":"BreadcrumbList","@id":"https:\/\/www.isarodas.com.br\/isa\/store\/construcao\/ferragens\/dobradicas\/dobradica-1-1-2-38mm-caixa-c-24-pc-polida-tipo-101\/#breadcrumb","itemListElement":[{"@type":"ListItem","position":1,"name":"In\u00edcio","item":"https:\/\/www.isarodas.com.br\/isa\/"},{"@type":"ListItem","position":2,"name":"Store","item":"https:\/\/www.isarodas.com.br\/isa\/store\/"},{"@type":"ListItem","position":3,"name":"Dobradi\u00e7a 1.1\/2 38mm Caixa C\/ 24 P\u00e7 Polida Tipo 101"}]},{"@type":"WebSite","@id":"https:\/\/www.isarodas.com.br\/isa\/#website","url":"https:\/\/www.isarodas.com.br\/isa\/","name":"Isarodas","description":"Ecommerce isarodas","publisher":{"@id":"https:\/\/www.isarodas.com.br\/isa\/#organization"},"potentialAction":[{"@type":"SearchAction","target":{"@type":"EntryPoint","urlTemplate":"https:\/\/www.isarodas.com.br\/isa\/?s={search_term_string}"},"query-input":"required name=search_term_string"}],"inLanguage":"pt-BR"},{"@type":"Organization","@id":"https:\/\/www.isarodas.com.br\/isa\/#organization","name":"Isarodas","url":"https:\/\/www.isarodas.com.br\/isa\/","logo":{"@type":"ImageObject","inLanguage":"pt-BR","@id":"https:\/\/www.isarodas.com.br\/isa\/#\/schema\/logo\/image\/","url":"https:\/\/www.isarodas.com.br\/isa\/wp-content\/uploads\/2024\/03\/cropped-lgs-1.png","contentUrl":"https:\/\/www.isarodas.com.br\/isa\/wp-content\/uploads\/2024\/03\/cropped-lgs-1.png","width":120,"height":119,"caption":"Isarodas"},"image":{"@id":"https:\/\/www.isarodas.com.br\/isa\/#\/schema\/logo\/image\/"},"sameAs":["https:\/\/www.facebook.com\/isarodasoficial\/","https:\/\/www.youtube.com\/@isarodas9312","https:\/\/www.instagram.com\/isarodasoficial\/"]}]}},"_links":{"self":[{"href":"https:\/\/www.isarodas.com.br\/isa\/wp-json\/wp\/v2\/product\/4799","targetHints":{"allow":["GET"]}}],"collection":[{"href":"https:\/\/www.isarodas.com.br\/isa\/wp-json\/wp\/v2\/product"}],"about":[{"href":"https:\/\/www.isarodas.com.br\/isa\/wp-json\/wp\/v2\/types\/product"}],"replies":[{"embeddable":true,"href":"https:\/\/www.isarodas.com.br\/isa\/wp-json\/wp\/v2\/comments?post=4799"}],"version-history":[{"count":1,"href":"https:\/\/www.isarodas.com.br\/isa\/wp-json\/wp\/v2\/product\/4799\/revisions"}],"predecessor-version":[{"id":4802,"href":"https:\/\/www.isarodas.com.br\/isa\/wp-json\/wp\/v2\/product\/4799\/revisions\/4802"}],"wp:featuredmedia":[{"embeddable":true,"href":"https:\/\/www.isarodas.com.br\/isa\/wp-json\/wp\/v2\/media\/4800"}],"wp:attachment":[{"href":"https:\/\/www.isarodas.com.br\/isa\/wp-json\/wp\/v2\/media?parent=4799"}],"wp:term":[{"taxonomy":"product_cat","embeddable":true,"href":"https:\/\/www.isarodas.com.br\/isa\/wp-json\/wp\/v2\/product_cat?post=4799"},{"taxonomy":"product_tag","embeddable":true,"href":"https:\/\/www.isarodas.com.br\/isa\/wp-json\/wp\/v2\/product_tag?post=4799"}],"curies":[{"name":"wp","href":"https:\/\/api.w.org\/{rel}","templated":true}]}}