{"id":4775,"date":"2024-04-05T15:30:43","date_gmt":"2024-04-05T18:30:43","guid":{"rendered":"https:\/\/www.isarodas.com.br\/isa\/?post_type=product&#038;p=4775"},"modified":"2024-04-05T15:40:22","modified_gmt":"2024-04-05T18:40:22","slug":"carro-dino-transforma-robo","status":"publish","type":"product","link":"https:\/\/www.isarodas.com.br\/isa\/store\/brinquedos\/carro-dino-transforma-robo\/","title":{"rendered":"Carro Dinossauro Vira Rob\u00f4 Dino T-rex C\/ Luz Som Bate Volta"},"content":{"rendered":"<p>Transforme a divers\u00e3o com o Carro Dinossauro Vira Rob\u00f4 Dino T-rex! Este incr\u00edvel brinquedo \u00e9 mais do que um simples carro &#8211; ele se converte em um poderoso rob\u00f4 T-rex, levando a imagina\u00e7\u00e3o das crian\u00e7as a novas alturas. Com luzes vibrantes, sons realistas e movimentos din\u00e2micos, este brinquedo proporciona uma experi\u00eancia emocionante e interativa.<\/p>\n<p>Al\u00e9m disso, sua fun\u00e7\u00e3o de bate e volta adiciona uma dose extra de divers\u00e3o enquanto ele avan\u00e7a e retrocede com energia. Deixe seu pequeno explorador embarcar em uma aventura pr\u00e9-hist\u00f3rica cheia de a\u00e7\u00e3o com o Carro Dinossauro Vira Rob\u00f4 Dino T-rex!<\/p>\n<p>Descri\u00e7\u00e3o:<br \/>\nNome do item: Carro de corrida el\u00e9trico do dinossauro da deforma\u00e7\u00e3o<br \/>\nArtigo NO .: HG-788<br \/>\nMaterial: ABS<br \/>\nPeso: cerca de 332g<br \/>\nTamanho do produto: cerca de 22 * 10.5 * 17 cm<br \/>\nCor Caixa Tamanho: Cerca de 21 * 11 * 9 CM<br \/>\nLuz: inclu\u00eddo<br \/>\nMusic Motor: Inclu\u00eddo<br \/>\nBateria Requisito: 3 pe\u00e7as AA Baterias (adquira separadamente)<br \/>\nEmbalagem: Cor Caixa<br \/>\nG\u00eanero: Meninos e Meninas<br \/>\nCaracter\u00edstica:<br \/>\n100% Novo.<br \/>\nAdequado para presente, anima\u00e7\u00e3o, decora\u00e7\u00e3o.<br \/>\nArtesanato realista e excelente acabamento.<\/p>\n<p>DICAS DE COMPRA:<br \/>\nLeia todo o anuncio antes de comprar.<br \/>\nTire todas as d\u00favidas atrav\u00e9s do campo de perguntas, abaixo.<br \/>\nAntes de comprar, verifique se todos os seus dados est\u00e3o corretos, inclusive o endere\u00e7o.<\/p>\n<p>PRAZO DE ENVIO<br \/>\nA postagem ser\u00e1 realizada em um prazo de 24 \u00e0 48 horas \u00fateis ap\u00f3s a confirma\u00e7\u00e3o do pagamento.<\/p>\n<p>ATENDIMENTO<br \/>\nCaso tenha d\u00favidas, utilize o campo de perguntas, estamos \u00e1 disposi\u00e7\u00e3o para responde-las.<br \/>\nCaso tenha algum problema com o seu produto, utilize o chat de atendimento que encontra-se no seu pedido. Vamos resolv\u00ea-lo o mais breve poss\u00edvel.<\/p>\n","protected":false},"excerpt":{"rendered":"<p>Transforme a divers\u00e3o com o Carro Dinossauro Vira Rob\u00f4 Dino T-rex! Este incr\u00edvel brinquedo \u00e9 mais do que um simples carro &#8211; ele se converte em um poderoso rob\u00f4 T-rex, levando a imagina\u00e7\u00e3o das crian\u00e7as a novas alturas. Com luzes vibrantes, sons realistas e movimentos din\u00e2micos, este brinquedo proporciona uma experi\u00eancia emocionante e interativa. Al\u00e9m [&hellip;]<\/p>\n","protected":false},"featured_media":4776,"comment_status":"open","ping_status":"closed","template":"","meta":{"_acf_changed":false,"site-sidebar-layout":"default","site-content-layout":"","ast-site-content-layout":"default","site-content-style":"default","site-sidebar-style":"default","ast-global-header-display":"","ast-banner-title-visibility":"","ast-main-header-display":"","ast-hfb-above-header-display":"","ast-hfb-below-header-display":"","ast-hfb-mobile-header-display":"","site-post-title":"","ast-breadcrumbs-content":"","ast-featured-img":"","footer-sml-layout":"","theme-transparent-header-meta":"default","adv-header-id-meta":"","stick-header-meta":"","header-above-stick-meta":"","header-main-stick-meta":"","header-below-stick-meta":"","astra-migrate-meta-layouts":"set","ast-page-background-enabled":"default","ast-page-background-meta":{"desktop":{"background-color":"","background-image":"","background-repeat":"repeat","background-position":"center center","background-size":"auto","background-attachment":"scroll","background-type":"","background-media":"","overlay-type":"","overlay-color":"","overlay-gradient":""},"tablet":{"background-color":"","background-image":"","background-repeat":"repeat","background-position":"center center","background-size":"auto","background-attachment":"scroll","background-type":"","background-media":"","overlay-type":"","overlay-color":"","overlay-gradient":""},"mobile":{"background-color":"","background-image":"","background-repeat":"repeat","background-position":"center center","background-size":"auto","background-attachment":"scroll","background-type":"","background-media":"","overlay-type":"","overlay-color":"","overlay-gradient":""}},"ast-content-background-meta":{"desktop":{"background-color":"var(--ast-global-color-5)","background-image":"","background-repeat":"repeat","background-position":"center center","background-size":"auto","background-attachment":"scroll","background-type":"","background-media":"","overlay-type":"","overlay-color":"","overlay-gradient":""},"tablet":{"background-color":"var(--ast-global-color-5)","background-image":"","background-repeat":"repeat","background-position":"center center","background-size":"auto","background-attachment":"scroll","background-type":"","background-media":"","overlay-type":"","overlay-color":"","overlay-gradient":""},"mobile":{"background-color":"var(--ast-global-color-5)","background-image":"","background-repeat":"repeat","background-position":"center center","background-size":"auto","background-attachment":"scroll","background-type":"","background-media":"","overlay-type":"","overlay-color":"","overlay-gradient":""}}},"product_cat":[58],"product_tag":[],"class_list":{"0":"post-4775","1":"product","2":"type-product","3":"status-publish","4":"has-post-thumbnail","6":"product_cat-brinquedos","7":"desktop-align-left","8":"tablet-align-left","9":"mobile-align-left","11":"first","12":"instock","13":"sale","14":"shipping-taxable","15":"purchasable","16":"product-type-variable"},"acf":[],"yoast_head":"<!-- This site is optimized with the Yoast SEO plugin v22.3 - https:\/\/yoast.com\/wordpress\/plugins\/seo\/ -->\n<title>Carro Dinossauro Vira Rob\u00f4 Dino T-rex C\/ Luz Som Bate Volta<\/title>\n<meta name=\"description\" content=\"Desperte a imagina\u00e7\u00e3o das crian\u00e7as com o Carro Dinossauro Vira Rob\u00f4 Dino T-rex. Este brinquedo interativo oferece luzes, som e movimento, proporcionando horas de divers\u00e3o emocionante. Transforme a brincadeira com este incr\u00edvel carro que se converte em um poderoso rob\u00f4 T-rex. Ideal para crian\u00e7as que adoram aventuras pr\u00e9-hist\u00f3ricas!\" \/>\n<meta name=\"robots\" content=\"index, follow, max-snippet:-1, max-image-preview:large, max-video-preview:-1\" \/>\n<link rel=\"canonical\" href=\"https:\/\/www.isarodas.com.br\/isa\/store\/brinquedos\/carro-dino-transforma-robo\/\" \/>\n<meta property=\"og:locale\" content=\"pt_BR\" \/>\n<meta property=\"og:type\" content=\"article\" \/>\n<meta property=\"og:title\" content=\"Carro Dinossauro Vira Rob\u00f4 Dino T-rex C\/ Luz Som Bate Volta\" \/>\n<meta property=\"og:description\" content=\"Desperte a imagina\u00e7\u00e3o das crian\u00e7as com o Carro Dinossauro Vira Rob\u00f4 Dino T-rex. Este brinquedo interativo oferece luzes, som e movimento, proporcionando horas de divers\u00e3o emocionante. Transforme a brincadeira com este incr\u00edvel carro que se converte em um poderoso rob\u00f4 T-rex. Ideal para crian\u00e7as que adoram aventuras pr\u00e9-hist\u00f3ricas!\" \/>\n<meta property=\"og:url\" content=\"https:\/\/www.isarodas.com.br\/isa\/store\/brinquedos\/carro-dino-transforma-robo\/\" \/>\n<meta property=\"og:site_name\" content=\"Isarodas\" \/>\n<meta property=\"article:publisher\" content=\"https:\/\/www.facebook.com\/isarodasoficial\/\" \/>\n<meta property=\"article:modified_time\" content=\"2024-04-05T18:40:22+00:00\" \/>\n<meta property=\"og:image\" content=\"https:\/\/www.isarodas.com.br\/isa\/wp-content\/uploads\/2024\/04\/D_NQ_NP_2X_915317-MLB41904172013_052020-F.jpg\" \/>\n\t<meta property=\"og:image:width\" content=\"1155\" \/>\n\t<meta property=\"og:image:height\" content=\"1200\" \/>\n\t<meta property=\"og:image:type\" content=\"image\/jpeg\" \/>\n<meta name=\"twitter:card\" content=\"summary_large_image\" \/>\n<meta name=\"twitter:label1\" content=\"Est. tempo de leitura\" \/>\n\t<meta name=\"twitter:data1\" content=\"2 minutos\" \/>\n<script type=\"application\/ld+json\" class=\"yoast-schema-graph\">{\"@context\":\"https:\/\/schema.org\",\"@graph\":[{\"@type\":\"WebPage\",\"@id\":\"https:\/\/www.isarodas.com.br\/isa\/store\/brinquedos\/carro-dino-transforma-robo\/\",\"url\":\"https:\/\/www.isarodas.com.br\/isa\/store\/brinquedos\/carro-dino-transforma-robo\/\",\"name\":\"Carro Dinossauro Vira Rob\u00f4 Dino T-rex C\/ Luz Som Bate Volta\",\"isPartOf\":{\"@id\":\"https:\/\/www.isarodas.com.br\/isa\/#website\"},\"primaryImageOfPage\":{\"@id\":\"https:\/\/www.isarodas.com.br\/isa\/store\/brinquedos\/carro-dino-transforma-robo\/#primaryimage\"},\"image\":{\"@id\":\"https:\/\/www.isarodas.com.br\/isa\/store\/brinquedos\/carro-dino-transforma-robo\/#primaryimage\"},\"thumbnailUrl\":\"https:\/\/www.isarodas.com.br\/isa\/wp-content\/uploads\/2024\/04\/D_NQ_NP_2X_915317-MLB41904172013_052020-F.jpg\",\"datePublished\":\"2024-04-05T18:30:43+00:00\",\"dateModified\":\"2024-04-05T18:40:22+00:00\",\"description\":\"Desperte a imagina\u00e7\u00e3o das crian\u00e7as com o Carro Dinossauro Vira Rob\u00f4 Dino T-rex. Este brinquedo interativo oferece luzes, som e movimento, proporcionando horas de divers\u00e3o emocionante. Transforme a brincadeira com este incr\u00edvel carro que se converte em um poderoso rob\u00f4 T-rex. Ideal para crian\u00e7as que adoram aventuras pr\u00e9-hist\u00f3ricas!\",\"breadcrumb\":{\"@id\":\"https:\/\/www.isarodas.com.br\/isa\/store\/brinquedos\/carro-dino-transforma-robo\/#breadcrumb\"},\"inLanguage\":\"pt-BR\",\"potentialAction\":[{\"@type\":\"ReadAction\",\"target\":[\"https:\/\/www.isarodas.com.br\/isa\/store\/brinquedos\/carro-dino-transforma-robo\/\"]}]},{\"@type\":\"ImageObject\",\"inLanguage\":\"pt-BR\",\"@id\":\"https:\/\/www.isarodas.com.br\/isa\/store\/brinquedos\/carro-dino-transforma-robo\/#primaryimage\",\"url\":\"https:\/\/www.isarodas.com.br\/isa\/wp-content\/uploads\/2024\/04\/D_NQ_NP_2X_915317-MLB41904172013_052020-F.jpg\",\"contentUrl\":\"https:\/\/www.isarodas.com.br\/isa\/wp-content\/uploads\/2024\/04\/D_NQ_NP_2X_915317-MLB41904172013_052020-F.jpg\",\"width\":1155,\"height\":1200},{\"@type\":\"BreadcrumbList\",\"@id\":\"https:\/\/www.isarodas.com.br\/isa\/store\/brinquedos\/carro-dino-transforma-robo\/#breadcrumb\",\"itemListElement\":[{\"@type\":\"ListItem\",\"position\":1,\"name\":\"In\u00edcio\",\"item\":\"https:\/\/www.isarodas.com.br\/isa\/\"},{\"@type\":\"ListItem\",\"position\":2,\"name\":\"Store\",\"item\":\"https:\/\/www.isarodas.com.br\/isa\/store\/\"},{\"@type\":\"ListItem\",\"position\":3,\"name\":\"Carro Dinossauro Vira Rob\u00f4 Dino T-rex C\/ Luz Som Bate Volta\"}]},{\"@type\":\"WebSite\",\"@id\":\"https:\/\/www.isarodas.com.br\/isa\/#website\",\"url\":\"https:\/\/www.isarodas.com.br\/isa\/\",\"name\":\"Isarodas\",\"description\":\"Ecommerce isarodas\",\"publisher\":{\"@id\":\"https:\/\/www.isarodas.com.br\/isa\/#organization\"},\"potentialAction\":[{\"@type\":\"SearchAction\",\"target\":{\"@type\":\"EntryPoint\",\"urlTemplate\":\"https:\/\/www.isarodas.com.br\/isa\/?s={search_term_string}\"},\"query-input\":\"required name=search_term_string\"}],\"inLanguage\":\"pt-BR\"},{\"@type\":\"Organization\",\"@id\":\"https:\/\/www.isarodas.com.br\/isa\/#organization\",\"name\":\"Isarodas\",\"url\":\"https:\/\/www.isarodas.com.br\/isa\/\",\"logo\":{\"@type\":\"ImageObject\",\"inLanguage\":\"pt-BR\",\"@id\":\"https:\/\/www.isarodas.com.br\/isa\/#\/schema\/logo\/image\/\",\"url\":\"https:\/\/www.isarodas.com.br\/isa\/wp-content\/uploads\/2024\/03\/cropped-lgs-1.png\",\"contentUrl\":\"https:\/\/www.isarodas.com.br\/isa\/wp-content\/uploads\/2024\/03\/cropped-lgs-1.png\",\"width\":120,\"height\":119,\"caption\":\"Isarodas\"},\"image\":{\"@id\":\"https:\/\/www.isarodas.com.br\/isa\/#\/schema\/logo\/image\/\"},\"sameAs\":[\"https:\/\/www.facebook.com\/isarodasoficial\/\",\"https:\/\/www.youtube.com\/@isarodas9312\",\"https:\/\/www.instagram.com\/isarodasoficial\/\"]}]}<\/script>\n<!-- \/ Yoast SEO plugin. -->","yoast_head_json":{"title":"Carro Dinossauro Vira Rob\u00f4 Dino T-rex C\/ Luz Som Bate Volta","description":"Desperte a imagina\u00e7\u00e3o das crian\u00e7as com o Carro Dinossauro Vira Rob\u00f4 Dino T-rex. Este brinquedo interativo oferece luzes, som e movimento, proporcionando horas de divers\u00e3o emocionante. Transforme a brincadeira com este incr\u00edvel carro que se converte em um poderoso rob\u00f4 T-rex. Ideal para crian\u00e7as que adoram aventuras pr\u00e9-hist\u00f3ricas!","robots":{"index":"index","follow":"follow","max-snippet":"max-snippet:-1","max-image-preview":"max-image-preview:large","max-video-preview":"max-video-preview:-1"},"canonical":"https:\/\/www.isarodas.com.br\/isa\/store\/brinquedos\/carro-dino-transforma-robo\/","og_locale":"pt_BR","og_type":"article","og_title":"Carro Dinossauro Vira Rob\u00f4 Dino T-rex C\/ Luz Som Bate Volta","og_description":"Desperte a imagina\u00e7\u00e3o das crian\u00e7as com o Carro Dinossauro Vira Rob\u00f4 Dino T-rex. Este brinquedo interativo oferece luzes, som e movimento, proporcionando horas de divers\u00e3o emocionante. Transforme a brincadeira com este incr\u00edvel carro que se converte em um poderoso rob\u00f4 T-rex. Ideal para crian\u00e7as que adoram aventuras pr\u00e9-hist\u00f3ricas!","og_url":"https:\/\/www.isarodas.com.br\/isa\/store\/brinquedos\/carro-dino-transforma-robo\/","og_site_name":"Isarodas","article_publisher":"https:\/\/www.facebook.com\/isarodasoficial\/","article_modified_time":"2024-04-05T18:40:22+00:00","og_image":[{"width":1155,"height":1200,"url":"https:\/\/www.isarodas.com.br\/isa\/wp-content\/uploads\/2024\/04\/D_NQ_NP_2X_915317-MLB41904172013_052020-F.jpg","type":"image\/jpeg"}],"twitter_card":"summary_large_image","twitter_misc":{"Est. tempo de leitura":"2 minutos"},"schema":{"@context":"https:\/\/schema.org","@graph":[{"@type":"WebPage","@id":"https:\/\/www.isarodas.com.br\/isa\/store\/brinquedos\/carro-dino-transforma-robo\/","url":"https:\/\/www.isarodas.com.br\/isa\/store\/brinquedos\/carro-dino-transforma-robo\/","name":"Carro Dinossauro Vira Rob\u00f4 Dino T-rex C\/ Luz Som Bate Volta","isPartOf":{"@id":"https:\/\/www.isarodas.com.br\/isa\/#website"},"primaryImageOfPage":{"@id":"https:\/\/www.isarodas.com.br\/isa\/store\/brinquedos\/carro-dino-transforma-robo\/#primaryimage"},"image":{"@id":"https:\/\/www.isarodas.com.br\/isa\/store\/brinquedos\/carro-dino-transforma-robo\/#primaryimage"},"thumbnailUrl":"https:\/\/www.isarodas.com.br\/isa\/wp-content\/uploads\/2024\/04\/D_NQ_NP_2X_915317-MLB41904172013_052020-F.jpg","datePublished":"2024-04-05T18:30:43+00:00","dateModified":"2024-04-05T18:40:22+00:00","description":"Desperte a imagina\u00e7\u00e3o das crian\u00e7as com o Carro Dinossauro Vira Rob\u00f4 Dino T-rex. Este brinquedo interativo oferece luzes, som e movimento, proporcionando horas de divers\u00e3o emocionante. Transforme a brincadeira com este incr\u00edvel carro que se converte em um poderoso rob\u00f4 T-rex. Ideal para crian\u00e7as que adoram aventuras pr\u00e9-hist\u00f3ricas!","breadcrumb":{"@id":"https:\/\/www.isarodas.com.br\/isa\/store\/brinquedos\/carro-dino-transforma-robo\/#breadcrumb"},"inLanguage":"pt-BR","potentialAction":[{"@type":"ReadAction","target":["https:\/\/www.isarodas.com.br\/isa\/store\/brinquedos\/carro-dino-transforma-robo\/"]}]},{"@type":"ImageObject","inLanguage":"pt-BR","@id":"https:\/\/www.isarodas.com.br\/isa\/store\/brinquedos\/carro-dino-transforma-robo\/#primaryimage","url":"https:\/\/www.isarodas.com.br\/isa\/wp-content\/uploads\/2024\/04\/D_NQ_NP_2X_915317-MLB41904172013_052020-F.jpg","contentUrl":"https:\/\/www.isarodas.com.br\/isa\/wp-content\/uploads\/2024\/04\/D_NQ_NP_2X_915317-MLB41904172013_052020-F.jpg","width":1155,"height":1200},{"@type":"BreadcrumbList","@id":"https:\/\/www.isarodas.com.br\/isa\/store\/brinquedos\/carro-dino-transforma-robo\/#breadcrumb","itemListElement":[{"@type":"ListItem","position":1,"name":"In\u00edcio","item":"https:\/\/www.isarodas.com.br\/isa\/"},{"@type":"ListItem","position":2,"name":"Store","item":"https:\/\/www.isarodas.com.br\/isa\/store\/"},{"@type":"ListItem","position":3,"name":"Carro Dinossauro Vira Rob\u00f4 Dino T-rex C\/ Luz Som Bate Volta"}]},{"@type":"WebSite","@id":"https:\/\/www.isarodas.com.br\/isa\/#website","url":"https:\/\/www.isarodas.com.br\/isa\/","name":"Isarodas","description":"Ecommerce isarodas","publisher":{"@id":"https:\/\/www.isarodas.com.br\/isa\/#organization"},"potentialAction":[{"@type":"SearchAction","target":{"@type":"EntryPoint","urlTemplate":"https:\/\/www.isarodas.com.br\/isa\/?s={search_term_string}"},"query-input":"required name=search_term_string"}],"inLanguage":"pt-BR"},{"@type":"Organization","@id":"https:\/\/www.isarodas.com.br\/isa\/#organization","name":"Isarodas","url":"https:\/\/www.isarodas.com.br\/isa\/","logo":{"@type":"ImageObject","inLanguage":"pt-BR","@id":"https:\/\/www.isarodas.com.br\/isa\/#\/schema\/logo\/image\/","url":"https:\/\/www.isarodas.com.br\/isa\/wp-content\/uploads\/2024\/03\/cropped-lgs-1.png","contentUrl":"https:\/\/www.isarodas.com.br\/isa\/wp-content\/uploads\/2024\/03\/cropped-lgs-1.png","width":120,"height":119,"caption":"Isarodas"},"image":{"@id":"https:\/\/www.isarodas.com.br\/isa\/#\/schema\/logo\/image\/"},"sameAs":["https:\/\/www.facebook.com\/isarodasoficial\/","https:\/\/www.youtube.com\/@isarodas9312","https:\/\/www.instagram.com\/isarodasoficial\/"]}]}},"_links":{"self":[{"href":"https:\/\/www.isarodas.com.br\/isa\/wp-json\/wp\/v2\/product\/4775","targetHints":{"allow":["GET"]}}],"collection":[{"href":"https:\/\/www.isarodas.com.br\/isa\/wp-json\/wp\/v2\/product"}],"about":[{"href":"https:\/\/www.isarodas.com.br\/isa\/wp-json\/wp\/v2\/types\/product"}],"replies":[{"embeddable":true,"href":"https:\/\/www.isarodas.com.br\/isa\/wp-json\/wp\/v2\/comments?post=4775"}],"version-history":[{"count":2,"href":"https:\/\/www.isarodas.com.br\/isa\/wp-json\/wp\/v2\/product\/4775\/revisions"}],"predecessor-version":[{"id":4786,"href":"https:\/\/www.isarodas.com.br\/isa\/wp-json\/wp\/v2\/product\/4775\/revisions\/4786"}],"wp:featuredmedia":[{"embeddable":true,"href":"https:\/\/www.isarodas.com.br\/isa\/wp-json\/wp\/v2\/media\/4776"}],"wp:attachment":[{"href":"https:\/\/www.isarodas.com.br\/isa\/wp-json\/wp\/v2\/media?parent=4775"}],"wp:term":[{"taxonomy":"product_cat","embeddable":true,"href":"https:\/\/www.isarodas.com.br\/isa\/wp-json\/wp\/v2\/product_cat?post=4775"},{"taxonomy":"product_tag","embeddable":true,"href":"https:\/\/www.isarodas.com.br\/isa\/wp-json\/wp\/v2\/product_tag?post=4775"}],"curies":[{"name":"wp","href":"https:\/\/api.w.org\/{rel}","templated":true}]}}