{"id":4759,"date":"2024-04-05T14:58:07","date_gmt":"2024-04-05T17:58:07","guid":{"rendered":"https:\/\/www.isarodas.com.br\/isa\/?post_type=product&#038;p=4759"},"modified":"2024-04-05T14:58:07","modified_gmt":"2024-04-05T17:58:07","slug":"kit-10-rolos-fita-isolante-5-metros-3m-imperial","status":"publish","type":"product","link":"https:\/\/www.isarodas.com.br\/isa\/store\/utilidades\/fitas\/kit-10-rolos-fita-isolante-5-metros-3m-imperial\/","title":{"rendered":"Kit 10 Rolos Fita Isolante 5 Metros &#8211; 3m Imperial"},"content":{"rendered":"<p>Prepare-se para qualquer projeto el\u00e9trico com o Kit de 10 Rolos de Fita Isolante 5 Metros da 3M Imperial. Esta fita isolante \u00e9 projetada para fornecer isolamento seguro e confi\u00e1vel em fia\u00e7\u00f5es el\u00e9tricas, garantindo prote\u00e7\u00e3o contra curtos-circuitos e vazamentos de corrente. Com 10 rolos de 5 metros cada, este kit oferece uma quantidade generosa de fita para uma variedade de aplica\u00e7\u00f5es.<\/p>\n<p>A fita possui ader\u00eancia dur\u00e1vel e resistente a altas temperaturas, tornando-a ideal para uso em ambientes industriais ou dom\u00e9sticos. Mantenha-se preparado para qualquer reparo ou instala\u00e7\u00e3o el\u00e9trica com o Kit de 10 Rolos de Fita Isolante 5 Metros da 3M Imperial.<\/p>\n<p>Indicada para uso geral, a Fita Isolante 3M\u2122 Imperial\u00ae possui boa flexibilidade e conformabilidade. Ela \u00e9 f\u00e1cil de aplicar e manusear e \u00e9 resistente a raios ultravioletas, garantindo bons resultados.<\/p>\n<p>&#8211; Conte\u00fado da Embalagem: 1 Rolo de Fita Isolante Imperial<br \/>\n&#8211; Tamanho: 18mm x 5m<br \/>\n&#8211; Boa flexibilidade e conformabilidade<br \/>\n&#8211; Resistente a raios ultravioletas<br \/>\n&#8211; F\u00e1cil de aplicar e manusear<br \/>\n&#8211; Reduz a vunerabilidade<br \/>\n&#8211; Retardante a chama<br \/>\n&#8211; Boa isola\u00e7\u00e3o el\u00e9trica<br \/>\n&#8211; Temperatura M\u00e1xima de Opera\u00e7\u00e3o 90\u00baC<\/p>\n<p>Kit com 10 rolos<\/p>\n","protected":false},"excerpt":{"rendered":"<p>Prepare-se para qualquer projeto el\u00e9trico com o Kit de 10 Rolos de Fita Isolante 5 Metros da 3M Imperial. Esta fita isolante \u00e9 projetada para fornecer isolamento seguro e confi\u00e1vel em fia\u00e7\u00f5es el\u00e9tricas, garantindo prote\u00e7\u00e3o contra curtos-circuitos e vazamentos de corrente. Com 10 rolos de 5 metros cada, este kit oferece uma quantidade generosa de [&hellip;]<\/p>\n","protected":false},"featured_media":4761,"comment_status":"open","ping_status":"closed","template":"","meta":{"_acf_changed":false,"site-sidebar-layout":"default","site-content-layout":"","ast-site-content-layout":"default","site-content-style":"default","site-sidebar-style":"default","ast-global-header-display":"","ast-banner-title-visibility":"","ast-main-header-display":"","ast-hfb-above-header-display":"","ast-hfb-below-header-display":"","ast-hfb-mobile-header-display":"","site-post-title":"","ast-breadcrumbs-content":"","ast-featured-img":"","footer-sml-layout":"","theme-transparent-header-meta":"default","adv-header-id-meta":"","stick-header-meta":"","header-above-stick-meta":"","header-main-stick-meta":"","header-below-stick-meta":"","astra-migrate-meta-layouts":"set","ast-page-background-enabled":"default","ast-page-background-meta":{"desktop":{"background-color":"","background-image":"","background-repeat":"repeat","background-position":"center center","background-size":"auto","background-attachment":"scroll","background-type":"","background-media":"","overlay-type":"","overlay-color":"","overlay-gradient":""},"tablet":{"background-color":"","background-image":"","background-repeat":"repeat","background-position":"center center","background-size":"auto","background-attachment":"scroll","background-type":"","background-media":"","overlay-type":"","overlay-color":"","overlay-gradient":""},"mobile":{"background-color":"","background-image":"","background-repeat":"repeat","background-position":"center center","background-size":"auto","background-attachment":"scroll","background-type":"","background-media":"","overlay-type":"","overlay-color":"","overlay-gradient":""}},"ast-content-background-meta":{"desktop":{"background-color":"var(--ast-global-color-5)","background-image":"","background-repeat":"repeat","background-position":"center center","background-size":"auto","background-attachment":"scroll","background-type":"","background-media":"","overlay-type":"","overlay-color":"","overlay-gradient":""},"tablet":{"background-color":"var(--ast-global-color-5)","background-image":"","background-repeat":"repeat","background-position":"center center","background-size":"auto","background-attachment":"scroll","background-type":"","background-media":"","overlay-type":"","overlay-color":"","overlay-gradient":""},"mobile":{"background-color":"var(--ast-global-color-5)","background-image":"","background-repeat":"repeat","background-position":"center center","background-size":"auto","background-attachment":"scroll","background-type":"","background-media":"","overlay-type":"","overlay-color":"","overlay-gradient":""}}},"product_cat":[88],"product_tag":[],"class_list":{"0":"post-4759","1":"product","2":"type-product","3":"status-publish","4":"has-post-thumbnail","6":"product_cat-fitas","7":"desktop-align-left","8":"tablet-align-left","9":"mobile-align-left","11":"first","12":"instock","13":"sale","14":"shipping-taxable","15":"purchasable","16":"product-type-simple"},"acf":[],"yoast_head":"<!-- This site is optimized with the Yoast SEO plugin v22.3 - https:\/\/yoast.com\/wordpress\/plugins\/seo\/ -->\n<title>Kit 10 Rolos Fita Isolante 5 Metros - 3m Imperial<\/title>\n<meta name=\"description\" content=\"Prepare-se para projetos el\u00e9tricos com seguran\u00e7a usando o Kit de 10 Rolos de Fita Isolante 5 Metros da 3M Imperial. Com ader\u00eancia dur\u00e1vel e resist\u00eancia a altas temperaturas, este kit oferece prote\u00e7\u00e3o confi\u00e1vel para fia\u00e7\u00f5es el\u00e9tricas em ambientes industriais ou dom\u00e9sticos. Mantenha-se preparado para qualquer reparo ou instala\u00e7\u00e3o el\u00e9trica com este conjunto completo de fita isolante\" \/>\n<meta name=\"robots\" content=\"index, follow, max-snippet:-1, max-image-preview:large, max-video-preview:-1\" \/>\n<link rel=\"canonical\" href=\"https:\/\/www.isarodas.com.br\/isa\/store\/utilidades\/fitas\/kit-10-rolos-fita-isolante-5-metros-3m-imperial\/\" \/>\n<meta property=\"og:locale\" content=\"pt_BR\" \/>\n<meta property=\"og:type\" content=\"article\" \/>\n<meta property=\"og:title\" content=\"Kit 10 Rolos Fita Isolante 5 Metros - 3m Imperial\" \/>\n<meta property=\"og:description\" content=\"Prepare-se para projetos el\u00e9tricos com seguran\u00e7a usando o Kit de 10 Rolos de Fita Isolante 5 Metros da 3M Imperial. Com ader\u00eancia dur\u00e1vel e resist\u00eancia a altas temperaturas, este kit oferece prote\u00e7\u00e3o confi\u00e1vel para fia\u00e7\u00f5es el\u00e9tricas em ambientes industriais ou dom\u00e9sticos. Mantenha-se preparado para qualquer reparo ou instala\u00e7\u00e3o el\u00e9trica com este conjunto completo de fita isolante\" \/>\n<meta property=\"og:url\" content=\"https:\/\/www.isarodas.com.br\/isa\/store\/utilidades\/fitas\/kit-10-rolos-fita-isolante-5-metros-3m-imperial\/\" \/>\n<meta property=\"og:site_name\" content=\"Isarodas\" \/>\n<meta property=\"article:publisher\" content=\"https:\/\/www.facebook.com\/isarodasoficial\/\" \/>\n<meta property=\"og:image\" content=\"https:\/\/www.isarodas.com.br\/isa\/wp-content\/uploads\/2024\/04\/D_NQ_NP_2X_831825-MLB42635041108_072020-F.jpg\" \/>\n\t<meta property=\"og:image:width\" content=\"1196\" \/>\n\t<meta property=\"og:image:height\" content=\"1115\" \/>\n\t<meta property=\"og:image:type\" content=\"image\/jpeg\" \/>\n<meta name=\"twitter:card\" content=\"summary_large_image\" \/>\n<meta name=\"twitter:label1\" content=\"Est. tempo de leitura\" \/>\n\t<meta name=\"twitter:data1\" content=\"2 minutos\" \/>\n<script type=\"application\/ld+json\" class=\"yoast-schema-graph\">{\"@context\":\"https:\/\/schema.org\",\"@graph\":[{\"@type\":\"WebPage\",\"@id\":\"https:\/\/www.isarodas.com.br\/isa\/store\/utilidades\/fitas\/kit-10-rolos-fita-isolante-5-metros-3m-imperial\/\",\"url\":\"https:\/\/www.isarodas.com.br\/isa\/store\/utilidades\/fitas\/kit-10-rolos-fita-isolante-5-metros-3m-imperial\/\",\"name\":\"Kit 10 Rolos Fita Isolante 5 Metros - 3m Imperial\",\"isPartOf\":{\"@id\":\"https:\/\/www.isarodas.com.br\/isa\/#website\"},\"primaryImageOfPage\":{\"@id\":\"https:\/\/www.isarodas.com.br\/isa\/store\/utilidades\/fitas\/kit-10-rolos-fita-isolante-5-metros-3m-imperial\/#primaryimage\"},\"image\":{\"@id\":\"https:\/\/www.isarodas.com.br\/isa\/store\/utilidades\/fitas\/kit-10-rolos-fita-isolante-5-metros-3m-imperial\/#primaryimage\"},\"thumbnailUrl\":\"https:\/\/www.isarodas.com.br\/isa\/wp-content\/uploads\/2024\/04\/D_NQ_NP_2X_831825-MLB42635041108_072020-F.jpg\",\"datePublished\":\"2024-04-05T17:58:07+00:00\",\"dateModified\":\"2024-04-05T17:58:07+00:00\",\"description\":\"Prepare-se para projetos el\u00e9tricos com seguran\u00e7a usando o Kit de 10 Rolos de Fita Isolante 5 Metros da 3M Imperial. Com ader\u00eancia dur\u00e1vel e resist\u00eancia a altas temperaturas, este kit oferece prote\u00e7\u00e3o confi\u00e1vel para fia\u00e7\u00f5es el\u00e9tricas em ambientes industriais ou dom\u00e9sticos. Mantenha-se preparado para qualquer reparo ou instala\u00e7\u00e3o el\u00e9trica com este conjunto completo de fita isolante\",\"breadcrumb\":{\"@id\":\"https:\/\/www.isarodas.com.br\/isa\/store\/utilidades\/fitas\/kit-10-rolos-fita-isolante-5-metros-3m-imperial\/#breadcrumb\"},\"inLanguage\":\"pt-BR\",\"potentialAction\":[{\"@type\":\"ReadAction\",\"target\":[\"https:\/\/www.isarodas.com.br\/isa\/store\/utilidades\/fitas\/kit-10-rolos-fita-isolante-5-metros-3m-imperial\/\"]}]},{\"@type\":\"ImageObject\",\"inLanguage\":\"pt-BR\",\"@id\":\"https:\/\/www.isarodas.com.br\/isa\/store\/utilidades\/fitas\/kit-10-rolos-fita-isolante-5-metros-3m-imperial\/#primaryimage\",\"url\":\"https:\/\/www.isarodas.com.br\/isa\/wp-content\/uploads\/2024\/04\/D_NQ_NP_2X_831825-MLB42635041108_072020-F.jpg\",\"contentUrl\":\"https:\/\/www.isarodas.com.br\/isa\/wp-content\/uploads\/2024\/04\/D_NQ_NP_2X_831825-MLB42635041108_072020-F.jpg\",\"width\":1196,\"height\":1115},{\"@type\":\"BreadcrumbList\",\"@id\":\"https:\/\/www.isarodas.com.br\/isa\/store\/utilidades\/fitas\/kit-10-rolos-fita-isolante-5-metros-3m-imperial\/#breadcrumb\",\"itemListElement\":[{\"@type\":\"ListItem\",\"position\":1,\"name\":\"In\u00edcio\",\"item\":\"https:\/\/www.isarodas.com.br\/isa\/\"},{\"@type\":\"ListItem\",\"position\":2,\"name\":\"Store\",\"item\":\"https:\/\/www.isarodas.com.br\/isa\/store\/\"},{\"@type\":\"ListItem\",\"position\":3,\"name\":\"Kit 10 Rolos Fita Isolante 5 Metros &#8211; 3m Imperial\"}]},{\"@type\":\"WebSite\",\"@id\":\"https:\/\/www.isarodas.com.br\/isa\/#website\",\"url\":\"https:\/\/www.isarodas.com.br\/isa\/\",\"name\":\"Isarodas\",\"description\":\"Ecommerce isarodas\",\"publisher\":{\"@id\":\"https:\/\/www.isarodas.com.br\/isa\/#organization\"},\"potentialAction\":[{\"@type\":\"SearchAction\",\"target\":{\"@type\":\"EntryPoint\",\"urlTemplate\":\"https:\/\/www.isarodas.com.br\/isa\/?s={search_term_string}\"},\"query-input\":\"required name=search_term_string\"}],\"inLanguage\":\"pt-BR\"},{\"@type\":\"Organization\",\"@id\":\"https:\/\/www.isarodas.com.br\/isa\/#organization\",\"name\":\"Isarodas\",\"url\":\"https:\/\/www.isarodas.com.br\/isa\/\",\"logo\":{\"@type\":\"ImageObject\",\"inLanguage\":\"pt-BR\",\"@id\":\"https:\/\/www.isarodas.com.br\/isa\/#\/schema\/logo\/image\/\",\"url\":\"https:\/\/www.isarodas.com.br\/isa\/wp-content\/uploads\/2024\/03\/cropped-lgs-1.png\",\"contentUrl\":\"https:\/\/www.isarodas.com.br\/isa\/wp-content\/uploads\/2024\/03\/cropped-lgs-1.png\",\"width\":120,\"height\":119,\"caption\":\"Isarodas\"},\"image\":{\"@id\":\"https:\/\/www.isarodas.com.br\/isa\/#\/schema\/logo\/image\/\"},\"sameAs\":[\"https:\/\/www.facebook.com\/isarodasoficial\/\",\"https:\/\/www.youtube.com\/@isarodas9312\",\"https:\/\/www.instagram.com\/isarodasoficial\/\"]}]}<\/script>\n<!-- \/ Yoast SEO plugin. -->","yoast_head_json":{"title":"Kit 10 Rolos Fita Isolante 5 Metros - 3m Imperial","description":"Prepare-se para projetos el\u00e9tricos com seguran\u00e7a usando o Kit de 10 Rolos de Fita Isolante 5 Metros da 3M Imperial. Com ader\u00eancia dur\u00e1vel e resist\u00eancia a altas temperaturas, este kit oferece prote\u00e7\u00e3o confi\u00e1vel para fia\u00e7\u00f5es el\u00e9tricas em ambientes industriais ou dom\u00e9sticos. Mantenha-se preparado para qualquer reparo ou instala\u00e7\u00e3o el\u00e9trica com este conjunto completo de fita isolante","robots":{"index":"index","follow":"follow","max-snippet":"max-snippet:-1","max-image-preview":"max-image-preview:large","max-video-preview":"max-video-preview:-1"},"canonical":"https:\/\/www.isarodas.com.br\/isa\/store\/utilidades\/fitas\/kit-10-rolos-fita-isolante-5-metros-3m-imperial\/","og_locale":"pt_BR","og_type":"article","og_title":"Kit 10 Rolos Fita Isolante 5 Metros - 3m Imperial","og_description":"Prepare-se para projetos el\u00e9tricos com seguran\u00e7a usando o Kit de 10 Rolos de Fita Isolante 5 Metros da 3M Imperial. Com ader\u00eancia dur\u00e1vel e resist\u00eancia a altas temperaturas, este kit oferece prote\u00e7\u00e3o confi\u00e1vel para fia\u00e7\u00f5es el\u00e9tricas em ambientes industriais ou dom\u00e9sticos. Mantenha-se preparado para qualquer reparo ou instala\u00e7\u00e3o el\u00e9trica com este conjunto completo de fita isolante","og_url":"https:\/\/www.isarodas.com.br\/isa\/store\/utilidades\/fitas\/kit-10-rolos-fita-isolante-5-metros-3m-imperial\/","og_site_name":"Isarodas","article_publisher":"https:\/\/www.facebook.com\/isarodasoficial\/","og_image":[{"width":1196,"height":1115,"url":"https:\/\/www.isarodas.com.br\/isa\/wp-content\/uploads\/2024\/04\/D_NQ_NP_2X_831825-MLB42635041108_072020-F.jpg","type":"image\/jpeg"}],"twitter_card":"summary_large_image","twitter_misc":{"Est. tempo de leitura":"2 minutos"},"schema":{"@context":"https:\/\/schema.org","@graph":[{"@type":"WebPage","@id":"https:\/\/www.isarodas.com.br\/isa\/store\/utilidades\/fitas\/kit-10-rolos-fita-isolante-5-metros-3m-imperial\/","url":"https:\/\/www.isarodas.com.br\/isa\/store\/utilidades\/fitas\/kit-10-rolos-fita-isolante-5-metros-3m-imperial\/","name":"Kit 10 Rolos Fita Isolante 5 Metros - 3m Imperial","isPartOf":{"@id":"https:\/\/www.isarodas.com.br\/isa\/#website"},"primaryImageOfPage":{"@id":"https:\/\/www.isarodas.com.br\/isa\/store\/utilidades\/fitas\/kit-10-rolos-fita-isolante-5-metros-3m-imperial\/#primaryimage"},"image":{"@id":"https:\/\/www.isarodas.com.br\/isa\/store\/utilidades\/fitas\/kit-10-rolos-fita-isolante-5-metros-3m-imperial\/#primaryimage"},"thumbnailUrl":"https:\/\/www.isarodas.com.br\/isa\/wp-content\/uploads\/2024\/04\/D_NQ_NP_2X_831825-MLB42635041108_072020-F.jpg","datePublished":"2024-04-05T17:58:07+00:00","dateModified":"2024-04-05T17:58:07+00:00","description":"Prepare-se para projetos el\u00e9tricos com seguran\u00e7a usando o Kit de 10 Rolos de Fita Isolante 5 Metros da 3M Imperial. Com ader\u00eancia dur\u00e1vel e resist\u00eancia a altas temperaturas, este kit oferece prote\u00e7\u00e3o confi\u00e1vel para fia\u00e7\u00f5es el\u00e9tricas em ambientes industriais ou dom\u00e9sticos. Mantenha-se preparado para qualquer reparo ou instala\u00e7\u00e3o el\u00e9trica com este conjunto completo de fita isolante","breadcrumb":{"@id":"https:\/\/www.isarodas.com.br\/isa\/store\/utilidades\/fitas\/kit-10-rolos-fita-isolante-5-metros-3m-imperial\/#breadcrumb"},"inLanguage":"pt-BR","potentialAction":[{"@type":"ReadAction","target":["https:\/\/www.isarodas.com.br\/isa\/store\/utilidades\/fitas\/kit-10-rolos-fita-isolante-5-metros-3m-imperial\/"]}]},{"@type":"ImageObject","inLanguage":"pt-BR","@id":"https:\/\/www.isarodas.com.br\/isa\/store\/utilidades\/fitas\/kit-10-rolos-fita-isolante-5-metros-3m-imperial\/#primaryimage","url":"https:\/\/www.isarodas.com.br\/isa\/wp-content\/uploads\/2024\/04\/D_NQ_NP_2X_831825-MLB42635041108_072020-F.jpg","contentUrl":"https:\/\/www.isarodas.com.br\/isa\/wp-content\/uploads\/2024\/04\/D_NQ_NP_2X_831825-MLB42635041108_072020-F.jpg","width":1196,"height":1115},{"@type":"BreadcrumbList","@id":"https:\/\/www.isarodas.com.br\/isa\/store\/utilidades\/fitas\/kit-10-rolos-fita-isolante-5-metros-3m-imperial\/#breadcrumb","itemListElement":[{"@type":"ListItem","position":1,"name":"In\u00edcio","item":"https:\/\/www.isarodas.com.br\/isa\/"},{"@type":"ListItem","position":2,"name":"Store","item":"https:\/\/www.isarodas.com.br\/isa\/store\/"},{"@type":"ListItem","position":3,"name":"Kit 10 Rolos Fita Isolante 5 Metros &#8211; 3m Imperial"}]},{"@type":"WebSite","@id":"https:\/\/www.isarodas.com.br\/isa\/#website","url":"https:\/\/www.isarodas.com.br\/isa\/","name":"Isarodas","description":"Ecommerce isarodas","publisher":{"@id":"https:\/\/www.isarodas.com.br\/isa\/#organization"},"potentialAction":[{"@type":"SearchAction","target":{"@type":"EntryPoint","urlTemplate":"https:\/\/www.isarodas.com.br\/isa\/?s={search_term_string}"},"query-input":"required name=search_term_string"}],"inLanguage":"pt-BR"},{"@type":"Organization","@id":"https:\/\/www.isarodas.com.br\/isa\/#organization","name":"Isarodas","url":"https:\/\/www.isarodas.com.br\/isa\/","logo":{"@type":"ImageObject","inLanguage":"pt-BR","@id":"https:\/\/www.isarodas.com.br\/isa\/#\/schema\/logo\/image\/","url":"https:\/\/www.isarodas.com.br\/isa\/wp-content\/uploads\/2024\/03\/cropped-lgs-1.png","contentUrl":"https:\/\/www.isarodas.com.br\/isa\/wp-content\/uploads\/2024\/03\/cropped-lgs-1.png","width":120,"height":119,"caption":"Isarodas"},"image":{"@id":"https:\/\/www.isarodas.com.br\/isa\/#\/schema\/logo\/image\/"},"sameAs":["https:\/\/www.facebook.com\/isarodasoficial\/","https:\/\/www.youtube.com\/@isarodas9312","https:\/\/www.instagram.com\/isarodasoficial\/"]}]}},"_links":{"self":[{"href":"https:\/\/www.isarodas.com.br\/isa\/wp-json\/wp\/v2\/product\/4759","targetHints":{"allow":["GET"]}}],"collection":[{"href":"https:\/\/www.isarodas.com.br\/isa\/wp-json\/wp\/v2\/product"}],"about":[{"href":"https:\/\/www.isarodas.com.br\/isa\/wp-json\/wp\/v2\/types\/product"}],"replies":[{"embeddable":true,"href":"https:\/\/www.isarodas.com.br\/isa\/wp-json\/wp\/v2\/comments?post=4759"}],"version-history":[{"count":1,"href":"https:\/\/www.isarodas.com.br\/isa\/wp-json\/wp\/v2\/product\/4759\/revisions"}],"predecessor-version":[{"id":4763,"href":"https:\/\/www.isarodas.com.br\/isa\/wp-json\/wp\/v2\/product\/4759\/revisions\/4763"}],"wp:featuredmedia":[{"embeddable":true,"href":"https:\/\/www.isarodas.com.br\/isa\/wp-json\/wp\/v2\/media\/4761"}],"wp:attachment":[{"href":"https:\/\/www.isarodas.com.br\/isa\/wp-json\/wp\/v2\/media?parent=4759"}],"wp:term":[{"taxonomy":"product_cat","embeddable":true,"href":"https:\/\/www.isarodas.com.br\/isa\/wp-json\/wp\/v2\/product_cat?post=4759"},{"taxonomy":"product_tag","embeddable":true,"href":"https:\/\/www.isarodas.com.br\/isa\/wp-json\/wp\/v2\/product_tag?post=4759"}],"curies":[{"name":"wp","href":"https:\/\/api.w.org\/{rel}","templated":true}]}}