{"id":4749,"date":"2024-04-05T14:45:28","date_gmt":"2024-04-05T17:45:28","guid":{"rendered":"https:\/\/www.isarodas.com.br\/isa\/?post_type=product&#038;p=4749"},"modified":"2024-04-05T14:45:28","modified_gmt":"2024-04-05T17:45:28","slug":"cola-contato-profissional-75g-amazonas-sola-sapato-tenis","status":"publish","type":"product","link":"https:\/\/www.isarodas.com.br\/isa\/store\/utilidades\/cola-contato-profissional-75g-amazonas-sola-sapato-tenis\/","title":{"rendered":"Cola Contato Profissional 75g Amazonas Sola Sapato Tenis"},"content":{"rendered":"<p>Especifica\u00e7\u00f5es T\u00e9cnicas:<br \/>\n&#8211; Fabricante: Amazonas;<br \/>\n&#8211; Peso L\u00edquido: 75g (cada);<\/p>\n<p>Indica\u00e7\u00e3o:<br \/>\n&#8211; Adesivo formulado para colagem de borrachas vulcanizadas, couro, EVA, madeira, revestimentos em couros, tecidos, fibras, laminados decorativos, pisos etc.<\/p>\n<p>Modo de Uso:<br \/>\n1\u00ba &#8211; Limpar bem as superf\u00edcies deixando-as livres de graxa, poeira e gorduras. Lixar se necess\u00e1rio.<br \/>\n2\u00ba &#8211; Aplicar uniformemente a Cola Contato Amazonas nas superf\u00edcies a serem coladas.<br \/>\n3\u00ba &#8211; Aguardar a evapora\u00e7\u00e3o dos solventes (de 10 a 20 minutos) e juntar as partes firmemente.<br \/>\n* A resist\u00eancia final ocorre ap\u00f3s 24 horas.<\/p>\n<p>Composi\u00e7\u00e3o:<br \/>\n&#8211; Solu\u00e7\u00e3o de borrachas sint\u00e9ticas tipo Policloropreno, Resinas Sint\u00e9ticas em Toluol, Cetonas, \u00c9steres e Hidrocarbonetos Alif\u00e1ticos.<\/p>\n<p>Armazenagem:<br \/>\n&#8211; Conservar em lugar seco e ventilado.<\/p>\n<p>Dura\u00e7\u00e3o:<br \/>\n&#8211; At\u00e9 18 meses, se conservado dentro das normas de armazenagem.<\/p>\n<p>Precau\u00e7\u00f5es:<br \/>\n&#8211; N\u00e3o manuseie o produto antes de ter lido e compreendido todas as precau\u00e7\u00f5es de seguran\u00e7a.<br \/>\n&#8211; Mantenha afastado do calor, fa\u00edsca, chama aberta ou superf\u00edcies quentes.<br \/>\n&#8211; N\u00e3o coma, beba ou fume enquanto manuseia o produto.<br \/>\n&#8211; Lave as m\u00e3os ap\u00f3s a utiliza\u00e7\u00e3o do produto.<br \/>\n&#8211; Evite a libera\u00e7\u00e3o para o meio ambiente.<\/p>\n<p>Cuidados Especiais:<br \/>\n&#8211; Evitar a inala\u00e7\u00e3o por tempo prolongado, utilizar em local ventilado e longe de fontes de calor.<br \/>\n&#8211; Em caso de contato com os olhos, lavar com bastante \u00e1gua.<br \/>\n&#8211; Se for ingerido, n\u00e3o provocar vomito e procurar aux\u00edlio m\u00e9dico.<br \/>\n&#8211; Este produto \u00e9 prejudicial a sa\u00fade se n\u00e3o for utilizado conforme as instru\u00e7\u00f5es da embalagem.<br \/>\n&#8211; Em caso de intoxica\u00e7\u00e3o, procure um Centro de Intoxica\u00e7\u00e3o ou Servi\u00e7o de Sa\u00fade, levando a embalagem ou o rotulo do produto.<br \/>\n&#8211; Produto inflam\u00e1vel. Conserve a embalagem bem fechada.<br \/>\n* A utiliza\u00e7\u00e3o inadequada deste produto n\u00e3o \u00e9 de responsabilidade do fabricante.<\/p>\n<p>Importante:<br \/>\n&#8211; O valor \u00e9 referente a unidade (01 Bisnagas de 75g).<br \/>\n&#8211; Garantia de 3 meses contra defeitos de fabrica\u00e7\u00e3o.<br \/>\n&#8211; O produto \u00e9 enviado com nota fiscal.<br \/>\n&#8211; N\u00e3o nos responsabilizamos pela m\u00e1 instala\u00e7\u00e3o ou mau uso do produto, para evitar transtornos procure um profissional especializado.<\/p>\n","protected":false},"excerpt":{"rendered":"<p>Especifica\u00e7\u00f5es T\u00e9cnicas: &#8211; Fabricante: Amazonas; &#8211; Peso L\u00edquido: 75g (cada); Indica\u00e7\u00e3o: &#8211; Adesivo formulado para colagem de borrachas vulcanizadas, couro, EVA, madeira, revestimentos em couros, tecidos, fibras, laminados decorativos, pisos etc. Modo de Uso: 1\u00ba &#8211; Limpar bem as superf\u00edcies deixando-as livres de graxa, poeira e gorduras. Lixar se necess\u00e1rio. 2\u00ba &#8211; Aplicar uniformemente a [&hellip;]<\/p>\n","protected":false},"featured_media":4750,"comment_status":"open","ping_status":"closed","template":"","meta":{"_acf_changed":false,"site-sidebar-layout":"default","site-content-layout":"","ast-site-content-layout":"default","site-content-style":"default","site-sidebar-style":"default","ast-global-header-display":"","ast-banner-title-visibility":"","ast-main-header-display":"","ast-hfb-above-header-display":"","ast-hfb-below-header-display":"","ast-hfb-mobile-header-display":"","site-post-title":"","ast-breadcrumbs-content":"","ast-featured-img":"","footer-sml-layout":"","theme-transparent-header-meta":"default","adv-header-id-meta":"","stick-header-meta":"","header-above-stick-meta":"","header-main-stick-meta":"","header-below-stick-meta":"","astra-migrate-meta-layouts":"set","ast-page-background-enabled":"default","ast-page-background-meta":{"desktop":{"background-color":"","background-image":"","background-repeat":"repeat","background-position":"center center","background-size":"auto","background-attachment":"scroll","background-type":"","background-media":"","overlay-type":"","overlay-color":"","overlay-gradient":""},"tablet":{"background-color":"","background-image":"","background-repeat":"repeat","background-position":"center center","background-size":"auto","background-attachment":"scroll","background-type":"","background-media":"","overlay-type":"","overlay-color":"","overlay-gradient":""},"mobile":{"background-color":"","background-image":"","background-repeat":"repeat","background-position":"center center","background-size":"auto","background-attachment":"scroll","background-type":"","background-media":"","overlay-type":"","overlay-color":"","overlay-gradient":""}},"ast-content-background-meta":{"desktop":{"background-color":"var(--ast-global-color-5)","background-image":"","background-repeat":"repeat","background-position":"center center","background-size":"auto","background-attachment":"scroll","background-type":"","background-media":"","overlay-type":"","overlay-color":"","overlay-gradient":""},"tablet":{"background-color":"var(--ast-global-color-5)","background-image":"","background-repeat":"repeat","background-position":"center center","background-size":"auto","background-attachment":"scroll","background-type":"","background-media":"","overlay-type":"","overlay-color":"","overlay-gradient":""},"mobile":{"background-color":"var(--ast-global-color-5)","background-image":"","background-repeat":"repeat","background-position":"center center","background-size":"auto","background-attachment":"scroll","background-type":"","background-media":"","overlay-type":"","overlay-color":"","overlay-gradient":""}}},"product_cat":[86],"product_tag":[],"class_list":{"0":"post-4749","1":"product","2":"type-product","3":"status-publish","4":"has-post-thumbnail","6":"product_cat-utilidades","7":"desktop-align-left","8":"tablet-align-left","9":"mobile-align-left","11":"first","12":"instock","13":"sale","14":"shipping-taxable","15":"purchasable","16":"product-type-simple"},"acf":[],"yoast_head":"<!-- This site is optimized with the Yoast SEO plugin v22.3 - https:\/\/yoast.com\/wordpress\/plugins\/seo\/ -->\n<title>Cola Contato Profissional 75g Amazonas Sola Sapato Tenis<\/title>\n<meta name=\"description\" content=\"Cola Contato Profissional 75g Amazonas, ideal para reparos em solas de sapatos e t\u00eanis. Esta cola de contato oferece uma uni\u00e3o forte e flex\u00edvel, garantindo resultados profissionais em seus projetos de reparo de cal\u00e7ados. Sua f\u00f3rmula de secagem r\u00e1pida proporciona conveni\u00eancia e efic\u00e1cia, permitindo que voc\u00ea volte a usar seus sapatos favoritos em pouco tempo. Mantenha seus cal\u00e7ados em \u00f3timo estado com a Cola Contato Profissional 75g Amazonas e desfrute de uma ades\u00e3o que dura.\" \/>\n<meta name=\"robots\" content=\"index, follow, max-snippet:-1, max-image-preview:large, max-video-preview:-1\" \/>\n<link rel=\"canonical\" href=\"https:\/\/www.isarodas.com.br\/isa\/store\/utilidades\/cola-contato-profissional-75g-amazonas-sola-sapato-tenis\/\" \/>\n<meta property=\"og:locale\" content=\"pt_BR\" \/>\n<meta property=\"og:type\" content=\"article\" \/>\n<meta property=\"og:title\" content=\"Cola Contato Profissional 75g Amazonas Sola Sapato Tenis\" \/>\n<meta property=\"og:description\" content=\"Cola Contato Profissional 75g Amazonas, ideal para reparos em solas de sapatos e t\u00eanis. Esta cola de contato oferece uma uni\u00e3o forte e flex\u00edvel, garantindo resultados profissionais em seus projetos de reparo de cal\u00e7ados. Sua f\u00f3rmula de secagem r\u00e1pida proporciona conveni\u00eancia e efic\u00e1cia, permitindo que voc\u00ea volte a usar seus sapatos favoritos em pouco tempo. Mantenha seus cal\u00e7ados em \u00f3timo estado com a Cola Contato Profissional 75g Amazonas e desfrute de uma ades\u00e3o que dura.\" \/>\n<meta property=\"og:url\" content=\"https:\/\/www.isarodas.com.br\/isa\/store\/utilidades\/cola-contato-profissional-75g-amazonas-sola-sapato-tenis\/\" \/>\n<meta property=\"og:site_name\" content=\"Isarodas\" \/>\n<meta property=\"article:publisher\" content=\"https:\/\/www.facebook.com\/isarodasoficial\/\" \/>\n<meta property=\"og:image\" content=\"https:\/\/www.isarodas.com.br\/isa\/wp-content\/uploads\/2024\/04\/D_NQ_NP_961270-MLB31172740200_062019-O.jpg\" \/>\n\t<meta property=\"og:image:width\" content=\"500\" \/>\n\t<meta property=\"og:image:height\" content=\"247\" \/>\n\t<meta property=\"og:image:type\" content=\"image\/jpeg\" \/>\n<meta name=\"twitter:card\" content=\"summary_large_image\" \/>\n<meta name=\"twitter:label1\" content=\"Est. tempo de leitura\" \/>\n\t<meta name=\"twitter:data1\" content=\"2 minutos\" \/>\n<script type=\"application\/ld+json\" class=\"yoast-schema-graph\">{\"@context\":\"https:\/\/schema.org\",\"@graph\":[{\"@type\":\"WebPage\",\"@id\":\"https:\/\/www.isarodas.com.br\/isa\/store\/utilidades\/cola-contato-profissional-75g-amazonas-sola-sapato-tenis\/\",\"url\":\"https:\/\/www.isarodas.com.br\/isa\/store\/utilidades\/cola-contato-profissional-75g-amazonas-sola-sapato-tenis\/\",\"name\":\"Cola Contato Profissional 75g Amazonas Sola Sapato Tenis\",\"isPartOf\":{\"@id\":\"https:\/\/www.isarodas.com.br\/isa\/#website\"},\"primaryImageOfPage\":{\"@id\":\"https:\/\/www.isarodas.com.br\/isa\/store\/utilidades\/cola-contato-profissional-75g-amazonas-sola-sapato-tenis\/#primaryimage\"},\"image\":{\"@id\":\"https:\/\/www.isarodas.com.br\/isa\/store\/utilidades\/cola-contato-profissional-75g-amazonas-sola-sapato-tenis\/#primaryimage\"},\"thumbnailUrl\":\"https:\/\/www.isarodas.com.br\/isa\/wp-content\/uploads\/2024\/04\/D_NQ_NP_961270-MLB31172740200_062019-O.jpg\",\"datePublished\":\"2024-04-05T17:45:28+00:00\",\"dateModified\":\"2024-04-05T17:45:28+00:00\",\"description\":\"Cola Contato Profissional 75g Amazonas, ideal para reparos em solas de sapatos e t\u00eanis. Esta cola de contato oferece uma uni\u00e3o forte e flex\u00edvel, garantindo resultados profissionais em seus projetos de reparo de cal\u00e7ados. Sua f\u00f3rmula de secagem r\u00e1pida proporciona conveni\u00eancia e efic\u00e1cia, permitindo que voc\u00ea volte a usar seus sapatos favoritos em pouco tempo. Mantenha seus cal\u00e7ados em \u00f3timo estado com a Cola Contato Profissional 75g Amazonas e desfrute de uma ades\u00e3o que dura.\",\"breadcrumb\":{\"@id\":\"https:\/\/www.isarodas.com.br\/isa\/store\/utilidades\/cola-contato-profissional-75g-amazonas-sola-sapato-tenis\/#breadcrumb\"},\"inLanguage\":\"pt-BR\",\"potentialAction\":[{\"@type\":\"ReadAction\",\"target\":[\"https:\/\/www.isarodas.com.br\/isa\/store\/utilidades\/cola-contato-profissional-75g-amazonas-sola-sapato-tenis\/\"]}]},{\"@type\":\"ImageObject\",\"inLanguage\":\"pt-BR\",\"@id\":\"https:\/\/www.isarodas.com.br\/isa\/store\/utilidades\/cola-contato-profissional-75g-amazonas-sola-sapato-tenis\/#primaryimage\",\"url\":\"https:\/\/www.isarodas.com.br\/isa\/wp-content\/uploads\/2024\/04\/D_NQ_NP_961270-MLB31172740200_062019-O.jpg\",\"contentUrl\":\"https:\/\/www.isarodas.com.br\/isa\/wp-content\/uploads\/2024\/04\/D_NQ_NP_961270-MLB31172740200_062019-O.jpg\",\"width\":500,\"height\":247},{\"@type\":\"BreadcrumbList\",\"@id\":\"https:\/\/www.isarodas.com.br\/isa\/store\/utilidades\/cola-contato-profissional-75g-amazonas-sola-sapato-tenis\/#breadcrumb\",\"itemListElement\":[{\"@type\":\"ListItem\",\"position\":1,\"name\":\"In\u00edcio\",\"item\":\"https:\/\/www.isarodas.com.br\/isa\/\"},{\"@type\":\"ListItem\",\"position\":2,\"name\":\"Store\",\"item\":\"https:\/\/www.isarodas.com.br\/isa\/store\/\"},{\"@type\":\"ListItem\",\"position\":3,\"name\":\"Cola Contato Profissional 75g Amazonas Sola Sapato Tenis\"}]},{\"@type\":\"WebSite\",\"@id\":\"https:\/\/www.isarodas.com.br\/isa\/#website\",\"url\":\"https:\/\/www.isarodas.com.br\/isa\/\",\"name\":\"Isarodas\",\"description\":\"Ecommerce isarodas\",\"publisher\":{\"@id\":\"https:\/\/www.isarodas.com.br\/isa\/#organization\"},\"potentialAction\":[{\"@type\":\"SearchAction\",\"target\":{\"@type\":\"EntryPoint\",\"urlTemplate\":\"https:\/\/www.isarodas.com.br\/isa\/?s={search_term_string}\"},\"query-input\":\"required name=search_term_string\"}],\"inLanguage\":\"pt-BR\"},{\"@type\":\"Organization\",\"@id\":\"https:\/\/www.isarodas.com.br\/isa\/#organization\",\"name\":\"Isarodas\",\"url\":\"https:\/\/www.isarodas.com.br\/isa\/\",\"logo\":{\"@type\":\"ImageObject\",\"inLanguage\":\"pt-BR\",\"@id\":\"https:\/\/www.isarodas.com.br\/isa\/#\/schema\/logo\/image\/\",\"url\":\"https:\/\/www.isarodas.com.br\/isa\/wp-content\/uploads\/2024\/03\/cropped-lgs-1.png\",\"contentUrl\":\"https:\/\/www.isarodas.com.br\/isa\/wp-content\/uploads\/2024\/03\/cropped-lgs-1.png\",\"width\":120,\"height\":119,\"caption\":\"Isarodas\"},\"image\":{\"@id\":\"https:\/\/www.isarodas.com.br\/isa\/#\/schema\/logo\/image\/\"},\"sameAs\":[\"https:\/\/www.facebook.com\/isarodasoficial\/\",\"https:\/\/www.youtube.com\/@isarodas9312\",\"https:\/\/www.instagram.com\/isarodasoficial\/\"]}]}<\/script>\n<!-- \/ Yoast SEO plugin. -->","yoast_head_json":{"title":"Cola Contato Profissional 75g Amazonas Sola Sapato Tenis","description":"Cola Contato Profissional 75g Amazonas, ideal para reparos em solas de sapatos e t\u00eanis. Esta cola de contato oferece uma uni\u00e3o forte e flex\u00edvel, garantindo resultados profissionais em seus projetos de reparo de cal\u00e7ados. Sua f\u00f3rmula de secagem r\u00e1pida proporciona conveni\u00eancia e efic\u00e1cia, permitindo que voc\u00ea volte a usar seus sapatos favoritos em pouco tempo. Mantenha seus cal\u00e7ados em \u00f3timo estado com a Cola Contato Profissional 75g Amazonas e desfrute de uma ades\u00e3o que dura.","robots":{"index":"index","follow":"follow","max-snippet":"max-snippet:-1","max-image-preview":"max-image-preview:large","max-video-preview":"max-video-preview:-1"},"canonical":"https:\/\/www.isarodas.com.br\/isa\/store\/utilidades\/cola-contato-profissional-75g-amazonas-sola-sapato-tenis\/","og_locale":"pt_BR","og_type":"article","og_title":"Cola Contato Profissional 75g Amazonas Sola Sapato Tenis","og_description":"Cola Contato Profissional 75g Amazonas, ideal para reparos em solas de sapatos e t\u00eanis. Esta cola de contato oferece uma uni\u00e3o forte e flex\u00edvel, garantindo resultados profissionais em seus projetos de reparo de cal\u00e7ados. Sua f\u00f3rmula de secagem r\u00e1pida proporciona conveni\u00eancia e efic\u00e1cia, permitindo que voc\u00ea volte a usar seus sapatos favoritos em pouco tempo. Mantenha seus cal\u00e7ados em \u00f3timo estado com a Cola Contato Profissional 75g Amazonas e desfrute de uma ades\u00e3o que dura.","og_url":"https:\/\/www.isarodas.com.br\/isa\/store\/utilidades\/cola-contato-profissional-75g-amazonas-sola-sapato-tenis\/","og_site_name":"Isarodas","article_publisher":"https:\/\/www.facebook.com\/isarodasoficial\/","og_image":[{"width":500,"height":247,"url":"https:\/\/www.isarodas.com.br\/isa\/wp-content\/uploads\/2024\/04\/D_NQ_NP_961270-MLB31172740200_062019-O.jpg","type":"image\/jpeg"}],"twitter_card":"summary_large_image","twitter_misc":{"Est. tempo de leitura":"2 minutos"},"schema":{"@context":"https:\/\/schema.org","@graph":[{"@type":"WebPage","@id":"https:\/\/www.isarodas.com.br\/isa\/store\/utilidades\/cola-contato-profissional-75g-amazonas-sola-sapato-tenis\/","url":"https:\/\/www.isarodas.com.br\/isa\/store\/utilidades\/cola-contato-profissional-75g-amazonas-sola-sapato-tenis\/","name":"Cola Contato Profissional 75g Amazonas Sola Sapato Tenis","isPartOf":{"@id":"https:\/\/www.isarodas.com.br\/isa\/#website"},"primaryImageOfPage":{"@id":"https:\/\/www.isarodas.com.br\/isa\/store\/utilidades\/cola-contato-profissional-75g-amazonas-sola-sapato-tenis\/#primaryimage"},"image":{"@id":"https:\/\/www.isarodas.com.br\/isa\/store\/utilidades\/cola-contato-profissional-75g-amazonas-sola-sapato-tenis\/#primaryimage"},"thumbnailUrl":"https:\/\/www.isarodas.com.br\/isa\/wp-content\/uploads\/2024\/04\/D_NQ_NP_961270-MLB31172740200_062019-O.jpg","datePublished":"2024-04-05T17:45:28+00:00","dateModified":"2024-04-05T17:45:28+00:00","description":"Cola Contato Profissional 75g Amazonas, ideal para reparos em solas de sapatos e t\u00eanis. Esta cola de contato oferece uma uni\u00e3o forte e flex\u00edvel, garantindo resultados profissionais em seus projetos de reparo de cal\u00e7ados. Sua f\u00f3rmula de secagem r\u00e1pida proporciona conveni\u00eancia e efic\u00e1cia, permitindo que voc\u00ea volte a usar seus sapatos favoritos em pouco tempo. Mantenha seus cal\u00e7ados em \u00f3timo estado com a Cola Contato Profissional 75g Amazonas e desfrute de uma ades\u00e3o que dura.","breadcrumb":{"@id":"https:\/\/www.isarodas.com.br\/isa\/store\/utilidades\/cola-contato-profissional-75g-amazonas-sola-sapato-tenis\/#breadcrumb"},"inLanguage":"pt-BR","potentialAction":[{"@type":"ReadAction","target":["https:\/\/www.isarodas.com.br\/isa\/store\/utilidades\/cola-contato-profissional-75g-amazonas-sola-sapato-tenis\/"]}]},{"@type":"ImageObject","inLanguage":"pt-BR","@id":"https:\/\/www.isarodas.com.br\/isa\/store\/utilidades\/cola-contato-profissional-75g-amazonas-sola-sapato-tenis\/#primaryimage","url":"https:\/\/www.isarodas.com.br\/isa\/wp-content\/uploads\/2024\/04\/D_NQ_NP_961270-MLB31172740200_062019-O.jpg","contentUrl":"https:\/\/www.isarodas.com.br\/isa\/wp-content\/uploads\/2024\/04\/D_NQ_NP_961270-MLB31172740200_062019-O.jpg","width":500,"height":247},{"@type":"BreadcrumbList","@id":"https:\/\/www.isarodas.com.br\/isa\/store\/utilidades\/cola-contato-profissional-75g-amazonas-sola-sapato-tenis\/#breadcrumb","itemListElement":[{"@type":"ListItem","position":1,"name":"In\u00edcio","item":"https:\/\/www.isarodas.com.br\/isa\/"},{"@type":"ListItem","position":2,"name":"Store","item":"https:\/\/www.isarodas.com.br\/isa\/store\/"},{"@type":"ListItem","position":3,"name":"Cola Contato Profissional 75g Amazonas Sola Sapato Tenis"}]},{"@type":"WebSite","@id":"https:\/\/www.isarodas.com.br\/isa\/#website","url":"https:\/\/www.isarodas.com.br\/isa\/","name":"Isarodas","description":"Ecommerce isarodas","publisher":{"@id":"https:\/\/www.isarodas.com.br\/isa\/#organization"},"potentialAction":[{"@type":"SearchAction","target":{"@type":"EntryPoint","urlTemplate":"https:\/\/www.isarodas.com.br\/isa\/?s={search_term_string}"},"query-input":"required name=search_term_string"}],"inLanguage":"pt-BR"},{"@type":"Organization","@id":"https:\/\/www.isarodas.com.br\/isa\/#organization","name":"Isarodas","url":"https:\/\/www.isarodas.com.br\/isa\/","logo":{"@type":"ImageObject","inLanguage":"pt-BR","@id":"https:\/\/www.isarodas.com.br\/isa\/#\/schema\/logo\/image\/","url":"https:\/\/www.isarodas.com.br\/isa\/wp-content\/uploads\/2024\/03\/cropped-lgs-1.png","contentUrl":"https:\/\/www.isarodas.com.br\/isa\/wp-content\/uploads\/2024\/03\/cropped-lgs-1.png","width":120,"height":119,"caption":"Isarodas"},"image":{"@id":"https:\/\/www.isarodas.com.br\/isa\/#\/schema\/logo\/image\/"},"sameAs":["https:\/\/www.facebook.com\/isarodasoficial\/","https:\/\/www.youtube.com\/@isarodas9312","https:\/\/www.instagram.com\/isarodasoficial\/"]}]}},"_links":{"self":[{"href":"https:\/\/www.isarodas.com.br\/isa\/wp-json\/wp\/v2\/product\/4749","targetHints":{"allow":["GET"]}}],"collection":[{"href":"https:\/\/www.isarodas.com.br\/isa\/wp-json\/wp\/v2\/product"}],"about":[{"href":"https:\/\/www.isarodas.com.br\/isa\/wp-json\/wp\/v2\/types\/product"}],"replies":[{"embeddable":true,"href":"https:\/\/www.isarodas.com.br\/isa\/wp-json\/wp\/v2\/comments?post=4749"}],"version-history":[{"count":1,"href":"https:\/\/www.isarodas.com.br\/isa\/wp-json\/wp\/v2\/product\/4749\/revisions"}],"predecessor-version":[{"id":4751,"href":"https:\/\/www.isarodas.com.br\/isa\/wp-json\/wp\/v2\/product\/4749\/revisions\/4751"}],"wp:featuredmedia":[{"embeddable":true,"href":"https:\/\/www.isarodas.com.br\/isa\/wp-json\/wp\/v2\/media\/4750"}],"wp:attachment":[{"href":"https:\/\/www.isarodas.com.br\/isa\/wp-json\/wp\/v2\/media?parent=4749"}],"wp:term":[{"taxonomy":"product_cat","embeddable":true,"href":"https:\/\/www.isarodas.com.br\/isa\/wp-json\/wp\/v2\/product_cat?post=4749"},{"taxonomy":"product_tag","embeddable":true,"href":"https:\/\/www.isarodas.com.br\/isa\/wp-json\/wp\/v2\/product_tag?post=4749"}],"curies":[{"name":"wp","href":"https:\/\/api.w.org\/{rel}","templated":true}]}}