{"id":4661,"date":"2024-04-04T22:19:53","date_gmt":"2024-04-05T01:19:53","guid":{"rendered":"https:\/\/www.isarodas.com.br\/isa\/?post_type=product&#038;p=4661"},"modified":"2024-04-04T23:03:26","modified_gmt":"2024-04-05T02:03:26","slug":"bota-botina-de-seguranca-c-elastico-com-bico-aco-cartom","status":"publish","type":"product","link":"https:\/\/www.isarodas.com.br\/isa\/store\/construcao\/seguranca\/calcados\/bota-botina-de-seguranca-c-elastico-com-bico-aco-cartom\/","title":{"rendered":"Bota Botina De Seguran\u00e7a C\/ El\u00e1stico Com Bico A\u00e7o Cartom"},"content":{"rendered":"<p>Proteja-se com a Botina de Seguran\u00e7a Cartom, equipada com el\u00e1stico para ajuste perfeito e bico de a\u00e7o para m\u00e1xima seguran\u00e7a.<\/p>\n<p>Feita para resistir aos desafios do ambiente de trabalho, esta bota oferece conforto e prote\u00e7\u00e3o durante longas jornadas. Escolha confian\u00e7a, escolha Cartom.<\/p>\n<p><strong>APLICA\u00c7\u00d5ES<\/strong><br \/>\nIdeais para utiliza\u00e7\u00e3o em oficinas, estabelecimentos comerciais e industrias, constru\u00e7\u00e3o civil!<\/p>\n<p><strong>ATRIBUTOS <\/strong><\/p>\n<p>Modelo 011;<\/p>\n<p>Solado monodensidade injetado direto ao cabedal e blaqueado;<\/p>\n<p>Em couro; * COM bico em a\u00e7o;<\/p>\n<p>CA 17138<\/p>\n<p>&nbsp;<\/p>\n","protected":false},"excerpt":{"rendered":"<p>Proteja-se com a Botina de Seguran\u00e7a Cartom, equipada com el\u00e1stico para ajuste perfeito e bico de a\u00e7o para m\u00e1xima seguran\u00e7a. Feita para resistir aos desafios do ambiente de trabalho, esta bota oferece conforto e prote\u00e7\u00e3o durante longas jornadas. Escolha confian\u00e7a, escolha Cartom. APLICA\u00c7\u00d5ES Ideais para utiliza\u00e7\u00e3o em oficinas, estabelecimentos comerciais e industrias, constru\u00e7\u00e3o civil! ATRIBUTOS [&hellip;]<\/p>\n","protected":false},"featured_media":4666,"comment_status":"open","ping_status":"closed","template":"","meta":{"_acf_changed":false,"site-sidebar-layout":"default","site-content-layout":"","ast-site-content-layout":"default","site-content-style":"default","site-sidebar-style":"default","ast-global-header-display":"","ast-banner-title-visibility":"","ast-main-header-display":"","ast-hfb-above-header-display":"","ast-hfb-below-header-display":"","ast-hfb-mobile-header-display":"","site-post-title":"","ast-breadcrumbs-content":"","ast-featured-img":"","footer-sml-layout":"","theme-transparent-header-meta":"default","adv-header-id-meta":"","stick-header-meta":"","header-above-stick-meta":"","header-main-stick-meta":"","header-below-stick-meta":"","astra-migrate-meta-layouts":"set","ast-page-background-enabled":"default","ast-page-background-meta":{"desktop":{"background-color":"","background-image":"","background-repeat":"repeat","background-position":"center center","background-size":"auto","background-attachment":"scroll","background-type":"","background-media":"","overlay-type":"","overlay-color":"","overlay-gradient":""},"tablet":{"background-color":"","background-image":"","background-repeat":"repeat","background-position":"center center","background-size":"auto","background-attachment":"scroll","background-type":"","background-media":"","overlay-type":"","overlay-color":"","overlay-gradient":""},"mobile":{"background-color":"","background-image":"","background-repeat":"repeat","background-position":"center center","background-size":"auto","background-attachment":"scroll","background-type":"","background-media":"","overlay-type":"","overlay-color":"","overlay-gradient":""}},"ast-content-background-meta":{"desktop":{"background-color":"var(--ast-global-color-5)","background-image":"","background-repeat":"repeat","background-position":"center center","background-size":"auto","background-attachment":"scroll","background-type":"","background-media":"","overlay-type":"","overlay-color":"","overlay-gradient":""},"tablet":{"background-color":"var(--ast-global-color-5)","background-image":"","background-repeat":"repeat","background-position":"center center","background-size":"auto","background-attachment":"scroll","background-type":"","background-media":"","overlay-type":"","overlay-color":"","overlay-gradient":""},"mobile":{"background-color":"var(--ast-global-color-5)","background-image":"","background-repeat":"repeat","background-position":"center center","background-size":"auto","background-attachment":"scroll","background-type":"","background-media":"","overlay-type":"","overlay-color":"","overlay-gradient":""}}},"product_cat":[78],"product_tag":[],"class_list":{"0":"post-4661","1":"product","2":"type-product","3":"status-publish","4":"has-post-thumbnail","6":"product_cat-calcados","7":"desktop-align-left","8":"tablet-align-left","9":"mobile-align-left","11":"first","12":"instock","13":"sale","14":"shipping-taxable","15":"purchasable","16":"product-type-variable"},"acf":[],"yoast_head":"<!-- This site is optimized with the Yoast SEO plugin v22.3 - https:\/\/yoast.com\/wordpress\/plugins\/seo\/ -->\n<title>Bota Botina De Seguran\u00e7a C\/ El\u00e1stico Com Bico A\u00e7o Cartom<\/title>\n<meta name=\"description\" content=\"Conhe\u00e7a a Botina de Seguran\u00e7a Cartom, modelo 011, projetada para garantir prote\u00e7\u00e3o e conforto durante o trabalho. Fabricada em couro resistente e dur\u00e1vel, esta botina \u00e9 equipada com bico em a\u00e7o, proporcionando seguran\u00e7a adicional em ambientes industriais. Seu solado monodensidade \u00e9 injetado direto ao cabedal e blaqueado, oferecendo estabilidade e durabilidade. Certificada com o CA 17138, esta botina \u00e9 a escolha ideal para quem valoriza qualidade e seguran\u00e7a no ambiente de trabalho.\" \/>\n<meta name=\"robots\" content=\"index, follow, max-snippet:-1, max-image-preview:large, max-video-preview:-1\" \/>\n<link rel=\"canonical\" href=\"https:\/\/www.isarodas.com.br\/isa\/store\/construcao\/seguranca\/calcados\/bota-botina-de-seguranca-c-elastico-com-bico-aco-cartom\/\" \/>\n<meta property=\"og:locale\" content=\"pt_BR\" \/>\n<meta property=\"og:type\" content=\"article\" \/>\n<meta property=\"og:title\" content=\"Bota Botina De Seguran\u00e7a C\/ El\u00e1stico Com Bico A\u00e7o Cartom\" \/>\n<meta property=\"og:description\" content=\"Conhe\u00e7a a Botina de Seguran\u00e7a Cartom, modelo 011, projetada para garantir prote\u00e7\u00e3o e conforto durante o trabalho. Fabricada em couro resistente e dur\u00e1vel, esta botina \u00e9 equipada com bico em a\u00e7o, proporcionando seguran\u00e7a adicional em ambientes industriais. Seu solado monodensidade \u00e9 injetado direto ao cabedal e blaqueado, oferecendo estabilidade e durabilidade. Certificada com o CA 17138, esta botina \u00e9 a escolha ideal para quem valoriza qualidade e seguran\u00e7a no ambiente de trabalho.\" \/>\n<meta property=\"og:url\" content=\"https:\/\/www.isarodas.com.br\/isa\/store\/construcao\/seguranca\/calcados\/bota-botina-de-seguranca-c-elastico-com-bico-aco-cartom\/\" \/>\n<meta property=\"og:site_name\" content=\"Isarodas\" \/>\n<meta property=\"article:publisher\" content=\"https:\/\/www.facebook.com\/isarodasoficial\/\" \/>\n<meta property=\"article:modified_time\" content=\"2024-04-05T02:03:26+00:00\" \/>\n<meta property=\"og:image\" content=\"https:\/\/www.isarodas.com.br\/isa\/wp-content\/uploads\/2024\/04\/botina.jpg\" \/>\n\t<meta property=\"og:image:width\" content=\"500\" \/>\n\t<meta property=\"og:image:height\" content=\"278\" \/>\n\t<meta property=\"og:image:type\" content=\"image\/jpeg\" \/>\n<meta name=\"twitter:card\" content=\"summary_large_image\" \/>\n<meta name=\"twitter:label1\" content=\"Est. tempo de leitura\" \/>\n\t<meta name=\"twitter:data1\" content=\"1 minuto\" \/>\n<script type=\"application\/ld+json\" class=\"yoast-schema-graph\">{\"@context\":\"https:\/\/schema.org\",\"@graph\":[{\"@type\":\"WebPage\",\"@id\":\"https:\/\/www.isarodas.com.br\/isa\/store\/construcao\/seguranca\/calcados\/bota-botina-de-seguranca-c-elastico-com-bico-aco-cartom\/\",\"url\":\"https:\/\/www.isarodas.com.br\/isa\/store\/construcao\/seguranca\/calcados\/bota-botina-de-seguranca-c-elastico-com-bico-aco-cartom\/\",\"name\":\"Bota Botina De Seguran\u00e7a C\/ El\u00e1stico Com Bico A\u00e7o Cartom\",\"isPartOf\":{\"@id\":\"https:\/\/www.isarodas.com.br\/isa\/#website\"},\"primaryImageOfPage\":{\"@id\":\"https:\/\/www.isarodas.com.br\/isa\/store\/construcao\/seguranca\/calcados\/bota-botina-de-seguranca-c-elastico-com-bico-aco-cartom\/#primaryimage\"},\"image\":{\"@id\":\"https:\/\/www.isarodas.com.br\/isa\/store\/construcao\/seguranca\/calcados\/bota-botina-de-seguranca-c-elastico-com-bico-aco-cartom\/#primaryimage\"},\"thumbnailUrl\":\"https:\/\/www.isarodas.com.br\/isa\/wp-content\/uploads\/2024\/04\/botina.jpg\",\"datePublished\":\"2024-04-05T01:19:53+00:00\",\"dateModified\":\"2024-04-05T02:03:26+00:00\",\"description\":\"Conhe\u00e7a a Botina de Seguran\u00e7a Cartom, modelo 011, projetada para garantir prote\u00e7\u00e3o e conforto durante o trabalho. Fabricada em couro resistente e dur\u00e1vel, esta botina \u00e9 equipada com bico em a\u00e7o, proporcionando seguran\u00e7a adicional em ambientes industriais. Seu solado monodensidade \u00e9 injetado direto ao cabedal e blaqueado, oferecendo estabilidade e durabilidade. Certificada com o CA 17138, esta botina \u00e9 a escolha ideal para quem valoriza qualidade e seguran\u00e7a no ambiente de trabalho.\",\"breadcrumb\":{\"@id\":\"https:\/\/www.isarodas.com.br\/isa\/store\/construcao\/seguranca\/calcados\/bota-botina-de-seguranca-c-elastico-com-bico-aco-cartom\/#breadcrumb\"},\"inLanguage\":\"pt-BR\",\"potentialAction\":[{\"@type\":\"ReadAction\",\"target\":[\"https:\/\/www.isarodas.com.br\/isa\/store\/construcao\/seguranca\/calcados\/bota-botina-de-seguranca-c-elastico-com-bico-aco-cartom\/\"]}]},{\"@type\":\"ImageObject\",\"inLanguage\":\"pt-BR\",\"@id\":\"https:\/\/www.isarodas.com.br\/isa\/store\/construcao\/seguranca\/calcados\/bota-botina-de-seguranca-c-elastico-com-bico-aco-cartom\/#primaryimage\",\"url\":\"https:\/\/www.isarodas.com.br\/isa\/wp-content\/uploads\/2024\/04\/botina.jpg\",\"contentUrl\":\"https:\/\/www.isarodas.com.br\/isa\/wp-content\/uploads\/2024\/04\/botina.jpg\",\"width\":500,\"height\":278},{\"@type\":\"BreadcrumbList\",\"@id\":\"https:\/\/www.isarodas.com.br\/isa\/store\/construcao\/seguranca\/calcados\/bota-botina-de-seguranca-c-elastico-com-bico-aco-cartom\/#breadcrumb\",\"itemListElement\":[{\"@type\":\"ListItem\",\"position\":1,\"name\":\"In\u00edcio\",\"item\":\"https:\/\/www.isarodas.com.br\/isa\/\"},{\"@type\":\"ListItem\",\"position\":2,\"name\":\"Store\",\"item\":\"https:\/\/www.isarodas.com.br\/isa\/store\/\"},{\"@type\":\"ListItem\",\"position\":3,\"name\":\"Bota Botina De Seguran\u00e7a C\/ El\u00e1stico Com Bico A\u00e7o Cartom\"}]},{\"@type\":\"WebSite\",\"@id\":\"https:\/\/www.isarodas.com.br\/isa\/#website\",\"url\":\"https:\/\/www.isarodas.com.br\/isa\/\",\"name\":\"Isarodas\",\"description\":\"Ecommerce isarodas\",\"publisher\":{\"@id\":\"https:\/\/www.isarodas.com.br\/isa\/#organization\"},\"potentialAction\":[{\"@type\":\"SearchAction\",\"target\":{\"@type\":\"EntryPoint\",\"urlTemplate\":\"https:\/\/www.isarodas.com.br\/isa\/?s={search_term_string}\"},\"query-input\":\"required name=search_term_string\"}],\"inLanguage\":\"pt-BR\"},{\"@type\":\"Organization\",\"@id\":\"https:\/\/www.isarodas.com.br\/isa\/#organization\",\"name\":\"Isarodas\",\"url\":\"https:\/\/www.isarodas.com.br\/isa\/\",\"logo\":{\"@type\":\"ImageObject\",\"inLanguage\":\"pt-BR\",\"@id\":\"https:\/\/www.isarodas.com.br\/isa\/#\/schema\/logo\/image\/\",\"url\":\"https:\/\/www.isarodas.com.br\/isa\/wp-content\/uploads\/2024\/03\/cropped-lgs-1.png\",\"contentUrl\":\"https:\/\/www.isarodas.com.br\/isa\/wp-content\/uploads\/2024\/03\/cropped-lgs-1.png\",\"width\":120,\"height\":119,\"caption\":\"Isarodas\"},\"image\":{\"@id\":\"https:\/\/www.isarodas.com.br\/isa\/#\/schema\/logo\/image\/\"},\"sameAs\":[\"https:\/\/www.facebook.com\/isarodasoficial\/\",\"https:\/\/www.youtube.com\/@isarodas9312\",\"https:\/\/www.instagram.com\/isarodasoficial\/\"]}]}<\/script>\n<!-- \/ Yoast SEO plugin. -->","yoast_head_json":{"title":"Bota Botina De Seguran\u00e7a C\/ El\u00e1stico Com Bico A\u00e7o Cartom","description":"Conhe\u00e7a a Botina de Seguran\u00e7a Cartom, modelo 011, projetada para garantir prote\u00e7\u00e3o e conforto durante o trabalho. Fabricada em couro resistente e dur\u00e1vel, esta botina \u00e9 equipada com bico em a\u00e7o, proporcionando seguran\u00e7a adicional em ambientes industriais. Seu solado monodensidade \u00e9 injetado direto ao cabedal e blaqueado, oferecendo estabilidade e durabilidade. Certificada com o CA 17138, esta botina \u00e9 a escolha ideal para quem valoriza qualidade e seguran\u00e7a no ambiente de trabalho.","robots":{"index":"index","follow":"follow","max-snippet":"max-snippet:-1","max-image-preview":"max-image-preview:large","max-video-preview":"max-video-preview:-1"},"canonical":"https:\/\/www.isarodas.com.br\/isa\/store\/construcao\/seguranca\/calcados\/bota-botina-de-seguranca-c-elastico-com-bico-aco-cartom\/","og_locale":"pt_BR","og_type":"article","og_title":"Bota Botina De Seguran\u00e7a C\/ El\u00e1stico Com Bico A\u00e7o Cartom","og_description":"Conhe\u00e7a a Botina de Seguran\u00e7a Cartom, modelo 011, projetada para garantir prote\u00e7\u00e3o e conforto durante o trabalho. Fabricada em couro resistente e dur\u00e1vel, esta botina \u00e9 equipada com bico em a\u00e7o, proporcionando seguran\u00e7a adicional em ambientes industriais. Seu solado monodensidade \u00e9 injetado direto ao cabedal e blaqueado, oferecendo estabilidade e durabilidade. Certificada com o CA 17138, esta botina \u00e9 a escolha ideal para quem valoriza qualidade e seguran\u00e7a no ambiente de trabalho.","og_url":"https:\/\/www.isarodas.com.br\/isa\/store\/construcao\/seguranca\/calcados\/bota-botina-de-seguranca-c-elastico-com-bico-aco-cartom\/","og_site_name":"Isarodas","article_publisher":"https:\/\/www.facebook.com\/isarodasoficial\/","article_modified_time":"2024-04-05T02:03:26+00:00","og_image":[{"width":500,"height":278,"url":"https:\/\/www.isarodas.com.br\/isa\/wp-content\/uploads\/2024\/04\/botina.jpg","type":"image\/jpeg"}],"twitter_card":"summary_large_image","twitter_misc":{"Est. tempo de leitura":"1 minuto"},"schema":{"@context":"https:\/\/schema.org","@graph":[{"@type":"WebPage","@id":"https:\/\/www.isarodas.com.br\/isa\/store\/construcao\/seguranca\/calcados\/bota-botina-de-seguranca-c-elastico-com-bico-aco-cartom\/","url":"https:\/\/www.isarodas.com.br\/isa\/store\/construcao\/seguranca\/calcados\/bota-botina-de-seguranca-c-elastico-com-bico-aco-cartom\/","name":"Bota Botina De Seguran\u00e7a C\/ El\u00e1stico Com Bico A\u00e7o Cartom","isPartOf":{"@id":"https:\/\/www.isarodas.com.br\/isa\/#website"},"primaryImageOfPage":{"@id":"https:\/\/www.isarodas.com.br\/isa\/store\/construcao\/seguranca\/calcados\/bota-botina-de-seguranca-c-elastico-com-bico-aco-cartom\/#primaryimage"},"image":{"@id":"https:\/\/www.isarodas.com.br\/isa\/store\/construcao\/seguranca\/calcados\/bota-botina-de-seguranca-c-elastico-com-bico-aco-cartom\/#primaryimage"},"thumbnailUrl":"https:\/\/www.isarodas.com.br\/isa\/wp-content\/uploads\/2024\/04\/botina.jpg","datePublished":"2024-04-05T01:19:53+00:00","dateModified":"2024-04-05T02:03:26+00:00","description":"Conhe\u00e7a a Botina de Seguran\u00e7a Cartom, modelo 011, projetada para garantir prote\u00e7\u00e3o e conforto durante o trabalho. Fabricada em couro resistente e dur\u00e1vel, esta botina \u00e9 equipada com bico em a\u00e7o, proporcionando seguran\u00e7a adicional em ambientes industriais. Seu solado monodensidade \u00e9 injetado direto ao cabedal e blaqueado, oferecendo estabilidade e durabilidade. Certificada com o CA 17138, esta botina \u00e9 a escolha ideal para quem valoriza qualidade e seguran\u00e7a no ambiente de trabalho.","breadcrumb":{"@id":"https:\/\/www.isarodas.com.br\/isa\/store\/construcao\/seguranca\/calcados\/bota-botina-de-seguranca-c-elastico-com-bico-aco-cartom\/#breadcrumb"},"inLanguage":"pt-BR","potentialAction":[{"@type":"ReadAction","target":["https:\/\/www.isarodas.com.br\/isa\/store\/construcao\/seguranca\/calcados\/bota-botina-de-seguranca-c-elastico-com-bico-aco-cartom\/"]}]},{"@type":"ImageObject","inLanguage":"pt-BR","@id":"https:\/\/www.isarodas.com.br\/isa\/store\/construcao\/seguranca\/calcados\/bota-botina-de-seguranca-c-elastico-com-bico-aco-cartom\/#primaryimage","url":"https:\/\/www.isarodas.com.br\/isa\/wp-content\/uploads\/2024\/04\/botina.jpg","contentUrl":"https:\/\/www.isarodas.com.br\/isa\/wp-content\/uploads\/2024\/04\/botina.jpg","width":500,"height":278},{"@type":"BreadcrumbList","@id":"https:\/\/www.isarodas.com.br\/isa\/store\/construcao\/seguranca\/calcados\/bota-botina-de-seguranca-c-elastico-com-bico-aco-cartom\/#breadcrumb","itemListElement":[{"@type":"ListItem","position":1,"name":"In\u00edcio","item":"https:\/\/www.isarodas.com.br\/isa\/"},{"@type":"ListItem","position":2,"name":"Store","item":"https:\/\/www.isarodas.com.br\/isa\/store\/"},{"@type":"ListItem","position":3,"name":"Bota Botina De Seguran\u00e7a C\/ El\u00e1stico Com Bico A\u00e7o Cartom"}]},{"@type":"WebSite","@id":"https:\/\/www.isarodas.com.br\/isa\/#website","url":"https:\/\/www.isarodas.com.br\/isa\/","name":"Isarodas","description":"Ecommerce isarodas","publisher":{"@id":"https:\/\/www.isarodas.com.br\/isa\/#organization"},"potentialAction":[{"@type":"SearchAction","target":{"@type":"EntryPoint","urlTemplate":"https:\/\/www.isarodas.com.br\/isa\/?s={search_term_string}"},"query-input":"required name=search_term_string"}],"inLanguage":"pt-BR"},{"@type":"Organization","@id":"https:\/\/www.isarodas.com.br\/isa\/#organization","name":"Isarodas","url":"https:\/\/www.isarodas.com.br\/isa\/","logo":{"@type":"ImageObject","inLanguage":"pt-BR","@id":"https:\/\/www.isarodas.com.br\/isa\/#\/schema\/logo\/image\/","url":"https:\/\/www.isarodas.com.br\/isa\/wp-content\/uploads\/2024\/03\/cropped-lgs-1.png","contentUrl":"https:\/\/www.isarodas.com.br\/isa\/wp-content\/uploads\/2024\/03\/cropped-lgs-1.png","width":120,"height":119,"caption":"Isarodas"},"image":{"@id":"https:\/\/www.isarodas.com.br\/isa\/#\/schema\/logo\/image\/"},"sameAs":["https:\/\/www.facebook.com\/isarodasoficial\/","https:\/\/www.youtube.com\/@isarodas9312","https:\/\/www.instagram.com\/isarodasoficial\/"]}]}},"_links":{"self":[{"href":"https:\/\/www.isarodas.com.br\/isa\/wp-json\/wp\/v2\/product\/4661","targetHints":{"allow":["GET"]}}],"collection":[{"href":"https:\/\/www.isarodas.com.br\/isa\/wp-json\/wp\/v2\/product"}],"about":[{"href":"https:\/\/www.isarodas.com.br\/isa\/wp-json\/wp\/v2\/types\/product"}],"replies":[{"embeddable":true,"href":"https:\/\/www.isarodas.com.br\/isa\/wp-json\/wp\/v2\/comments?post=4661"}],"version-history":[{"count":2,"href":"https:\/\/www.isarodas.com.br\/isa\/wp-json\/wp\/v2\/product\/4661\/revisions"}],"predecessor-version":[{"id":4671,"href":"https:\/\/www.isarodas.com.br\/isa\/wp-json\/wp\/v2\/product\/4661\/revisions\/4671"}],"wp:featuredmedia":[{"embeddable":true,"href":"https:\/\/www.isarodas.com.br\/isa\/wp-json\/wp\/v2\/media\/4666"}],"wp:attachment":[{"href":"https:\/\/www.isarodas.com.br\/isa\/wp-json\/wp\/v2\/media?parent=4661"}],"wp:term":[{"taxonomy":"product_cat","embeddable":true,"href":"https:\/\/www.isarodas.com.br\/isa\/wp-json\/wp\/v2\/product_cat?post=4661"},{"taxonomy":"product_tag","embeddable":true,"href":"https:\/\/www.isarodas.com.br\/isa\/wp-json\/wp\/v2\/product_tag?post=4661"}],"curies":[{"name":"wp","href":"https:\/\/api.w.org\/{rel}","templated":true}]}}