{"id":4656,"date":"2024-04-04T17:30:21","date_gmt":"2024-04-04T20:30:21","guid":{"rendered":"https:\/\/www.isarodas.com.br\/isa\/?post_type=product&#038;p=4656"},"modified":"2024-04-19T14:25:20","modified_gmt":"2024-04-19T17:25:20","slug":"beyblade-metal-led-com-32-pecas-4-lancador-2-arena-kit-c-8","status":"publish","type":"product","link":"https:\/\/www.isarodas.com.br\/isa\/store\/brinquedos\/beyblade-metal-led-com-32-pecas-4-lancador-2-arena-kit-c-8\/","title":{"rendered":"Beyblade Metal Led Com 32 Pe\u00e7as + 4 Lan\u00e7ador + 2 Arena Kit c\/8"},"content":{"rendered":"<p>Entre na arena com o Beyblade Metal LED! Este kit completo inclui 32 pe\u00e7as, 4 lan\u00e7adores e 2 arenas para batalhas \u00e9picas. Com luzes vibrantes e design de metal, cada beyblade oferece emo\u00e7\u00e3o e a\u00e7\u00e3o intensa.<\/p>\n<p>Prepare-se para desafiar seus amigos e se tornar um mestre Beyblade. Garanta j\u00e1 o seu kit e entre no mundo das batalhas mais emocionantes!<\/p>\n","protected":false},"excerpt":{"rendered":"<p>Entre na arena com o Beyblade Metal LED! Este kit completo inclui 32 pe\u00e7as, 4 lan\u00e7adores e 2 arenas para batalhas \u00e9picas. Com luzes vibrantes e design de metal, cada beyblade oferece emo\u00e7\u00e3o e a\u00e7\u00e3o intensa. Prepare-se para desafiar seus amigos e se tornar um mestre Beyblade. Garanta j\u00e1 o seu kit e entre no [&hellip;]<\/p>\n","protected":false},"featured_media":4657,"comment_status":"open","ping_status":"closed","template":"","meta":{"_acf_changed":false,"site-sidebar-layout":"default","site-content-layout":"","ast-site-content-layout":"default","site-content-style":"default","site-sidebar-style":"default","ast-global-header-display":"","ast-banner-title-visibility":"","ast-main-header-display":"","ast-hfb-above-header-display":"","ast-hfb-below-header-display":"","ast-hfb-mobile-header-display":"","site-post-title":"","ast-breadcrumbs-content":"","ast-featured-img":"","footer-sml-layout":"","theme-transparent-header-meta":"default","adv-header-id-meta":"","stick-header-meta":"","header-above-stick-meta":"","header-main-stick-meta":"","header-below-stick-meta":"","astra-migrate-meta-layouts":"set","ast-page-background-enabled":"default","ast-page-background-meta":{"desktop":{"background-color":"","background-image":"","background-repeat":"repeat","background-position":"center center","background-size":"auto","background-attachment":"scroll","background-type":"","background-media":"","overlay-type":"","overlay-color":"","overlay-gradient":""},"tablet":{"background-color":"","background-image":"","background-repeat":"repeat","background-position":"center center","background-size":"auto","background-attachment":"scroll","background-type":"","background-media":"","overlay-type":"","overlay-color":"","overlay-gradient":""},"mobile":{"background-color":"","background-image":"","background-repeat":"repeat","background-position":"center center","background-size":"auto","background-attachment":"scroll","background-type":"","background-media":"","overlay-type":"","overlay-color":"","overlay-gradient":""}},"ast-content-background-meta":{"desktop":{"background-color":"var(--ast-global-color-5)","background-image":"","background-repeat":"repeat","background-position":"center center","background-size":"auto","background-attachment":"scroll","background-type":"","background-media":"","overlay-type":"","overlay-color":"","overlay-gradient":""},"tablet":{"background-color":"var(--ast-global-color-5)","background-image":"","background-repeat":"repeat","background-position":"center center","background-size":"auto","background-attachment":"scroll","background-type":"","background-media":"","overlay-type":"","overlay-color":"","overlay-gradient":""},"mobile":{"background-color":"var(--ast-global-color-5)","background-image":"","background-repeat":"repeat","background-position":"center center","background-size":"auto","background-attachment":"scroll","background-type":"","background-media":"","overlay-type":"","overlay-color":"","overlay-gradient":""}}},"product_cat":[58],"product_tag":[76],"class_list":{"0":"post-4656","1":"product","2":"type-product","3":"status-publish","4":"has-post-thumbnail","6":"product_cat-brinquedos","7":"product_tag-batalha-arena-diversao-jogos-criancas-luzesled-kitcompleto-competicao-entretenimento-presente-colecao-brincadeiras","8":"desktop-align-left","9":"tablet-align-left","10":"mobile-align-left","12":"first","13":"instock","14":"sale","15":"featured","16":"shipping-taxable","17":"purchasable","18":"product-type-simple"},"acf":[],"yoast_head":"<!-- This site is optimized with the Yoast SEO plugin v22.3 - https:\/\/yoast.com\/wordpress\/plugins\/seo\/ -->\n<title>Beyblade Metal Led Com 32 Pe\u00e7as + 4 Lan\u00e7ador + 2 Arena Kit c\/8<\/title>\n<meta name=\"description\" content=\"Domine a arena com o Beyblade Metal LED - um kit completo com 32 pe\u00e7as, 4 lan\u00e7adores e 2 arenas para batalhas emocionantes. Equipados com luzes LED e constru\u00e7\u00e3o em metal, estes beyblades oferecem uma experi\u00eancia de jogo incr\u00edvel. Prepare-se para competir, desafiar amigos e se divertir ao m\u00e1ximo! Adquira j\u00e1 o seu kit e mergulhe no universo das batalhas Beyblade!\" \/>\n<meta name=\"robots\" content=\"index, follow, max-snippet:-1, max-image-preview:large, max-video-preview:-1\" \/>\n<link rel=\"canonical\" href=\"https:\/\/www.isarodas.com.br\/isa\/store\/brinquedos\/beyblade-metal-led-com-32-pecas-4-lancador-2-arena-kit-c-8\/\" \/>\n<meta property=\"og:locale\" content=\"pt_BR\" \/>\n<meta property=\"og:type\" content=\"article\" \/>\n<meta property=\"og:title\" content=\"Beyblade Metal Led Com 32 Pe\u00e7as + 4 Lan\u00e7ador + 2 Arena Kit c\/8\" \/>\n<meta property=\"og:description\" content=\"Domine a arena com o Beyblade Metal LED - um kit completo com 32 pe\u00e7as, 4 lan\u00e7adores e 2 arenas para batalhas emocionantes. Equipados com luzes LED e constru\u00e7\u00e3o em metal, estes beyblades oferecem uma experi\u00eancia de jogo incr\u00edvel. Prepare-se para competir, desafiar amigos e se divertir ao m\u00e1ximo! Adquira j\u00e1 o seu kit e mergulhe no universo das batalhas Beyblade!\" \/>\n<meta property=\"og:url\" content=\"https:\/\/www.isarodas.com.br\/isa\/store\/brinquedos\/beyblade-metal-led-com-32-pecas-4-lancador-2-arena-kit-c-8\/\" \/>\n<meta property=\"og:site_name\" content=\"Isarodas\" \/>\n<meta property=\"article:publisher\" content=\"https:\/\/www.facebook.com\/isarodasoficial\/\" \/>\n<meta property=\"article:modified_time\" content=\"2024-04-19T17:25:20+00:00\" \/>\n<meta property=\"og:image\" content=\"https:\/\/www.isarodas.com.br\/isa\/wp-content\/uploads\/2024\/04\/D_NQ_NP_2X_754215-MLB40944067061_022020-F.jpg\" \/>\n\t<meta property=\"og:image:width\" content=\"1180\" \/>\n\t<meta property=\"og:image:height\" content=\"1146\" \/>\n\t<meta property=\"og:image:type\" content=\"image\/jpeg\" \/>\n<meta name=\"twitter:card\" content=\"summary_large_image\" \/>\n<meta name=\"twitter:label1\" content=\"Est. tempo de leitura\" \/>\n\t<meta name=\"twitter:data1\" content=\"1 minuto\" \/>\n<script type=\"application\/ld+json\" class=\"yoast-schema-graph\">{\"@context\":\"https:\/\/schema.org\",\"@graph\":[{\"@type\":\"WebPage\",\"@id\":\"https:\/\/www.isarodas.com.br\/isa\/store\/brinquedos\/beyblade-metal-led-com-32-pecas-4-lancador-2-arena-kit-c-8\/\",\"url\":\"https:\/\/www.isarodas.com.br\/isa\/store\/brinquedos\/beyblade-metal-led-com-32-pecas-4-lancador-2-arena-kit-c-8\/\",\"name\":\"Beyblade Metal Led Com 32 Pe\u00e7as + 4 Lan\u00e7ador + 2 Arena Kit c\/8\",\"isPartOf\":{\"@id\":\"https:\/\/www.isarodas.com.br\/isa\/#website\"},\"primaryImageOfPage\":{\"@id\":\"https:\/\/www.isarodas.com.br\/isa\/store\/brinquedos\/beyblade-metal-led-com-32-pecas-4-lancador-2-arena-kit-c-8\/#primaryimage\"},\"image\":{\"@id\":\"https:\/\/www.isarodas.com.br\/isa\/store\/brinquedos\/beyblade-metal-led-com-32-pecas-4-lancador-2-arena-kit-c-8\/#primaryimage\"},\"thumbnailUrl\":\"https:\/\/www.isarodas.com.br\/isa\/wp-content\/uploads\/2024\/04\/D_NQ_NP_2X_754215-MLB40944067061_022020-F.jpg\",\"datePublished\":\"2024-04-04T20:30:21+00:00\",\"dateModified\":\"2024-04-19T17:25:20+00:00\",\"description\":\"Domine a arena com o Beyblade Metal LED - um kit completo com 32 pe\u00e7as, 4 lan\u00e7adores e 2 arenas para batalhas emocionantes. Equipados com luzes LED e constru\u00e7\u00e3o em metal, estes beyblades oferecem uma experi\u00eancia de jogo incr\u00edvel. Prepare-se para competir, desafiar amigos e se divertir ao m\u00e1ximo! Adquira j\u00e1 o seu kit e mergulhe no universo das batalhas Beyblade!\",\"breadcrumb\":{\"@id\":\"https:\/\/www.isarodas.com.br\/isa\/store\/brinquedos\/beyblade-metal-led-com-32-pecas-4-lancador-2-arena-kit-c-8\/#breadcrumb\"},\"inLanguage\":\"pt-BR\",\"potentialAction\":[{\"@type\":\"ReadAction\",\"target\":[\"https:\/\/www.isarodas.com.br\/isa\/store\/brinquedos\/beyblade-metal-led-com-32-pecas-4-lancador-2-arena-kit-c-8\/\"]}]},{\"@type\":\"ImageObject\",\"inLanguage\":\"pt-BR\",\"@id\":\"https:\/\/www.isarodas.com.br\/isa\/store\/brinquedos\/beyblade-metal-led-com-32-pecas-4-lancador-2-arena-kit-c-8\/#primaryimage\",\"url\":\"https:\/\/www.isarodas.com.br\/isa\/wp-content\/uploads\/2024\/04\/D_NQ_NP_2X_754215-MLB40944067061_022020-F.jpg\",\"contentUrl\":\"https:\/\/www.isarodas.com.br\/isa\/wp-content\/uploads\/2024\/04\/D_NQ_NP_2X_754215-MLB40944067061_022020-F.jpg\",\"width\":1180,\"height\":1146},{\"@type\":\"BreadcrumbList\",\"@id\":\"https:\/\/www.isarodas.com.br\/isa\/store\/brinquedos\/beyblade-metal-led-com-32-pecas-4-lancador-2-arena-kit-c-8\/#breadcrumb\",\"itemListElement\":[{\"@type\":\"ListItem\",\"position\":1,\"name\":\"In\u00edcio\",\"item\":\"https:\/\/www.isarodas.com.br\/isa\/\"},{\"@type\":\"ListItem\",\"position\":2,\"name\":\"Store\",\"item\":\"https:\/\/www.isarodas.com.br\/isa\/store\/\"},{\"@type\":\"ListItem\",\"position\":3,\"name\":\"Beyblade Metal Led Com 32 Pe\u00e7as + 4 Lan\u00e7ador + 2 Arena Kit c\/8\"}]},{\"@type\":\"WebSite\",\"@id\":\"https:\/\/www.isarodas.com.br\/isa\/#website\",\"url\":\"https:\/\/www.isarodas.com.br\/isa\/\",\"name\":\"Isarodas\",\"description\":\"Ecommerce isarodas\",\"publisher\":{\"@id\":\"https:\/\/www.isarodas.com.br\/isa\/#organization\"},\"potentialAction\":[{\"@type\":\"SearchAction\",\"target\":{\"@type\":\"EntryPoint\",\"urlTemplate\":\"https:\/\/www.isarodas.com.br\/isa\/?s={search_term_string}\"},\"query-input\":\"required name=search_term_string\"}],\"inLanguage\":\"pt-BR\"},{\"@type\":\"Organization\",\"@id\":\"https:\/\/www.isarodas.com.br\/isa\/#organization\",\"name\":\"Isarodas\",\"url\":\"https:\/\/www.isarodas.com.br\/isa\/\",\"logo\":{\"@type\":\"ImageObject\",\"inLanguage\":\"pt-BR\",\"@id\":\"https:\/\/www.isarodas.com.br\/isa\/#\/schema\/logo\/image\/\",\"url\":\"https:\/\/www.isarodas.com.br\/isa\/wp-content\/uploads\/2024\/03\/cropped-lgs-1.png\",\"contentUrl\":\"https:\/\/www.isarodas.com.br\/isa\/wp-content\/uploads\/2024\/03\/cropped-lgs-1.png\",\"width\":120,\"height\":119,\"caption\":\"Isarodas\"},\"image\":{\"@id\":\"https:\/\/www.isarodas.com.br\/isa\/#\/schema\/logo\/image\/\"},\"sameAs\":[\"https:\/\/www.facebook.com\/isarodasoficial\/\",\"https:\/\/www.youtube.com\/@isarodas9312\",\"https:\/\/www.instagram.com\/isarodasoficial\/\"]}]}<\/script>\n<!-- \/ Yoast SEO plugin. -->","yoast_head_json":{"title":"Beyblade Metal Led Com 32 Pe\u00e7as + 4 Lan\u00e7ador + 2 Arena Kit c\/8","description":"Domine a arena com o Beyblade Metal LED - um kit completo com 32 pe\u00e7as, 4 lan\u00e7adores e 2 arenas para batalhas emocionantes. Equipados com luzes LED e constru\u00e7\u00e3o em metal, estes beyblades oferecem uma experi\u00eancia de jogo incr\u00edvel. Prepare-se para competir, desafiar amigos e se divertir ao m\u00e1ximo! Adquira j\u00e1 o seu kit e mergulhe no universo das batalhas Beyblade!","robots":{"index":"index","follow":"follow","max-snippet":"max-snippet:-1","max-image-preview":"max-image-preview:large","max-video-preview":"max-video-preview:-1"},"canonical":"https:\/\/www.isarodas.com.br\/isa\/store\/brinquedos\/beyblade-metal-led-com-32-pecas-4-lancador-2-arena-kit-c-8\/","og_locale":"pt_BR","og_type":"article","og_title":"Beyblade Metal Led Com 32 Pe\u00e7as + 4 Lan\u00e7ador + 2 Arena Kit c\/8","og_description":"Domine a arena com o Beyblade Metal LED - um kit completo com 32 pe\u00e7as, 4 lan\u00e7adores e 2 arenas para batalhas emocionantes. Equipados com luzes LED e constru\u00e7\u00e3o em metal, estes beyblades oferecem uma experi\u00eancia de jogo incr\u00edvel. Prepare-se para competir, desafiar amigos e se divertir ao m\u00e1ximo! Adquira j\u00e1 o seu kit e mergulhe no universo das batalhas Beyblade!","og_url":"https:\/\/www.isarodas.com.br\/isa\/store\/brinquedos\/beyblade-metal-led-com-32-pecas-4-lancador-2-arena-kit-c-8\/","og_site_name":"Isarodas","article_publisher":"https:\/\/www.facebook.com\/isarodasoficial\/","article_modified_time":"2024-04-19T17:25:20+00:00","og_image":[{"width":1180,"height":1146,"url":"https:\/\/www.isarodas.com.br\/isa\/wp-content\/uploads\/2024\/04\/D_NQ_NP_2X_754215-MLB40944067061_022020-F.jpg","type":"image\/jpeg"}],"twitter_card":"summary_large_image","twitter_misc":{"Est. tempo de leitura":"1 minuto"},"schema":{"@context":"https:\/\/schema.org","@graph":[{"@type":"WebPage","@id":"https:\/\/www.isarodas.com.br\/isa\/store\/brinquedos\/beyblade-metal-led-com-32-pecas-4-lancador-2-arena-kit-c-8\/","url":"https:\/\/www.isarodas.com.br\/isa\/store\/brinquedos\/beyblade-metal-led-com-32-pecas-4-lancador-2-arena-kit-c-8\/","name":"Beyblade Metal Led Com 32 Pe\u00e7as + 4 Lan\u00e7ador + 2 Arena Kit c\/8","isPartOf":{"@id":"https:\/\/www.isarodas.com.br\/isa\/#website"},"primaryImageOfPage":{"@id":"https:\/\/www.isarodas.com.br\/isa\/store\/brinquedos\/beyblade-metal-led-com-32-pecas-4-lancador-2-arena-kit-c-8\/#primaryimage"},"image":{"@id":"https:\/\/www.isarodas.com.br\/isa\/store\/brinquedos\/beyblade-metal-led-com-32-pecas-4-lancador-2-arena-kit-c-8\/#primaryimage"},"thumbnailUrl":"https:\/\/www.isarodas.com.br\/isa\/wp-content\/uploads\/2024\/04\/D_NQ_NP_2X_754215-MLB40944067061_022020-F.jpg","datePublished":"2024-04-04T20:30:21+00:00","dateModified":"2024-04-19T17:25:20+00:00","description":"Domine a arena com o Beyblade Metal LED - um kit completo com 32 pe\u00e7as, 4 lan\u00e7adores e 2 arenas para batalhas emocionantes. Equipados com luzes LED e constru\u00e7\u00e3o em metal, estes beyblades oferecem uma experi\u00eancia de jogo incr\u00edvel. Prepare-se para competir, desafiar amigos e se divertir ao m\u00e1ximo! Adquira j\u00e1 o seu kit e mergulhe no universo das batalhas Beyblade!","breadcrumb":{"@id":"https:\/\/www.isarodas.com.br\/isa\/store\/brinquedos\/beyblade-metal-led-com-32-pecas-4-lancador-2-arena-kit-c-8\/#breadcrumb"},"inLanguage":"pt-BR","potentialAction":[{"@type":"ReadAction","target":["https:\/\/www.isarodas.com.br\/isa\/store\/brinquedos\/beyblade-metal-led-com-32-pecas-4-lancador-2-arena-kit-c-8\/"]}]},{"@type":"ImageObject","inLanguage":"pt-BR","@id":"https:\/\/www.isarodas.com.br\/isa\/store\/brinquedos\/beyblade-metal-led-com-32-pecas-4-lancador-2-arena-kit-c-8\/#primaryimage","url":"https:\/\/www.isarodas.com.br\/isa\/wp-content\/uploads\/2024\/04\/D_NQ_NP_2X_754215-MLB40944067061_022020-F.jpg","contentUrl":"https:\/\/www.isarodas.com.br\/isa\/wp-content\/uploads\/2024\/04\/D_NQ_NP_2X_754215-MLB40944067061_022020-F.jpg","width":1180,"height":1146},{"@type":"BreadcrumbList","@id":"https:\/\/www.isarodas.com.br\/isa\/store\/brinquedos\/beyblade-metal-led-com-32-pecas-4-lancador-2-arena-kit-c-8\/#breadcrumb","itemListElement":[{"@type":"ListItem","position":1,"name":"In\u00edcio","item":"https:\/\/www.isarodas.com.br\/isa\/"},{"@type":"ListItem","position":2,"name":"Store","item":"https:\/\/www.isarodas.com.br\/isa\/store\/"},{"@type":"ListItem","position":3,"name":"Beyblade Metal Led Com 32 Pe\u00e7as + 4 Lan\u00e7ador + 2 Arena Kit c\/8"}]},{"@type":"WebSite","@id":"https:\/\/www.isarodas.com.br\/isa\/#website","url":"https:\/\/www.isarodas.com.br\/isa\/","name":"Isarodas","description":"Ecommerce isarodas","publisher":{"@id":"https:\/\/www.isarodas.com.br\/isa\/#organization"},"potentialAction":[{"@type":"SearchAction","target":{"@type":"EntryPoint","urlTemplate":"https:\/\/www.isarodas.com.br\/isa\/?s={search_term_string}"},"query-input":"required name=search_term_string"}],"inLanguage":"pt-BR"},{"@type":"Organization","@id":"https:\/\/www.isarodas.com.br\/isa\/#organization","name":"Isarodas","url":"https:\/\/www.isarodas.com.br\/isa\/","logo":{"@type":"ImageObject","inLanguage":"pt-BR","@id":"https:\/\/www.isarodas.com.br\/isa\/#\/schema\/logo\/image\/","url":"https:\/\/www.isarodas.com.br\/isa\/wp-content\/uploads\/2024\/03\/cropped-lgs-1.png","contentUrl":"https:\/\/www.isarodas.com.br\/isa\/wp-content\/uploads\/2024\/03\/cropped-lgs-1.png","width":120,"height":119,"caption":"Isarodas"},"image":{"@id":"https:\/\/www.isarodas.com.br\/isa\/#\/schema\/logo\/image\/"},"sameAs":["https:\/\/www.facebook.com\/isarodasoficial\/","https:\/\/www.youtube.com\/@isarodas9312","https:\/\/www.instagram.com\/isarodasoficial\/"]}]}},"_links":{"self":[{"href":"https:\/\/www.isarodas.com.br\/isa\/wp-json\/wp\/v2\/product\/4656","targetHints":{"allow":["GET"]}}],"collection":[{"href":"https:\/\/www.isarodas.com.br\/isa\/wp-json\/wp\/v2\/product"}],"about":[{"href":"https:\/\/www.isarodas.com.br\/isa\/wp-json\/wp\/v2\/types\/product"}],"replies":[{"embeddable":true,"href":"https:\/\/www.isarodas.com.br\/isa\/wp-json\/wp\/v2\/comments?post=4656"}],"version-history":[{"count":1,"href":"https:\/\/www.isarodas.com.br\/isa\/wp-json\/wp\/v2\/product\/4656\/revisions"}],"predecessor-version":[{"id":4660,"href":"https:\/\/www.isarodas.com.br\/isa\/wp-json\/wp\/v2\/product\/4656\/revisions\/4660"}],"wp:featuredmedia":[{"embeddable":true,"href":"https:\/\/www.isarodas.com.br\/isa\/wp-json\/wp\/v2\/media\/4657"}],"wp:attachment":[{"href":"https:\/\/www.isarodas.com.br\/isa\/wp-json\/wp\/v2\/media?parent=4656"}],"wp:term":[{"taxonomy":"product_cat","embeddable":true,"href":"https:\/\/www.isarodas.com.br\/isa\/wp-json\/wp\/v2\/product_cat?post=4656"},{"taxonomy":"product_tag","embeddable":true,"href":"https:\/\/www.isarodas.com.br\/isa\/wp-json\/wp\/v2\/product_tag?post=4656"}],"curies":[{"name":"wp","href":"https:\/\/api.w.org\/{rel}","templated":true}]}}